{"id":12842,"date":"2025-03-26T20:37:15","date_gmt":"2025-03-26T17:37:15","guid":{"rendered":"https:\/\/birimler.atauni.edu.tr\/hemsirelik-fakultesi\/?page_id=12842"},"modified":"2025-03-26T20:41:59","modified_gmt":"2025-03-26T17:41:59","slug":"laboratuvar-randevu-sistemi","status":"publish","type":"page","link":"https:\/\/atauni.edu.tr\/hemsirelik-fakultesi\/laboratuvar-randevu-sistemi\/","title":{"rendered":"Laboratuvar Randevu Sistemi"},"content":{"rendered":"\t\t<div data-elementor-type=\"wp-page\" data-elementor-id=\"12842\" class=\"elementor elementor-12842\" data-elementor-post-type=\"page\">\n\t\t\t\t\t\t<section class=\"elementor-section elementor-top-section elementor-element elementor-element-bfe7691 elementor-section-boxed elementor-section-height-default elementor-section-height-default\" data-id=\"bfe7691\" data-element_type=\"section\">\n\t\t\t\t\t\t<div class=\"elementor-container elementor-column-gap-default\">\n\t\t\t\t\t<div class=\"elementor-column elementor-col-100 elementor-top-column elementor-element elementor-element-1835f27\" data-id=\"1835f27\" data-element_type=\"column\">\n\t\t\t<div class=\"elementor-widget-wrap elementor-element-populated\">\n\t\t\t\t\t\t<div class=\"elementor-element elementor-element-3c53e70 elementor-widget elementor-widget-text-editor\" data-id=\"3c53e70\" data-element_type=\"widget\" data-widget_type=\"text-editor.default\">\n\t\t\t\t<div class=\"elementor-widget-container\">\n\t\t\t\t\t\t\t\t\t<p>Sevgili \u00d6\u011frenciler,<\/p><p>\u00a0<\/p><p>Hem\u015firelik e\u011fitiminde laboratuvar uygulamalar\u0131 teorik bilginin prati\u011fe d\u00f6n\u00fc\u015ft\u00fcr\u00fclmesinde, psikomotor geli\u015fimin \u00a0sa\u011flanmas\u0131nda, \u00f6zg\u00fcven kazan\u0131lmas\u0131nda ve risklerin azalt\u0131lmas\u0131nda b\u00fcy\u00fck \u00f6nem ta\u015f\u0131maktad\u0131r. Uygulama say\u0131s\u0131 ve s\u0131kl\u0131\u011f\u0131 artt\u0131k\u00e7a \u00f6\u011frenme kolayla\u015f\u0131r ve peki\u015fir.\u00a0 Ders saatleri laboratuvar\u0131 etkin kullan\u0131m\u0131n\u0131z i\u00e7in yeterli olmayabilir, daha fazla uygulama yapma gereksiniminiz olu\u015fabilir. Bu do\u011frultuda, Fak\u00fcltemiz b\u00fcnyesinde yer alan Temel Beceri \u00a0Laboratuvar\u0131, ders saatleri d\u0131\u015f\u0131nda siz \u00f6\u011frencilerimizin kullan\u0131m\u0131na a\u00e7\u0131lm\u0131\u015ft\u0131r.\u00a0<\/p><p>\u00a0<\/p><p><strong>Laboratuvar Kullan\u0131m \u015eartlar\u0131:<\/strong><\/p><p>Laboratuvar kullan\u0131m\u0131 i\u00e7in randevu al\u0131nmas\u0131 zorunludur.<\/p><p>Laboratuvar Randevu Sistemi&#8217;ne web sayfam\u0131z\u0131n <strong>&#8220;<a href=\"https:\/\/docs.google.com\/spreadsheets\/d\/1weoEODHoTGXbheLOsr93aNBIbCnyYsfxTruFw_C5aEM\/edit?usp=sharing\">H\u0131zl\u0131 Ba\u011flant\u0131lar<\/a>&#8220;<\/strong> b\u00f6l\u00fcm\u00fcnden ula\u015fabilirsiniz.<\/p><p>Laboratuvar kullan\u0131m\u0131nda hijyen kurallar\u0131na ve ekipman g\u00fcvenli\u011fine dikkat edilmesi gerekmektedir.<\/p><p>Laboratuvar kullan\u0131m\u0131nda g\u00f6revlilerin uyar\u0131 ve taleplerine uymak zorunludur.<\/p><p>\u00a0<\/p><p><strong>Laboratuvar Kullan\u0131m Saatleri:<\/strong><\/p><p>Pazartesi: 08.00 &#8211; 12.00<\/p><p>Sal\u0131: 08.00 &#8211; 12.00<\/p><p>\u00c7ar\u015famba: 08.00 &#8211; 12.00<\/p><p>Per\u015fembe: 08.00 &#8211; 12.00<\/p><p>Cuma: 08.00 &#8211; 17.00<\/p><p>\u00a0<\/p>\t\t\t\t\t\t\t\t<\/div>\n\t\t\t\t<\/div>\n\t\t\t\t\t<\/div>\n\t\t<\/div>\n\t\t\t\t\t<\/div>\n\t\t<\/section>\n\t\t\t\t<\/div>\n\t\t","protected":false},"excerpt":{"rendered":"<p>Sevgili \u00d6\u011frenciler, \u00a0 Hem\u015firelik e\u011fitiminde laboratuvar uygulamalar\u0131 teorik bilginin prati\u011fe d\u00f6n\u00fc\u015ft\u00fcr\u00fclmesinde, psikomotor geli\u015fimin \u00a0sa\u011flanmas\u0131nda, \u00f6zg\u00fcven kazan\u0131lmas\u0131nda ve risklerin azalt\u0131lmas\u0131nda b\u00fcy\u00fck \u00f6nem ta\u015f\u0131maktad\u0131r. Uygulama say\u0131s\u0131 ve s\u0131kl\u0131\u011f\u0131 artt\u0131k\u00e7a \u00f6\u011frenme kolayla\u015f\u0131r ve peki\u015fir.\u00a0 Ders saatleri laboratuvar\u0131 etkin kullan\u0131m\u0131n\u0131z i\u00e7in yeterli olmayabilir, daha fazla uygulama yapma gereksiniminiz olu\u015fabilir. Bu do\u011frultuda, Fak\u00fcltemiz b\u00fcnyesinde yer alan Temel Beceri \u00a0Laboratuvar\u0131, ders [&hellip;]<\/p>\n","protected":false},"author":426,"featured_media":0,"parent":0,"menu_order":0,"comment_status":"closed","ping_status":"closed","template":"","meta":{"footnotes":""},"class_list":["post-12842","page","type-page","status-publish","hentry"],"_links":{"self":[{"href":"https:\/\/atauni.edu.tr\/hemsirelik-fakultesi\/wp-json\/wp\/v2\/pages\/12842","targetHints":{"allow":["GET"]}}],"collection":[{"href":"https:\/\/atauni.edu.tr\/hemsirelik-fakultesi\/wp-json\/wp\/v2\/pages"}],"about":[{"href":"https:\/\/atauni.edu.tr\/hemsirelik-fakultesi\/wp-json\/wp\/v2\/types\/page"}],"author":[{"embeddable":true,"href":"https:\/\/atauni.edu.tr\/hemsirelik-fakultesi\/wp-json\/wp\/v2\/users\/426"}],"replies":[{"embeddable":true,"href":"https:\/\/atauni.edu.tr\/hemsirelik-fakultesi\/wp-json\/wp\/v2\/comments?post=12842"}],"version-history":[{"count":4,"href":"https:\/\/atauni.edu.tr\/hemsirelik-fakultesi\/wp-json\/wp\/v2\/pages\/12842\/revisions"}],"predecessor-version":[{"id":12849,"href":"https:\/\/atauni.edu.tr\/hemsirelik-fakultesi\/wp-json\/wp\/v2\/pages\/12842\/revisions\/12849"}],"wp:attachment":[{"href":"https:\/\/atauni.edu.tr\/hemsirelik-fakultesi\/wp-json\/wp\/v2\/media?parent=12842"}],"curies":[{"name":"wp","href":"https:\/\/api.w.org\/{rel}","templated":true}]}}