{"id":12869,"date":"2025-03-27T13:41:10","date_gmt":"2025-03-27T10:41:10","guid":{"rendered":"https:\/\/birimler.atauni.edu.tr\/hemsirelik-fakultesi\/?page_id=12869"},"modified":"2026-01-22T12:05:34","modified_gmt":"2026-01-22T09:05:34","slug":"portfolyo","status":"publish","type":"page","link":"https:\/\/atauni.edu.tr\/hemsirelik-fakultesi\/portfolyo\/","title":{"rendered":"Portfolyo"},"content":{"rendered":"\t\t<div data-elementor-type=\"wp-page\" data-elementor-id=\"12869\" class=\"elementor elementor-12869\" data-elementor-post-type=\"page\">\n\t\t\t\t\t\t<section class=\"elementor-section elementor-top-section elementor-element elementor-element-5333da7 elementor-section-boxed elementor-section-height-default elementor-section-height-default\" data-id=\"5333da7\" data-element_type=\"section\">\n\t\t\t\t\t\t<div class=\"elementor-container elementor-column-gap-default\">\n\t\t\t\t\t<div class=\"elementor-column elementor-col-100 elementor-top-column elementor-element elementor-element-17abfbd\" data-id=\"17abfbd\" data-element_type=\"column\">\n\t\t\t<div class=\"elementor-widget-wrap elementor-element-populated\">\n\t\t\t\t\t\t<div class=\"elementor-element elementor-element-3ef1411 elementor-widget elementor-widget-text-editor\" data-id=\"3ef1411\" data-element_type=\"widget\" data-widget_type=\"text-editor.default\">\n\t\t\t\t<div class=\"elementor-widget-container\">\n\t\t\t\t\t\t\t\t\t<p>2024-2025 E\u011fitim Y\u0131l\u0131 Portfolyo Rehberi&#8217;ne ula\u015fmak i\u00e7in <a href=\"https:\/\/birimler.atauni.edu.tr\/hemsirelik-fakultesi\/wp-content\/uploads\/sites\/481\/2025\/04\/EK-4.3.14.-2024-2025-Portfolyo-Rehberi.pdf\">t\u0131klay\u0131n\u0131z.<\/a><\/p><p>2024-2025 E\u011fitim Y\u0131l\u0131 \u00d6\u011frenci Porfolyosu Kontrol \u00c7izelgesi i\u00e7in <a href=\"https:\/\/birimler.atauni.edu.tr\/hemsirelik-fakultesi\/wp-content\/uploads\/sites\/481\/2025\/04\/EK-4.3.15.-2024-2025.-O\u0308G\u0306RENCI\u0307-PORTFOLYOSU-KONTROL-C\u0327I\u0307ZELGESI\u0307.pdf\">t\u0131klay\u0131n\u0131z.<\/a><\/p><p>2025 Y\u0131l\u0131 \u00d6\u011frenci Portfolyo Uygulama Esaslar\u0131 i\u00e7in <a href=\"https:\/\/birimler.atauni.edu.tr\/hemsirelik-fakultesi\/wp-content\/uploads\/sites\/481\/2025\/04\/EK-4.3.16.-Ogrenci-Portfolyo-Uygulama-Esaslari-2025.pdf\">t\u0131klay\u0131n\u0131z. <\/a><\/p><p>2025-2026 E\u011fitim Y\u0131l\u0131 G\u00fcncel\u00a0 Portfolyo Dosyas\u0131na ula\u015fmak i\u00e7in <a href=\"https:\/\/birimler.atauni.edu.tr\/hemsirelik-fakultesi\/wp-content\/uploads\/sites\/481\/2026\/01\/PORTFOLYO-2025-1-3.docx\">t\u0131klay\u0131n\u0131z.<\/a><\/p>\t\t\t\t\t\t\t\t<\/div>\n\t\t\t\t<\/div>\n\t\t\t\t\t<\/div>\n\t\t<\/div>\n\t\t\t\t\t<\/div>\n\t\t<\/section>\n\t\t\t\t<\/div>\n\t\t","protected":false},"excerpt":{"rendered":"<p>2024-2025 E\u011fitim Y\u0131l\u0131 Portfolyo Rehberi&#8217;ne ula\u015fmak i\u00e7in t\u0131klay\u0131n\u0131z. 2024-2025 E\u011fitim Y\u0131l\u0131 \u00d6\u011frenci Porfolyosu Kontrol \u00c7izelgesi i\u00e7in t\u0131klay\u0131n\u0131z. 2025 Y\u0131l\u0131 \u00d6\u011frenci Portfolyo Uygulama Esaslar\u0131 i\u00e7in t\u0131klay\u0131n\u0131z. 2025-2026 E\u011fitim Y\u0131l\u0131 G\u00fcncel\u00a0 Portfolyo Dosyas\u0131na ula\u015fmak i\u00e7in t\u0131klay\u0131n\u0131z.<\/p>\n","protected":false},"author":426,"featured_media":0,"parent":0,"menu_order":0,"comment_status":"closed","ping_status":"closed","template":"","meta":{"footnotes":""},"class_list":["post-12869","page","type-page","status-publish","hentry"],"_links":{"self":[{"href":"https:\/\/atauni.edu.tr\/hemsirelik-fakultesi\/wp-json\/wp\/v2\/pages\/12869","targetHints":{"allow":["GET"]}}],"collection":[{"href":"https:\/\/atauni.edu.tr\/hemsirelik-fakultesi\/wp-json\/wp\/v2\/pages"}],"about":[{"href":"https:\/\/atauni.edu.tr\/hemsirelik-fakultesi\/wp-json\/wp\/v2\/types\/page"}],"author":[{"embeddable":true,"href":"https:\/\/atauni.edu.tr\/hemsirelik-fakultesi\/wp-json\/wp\/v2\/users\/426"}],"replies":[{"embeddable":true,"href":"https:\/\/atauni.edu.tr\/hemsirelik-fakultesi\/wp-json\/wp\/v2\/comments?post=12869"}],"version-history":[{"count":19,"href":"https:\/\/atauni.edu.tr\/hemsirelik-fakultesi\/wp-json\/wp\/v2\/pages\/12869\/revisions"}],"predecessor-version":[{"id":16360,"href":"https:\/\/atauni.edu.tr\/hemsirelik-fakultesi\/wp-json\/wp\/v2\/pages\/12869\/revisions\/16360"}],"wp:attachment":[{"href":"https:\/\/atauni.edu.tr\/hemsirelik-fakultesi\/wp-json\/wp\/v2\/media?parent=12869"}],"curies":[{"name":"wp","href":"https:\/\/api.w.org\/{rel}","templated":true}]}}