{"id":13289,"date":"2025-04-16T16:29:41","date_gmt":"2025-04-16T13:29:41","guid":{"rendered":"https:\/\/birimler.atauni.edu.tr\/hemsirelik-fakultesi\/?page_id=13289"},"modified":"2025-10-21T15:33:01","modified_gmt":"2025-10-21T12:33:01","slug":"journal-of-nursology-dergisi-yayin-kurulu-komisyonu-2","status":"publish","type":"page","link":"https:\/\/atauni.edu.tr\/hemsirelik-fakultesi\/journal-of-nursology-dergisi-yayin-kurulu-komisyonu-2\/","title":{"rendered":"Journal of Nursology Dergisi Yay\u0131n Kurulu Komisyonu"},"content":{"rendered":"\t\t<div data-elementor-type=\"wp-page\" data-elementor-id=\"13289\" class=\"elementor elementor-13289\" data-elementor-post-type=\"page\">\n\t\t\t\t\t\t<section class=\"elementor-section elementor-top-section elementor-element elementor-element-af871d5 elementor-section-boxed elementor-section-height-default elementor-section-height-default\" data-id=\"af871d5\" data-element_type=\"section\">\n\t\t\t\t\t\t<div class=\"elementor-container elementor-column-gap-default\">\n\t\t\t\t\t<div class=\"elementor-column elementor-col-100 elementor-top-column elementor-element elementor-element-2bd14d0\" data-id=\"2bd14d0\" data-element_type=\"column\">\n\t\t\t<div class=\"elementor-widget-wrap elementor-element-populated\">\n\t\t\t\t\t\t<div class=\"elementor-element elementor-element-8b03aa1 elementor-widget elementor-widget-toggle\" data-id=\"8b03aa1\" data-element_type=\"widget\" data-widget_type=\"toggle.default\">\n\t\t\t\t<div class=\"elementor-widget-container\">\n\t\t\t\t\t\t\t<div class=\"elementor-toggle\">\n\t\t\t\t\t\t\t<div class=\"elementor-toggle-item\">\n\t\t\t\t\t<div id=\"elementor-tab-title-1451\" class=\"elementor-tab-title\" data-tab=\"1\" role=\"button\" aria-controls=\"elementor-tab-content-1451\" aria-expanded=\"false\">\n\t\t\t\t\t\t\t\t\t\t\t\t<span class=\"elementor-toggle-icon elementor-toggle-icon-left\" aria-hidden=\"true\">\n\t\t\t\t\t\t\t\t\t\t\t\t\t\t\t<span class=\"elementor-toggle-icon-closed\"><i class=\"fas fa-caret-right\"><\/i><\/span>\n\t\t\t\t\t\t\t\t<span class=\"elementor-toggle-icon-opened\"><i class=\"elementor-toggle-icon-opened fas fa-caret-up\"><\/i><\/span>\n\t\t\t\t\t\t\t\t\t\t\t\t\t<\/span>\n\t\t\t\t\t\t\t\t\t\t\t\t<a class=\"elementor-toggle-title\" tabindex=\"0\">Yay\u0131n Kurulu \u00dcyeleri<\/a>\n\t\t\t\t\t<\/div>\n\n\t\t\t\t\t<div id=\"elementor-tab-content-1451\" class=\"elementor-tab-content elementor-clearfix\" data-tab=\"1\" role=\"region\" aria-labelledby=\"elementor-tab-title-1451\"><p>\u00a0Prof. Dr. Nadiye \u00d6ZER ( Ba\u015fkan)<\/p><p>\u00a0Prof.\u00a0 Dr. G\u00fclay \u0130PEK \u00c7OBAN<\/p><p>\u00a0Prof. Dr. Cant\u00fcrk \u00c7APIK<\/p><p>\u00a0Do\u00e7. Dr. Fatma KURUD\u0130REK<\/p><p>\u00a0Do\u00e7. Dr. Vesile ESK\u0130C\u0130<\/p><p>Do\u00e7. Dr. T\u00fcrkan KAD\u0130RO\u011eLU<\/p><p>\u00a0Dr. \u00d6\u011fr. \u00dcyesi Hatice POLAT<\/p><p>\u00a0Dr. \u00d6\u011fr. \u00dcyesi Seda BA\u015eAK<\/p><p>\u00a0Dr. \u00d6\u011fr. \u00dcyesi Nihan T\u00dcRKO\u011eLU<\/p><p>\u00a0Ar\u015f. G\u00f6r. Yaprak BAGA<\/p><p>\u00a0Ar\u015f. G\u00f6r. Nisa Nur DEM\u0130RTA\u015e<\/p><p>\u00a0Ar\u015f. G\u00f6r. \u00dcmit AYAZ<\/p><p>\u00a0Ar\u015f. G\u00f6r. Muhammet M\u00dcEZZ\u0130NO\u011eLU<\/p><\/div>\n\t\t\t\t<\/div>\n\t\t\t\t\t\t\t\t<\/div>\n\t\t\t\t\t\t<\/div>\n\t\t\t\t<\/div>\n\t\t\t\t\t<\/div>\n\t\t<\/div>\n\t\t\t\t\t<\/div>\n\t\t<\/section>\n\t\t\t\t<\/div>\n\t\t","protected":false},"excerpt":{"rendered":"<p>Yay\u0131n Kurulu \u00dcyeleri \u00a0Prof. Dr. Nadiye \u00d6ZER ( Ba\u015fkan) \u00a0Prof.\u00a0 Dr. G\u00fclay \u0130PEK \u00c7OBAN \u00a0Prof. Dr. Cant\u00fcrk \u00c7APIK \u00a0Do\u00e7. Dr. Fatma KURUD\u0130REK \u00a0Do\u00e7. Dr. Vesile ESK\u0130C\u0130 Do\u00e7. Dr. T\u00fcrkan KAD\u0130RO\u011eLU \u00a0Dr. \u00d6\u011fr. \u00dcyesi Hatice POLAT \u00a0Dr. \u00d6\u011fr. \u00dcyesi Seda BA\u015eAK \u00a0Dr. \u00d6\u011fr. \u00dcyesi Nihan T\u00dcRKO\u011eLU \u00a0Ar\u015f. G\u00f6r. Yaprak BAGA \u00a0Ar\u015f. G\u00f6r. Nisa Nur DEM\u0130RTA\u015e \u00a0Ar\u015f. [&hellip;]<\/p>\n","protected":false},"author":426,"featured_media":0,"parent":0,"menu_order":0,"comment_status":"closed","ping_status":"closed","template":"","meta":{"footnotes":""},"class_list":["post-13289","page","type-page","status-publish","hentry"],"_links":{"self":[{"href":"https:\/\/atauni.edu.tr\/hemsirelik-fakultesi\/wp-json\/wp\/v2\/pages\/13289","targetHints":{"allow":["GET"]}}],"collection":[{"href":"https:\/\/atauni.edu.tr\/hemsirelik-fakultesi\/wp-json\/wp\/v2\/pages"}],"about":[{"href":"https:\/\/atauni.edu.tr\/hemsirelik-fakultesi\/wp-json\/wp\/v2\/types\/page"}],"author":[{"embeddable":true,"href":"https:\/\/atauni.edu.tr\/hemsirelik-fakultesi\/wp-json\/wp\/v2\/users\/426"}],"replies":[{"embeddable":true,"href":"https:\/\/atauni.edu.tr\/hemsirelik-fakultesi\/wp-json\/wp\/v2\/comments?post=13289"}],"version-history":[{"count":10,"href":"https:\/\/atauni.edu.tr\/hemsirelik-fakultesi\/wp-json\/wp\/v2\/pages\/13289\/revisions"}],"predecessor-version":[{"id":15663,"href":"https:\/\/atauni.edu.tr\/hemsirelik-fakultesi\/wp-json\/wp\/v2\/pages\/13289\/revisions\/15663"}],"wp:attachment":[{"href":"https:\/\/atauni.edu.tr\/hemsirelik-fakultesi\/wp-json\/wp\/v2\/media?parent=13289"}],"curies":[{"name":"wp","href":"https:\/\/api.w.org\/{rel}","templated":true}]}}