{"id":13483,"date":"2025-04-21T08:53:08","date_gmt":"2025-04-21T05:53:08","guid":{"rendered":"https:\/\/birimler.atauni.edu.tr\/hemsirelik-fakultesi\/?page_id=13483"},"modified":"2025-05-20T16:02:46","modified_gmt":"2025-05-20T13:02:46","slug":"hakkinda","status":"publish","type":"page","link":"https:\/\/atauni.edu.tr\/hemsirelik-fakultesi\/hakkinda\/","title":{"rendered":"Hakk\u0131nda"},"content":{"rendered":"\t\t<div data-elementor-type=\"wp-page\" data-elementor-id=\"13483\" class=\"elementor elementor-13483\" data-elementor-post-type=\"page\">\n\t\t\t\t\t\t<section class=\"elementor-section elementor-top-section elementor-element elementor-element-7da5f61 elementor-section-boxed elementor-section-height-default elementor-section-height-default\" data-id=\"7da5f61\" data-element_type=\"section\">\n\t\t\t\t\t\t<div class=\"elementor-container elementor-column-gap-default\">\n\t\t\t\t\t<div class=\"elementor-column elementor-col-100 elementor-top-column elementor-element elementor-element-eef7dcd\" data-id=\"eef7dcd\" data-element_type=\"column\">\n\t\t\t<div class=\"elementor-widget-wrap elementor-element-populated\">\n\t\t\t\t\t\t<div class=\"elementor-element elementor-element-fb51316 elementor-widget elementor-widget-text-editor\" data-id=\"fb51316\" data-element_type=\"widget\" data-widget_type=\"text-editor.default\">\n\t\t\t\t<div class=\"elementor-widget-container\">\n\t\t\t\t\t\t\t\t\t<p><strong>Atat\u00fcrk \u00dcniversitesi Hem\u015firelik Fak\u00fcltesi Etik Kurulu<\/strong>\u2019na ba\u015fvuru i\u00e7in \u2018Etik Kurul Ba\u015fvuru Formu\u2019 ve \u2018De\u011ferlendirme Formu\u2019 doldurularak UBYS \u00fczerinden g\u00f6nderilmesi gerekir. Formlar eksiksiz ve d\u00fczenli bir \u015fekilde doldurulmal\u0131d\u0131r.<\/p><p>Atat\u00fcrk\u00a0\u00dcniversitesi Hem\u015firelik Fak\u00fcltesi Etik Kurulu\u2019na ba\u015fvurularda tez \u00e7al\u0131\u015fmalar\u0131 ve \u00f6rneklemi hasta grubu olan \u00e7al\u0131\u015fmalar de\u011ferlendirmeye al\u0131nmaz. Ba\u015fvurularda sorumlu ara\u015ft\u0131rmac\u0131\u00a0 Atat\u00fcrk\u00a0\u00dcniversitesi Hem\u015firelik Fak\u00fcltesi \u00f6\u011fretim eleman\u0131 olmal\u0131d\u0131r ve UBYS \u00fczerinden ba\u015fvuruda bulunmal\u0131d\u0131r. Her \u00f6\u011fretim eleman\u0131 her ay i\u00e7in en fazla 2 adet etik kurul ba\u015fvurusunda bulunabilir.<\/p><p>Atat\u00fcrk \u00dcniversitesi Hem\u015firelik Fak\u00fcltesi Etik Kurulu\u2019na ba\u015fvurular her ay\u0131n 20\u2019sine kadar yap\u0131lmal\u0131d\u0131r. 20\u2019sinden sonra yap\u0131lan ba\u015fvurular bir sonraki ay de\u011ferlendirmeye al\u0131n\u0131r. Etik kurul her ay\u0131n son ba\u015fvuru g\u00fcn\u00fcnden sonra 15 g\u00fcn i\u00e7inde toplan\u0131r ve etik kurul sonu\u00e7lar\u0131 duyurulur. Etik kurul toplant\u0131s\u0131 sonras\u0131 ilgili ba\u015fvuru ile ilgili \u00f6neriler varsa UBYS \u00fczerinden sorumlu ara\u015ft\u0131rmac\u0131ya sunulur. Etik kurul onay belgesini almak i\u00e7in, ba\u015fvuru formunun \u00e7\u0131kt\u0131s\u0131 fak\u00fclte memuru Olcay KARABACAK\u2019 a teslim edilmesi gerekir. Teslim ettikten sonra etik kurul onay formu al\u0131nabilir. E\u011fer ilgili ba\u015fvuru hakk\u0131nda \u00f6neriler varsa bu \u00f6neriler yap\u0131ld\u0131ktan sonra teslim edilerek\u00a0 Etik Kurul Onay Formu\u00a0 al\u0131nabilir.<\/p>\t\t\t\t\t\t\t\t<\/div>\n\t\t\t\t<\/div>\n\t\t\t\t\t<\/div>\n\t\t<\/div>\n\t\t\t\t\t<\/div>\n\t\t<\/section>\n\t\t\t\t<\/div>\n\t\t","protected":false},"excerpt":{"rendered":"<p>Atat\u00fcrk \u00dcniversitesi Hem\u015firelik Fak\u00fcltesi Etik Kurulu\u2019na ba\u015fvuru i\u00e7in \u2018Etik Kurul Ba\u015fvuru Formu\u2019 ve \u2018De\u011ferlendirme Formu\u2019 doldurularak UBYS \u00fczerinden g\u00f6nderilmesi gerekir. Formlar eksiksiz ve d\u00fczenli bir \u015fekilde doldurulmal\u0131d\u0131r. Atat\u00fcrk\u00a0\u00dcniversitesi Hem\u015firelik Fak\u00fcltesi Etik Kurulu\u2019na ba\u015fvurularda tez \u00e7al\u0131\u015fmalar\u0131 ve \u00f6rneklemi hasta grubu olan \u00e7al\u0131\u015fmalar de\u011ferlendirmeye al\u0131nmaz. Ba\u015fvurularda sorumlu ara\u015ft\u0131rmac\u0131\u00a0 Atat\u00fcrk\u00a0\u00dcniversitesi Hem\u015firelik Fak\u00fcltesi \u00f6\u011fretim eleman\u0131 olmal\u0131d\u0131r ve UBYS \u00fczerinden [&hellip;]<\/p>\n","protected":false},"author":426,"featured_media":0,"parent":0,"menu_order":0,"comment_status":"closed","ping_status":"closed","template":"","meta":{"footnotes":""},"class_list":["post-13483","page","type-page","status-publish","hentry"],"_links":{"self":[{"href":"https:\/\/atauni.edu.tr\/hemsirelik-fakultesi\/wp-json\/wp\/v2\/pages\/13483","targetHints":{"allow":["GET"]}}],"collection":[{"href":"https:\/\/atauni.edu.tr\/hemsirelik-fakultesi\/wp-json\/wp\/v2\/pages"}],"about":[{"href":"https:\/\/atauni.edu.tr\/hemsirelik-fakultesi\/wp-json\/wp\/v2\/types\/page"}],"author":[{"embeddable":true,"href":"https:\/\/atauni.edu.tr\/hemsirelik-fakultesi\/wp-json\/wp\/v2\/users\/426"}],"replies":[{"embeddable":true,"href":"https:\/\/atauni.edu.tr\/hemsirelik-fakultesi\/wp-json\/wp\/v2\/comments?post=13483"}],"version-history":[{"count":10,"href":"https:\/\/atauni.edu.tr\/hemsirelik-fakultesi\/wp-json\/wp\/v2\/pages\/13483\/revisions"}],"predecessor-version":[{"id":14631,"href":"https:\/\/atauni.edu.tr\/hemsirelik-fakultesi\/wp-json\/wp\/v2\/pages\/13483\/revisions\/14631"}],"wp:attachment":[{"href":"https:\/\/atauni.edu.tr\/hemsirelik-fakultesi\/wp-json\/wp\/v2\/media?parent=13483"}],"curies":[{"name":"wp","href":"https:\/\/api.w.org\/{rel}","templated":true}]}}