{"id":13509,"date":"2025-04-21T13:46:00","date_gmt":"2025-04-21T10:46:00","guid":{"rendered":"https:\/\/birimler.atauni.edu.tr\/hemsirelik-fakultesi\/?page_id=13509"},"modified":"2025-05-02T13:23:27","modified_gmt":"2025-05-02T10:23:27","slug":"beceri-laboratuvari-kurallari","status":"publish","type":"page","link":"https:\/\/atauni.edu.tr\/hemsirelik-fakultesi\/beceri-laboratuvari-kurallari\/","title":{"rendered":"Laboratuvar Kullan\u0131m Kurallar\u0131"},"content":{"rendered":"\t\t<div data-elementor-type=\"wp-page\" data-elementor-id=\"13509\" class=\"elementor elementor-13509\" data-elementor-post-type=\"page\">\n\t\t\t\t\t\t<section class=\"elementor-section elementor-top-section elementor-element elementor-element-4b44a90 elementor-section-boxed elementor-section-height-default elementor-section-height-default\" data-id=\"4b44a90\" data-element_type=\"section\">\n\t\t\t\t\t\t<div class=\"elementor-container elementor-column-gap-default\">\n\t\t\t\t\t<div class=\"elementor-column elementor-col-100 elementor-top-column elementor-element elementor-element-45f8a6b\" data-id=\"45f8a6b\" data-element_type=\"column\">\n\t\t\t<div class=\"elementor-widget-wrap elementor-element-populated\">\n\t\t\t\t\t\t<div class=\"elementor-element elementor-element-895f7ef elementor-widget elementor-widget-text-editor\" data-id=\"895f7ef\" data-element_type=\"widget\" data-widget_type=\"text-editor.default\">\n\t\t\t\t<div class=\"elementor-widget-container\">\n\t\t\t\t\t\t\t\t\t<p>Beceri laboratuvar\u0131nda uyulmas\u0131 gereken kurallar i\u00e7in <a href=\"https:\/\/birimler.atauni.edu.tr\/hemsirelik-fakultesi\/wp-content\/uploads\/sites\/481\/2025\/04\/BECERI\u0307-LABORATUVARINDA-UYULMASI-GEREKEN-KURALLAR-2.pdf\">t\u0131klay\u0131n\u0131z.<\/a><\/p><p>Sim\u00fclasyon laboratuvar\u0131nda uyulmas\u0131 gereken kurallar i\u00e7in <a href=\"https:\/\/birimler.atauni.edu.tr\/hemsirelik-fakultesi\/wp-content\/uploads\/sites\/481\/2025\/05\/SI\u0307MU\u0308LASYON-LABORATUVARINDA-UYULMASI-GEREKEN-KURALLAR.pdf\">t\u0131klay\u0131n\u0131z.<\/a><\/p><p>\u0130lk yard\u0131m laboratuvar\u0131nda uyulmas\u0131 gereken kurallar i\u00e7in <a href=\"https:\/\/birimler.atauni.edu.tr\/hemsirelik-fakultesi\/wp-content\/uploads\/sites\/481\/2025\/05\/I\u0307LK-YARDIM-LABORATUVARINDA-UYULMASI-GEREKEN-KURALLAR.pdf\">t\u0131klay\u0131n\u0131z.<\/a><\/p><p>\u0130leti\u015fim laboratuvar\u0131nda uyulmas\u0131 gereken kurallar i\u00e7in <a href=\"https:\/\/birimler.atauni.edu.tr\/hemsirelik-fakultesi\/wp-content\/uploads\/sites\/481\/2025\/05\/I\u0307LETI\u0307S\u0327I\u0307M-LABORATUVARINDA-UYULMASI-GEREKEN-KURALLAR.pdf\">t\u0131klay\u0131n\u0131z.<\/a><\/p><p>Bilgisayar laboratuvar\u0131nda uyulmas\u0131 gereken kurallar i\u00e7in <a href=\"https:\/\/birimler.atauni.edu.tr\/hemsirelik-fakultesi\/wp-content\/uploads\/sites\/481\/2025\/05\/BI\u0307LGI\u0307SAYAR-LABORATUVARINDA-UYULMASI-GEREKEN-KURALLAR.pdf\">t\u0131klay\u0131n\u0131z.<\/a><\/p>\t\t\t\t\t\t\t\t<\/div>\n\t\t\t\t<\/div>\n\t\t\t\t\t<\/div>\n\t\t<\/div>\n\t\t\t\t\t<\/div>\n\t\t<\/section>\n\t\t\t\t<\/div>\n\t\t","protected":false},"excerpt":{"rendered":"<p>Beceri laboratuvar\u0131nda uyulmas\u0131 gereken kurallar i\u00e7in t\u0131klay\u0131n\u0131z. Sim\u00fclasyon laboratuvar\u0131nda uyulmas\u0131 gereken kurallar i\u00e7in t\u0131klay\u0131n\u0131z. \u0130lk yard\u0131m laboratuvar\u0131nda uyulmas\u0131 gereken kurallar i\u00e7in t\u0131klay\u0131n\u0131z. \u0130leti\u015fim laboratuvar\u0131nda uyulmas\u0131 gereken kurallar i\u00e7in t\u0131klay\u0131n\u0131z. Bilgisayar laboratuvar\u0131nda uyulmas\u0131 gereken kurallar i\u00e7in t\u0131klay\u0131n\u0131z.<\/p>\n","protected":false},"author":426,"featured_media":0,"parent":0,"menu_order":0,"comment_status":"closed","ping_status":"closed","template":"","meta":{"footnotes":""},"class_list":["post-13509","page","type-page","status-publish","hentry"],"_links":{"self":[{"href":"https:\/\/atauni.edu.tr\/hemsirelik-fakultesi\/wp-json\/wp\/v2\/pages\/13509","targetHints":{"allow":["GET"]}}],"collection":[{"href":"https:\/\/atauni.edu.tr\/hemsirelik-fakultesi\/wp-json\/wp\/v2\/pages"}],"about":[{"href":"https:\/\/atauni.edu.tr\/hemsirelik-fakultesi\/wp-json\/wp\/v2\/types\/page"}],"author":[{"embeddable":true,"href":"https:\/\/atauni.edu.tr\/hemsirelik-fakultesi\/wp-json\/wp\/v2\/users\/426"}],"replies":[{"embeddable":true,"href":"https:\/\/atauni.edu.tr\/hemsirelik-fakultesi\/wp-json\/wp\/v2\/comments?post=13509"}],"version-history":[{"count":20,"href":"https:\/\/atauni.edu.tr\/hemsirelik-fakultesi\/wp-json\/wp\/v2\/pages\/13509\/revisions"}],"predecessor-version":[{"id":13784,"href":"https:\/\/atauni.edu.tr\/hemsirelik-fakultesi\/wp-json\/wp\/v2\/pages\/13509\/revisions\/13784"}],"wp:attachment":[{"href":"https:\/\/atauni.edu.tr\/hemsirelik-fakultesi\/wp-json\/wp\/v2\/media?parent=13509"}],"curies":[{"name":"wp","href":"https:\/\/api.w.org\/{rel}","templated":true}]}}