{"id":13680,"date":"2025-04-30T20:38:35","date_gmt":"2025-04-30T17:38:35","guid":{"rendered":"https:\/\/birimler.atauni.edu.tr\/hemsirelik-fakultesi\/?page_id=13680"},"modified":"2025-04-30T20:44:32","modified_gmt":"2025-04-30T17:44:32","slug":"2022-2023-yili-2","status":"publish","type":"page","link":"https:\/\/atauni.edu.tr\/hemsirelik-fakultesi\/2022-2023-yili-2\/","title":{"rendered":"2022-2023 Y\u0131l\u0131"},"content":{"rendered":"\t\t<div data-elementor-type=\"wp-page\" data-elementor-id=\"13680\" class=\"elementor elementor-13680\" data-elementor-post-type=\"page\">\n\t\t\t\t\t\t<section class=\"elementor-section elementor-top-section elementor-element elementor-element-82af3dc elementor-section-boxed elementor-section-height-default elementor-section-height-default\" data-id=\"82af3dc\" data-element_type=\"section\">\n\t\t\t\t\t\t<div class=\"elementor-container elementor-column-gap-default\">\n\t\t\t\t\t<div class=\"elementor-column elementor-col-100 elementor-top-column elementor-element elementor-element-eca59c0\" data-id=\"eca59c0\" data-element_type=\"column\">\n\t\t\t<div class=\"elementor-widget-wrap elementor-element-populated\">\n\t\t\t\t\t\t<div class=\"elementor-element elementor-element-28843f1 elementor-widget elementor-widget-text-editor\" data-id=\"28843f1\" data-element_type=\"widget\" data-widget_type=\"text-editor.default\">\n\t\t\t\t<div class=\"elementor-widget-container\">\n\t\t\t\t\t\t\t\t\t<p><a href=\"https:\/\/birimler.atauni.edu.tr\/hemsirelik-fakultesi\/wp-content\/uploads\/sites\/481\/2025\/04\/2022-2023-Cerrahi-Hast.-Hems.-uyg.rotasyonu.pdf\">2022-2023 Y\u0131l\u0131 Cerrahi Hastal\u0131klar ve Hem\u015firelik Bak\u0131m\u0131 Uygulama Rotasyonu<\/a><\/p><p><a href=\"https:\/\/birimler.atauni.edu.tr\/hemsirelik-fakultesi\/wp-content\/uploads\/sites\/481\/2025\/04\/2022-2023-Cocuk-Hastaliklari-Hems.-Uygulama-Rotasyonlari.pdf\">2022-2023 Y\u0131l\u0131 \u00c7ocuk Hastal\u0131klar\u0131 ve Hem\u015firelik Bak\u0131m\u0131 Uygulama Rotasyonlar\u0131<\/a><\/p><p><a href=\"https:\/\/birimler.atauni.edu.tr\/hemsirelik-fakultesi\/wp-content\/uploads\/sites\/481\/2025\/04\/2022-2023-Halk-Sagligi-Hemsireligi-Guz-Uygulama-rotasyonu.pdf\">2022-2023 Y\u0131l\u0131 Halk Sa\u011fl\u0131\u011f\u0131 Hem\u015fireli\u011fi Uygulama Rotasyonlar\u0131<\/a><\/p><p><a href=\"https:\/\/birimler.atauni.edu.tr\/hemsirelik-fakultesi\/wp-content\/uploads\/sites\/481\/2025\/04\/2022-2023-Hemsirelik-Esaslari-Uygulama-Rotasyonlari.pdf\">2022-2023 Y\u0131l\u0131\u00a0 Hem\u015firelik Esaslar\u0131 Uygulama Rotasyonlar\u0131<\/a><\/p><p><a href=\"https:\/\/birimler.atauni.edu.tr\/hemsirelik-fakultesi\/wp-content\/uploads\/sites\/481\/2025\/04\/2022-2023-Hemsirelikte-Yonetim-Guz-Uygulama-Rotasyonu.pdf\">2022-2023 Y\u0131l\u0131 Hem\u015firelikte Y\u00f6netim Uygulama Rotasyonlar\u0131<\/a><\/p><p><a href=\"https:\/\/birimler.atauni.edu.tr\/hemsirelik-fakultesi\/wp-content\/uploads\/sites\/481\/2025\/04\/2022-2023-Ic-Hastaliklari-Hem.-uygulama-rotasyonu.pdf\">2022-2023 Y\u0131l\u0131 \u0130\u00e7 Hastal\u0131klar\u0131 ve Hem\u015firelik Bak\u0131m\u0131 u-Uygulama Rotasyonlar\u0131<\/a><\/p><p><a href=\"https:\/\/birimler.atauni.edu.tr\/hemsirelik-fakultesi\/wp-content\/uploads\/sites\/481\/2025\/04\/2022-2023-Kadin-Dogum-Hems.-uygulama-rotasyonu.pdf\">2022-2023 Y\u0131l\u0131 Do\u011fum, Kad\u0131n Sa\u011fl\u0131\u011f\u0131 ve Hastal\u0131klar\u0131 Hem\u015fireli\u011fi\u00a0 Uygulama Rotasyonlar\u0131<\/a><\/p><p>\u00a0<\/p>\t\t\t\t\t\t\t\t<\/div>\n\t\t\t\t<\/div>\n\t\t\t\t\t<\/div>\n\t\t<\/div>\n\t\t\t\t\t<\/div>\n\t\t<\/section>\n\t\t\t\t<\/div>\n\t\t","protected":false},"excerpt":{"rendered":"<p>2022-2023 Y\u0131l\u0131 Cerrahi Hastal\u0131klar ve Hem\u015firelik Bak\u0131m\u0131 Uygulama Rotasyonu 2022-2023 Y\u0131l\u0131 \u00c7ocuk Hastal\u0131klar\u0131 ve Hem\u015firelik Bak\u0131m\u0131 Uygulama Rotasyonlar\u0131 2022-2023 Y\u0131l\u0131 Halk Sa\u011fl\u0131\u011f\u0131 Hem\u015fireli\u011fi Uygulama Rotasyonlar\u0131 2022-2023 Y\u0131l\u0131\u00a0 Hem\u015firelik Esaslar\u0131 Uygulama Rotasyonlar\u0131 2022-2023 Y\u0131l\u0131 Hem\u015firelikte Y\u00f6netim Uygulama Rotasyonlar\u0131 2022-2023 Y\u0131l\u0131 \u0130\u00e7 Hastal\u0131klar\u0131 ve Hem\u015firelik Bak\u0131m\u0131 u-Uygulama Rotasyonlar\u0131 2022-2023 Y\u0131l\u0131 Do\u011fum, Kad\u0131n Sa\u011fl\u0131\u011f\u0131 ve Hastal\u0131klar\u0131 Hem\u015fireli\u011fi\u00a0 Uygulama [&hellip;]<\/p>\n","protected":false},"author":426,"featured_media":0,"parent":0,"menu_order":0,"comment_status":"closed","ping_status":"closed","template":"","meta":{"footnotes":""},"class_list":["post-13680","page","type-page","status-publish","hentry"],"_links":{"self":[{"href":"https:\/\/atauni.edu.tr\/hemsirelik-fakultesi\/wp-json\/wp\/v2\/pages\/13680","targetHints":{"allow":["GET"]}}],"collection":[{"href":"https:\/\/atauni.edu.tr\/hemsirelik-fakultesi\/wp-json\/wp\/v2\/pages"}],"about":[{"href":"https:\/\/atauni.edu.tr\/hemsirelik-fakultesi\/wp-json\/wp\/v2\/types\/page"}],"author":[{"embeddable":true,"href":"https:\/\/atauni.edu.tr\/hemsirelik-fakultesi\/wp-json\/wp\/v2\/users\/426"}],"replies":[{"embeddable":true,"href":"https:\/\/atauni.edu.tr\/hemsirelik-fakultesi\/wp-json\/wp\/v2\/comments?post=13680"}],"version-history":[{"count":4,"href":"https:\/\/atauni.edu.tr\/hemsirelik-fakultesi\/wp-json\/wp\/v2\/pages\/13680\/revisions"}],"predecessor-version":[{"id":13687,"href":"https:\/\/atauni.edu.tr\/hemsirelik-fakultesi\/wp-json\/wp\/v2\/pages\/13680\/revisions\/13687"}],"wp:attachment":[{"href":"https:\/\/atauni.edu.tr\/hemsirelik-fakultesi\/wp-json\/wp\/v2\/media?parent=13680"}],"curies":[{"name":"wp","href":"https:\/\/api.w.org\/{rel}","templated":true}]}}