{"id":14282,"date":"2025-05-09T08:23:09","date_gmt":"2025-05-09T05:23:09","guid":{"rendered":"https:\/\/birimler.atauni.edu.tr\/hemsirelik-fakultesi\/?page_id=14282"},"modified":"2025-06-16T08:48:11","modified_gmt":"2025-06-16T05:48:11","slug":"performans-gostergeleri","status":"publish","type":"page","link":"https:\/\/atauni.edu.tr\/hemsirelik-fakultesi\/performans-gostergeleri\/","title":{"rendered":"Performans G\u00f6stergeleri"},"content":{"rendered":"\t\t<div data-elementor-type=\"wp-page\" data-elementor-id=\"14282\" class=\"elementor elementor-14282\" data-elementor-post-type=\"page\">\n\t\t\t\t\t\t<section class=\"elementor-section elementor-top-section elementor-element elementor-element-a42021a elementor-section-boxed elementor-section-height-default elementor-section-height-default\" data-id=\"a42021a\" data-element_type=\"section\">\n\t\t\t\t\t\t<div class=\"elementor-container elementor-column-gap-default\">\n\t\t\t\t\t<div class=\"elementor-column elementor-col-100 elementor-top-column elementor-element elementor-element-2047eff\" data-id=\"2047eff\" data-element_type=\"column\">\n\t\t\t<div class=\"elementor-widget-wrap elementor-element-populated\">\n\t\t\t\t\t\t<div class=\"elementor-element elementor-element-d04e77b elementor-widget elementor-widget-text-editor\" data-id=\"d04e77b\" data-element_type=\"widget\" data-widget_type=\"text-editor.default\">\n\t\t\t\t<div class=\"elementor-widget-container\">\n\t\t\t\t\t\t\t\t\t<p><a href=\"https:\/\/birimler.atauni.edu.tr\/hemsirelik-fakultesi\/wp-content\/uploads\/sites\/481\/2025\/05\/Hemsirelik-Fakultesi-360-Derece-Akademik-Personel-Performans-Degerlendirme-Sisteminin-Is-Akis-Semasi.pdf\">Hem\u015firelik Fak\u00fcltesi 360 Derece Akademik Personel Performans De\u011ferlendirme Sisteminin \u0130\u015f Ak\u0131\u015f \u015eemas\u0131<\/a><\/p><p><a href=\"https:\/\/birimler.atauni.edu.tr\/hemsirelik-fakultesi\/wp-content\/uploads\/sites\/481\/2025\/05\/Hemsirelik-Fakultesi-360-Derece-Akademik-Personel-Performans-Uygulama-Esaslari-1.pdf\">Hem\u015firelik Fak\u00fcltesi 360 Derece Akademik Personel Performans Uygulama Esaslar\u0131<\/a><\/p><p><a href=\"https:\/\/birimler.atauni.edu.tr\/hemsirelik-fakultesi\/wp-content\/uploads\/sites\/481\/2025\/06\/360-Derece-Performans-Degerlendirme-Formlari-1.pdf\">360 Derece Performans Degerlendirme Formlar\u0131<\/a><\/p><p><a href=\"https:\/\/birimler.atauni.edu.tr\/hemsirelik-fakultesi\/wp-content\/uploads\/sites\/481\/2025\/05\/Hemsirelik-Fakulte-Ici-Ogretim-Elemani-Degerlendirme-Formu.pdf\">Fak\u00fclte \u0130\u00e7i Ogretim Elemani De\u011ferlendirme Formu<\/a><\/p>\t\t\t\t\t\t\t\t<\/div>\n\t\t\t\t<\/div>\n\t\t\t\t\t<\/div>\n\t\t<\/div>\n\t\t\t\t\t<\/div>\n\t\t<\/section>\n\t\t\t\t<\/div>\n\t\t","protected":false},"excerpt":{"rendered":"<p>Hem\u015firelik Fak\u00fcltesi 360 Derece Akademik Personel Performans De\u011ferlendirme Sisteminin \u0130\u015f Ak\u0131\u015f \u015eemas\u0131 Hem\u015firelik Fak\u00fcltesi 360 Derece Akademik Personel Performans Uygulama Esaslar\u0131 360 Derece Performans Degerlendirme Formlar\u0131 Fak\u00fclte \u0130\u00e7i Ogretim Elemani De\u011ferlendirme Formu<\/p>\n","protected":false},"author":426,"featured_media":0,"parent":0,"menu_order":0,"comment_status":"closed","ping_status":"closed","template":"","meta":{"footnotes":""},"class_list":["post-14282","page","type-page","status-publish","hentry"],"_links":{"self":[{"href":"https:\/\/atauni.edu.tr\/hemsirelik-fakultesi\/wp-json\/wp\/v2\/pages\/14282","targetHints":{"allow":["GET"]}}],"collection":[{"href":"https:\/\/atauni.edu.tr\/hemsirelik-fakultesi\/wp-json\/wp\/v2\/pages"}],"about":[{"href":"https:\/\/atauni.edu.tr\/hemsirelik-fakultesi\/wp-json\/wp\/v2\/types\/page"}],"author":[{"embeddable":true,"href":"https:\/\/atauni.edu.tr\/hemsirelik-fakultesi\/wp-json\/wp\/v2\/users\/426"}],"replies":[{"embeddable":true,"href":"https:\/\/atauni.edu.tr\/hemsirelik-fakultesi\/wp-json\/wp\/v2\/comments?post=14282"}],"version-history":[{"count":10,"href":"https:\/\/atauni.edu.tr\/hemsirelik-fakultesi\/wp-json\/wp\/v2\/pages\/14282\/revisions"}],"predecessor-version":[{"id":15085,"href":"https:\/\/atauni.edu.tr\/hemsirelik-fakultesi\/wp-json\/wp\/v2\/pages\/14282\/revisions\/15085"}],"wp:attachment":[{"href":"https:\/\/atauni.edu.tr\/hemsirelik-fakultesi\/wp-json\/wp\/v2\/media?parent=14282"}],"curies":[{"name":"wp","href":"https:\/\/api.w.org\/{rel}","templated":true}]}}