{"id":15030,"date":"2025-06-12T17:57:38","date_gmt":"2025-06-12T14:57:38","guid":{"rendered":"https:\/\/birimler.atauni.edu.tr\/hemsirelik-fakultesi\/?page_id=15030"},"modified":"2025-06-12T18:02:30","modified_gmt":"2025-06-12T15:02:30","slug":"hemsirelik-fakultesi-danisma-kurulu","status":"publish","type":"page","link":"https:\/\/atauni.edu.tr\/hemsirelik-fakultesi\/hemsirelik-fakultesi-danisma-kurulu\/","title":{"rendered":"Hem\u015firelik Fak\u00fcltesi Dan\u0131\u015fma Kurulu"},"content":{"rendered":"\t\t<div data-elementor-type=\"wp-page\" data-elementor-id=\"15030\" class=\"elementor elementor-15030\" data-elementor-post-type=\"page\">\n\t\t\t\t\t\t<section class=\"elementor-section elementor-top-section elementor-element elementor-element-ae11bab elementor-section-boxed elementor-section-height-default elementor-section-height-default\" data-id=\"ae11bab\" data-element_type=\"section\">\n\t\t\t\t\t\t<div class=\"elementor-container elementor-column-gap-default\">\n\t\t\t\t\t<div class=\"elementor-column elementor-col-100 elementor-top-column elementor-element elementor-element-4bfc696\" data-id=\"4bfc696\" data-element_type=\"column\">\n\t\t\t<div class=\"elementor-widget-wrap elementor-element-populated\">\n\t\t\t\t\t\t<div class=\"elementor-element elementor-element-a6cc4cd elementor-widget elementor-widget-toggle\" data-id=\"a6cc4cd\" data-element_type=\"widget\" data-widget_type=\"toggle.default\">\n\t\t\t\t<div class=\"elementor-widget-container\">\n\t\t\t\t\t\t\t<div class=\"elementor-toggle\">\n\t\t\t\t\t\t\t<div class=\"elementor-toggle-item\">\n\t\t\t\t\t<div id=\"elementor-tab-title-1741\" class=\"elementor-tab-title\" data-tab=\"1\" role=\"button\" aria-controls=\"elementor-tab-content-1741\" aria-expanded=\"false\">\n\t\t\t\t\t\t\t\t\t\t\t\t<span class=\"elementor-toggle-icon elementor-toggle-icon-left\" aria-hidden=\"true\">\n\t\t\t\t\t\t\t\t\t\t\t\t\t\t\t<span class=\"elementor-toggle-icon-closed\"><i class=\"fas fa-caret-right\"><\/i><\/span>\n\t\t\t\t\t\t\t\t<span class=\"elementor-toggle-icon-opened\"><i class=\"elementor-toggle-icon-opened fas fa-caret-up\"><\/i><\/span>\n\t\t\t\t\t\t\t\t\t\t\t\t\t<\/span>\n\t\t\t\t\t\t\t\t\t\t\t\t<a class=\"elementor-toggle-title\" tabindex=\"0\">\u00dcyeler<\/a>\n\t\t\t\t\t<\/div>\n\n\t\t\t\t\t<div id=\"elementor-tab-content-1741\" class=\"elementor-tab-content elementor-clearfix\" data-tab=\"1\" role=\"region\" aria-labelledby=\"elementor-tab-title-1741\"><p><strong>Prof. Dr. Reva BALCI AKPINAR (Ba\u015fkan)<\/strong><\/p><p>Atat\u00fcrk \u00dcniversitesi Hem\u015firelik Fak\u00fcltesi Dekan\u0131<\/p><p><strong>Prof. Dr. Bilal YILMAZ<\/strong><\/p><p>Atat\u00fcrk \u00dcniversitesi Kalite Koordinat\u00f6rl\u00fc\u011f\u00fc<\/p><p><strong>Metin SAYGILI<\/strong><\/p><p>\u00d6\u011frenci \u0130\u015fleri Daire Ba\u015fkanl\u0131\u011f\u0131<\/p><p><strong>Do\u00e7. Dr. Serdar AYDIN<\/strong><\/p><p>Bilgisayar Bilimleri Ara\u015ft\u0131rma ve Uygulama Merkezi<\/p><p><strong>Dr. \u00d6\u011fr. \u00dcyesi Eda Ay<\/strong><\/p><p>Atat\u00fcrk \u00dcniversitesi Sa\u011fl\u0131k Ara\u015ft\u0131rma ve Uygulama Merkezi Sa\u011fl\u0131k Bak\u0131m Hizmetleri M\u00fcd\u00fcr\u00fc<\/p><p><strong>Erkan SOYKAN<\/strong><\/p><p>Erzurum \u015eehir Hastanesi Sa\u011fl\u0131k ve Bak\u0131m Hizmetleri M\u00fcd\u00fcr\u00fc<\/p><p><strong>Dr. \u00d6\u011fr. \u00dcyesi Yasemin ERDEN<\/strong><\/p><p>Erzurum Teknik \u00dcniversitesi Sa\u011fl\u0131k Bilimleri Fak\u00fcltesi<\/p><p>Hem\u015firelik B\u00f6l\u00fcm\u00fc<\/p><p><strong>Do\u00e7. Dr. Arzu KARABA\u011e AYDIN<\/strong><\/p><p>Kars \u00dcniversitesi Sa\u011fl\u0131k Bilimleri Fak\u00fcltesi Hem\u015firelik B\u00f6l\u00fcm\u00fc<\/p><p><strong>Do\u00e7. Dr. Serpil \u0130NCE<\/strong><\/p><p>Akdeniz \u00dcniversitesi Hem\u015firelik Fak\u00fcltesi<\/p><p><strong>Doc.Dr. Tamara Stemberger KOLNIK<\/strong><\/p><p>Vice-dean for research, Faculty of Health Sciences in Celje, Slovenia<\/p><p><strong>\u00d6\u011frenci Dragon DERAJIC<\/strong><\/p><p>Faculty of Health Sciences in Celje, Slovenia<\/p><\/div>\n\t\t\t\t<\/div>\n\t\t\t\t\t\t\t\t<\/div>\n\t\t\t\t\t\t<\/div>\n\t\t\t\t<\/div>\n\t\t\t\t\t<\/div>\n\t\t<\/div>\n\t\t\t\t\t<\/div>\n\t\t<\/section>\n\t\t\t\t<\/div>\n\t\t","protected":false},"excerpt":{"rendered":"<p>\u00dcyeler Prof. Dr. Reva BALCI AKPINAR (Ba\u015fkan) Atat\u00fcrk \u00dcniversitesi Hem\u015firelik Fak\u00fcltesi Dekan\u0131 Prof. Dr. Bilal YILMAZ Atat\u00fcrk \u00dcniversitesi Kalite Koordinat\u00f6rl\u00fc\u011f\u00fc Metin SAYGILI \u00d6\u011frenci \u0130\u015fleri Daire Ba\u015fkanl\u0131\u011f\u0131 Do\u00e7. Dr. Serdar AYDIN Bilgisayar Bilimleri Ara\u015ft\u0131rma ve Uygulama Merkezi Dr. \u00d6\u011fr. \u00dcyesi Eda Ay Atat\u00fcrk \u00dcniversitesi Sa\u011fl\u0131k Ara\u015ft\u0131rma ve Uygulama Merkezi Sa\u011fl\u0131k Bak\u0131m Hizmetleri M\u00fcd\u00fcr\u00fc Erkan SOYKAN Erzurum [&hellip;]<\/p>\n","protected":false},"author":426,"featured_media":0,"parent":0,"menu_order":0,"comment_status":"closed","ping_status":"closed","template":"","meta":{"footnotes":""},"class_list":["post-15030","page","type-page","status-publish","hentry"],"_links":{"self":[{"href":"https:\/\/atauni.edu.tr\/hemsirelik-fakultesi\/wp-json\/wp\/v2\/pages\/15030","targetHints":{"allow":["GET"]}}],"collection":[{"href":"https:\/\/atauni.edu.tr\/hemsirelik-fakultesi\/wp-json\/wp\/v2\/pages"}],"about":[{"href":"https:\/\/atauni.edu.tr\/hemsirelik-fakultesi\/wp-json\/wp\/v2\/types\/page"}],"author":[{"embeddable":true,"href":"https:\/\/atauni.edu.tr\/hemsirelik-fakultesi\/wp-json\/wp\/v2\/users\/426"}],"replies":[{"embeddable":true,"href":"https:\/\/atauni.edu.tr\/hemsirelik-fakultesi\/wp-json\/wp\/v2\/comments?post=15030"}],"version-history":[{"count":7,"href":"https:\/\/atauni.edu.tr\/hemsirelik-fakultesi\/wp-json\/wp\/v2\/pages\/15030\/revisions"}],"predecessor-version":[{"id":15041,"href":"https:\/\/atauni.edu.tr\/hemsirelik-fakultesi\/wp-json\/wp\/v2\/pages\/15030\/revisions\/15041"}],"wp:attachment":[{"href":"https:\/\/atauni.edu.tr\/hemsirelik-fakultesi\/wp-json\/wp\/v2\/media?parent=15030"}],"curies":[{"name":"wp","href":"https:\/\/api.w.org\/{rel}","templated":true}]}}