{"id":15753,"date":"2025-10-23T13:52:35","date_gmt":"2025-10-23T10:52:35","guid":{"rendered":"https:\/\/birimler.atauni.edu.tr\/hemsirelik-fakultesi\/?page_id=15753"},"modified":"2026-03-24T13:36:54","modified_gmt":"2026-03-24T10:36:54","slug":"universite-yonetim-bilgi-sistemi-uybs-komisyonu","status":"publish","type":"page","link":"https:\/\/atauni.edu.tr\/hemsirelik-fakultesi\/universite-yonetim-bilgi-sistemi-uybs-komisyonu\/","title":{"rendered":"\u00dcniversite Y\u00f6netim Bilgi Sistemi (\u00dcYBS) Komisyonu"},"content":{"rendered":"\t\t<div data-elementor-type=\"wp-page\" data-elementor-id=\"15753\" class=\"elementor elementor-15753\" data-elementor-post-type=\"page\">\n\t\t\t\t\t\t<section class=\"elementor-section elementor-top-section elementor-element elementor-element-355026a elementor-section-boxed elementor-section-height-default elementor-section-height-default\" data-id=\"355026a\" data-element_type=\"section\">\n\t\t\t\t\t\t<div class=\"elementor-container elementor-column-gap-default\">\n\t\t\t\t\t<div class=\"elementor-column elementor-col-100 elementor-top-column elementor-element elementor-element-40b8dc9\" data-id=\"40b8dc9\" data-element_type=\"column\">\n\t\t\t<div class=\"elementor-widget-wrap elementor-element-populated\">\n\t\t\t\t\t\t<div class=\"elementor-element elementor-element-be82e58 elementor-widget elementor-widget-toggle\" data-id=\"be82e58\" data-element_type=\"widget\" data-widget_type=\"toggle.default\">\n\t\t\t\t<div class=\"elementor-widget-container\">\n\t\t\t\t\t\t\t<div class=\"elementor-toggle\">\n\t\t\t\t\t\t\t<div class=\"elementor-toggle-item\">\n\t\t\t\t\t<div id=\"elementor-tab-title-1991\" class=\"elementor-tab-title\" data-tab=\"1\" role=\"button\" aria-controls=\"elementor-tab-content-1991\" aria-expanded=\"false\">\n\t\t\t\t\t\t\t\t\t\t\t\t<span class=\"elementor-toggle-icon elementor-toggle-icon-left\" aria-hidden=\"true\">\n\t\t\t\t\t\t\t\t\t\t\t\t\t\t\t<span class=\"elementor-toggle-icon-closed\"><i class=\"fas fa-caret-right\"><\/i><\/span>\n\t\t\t\t\t\t\t\t<span class=\"elementor-toggle-icon-opened\"><i class=\"elementor-toggle-icon-opened fas fa-caret-up\"><\/i><\/span>\n\t\t\t\t\t\t\t\t\t\t\t\t\t<\/span>\n\t\t\t\t\t\t\t\t\t\t\t\t<a class=\"elementor-toggle-title\" tabindex=\"0\">Komisyon \u00dcyeleri<\/a>\n\t\t\t\t\t<\/div>\n\n\t\t\t\t\t<div id=\"elementor-tab-content-1991\" class=\"elementor-tab-content elementor-clearfix\" data-tab=\"1\" role=\"region\" aria-labelledby=\"elementor-tab-title-1991\"><p>Dr. \u00d6\u011fr. \u00dcyesi Seda BA\u015eAK (Ba\u015fkan)<\/p><p>Dr. \u00d6\u011fr. \u00dcyesi Burcu ALA\u00c7AM (Ba\u015fkan Yrd.)<\/p><p>Dr. \u00d6\u011fr. \u00dcyesi\u00a0 Asena K\u00d6SE (\u00dcye)<\/p><p>Ar\u015f. G\u00f6r. Dr. \u0130dris YILDIZ (\u00dcye)<\/p><p>Ar\u015f. G\u00f6r. Gamze BULUT \u00d6ZL\u00dc (\u00dcye)<\/p><p>Ar\u015f. G\u00f6r. Fatma OCAKO\u011eLU (\u00dcye)<\/p><p>Ar\u015f. G\u00f6r. Nisa Nur DEM\u0130RTA\u015e (\u00dcye)<\/p><p>Ar\u015f. G\u00f6r. S\u00fcmeyye EK\u0130C\u0130 (\u00dcye)<\/p><p>Ar\u015f. G\u00f6r. \u00dcmit AYAZ\u00a0 (\u00dcye)<\/p><p>Ar\u015f. G\u00f6r. Yaprak BAGA (\u00dcye)<\/p><p>Ar\u015f. G\u00f6r. Muhammet M\u00dcEZZ\u0130NO\u011eLU (\u00dcye)<\/p><p>Ar\u015f. G\u00f6r. Hatice AKKURT (\u00dcye)<\/p><\/div>\n\t\t\t\t<\/div>\n\t\t\t\t\t\t\t\t<\/div>\n\t\t\t\t\t\t<\/div>\n\t\t\t\t<\/div>\n\t\t\t\t\t<\/div>\n\t\t<\/div>\n\t\t\t\t\t<\/div>\n\t\t<\/section>\n\t\t\t\t<\/div>\n\t\t","protected":false},"excerpt":{"rendered":"<p>Komisyon \u00dcyeleri Dr. \u00d6\u011fr. \u00dcyesi Seda BA\u015eAK (Ba\u015fkan) Dr. \u00d6\u011fr. \u00dcyesi Burcu ALA\u00c7AM (Ba\u015fkan Yrd.) Dr. \u00d6\u011fr. \u00dcyesi\u00a0 Asena K\u00d6SE (\u00dcye) Ar\u015f. G\u00f6r. Dr. \u0130dris YILDIZ (\u00dcye) Ar\u015f. G\u00f6r. Gamze BULUT \u00d6ZL\u00dc (\u00dcye) Ar\u015f. G\u00f6r. Fatma OCAKO\u011eLU (\u00dcye) Ar\u015f. G\u00f6r. Nisa Nur DEM\u0130RTA\u015e (\u00dcye) Ar\u015f. G\u00f6r. S\u00fcmeyye EK\u0130C\u0130 (\u00dcye) Ar\u015f. G\u00f6r. \u00dcmit AYAZ\u00a0 (\u00dcye) Ar\u015f. [&hellip;]<\/p>\n","protected":false},"author":426,"featured_media":0,"parent":0,"menu_order":0,"comment_status":"closed","ping_status":"closed","template":"","meta":{"footnotes":""},"class_list":["post-15753","page","type-page","status-publish","hentry"],"_links":{"self":[{"href":"https:\/\/atauni.edu.tr\/hemsirelik-fakultesi\/wp-json\/wp\/v2\/pages\/15753","targetHints":{"allow":["GET"]}}],"collection":[{"href":"https:\/\/atauni.edu.tr\/hemsirelik-fakultesi\/wp-json\/wp\/v2\/pages"}],"about":[{"href":"https:\/\/atauni.edu.tr\/hemsirelik-fakultesi\/wp-json\/wp\/v2\/types\/page"}],"author":[{"embeddable":true,"href":"https:\/\/atauni.edu.tr\/hemsirelik-fakultesi\/wp-json\/wp\/v2\/users\/426"}],"replies":[{"embeddable":true,"href":"https:\/\/atauni.edu.tr\/hemsirelik-fakultesi\/wp-json\/wp\/v2\/comments?post=15753"}],"version-history":[{"count":10,"href":"https:\/\/atauni.edu.tr\/hemsirelik-fakultesi\/wp-json\/wp\/v2\/pages\/15753\/revisions"}],"predecessor-version":[{"id":16556,"href":"https:\/\/atauni.edu.tr\/hemsirelik-fakultesi\/wp-json\/wp\/v2\/pages\/15753\/revisions\/16556"}],"wp:attachment":[{"href":"https:\/\/atauni.edu.tr\/hemsirelik-fakultesi\/wp-json\/wp\/v2\/media?parent=15753"}],"curies":[{"name":"wp","href":"https:\/\/api.w.org\/{rel}","templated":true}]}}