{"id":15774,"date":"2025-10-23T14:15:16","date_gmt":"2025-10-23T11:15:16","guid":{"rendered":"https:\/\/birimler.atauni.edu.tr\/hemsirelik-fakultesi\/?page_id=15774"},"modified":"2026-03-24T13:27:54","modified_gmt":"2026-03-24T10:27:54","slug":"disiplin-kurulu","status":"publish","type":"page","link":"https:\/\/atauni.edu.tr\/hemsirelik-fakultesi\/disiplin-kurulu\/","title":{"rendered":"Disiplin Kurulu"},"content":{"rendered":"\t\t<div data-elementor-type=\"wp-page\" data-elementor-id=\"15774\" class=\"elementor elementor-15774\" data-elementor-post-type=\"page\">\n\t\t\t\t\t\t<section class=\"elementor-section elementor-top-section elementor-element elementor-element-5167c97 elementor-section-boxed elementor-section-height-default elementor-section-height-default\" data-id=\"5167c97\" data-element_type=\"section\">\n\t\t\t\t\t\t<div class=\"elementor-container elementor-column-gap-default\">\n\t\t\t\t\t<div class=\"elementor-column elementor-col-100 elementor-top-column elementor-element elementor-element-a218685\" data-id=\"a218685\" data-element_type=\"column\">\n\t\t\t<div class=\"elementor-widget-wrap elementor-element-populated\">\n\t\t\t\t\t\t<div class=\"elementor-element elementor-element-f5fc759 elementor-widget elementor-widget-toggle\" data-id=\"f5fc759\" data-element_type=\"widget\" data-widget_type=\"toggle.default\">\n\t\t\t\t<div class=\"elementor-widget-container\">\n\t\t\t\t\t\t\t<div class=\"elementor-toggle\">\n\t\t\t\t\t\t\t<div class=\"elementor-toggle-item\">\n\t\t\t\t\t<div id=\"elementor-tab-title-2571\" class=\"elementor-tab-title\" data-tab=\"1\" role=\"button\" aria-controls=\"elementor-tab-content-2571\" aria-expanded=\"false\">\n\t\t\t\t\t\t\t\t\t\t\t\t<span class=\"elementor-toggle-icon elementor-toggle-icon-left\" aria-hidden=\"true\">\n\t\t\t\t\t\t\t\t\t\t\t\t\t\t\t<span class=\"elementor-toggle-icon-closed\"><i class=\"fas fa-caret-right\"><\/i><\/span>\n\t\t\t\t\t\t\t\t<span class=\"elementor-toggle-icon-opened\"><i class=\"elementor-toggle-icon-opened fas fa-caret-up\"><\/i><\/span>\n\t\t\t\t\t\t\t\t\t\t\t\t\t<\/span>\n\t\t\t\t\t\t\t\t\t\t\t\t<a class=\"elementor-toggle-title\" tabindex=\"0\">Kurul \u00dcyeleri<\/a>\n\t\t\t\t\t<\/div>\n\n\t\t\t\t\t<div id=\"elementor-tab-content-2571\" class=\"elementor-tab-content elementor-clearfix\" data-tab=\"1\" role=\"region\" aria-labelledby=\"elementor-tab-title-2571\"><p>Prof. Dr. Reva BALCI AKPINAR (Dekan) (Ba\u015fkan)<\/p><p>Prof. Dr. Neziha KARABULUT (\u00dcye)<\/p><p>Prof. Dr. Fatma G\u00dcD\u00dcC\u00dc T\u00dcFEK\u00c7\u0130 (\u00dcye)<\/p><p>Prof. Dr. Afife YURTTA\u015e (\u00dcye)<\/p><p>Do\u00e7. Dr. Hasret YAL\u00c7IN\u00d6Z BAYSAL (\u00dcye)<\/p><p>Do\u00e7. Dr. Hatice DURMAZ (\u00dcye)<\/p><p>Dr. \u00d6\u011fr. \u00dcyesi Hatice POLAT (\u00dcye)<\/p><p>Habip DUYMU\u015e (Fak\u00fclte Sekreteri) (Raport\u00f6r)<\/p><\/div>\n\t\t\t\t<\/div>\n\t\t\t\t\t\t\t\t<\/div>\n\t\t\t\t\t\t<\/div>\n\t\t\t\t<\/div>\n\t\t\t\t\t<\/div>\n\t\t<\/div>\n\t\t\t\t\t<\/div>\n\t\t<\/section>\n\t\t\t\t<\/div>\n\t\t","protected":false},"excerpt":{"rendered":"<p>Kurul \u00dcyeleri Prof. Dr. Reva BALCI AKPINAR (Dekan) (Ba\u015fkan) Prof. Dr. Neziha KARABULUT (\u00dcye) Prof. Dr. Fatma G\u00dcD\u00dcC\u00dc T\u00dcFEK\u00c7\u0130 (\u00dcye) Prof. Dr. Afife YURTTA\u015e (\u00dcye) Do\u00e7. Dr. Hasret YAL\u00c7IN\u00d6Z BAYSAL (\u00dcye) Do\u00e7. Dr. Hatice DURMAZ (\u00dcye) Dr. \u00d6\u011fr. \u00dcyesi Hatice POLAT (\u00dcye) Habip DUYMU\u015e (Fak\u00fclte Sekreteri) (Raport\u00f6r)<\/p>\n","protected":false},"author":426,"featured_media":0,"parent":0,"menu_order":0,"comment_status":"closed","ping_status":"closed","template":"","meta":{"footnotes":""},"class_list":["post-15774","page","type-page","status-publish","hentry"],"_links":{"self":[{"href":"https:\/\/atauni.edu.tr\/hemsirelik-fakultesi\/wp-json\/wp\/v2\/pages\/15774","targetHints":{"allow":["GET"]}}],"collection":[{"href":"https:\/\/atauni.edu.tr\/hemsirelik-fakultesi\/wp-json\/wp\/v2\/pages"}],"about":[{"href":"https:\/\/atauni.edu.tr\/hemsirelik-fakultesi\/wp-json\/wp\/v2\/types\/page"}],"author":[{"embeddable":true,"href":"https:\/\/atauni.edu.tr\/hemsirelik-fakultesi\/wp-json\/wp\/v2\/users\/426"}],"replies":[{"embeddable":true,"href":"https:\/\/atauni.edu.tr\/hemsirelik-fakultesi\/wp-json\/wp\/v2\/comments?post=15774"}],"version-history":[{"count":7,"href":"https:\/\/atauni.edu.tr\/hemsirelik-fakultesi\/wp-json\/wp\/v2\/pages\/15774\/revisions"}],"predecessor-version":[{"id":16549,"href":"https:\/\/atauni.edu.tr\/hemsirelik-fakultesi\/wp-json\/wp\/v2\/pages\/15774\/revisions\/16549"}],"wp:attachment":[{"href":"https:\/\/atauni.edu.tr\/hemsirelik-fakultesi\/wp-json\/wp\/v2\/media?parent=15774"}],"curies":[{"name":"wp","href":"https:\/\/api.w.org\/{rel}","templated":true}]}}