{"id":5691,"date":"2021-07-13T10:56:29","date_gmt":"2021-07-13T07:56:29","guid":{"rendered":"https:\/\/portaltest.atauni.edu.tr\/muhendislik-fakultesi\/?page_id=5691"},"modified":"2026-03-26T12:41:23","modified_gmt":"2026-03-26T09:41:23","slug":"yonetim-kurulu","status":"publish","type":"page","link":"https:\/\/atauni.edu.tr\/hemsirelik-fakultesi\/yonetim-kurulu\/","title":{"rendered":"Y\u00f6netim Kurulu"},"content":{"rendered":"\t\t<div data-elementor-type=\"wp-page\" data-elementor-id=\"5691\" class=\"elementor elementor-5691\" data-elementor-post-type=\"page\">\n\t\t\t\t\t\t<section class=\"elementor-section elementor-top-section elementor-element elementor-element-46c2cb5d elementor-section-boxed elementor-section-height-default elementor-section-height-default\" data-id=\"46c2cb5d\" data-element_type=\"section\">\n\t\t\t\t\t\t<div class=\"elementor-container elementor-column-gap-default\">\n\t\t\t\t\t<div class=\"elementor-column elementor-col-100 elementor-top-column elementor-element elementor-element-299813e7\" data-id=\"299813e7\" data-element_type=\"column\">\n\t\t\t<div class=\"elementor-widget-wrap elementor-element-populated\">\n\t\t\t\t\t\t<div class=\"elementor-element elementor-element-3ec495a9 elementor-widget elementor-widget-heading\" data-id=\"3ec495a9\" data-element_type=\"widget\" data-widget_type=\"heading.default\">\n\t\t\t\t<div class=\"elementor-widget-container\">\n\t\t\t\t\t<h2 class=\"elementor-heading-title elementor-size-default\">Y\u00f6netim Kurulu<\/h2>\t\t\t\t<\/div>\n\t\t\t\t<\/div>\n\t\t\t\t<div class=\"elementor-element elementor-element-2092e3b3 elementor-widget-divider--view-line elementor-widget elementor-widget-divider\" data-id=\"2092e3b3\" data-element_type=\"widget\" data-widget_type=\"divider.default\">\n\t\t\t\t<div class=\"elementor-widget-container\">\n\t\t\t\t\t\t\t<div class=\"elementor-divider\">\n\t\t\t<span class=\"elementor-divider-separator\">\n\t\t\t\t\t\t<\/span>\n\t\t<\/div>\n\t\t\t\t\t\t<\/div>\n\t\t\t\t<\/div>\n\t\t\t\t\t<\/div>\n\t\t<\/div>\n\t\t\t\t\t<\/div>\n\t\t<\/section>\n\t\t\t\t<section class=\"elementor-section elementor-top-section elementor-element elementor-element-e25accf elementor-section-boxed elementor-section-height-default elementor-section-height-default\" data-id=\"e25accf\" data-element_type=\"section\">\n\t\t\t\t\t\t<div class=\"elementor-container elementor-column-gap-default\">\n\t\t\t\t\t<div class=\"elementor-column elementor-col-100 elementor-top-column elementor-element elementor-element-72d4067\" data-id=\"72d4067\" data-element_type=\"column\">\n\t\t\t<div class=\"elementor-widget-wrap elementor-element-populated\">\n\t\t\t\t\t\t<div class=\"elementor-element elementor-element-a928207 elementor-widget elementor-widget-text-editor\" data-id=\"a928207\" data-element_type=\"widget\" data-widget_type=\"text-editor.default\">\n\t\t\t\t<div class=\"elementor-widget-container\">\n\t\t\t\t\t\t\t\t\t<p><a href=\"https:\/\/avesis.atauni.edu.tr\/reva\">Prof. Dr. Reva BALCI AKPINAR (Ba\u015fkan)<\/a><\/p><p><a href=\"https:\/\/avesis.atauni.edu.tr\/neziha\">Prof. Dr. Neziha KARABULUT\u00a0<\/a><\/p><p><a href=\"https:\/\/avesis.atauni.edu.tr\/fatma.guducutufekci\">Prof. Dr. Fatma G\u00dcD\u00dcC\u00dc T\u00dcFEK\u00c7\u0130\u00a0<\/a><\/p><p><a href=\"https:\/\/avesis.atauni.edu.tr\/afife.yurttas\">Prof. Dr. Afife YURTTA\u015e<\/a><\/p><p><a href=\"https:\/\/avesis.atauni.edu.tr\/hasret\">Do\u00e7. Dr. Hasret YAL\u00c7IN\u00d6Z BAYSAL<\/a>\u00a0<\/p><p><a href=\"https:\/\/avesis.atauni.edu.tr\/haticedurmaz\">Do\u00e7. Dr. Hatice DURMAZ<\/a><\/p><p><a href=\"https:\/\/avesis.atauni.edu.tr\/haticepolat\">Dr. \u00d6\u011fr. \u00dcyesi Hatice POLAT\u00a0<\/a><\/p><p>Habip DUYMU\u015e (Fak\u00fclte Sekreteri) (Raport\u00f6r)\u00a0<\/p>\t\t\t\t\t\t\t\t<\/div>\n\t\t\t\t<\/div>\n\t\t\t\t\t<\/div>\n\t\t<\/div>\n\t\t\t\t\t<\/div>\n\t\t<\/section>\n\t\t\t\t<\/div>\n\t\t","protected":false},"excerpt":{"rendered":"<p>Y\u00f6netim Kurulu Prof. Dr. Reva BALCI AKPINAR (Ba\u015fkan) Prof. Dr. Neziha KARABULUT\u00a0 Prof. Dr. Fatma G\u00dcD\u00dcC\u00dc T\u00dcFEK\u00c7\u0130\u00a0 Prof. Dr. Afife YURTTA\u015e Do\u00e7. Dr. Hasret YAL\u00c7IN\u00d6Z BAYSAL\u00a0 Do\u00e7. Dr. Hatice DURMAZ Dr. \u00d6\u011fr. \u00dcyesi Hatice POLAT\u00a0 Habip DUYMU\u015e (Fak\u00fclte Sekreteri) (Raport\u00f6r)\u00a0<\/p>\n","protected":false},"author":1,"featured_media":0,"parent":0,"menu_order":0,"comment_status":"closed","ping_status":"closed","template":"elementor_header_footer","meta":{"footnotes":""},"class_list":["post-5691","page","type-page","status-publish","hentry"],"_links":{"self":[{"href":"https:\/\/atauni.edu.tr\/hemsirelik-fakultesi\/wp-json\/wp\/v2\/pages\/5691","targetHints":{"allow":["GET"]}}],"collection":[{"href":"https:\/\/atauni.edu.tr\/hemsirelik-fakultesi\/wp-json\/wp\/v2\/pages"}],"about":[{"href":"https:\/\/atauni.edu.tr\/hemsirelik-fakultesi\/wp-json\/wp\/v2\/types\/page"}],"author":[{"embeddable":true,"href":"https:\/\/atauni.edu.tr\/hemsirelik-fakultesi\/wp-json\/wp\/v2\/users\/1"}],"replies":[{"embeddable":true,"href":"https:\/\/atauni.edu.tr\/hemsirelik-fakultesi\/wp-json\/wp\/v2\/comments?post=5691"}],"version-history":[{"count":44,"href":"https:\/\/atauni.edu.tr\/hemsirelik-fakultesi\/wp-json\/wp\/v2\/pages\/5691\/revisions"}],"predecessor-version":[{"id":16643,"href":"https:\/\/atauni.edu.tr\/hemsirelik-fakultesi\/wp-json\/wp\/v2\/pages\/5691\/revisions\/16643"}],"wp:attachment":[{"href":"https:\/\/atauni.edu.tr\/hemsirelik-fakultesi\/wp-json\/wp\/v2\/media?parent=5691"}],"curies":[{"name":"wp","href":"https:\/\/api.w.org\/{rel}","templated":true}]}}