{"id":5743,"date":"2021-07-13T11:47:21","date_gmt":"2021-07-13T08:47:21","guid":{"rendered":"https:\/\/portaltest.atauni.edu.tr\/muhendislik-fakultesi\/?page_id=5743"},"modified":"2025-05-06T23:10:15","modified_gmt":"2025-05-06T20:10:15","slug":"misyon-vizyon-ve-temel-degerler","status":"publish","type":"page","link":"https:\/\/atauni.edu.tr\/hemsirelik-fakultesi\/misyon-vizyon-ve-temel-degerler\/","title":{"rendered":"Misyon, \u00d6zg\u00f6rev, Vizyon ve Etik \u0130lkeler"},"content":{"rendered":"\t\t<div data-elementor-type=\"wp-page\" data-elementor-id=\"5743\" class=\"elementor elementor-5743\" data-elementor-post-type=\"page\">\n\t\t\t\t\t\t<section class=\"elementor-section elementor-top-section elementor-element elementor-element-46c2cb5d elementor-section-boxed elementor-section-height-default elementor-section-height-default\" data-id=\"46c2cb5d\" data-element_type=\"section\">\n\t\t\t\t\t\t<div class=\"elementor-container elementor-column-gap-default\">\n\t\t\t\t\t<div class=\"elementor-column elementor-col-100 elementor-top-column elementor-element elementor-element-299813e7\" data-id=\"299813e7\" data-element_type=\"column\">\n\t\t\t<div class=\"elementor-widget-wrap elementor-element-populated\">\n\t\t\t\t\t\t<div class=\"elementor-element elementor-element-2092e3b3 elementor-widget-divider--view-line elementor-widget elementor-widget-divider\" data-id=\"2092e3b3\" data-element_type=\"widget\" data-widget_type=\"divider.default\">\n\t\t\t\t<div class=\"elementor-widget-container\">\n\t\t\t\t\t\t\t<div class=\"elementor-divider\">\n\t\t\t<span class=\"elementor-divider-separator\">\n\t\t\t\t\t\t<\/span>\n\t\t<\/div>\n\t\t\t\t\t\t<\/div>\n\t\t\t\t<\/div>\n\t\t\t\t\t<\/div>\n\t\t<\/div>\n\t\t\t\t\t<\/div>\n\t\t<\/section>\n\t\t\t\t<section class=\"elementor-section elementor-top-section elementor-element elementor-element-d76d987 elementor-section-boxed elementor-section-height-default elementor-section-height-default\" data-id=\"d76d987\" data-element_type=\"section\">\n\t\t\t\t\t\t<div class=\"elementor-container elementor-column-gap-default\">\n\t\t\t\t\t<div class=\"elementor-column elementor-col-100 elementor-top-column elementor-element elementor-element-acd741f\" data-id=\"acd741f\" data-element_type=\"column\">\n\t\t\t<div class=\"elementor-widget-wrap elementor-element-populated\">\n\t\t\t\t\t\t<div class=\"elementor-element elementor-element-dd538b4 elementor-widget elementor-widget-text-editor\" data-id=\"dd538b4\" data-element_type=\"widget\" data-widget_type=\"text-editor.default\">\n\t\t\t\t<div class=\"elementor-widget-container\">\n\t\t\t\t\t\t\t\t\t<p><strong><span style=\"color: #000080\">Misyon<\/span><\/strong><\/p><p>Toplumun bak\u0131m gereksinimlerini kar\u015f\u0131layacak donan\u0131mda bilimsel, teknolojik ve sosyal becerilere sahip, etik ve insani de\u011ferlere duyarl\u0131, evrensel \u00f6l\u00e7\u00fctlerde hem\u015fireler yeti\u015ftirmek ve hem\u015firelik bilimine katk\u0131da bulunmakt\u0131r.<\/p><p><strong>\u00d6zg\u00f6rev<\/strong><\/p><ul><li>Toplumun bak\u0131m gereksinimlerini kar\u015f\u0131layabilecek donan\u0131mda bilimsel, teknolojik ve sosyal becerileri kullanan,<\/li><li>Etik ilkelere ba\u011fl\u0131, insani de\u011ferlere duyarl\u0131, evrensel \u00f6l\u00e7\u00fctlere sahip hem\u015fireler yeti\u015ftirmek,<\/li><li>Hem\u015firelik bilimine katk\u0131da bulunmakt\u0131r.<\/li><\/ul><p><strong><span style=\"color: #000080\">Vizyon<\/span><\/strong><\/p><p>E\u011fitim, ara\u015ft\u0131rma ve topluma katk\u0131 alanlar\u0131nda \u00f6nc\u00fc bir hem\u015firelik fak\u00fcltesi olmakt\u0131r.<\/p><p><strong><span style=\"color: #000080\">Etik \u0130lkeler<\/span><\/strong><\/p><p>Zarar Vermeme\/Yarar Sa\u011flama<\/p><p>\u00d6zerklik\/Bireye Sayg\u0131<\/p><p>Adalet ve E\u015fitlik<\/p><p>Mahremiyet ve S\u0131r Saklama<\/p>\t\t\t\t\t\t\t\t<\/div>\n\t\t\t\t<\/div>\n\t\t\t\t\t<\/div>\n\t\t<\/div>\n\t\t\t\t\t<\/div>\n\t\t<\/section>\n\t\t\t\t<\/div>\n\t\t","protected":false},"excerpt":{"rendered":"<p>Misyon Toplumun bak\u0131m gereksinimlerini kar\u015f\u0131layacak donan\u0131mda bilimsel, teknolojik ve sosyal becerilere sahip, etik ve insani de\u011ferlere duyarl\u0131, evrensel \u00f6l\u00e7\u00fctlerde hem\u015fireler yeti\u015ftirmek ve hem\u015firelik bilimine katk\u0131da bulunmakt\u0131r. \u00d6zg\u00f6rev Toplumun bak\u0131m gereksinimlerini kar\u015f\u0131layabilecek donan\u0131mda bilimsel, teknolojik ve sosyal becerileri kullanan, Etik ilkelere ba\u011fl\u0131, insani de\u011ferlere duyarl\u0131, evrensel \u00f6l\u00e7\u00fctlere sahip hem\u015fireler yeti\u015ftirmek, Hem\u015firelik bilimine katk\u0131da bulunmakt\u0131r. Vizyon E\u011fitim, [&hellip;]<\/p>\n","protected":false},"author":1,"featured_media":0,"parent":0,"menu_order":0,"comment_status":"closed","ping_status":"closed","template":"elementor_header_footer","meta":{"footnotes":""},"class_list":["post-5743","page","type-page","status-publish","hentry"],"_links":{"self":[{"href":"https:\/\/atauni.edu.tr\/hemsirelik-fakultesi\/wp-json\/wp\/v2\/pages\/5743","targetHints":{"allow":["GET"]}}],"collection":[{"href":"https:\/\/atauni.edu.tr\/hemsirelik-fakultesi\/wp-json\/wp\/v2\/pages"}],"about":[{"href":"https:\/\/atauni.edu.tr\/hemsirelik-fakultesi\/wp-json\/wp\/v2\/types\/page"}],"author":[{"embeddable":true,"href":"https:\/\/atauni.edu.tr\/hemsirelik-fakultesi\/wp-json\/wp\/v2\/users\/1"}],"replies":[{"embeddable":true,"href":"https:\/\/atauni.edu.tr\/hemsirelik-fakultesi\/wp-json\/wp\/v2\/comments?post=5743"}],"version-history":[{"count":27,"href":"https:\/\/atauni.edu.tr\/hemsirelik-fakultesi\/wp-json\/wp\/v2\/pages\/5743\/revisions"}],"predecessor-version":[{"id":14113,"href":"https:\/\/atauni.edu.tr\/hemsirelik-fakultesi\/wp-json\/wp\/v2\/pages\/5743\/revisions\/14113"}],"wp:attachment":[{"href":"https:\/\/atauni.edu.tr\/hemsirelik-fakultesi\/wp-json\/wp\/v2\/media?parent=5743"}],"curies":[{"name":"wp","href":"https:\/\/api.w.org\/{rel}","templated":true}]}}