{"id":5831,"date":"2021-07-13T14:48:50","date_gmt":"2021-07-13T11:48:50","guid":{"rendered":"https:\/\/portaltest.atauni.edu.tr\/muhendislik-fakultesi\/?page_id=5831"},"modified":"2025-09-12T12:13:30","modified_gmt":"2025-09-12T09:13:30","slug":"iletisim","status":"publish","type":"page","link":"https:\/\/atauni.edu.tr\/hemsirelik-fakultesi\/iletisim\/","title":{"rendered":"\u0130leti\u015fim"},"content":{"rendered":"\t\t<div data-elementor-type=\"wp-page\" data-elementor-id=\"5831\" class=\"elementor elementor-5831\" data-elementor-post-type=\"page\">\n\t\t\t\t\t\t<section class=\"elementor-section elementor-top-section elementor-element elementor-element-7c11a6db elementor-section-boxed elementor-section-height-default elementor-section-height-default\" data-id=\"7c11a6db\" data-element_type=\"section\">\n\t\t\t\t\t\t<div class=\"elementor-container elementor-column-gap-default\">\n\t\t\t\t\t<div class=\"elementor-column elementor-col-100 elementor-top-column elementor-element elementor-element-1da027c1\" data-id=\"1da027c1\" data-element_type=\"column\">\n\t\t\t<div class=\"elementor-widget-wrap elementor-element-populated\">\n\t\t\t\t\t\t<div class=\"elementor-element elementor-element-321756c4 elementor-widget elementor-widget-spacer\" data-id=\"321756c4\" data-element_type=\"widget\" data-widget_type=\"spacer.default\">\n\t\t\t\t<div class=\"elementor-widget-container\">\n\t\t\t\t\t\t\t<div class=\"elementor-spacer\">\n\t\t\t<div class=\"elementor-spacer-inner\"><\/div>\n\t\t<\/div>\n\t\t\t\t\t\t<\/div>\n\t\t\t\t<\/div>\n\t\t\t\t<section class=\"elementor-section elementor-inner-section elementor-element elementor-element-17d9473c elementor-section-boxed elementor-section-height-default elementor-section-height-default\" data-id=\"17d9473c\" data-element_type=\"section\">\n\t\t\t\t\t\t<div class=\"elementor-container elementor-column-gap-default\">\n\t\t\t\t\t<div class=\"elementor-column elementor-col-50 elementor-inner-column elementor-element elementor-element-38698312\" data-id=\"38698312\" data-element_type=\"column\">\n\t\t\t<div class=\"elementor-widget-wrap elementor-element-populated\">\n\t\t\t\t\t\t<div class=\"elementor-element elementor-element-5243624d elementor-widget elementor-widget-heading\" data-id=\"5243624d\" data-element_type=\"widget\" data-widget_type=\"heading.default\">\n\t\t\t\t<div class=\"elementor-widget-container\">\n\t\t\t\t\t<h2 class=\"elementor-heading-title elementor-size-default\">B\u0130LG\u0130 ED\u0130NME BA\u015eVURUSU\n<\/h2>\t\t\t\t<\/div>\n\t\t\t\t<\/div>\n\t\t\t\t<div class=\"elementor-element elementor-element-1d2ec823 elementor-widget-divider--view-line elementor-widget elementor-widget-divider\" data-id=\"1d2ec823\" data-element_type=\"widget\" data-widget_type=\"divider.default\">\n\t\t\t\t<div class=\"elementor-widget-container\">\n\t\t\t\t\t\t\t<div class=\"elementor-divider\">\n\t\t\t<span class=\"elementor-divider-separator\">\n\t\t\t\t\t\t<\/span>\n\t\t<\/div>\n\t\t\t\t\t\t<\/div>\n\t\t\t\t<\/div>\n\t\t\t\t<div class=\"elementor-element elementor-element-6e664df4 elementor-button-align-start elementor-widget elementor-widget-form\" data-id=\"6e664df4\" data-element_type=\"widget\" data-settings=\"{&quot;step_next_label&quot;:&quot;Next&quot;,&quot;step_previous_label&quot;:&quot;Previous&quot;,&quot;button_width&quot;:&quot;100&quot;,&quot;step_type&quot;:&quot;number_text&quot;,&quot;step_icon_shape&quot;:&quot;circle&quot;}\" data-widget_type=\"form.default\">\n\t\t\t\t<div class=\"elementor-widget-container\">\n\t\t\t\t\t\t\t<form class=\"elementor-form\" method=\"post\" name=\"New Form\" aria-label=\"New Form\">\n\t\t\t<input type=\"hidden\" name=\"post_id\" value=\"5831\"\/>\n\t\t\t<input type=\"hidden\" name=\"form_id\" value=\"6e664df4\"\/>\n\t\t\t<input type=\"hidden\" name=\"referer_title\" value=\"\u0130leti\u015fim\" \/>\n\n\t\t\t\t\t\t\t<input type=\"hidden\" name=\"queried_id\" value=\"5831\"\/>\n\t\t\t\n\t\t\t<div class=\"elementor-form-fields-wrapper elementor-labels-above\">\n\t\t\t\t\t\t\t\t<div class=\"elementor-field-type-text elementor-field-group elementor-column elementor-field-group-name elementor-col-100\">\n\t\t\t\t\t\t\t\t\t\t\t\t\t<input size=\"1\" type=\"text\" name=\"form_fields[name]\" id=\"form-field-name\" class=\"elementor-field elementor-size-sm  elementor-field-textual\" placeholder=\"Ad Soyad\">\n\t\t\t\t\t\t\t\t\t\t\t<\/div>\n\t\t\t\t\t\t\t\t<div class=\"elementor-field-type-email elementor-field-group elementor-column elementor-field-group-email elementor-col-100 elementor-field-required\">\n\t\t\t\t\t\t\t\t\t\t\t\t\t<input size=\"1\" type=\"email\" name=\"form_fields[email]\" id=\"form-field-email\" class=\"elementor-field elementor-size-sm  elementor-field-textual\" placeholder=\"E-Posta\" required=\"required\">\n\t\t\t\t\t\t\t\t\t\t\t<\/div>\n\t\t\t\t\t\t\t\t<div class=\"elementor-field-type-tel elementor-field-group elementor-column elementor-field-group-field_132ef83 elementor-col-100 elementor-field-required\">\n\t\t\t\t\t\t\t<input size=\"1\" type=\"tel\" name=\"form_fields[field_132ef83]\" id=\"form-field-field_132ef83\" class=\"elementor-field elementor-size-sm  elementor-field-textual\" placeholder=\"Cep Telefonu Numaran\u0131z :\" required=\"required\" pattern=\"[0-9()#&amp;+*-=.]+\" title=\"Only numbers and phone characters (#, -, *, etc) are accepted.\">\n\n\t\t\t\t\t\t<\/div>\n\t\t\t\t\t\t\t\t<div class=\"elementor-field-type-textarea elementor-field-group elementor-column elementor-field-group-message elementor-col-100\">\n\t\t\t\t\t<textarea class=\"elementor-field-textual elementor-field  elementor-size-sm\" name=\"form_fields[message]\" id=\"form-field-message\" rows=\"4\" placeholder=\"Mesaj\u0131n\u0131z\"><\/textarea>\t\t\t\t<\/div>\n\t\t\t\t\t\t\t\t<div class=\"elementor-field-group elementor-column elementor-field-type-submit elementor-col-100 e-form__buttons\">\n\t\t\t\t\t<button class=\"elementor-button elementor-size-sm\" type=\"submit\">\n\t\t\t\t\t\t<span class=\"elementor-button-content-wrapper\">\n\t\t\t\t\t\t\t\t\t\t\t\t\t\t\t\t\t\t\t\t\t\t<span class=\"elementor-button-text\">G\u00d6NDER<\/span>\n\t\t\t\t\t\t\t\t\t\t\t\t\t<\/span>\n\t\t\t\t\t<\/button>\n\t\t\t\t<\/div>\n\t\t\t<\/div>\n\t\t<\/form>\n\t\t\t\t\t\t<\/div>\n\t\t\t\t<\/div>\n\t\t\t\t\t<\/div>\n\t\t<\/div>\n\t\t\t\t<div class=\"elementor-column elementor-col-50 elementor-inner-column elementor-element elementor-element-6b320350\" data-id=\"6b320350\" data-element_type=\"column\">\n\t\t\t<div class=\"elementor-widget-wrap elementor-element-populated\">\n\t\t\t\t\t\t<div class=\"elementor-element elementor-element-beb8925 elementor-widget elementor-widget-heading\" data-id=\"beb8925\" data-element_type=\"widget\" data-widget_type=\"heading.default\">\n\t\t\t\t<div class=\"elementor-widget-container\">\n\t\t\t\t\t<h2 class=\"elementor-heading-title elementor-size-default\">\u0130LET\u0130\u015e\u0130M<\/h2>\t\t\t\t<\/div>\n\t\t\t\t<\/div>\n\t\t\t\t<div class=\"elementor-element elementor-element-6ed9dfd7 elementor-widget-divider--view-line elementor-widget elementor-widget-divider\" data-id=\"6ed9dfd7\" data-element_type=\"widget\" data-widget_type=\"divider.default\">\n\t\t\t\t<div class=\"elementor-widget-container\">\n\t\t\t\t\t\t\t<div class=\"elementor-divider\">\n\t\t\t<span class=\"elementor-divider-separator\">\n\t\t\t\t\t\t<\/span>\n\t\t<\/div>\n\t\t\t\t\t\t<\/div>\n\t\t\t\t<\/div>\n\t\t\t\t<div class=\"elementor-element elementor-element-30eed435 elementor-widget elementor-widget-text-editor\" data-id=\"30eed435\" data-element_type=\"widget\" data-widget_type=\"text-editor.default\">\n\t\t\t\t<div class=\"elementor-widget-container\">\n\t\t\t\t\t\t\t\t\t<div><div><strong>Adres:<\/strong>Atat\u00fcrk \u00dcniversitesi Merkez Kamp\u00fcs\u00fc Prof. Dr. Ali Ertu\u011frul caddesi d\u0131\u015f kap\u0131 no :2 Yakutiye\/ERZURUM<\/div><div><strong>Web Sayfas\u0131:\u00a0<a href=\"https:\/\/atauni.edu.tr\/hemsirelik-fakultesi\">https:\/\/atauni.edu.tr\/hemsirelik-fakultesi<\/a><\/strong><\/div><div><strong>E-Posta:\u00a0 <a href=\"mailto:hemsirelikfak@atauni.edu.tr\">hemsirelikfak@atauni.edu.tr\u00a0<\/a><\/strong><\/div><div><strong>Telefon: <a href=\"tel:90442231 1448\">+90 442 231\u00a01448 <\/a><\/strong>(\u00d6zel Kalem)<\/div><div><strong>Telefon: <a href=\"http:\/\/+09 442 231 2694\" data-wplink-url-error=\"true\">+09 442 231 2694<\/a><\/strong> (\u00d6\u011frenci \u0130\u015fleri)<\/div><div><strong>Sosyal Medya Hesaplar\u0131m\u0131z :\u00a0<\/strong><\/div><div><strong>\u00a0\u0130nstagram\u00a0 \u00a0<img decoding=\"async\" class=\"alignnone wp-image-7221\" src=\"https:\/\/birimler.atauni.edu.tr\/hemsirelik-fakultesi\/wp-content\/uploads\/sites\/481\/2020\/07\/Instagram_logo_2016.svg_-150x150.png\" alt=\"\" width=\"20\" height=\"20\" srcset=\"https:\/\/atauni.edu.tr\/hemsirelik-fakultesi\/wp-content\/uploads\/sites\/481\/2020\/07\/Instagram_logo_2016.svg_-150x150.png 150w, https:\/\/atauni.edu.tr\/hemsirelik-fakultesi\/wp-content\/uploads\/sites\/481\/2020\/07\/Instagram_logo_2016.svg_-300x300.png 300w, https:\/\/atauni.edu.tr\/hemsirelik-fakultesi\/wp-content\/uploads\/sites\/481\/2020\/07\/Instagram_logo_2016.svg_-1024x1024.png 1024w, https:\/\/atauni.edu.tr\/hemsirelik-fakultesi\/wp-content\/uploads\/sites\/481\/2020\/07\/Instagram_logo_2016.svg_-768x768.png 768w, https:\/\/atauni.edu.tr\/hemsirelik-fakultesi\/wp-content\/uploads\/sites\/481\/2020\/07\/Instagram_logo_2016.svg_-600x600.png 600w, https:\/\/atauni.edu.tr\/hemsirelik-fakultesi\/wp-content\/uploads\/sites\/481\/2020\/07\/Instagram_logo_2016.svg_-560x560.png 560w, https:\/\/atauni.edu.tr\/hemsirelik-fakultesi\/wp-content\/uploads\/sites\/481\/2020\/07\/Instagram_logo_2016.svg_.png 1200w\" sizes=\"(max-width: 20px) 100vw, 20px\" \/>\u00a0 ataunihemsirelik1957\u00a0<\/strong><\/div><div><strong>\u00a0Twitter\u00a0 \u00a0 \u00a0 \u00a0 \u00a0 <img decoding=\"async\" class=\"alignnone wp-image-7222\" src=\"https:\/\/birimler.atauni.edu.tr\/hemsirelik-fakultesi\/wp-content\/uploads\/sites\/481\/2020\/07\/unnamed-300x300.png\" alt=\"\" width=\"20\" height=\"20\" srcset=\"https:\/\/atauni.edu.tr\/hemsirelik-fakultesi\/wp-content\/uploads\/sites\/481\/2020\/07\/unnamed-300x300.png 300w, https:\/\/atauni.edu.tr\/hemsirelik-fakultesi\/wp-content\/uploads\/sites\/481\/2020\/07\/unnamed-150x150.png 150w, https:\/\/atauni.edu.tr\/hemsirelik-fakultesi\/wp-content\/uploads\/sites\/481\/2020\/07\/unnamed.png 512w\" sizes=\"(max-width: 20px) 100vw, 20px\" \/>\u00a0 \u00a0 \u00a0atahemsirelik<\/strong><strong style=\"letter-spacing: 0px\">\u00a0 \u00a0 \u00a0 \u00a0 \u00a0 \u00a0 \u00a0<\/strong><\/div><\/div>\t\t\t\t\t\t\t\t<\/div>\n\t\t\t\t<\/div>\n\t\t\t\t\t<\/div>\n\t\t<\/div>\n\t\t\t\t\t<\/div>\n\t\t<\/section>\n\t\t\t\t<div class=\"elementor-element elementor-element-2e036a31 elementor-widget elementor-widget-spacer\" data-id=\"2e036a31\" data-element_type=\"widget\" data-widget_type=\"spacer.default\">\n\t\t\t\t<div class=\"elementor-widget-container\">\n\t\t\t\t\t\t\t<div class=\"elementor-spacer\">\n\t\t\t<div class=\"elementor-spacer-inner\"><\/div>\n\t\t<\/div>\n\t\t\t\t\t\t<\/div>\n\t\t\t\t<\/div>\n\t\t\t\t<div class=\"elementor-element elementor-element-1c88116a elementor-widget elementor-widget-google_maps\" data-id=\"1c88116a\" data-element_type=\"widget\" data-widget_type=\"google_maps.default\">\n\t\t\t\t<div class=\"elementor-widget-container\">\n\t\t\t\t\t\t\t<div class=\"elementor-custom-embed\">\n\t\t\t<iframe loading=\"lazy\"\n\t\t\t\t\tsrc=\"https:\/\/maps.google.com\/maps?q=Atatuni%20M%C3%BChendislik%20Fak%C3%BCltesi&#038;t=m&#038;z=15&#038;output=embed&#038;iwloc=near\"\n\t\t\t\t\ttitle=\"Atatuni M\u00fchendislik Fak\u00fcltesi\"\n\t\t\t\t\taria-label=\"Atatuni M\u00fchendislik Fak\u00fcltesi\"\n\t\t\t><\/iframe>\n\t\t<\/div>\n\t\t\t\t\t\t<\/div>\n\t\t\t\t<\/div>\n\t\t\t\t<div class=\"elementor-element elementor-element-54b17c2e elementor-widget elementor-widget-spacer\" data-id=\"54b17c2e\" data-element_type=\"widget\" data-widget_type=\"spacer.default\">\n\t\t\t\t<div class=\"elementor-widget-container\">\n\t\t\t\t\t\t\t<div class=\"elementor-spacer\">\n\t\t\t<div class=\"elementor-spacer-inner\"><\/div>\n\t\t<\/div>\n\t\t\t\t\t\t<\/div>\n\t\t\t\t<\/div>\n\t\t\t\t\t<\/div>\n\t\t<\/div>\n\t\t\t\t\t<\/div>\n\t\t<\/section>\n\t\t\t\t<\/div>\n\t\t","protected":false},"excerpt":{"rendered":"<p>B\u0130LG\u0130 ED\u0130NME BA\u015eVURUSU \u0130LET\u0130\u015e\u0130M Adres:Atat\u00fcrk \u00dcniversitesi Merkez Kamp\u00fcs\u00fc Prof. Dr. Ali Ertu\u011frul caddesi d\u0131\u015f kap\u0131 no :2 Yakutiye\/ERZURUMWeb Sayfas\u0131:\u00a0https:\/\/atauni.edu.tr\/hemsirelik-fakultesiE-Posta:\u00a0 hemsirelikfak@atauni.edu.tr\u00a0Telefon: +90 442 231\u00a01448 (\u00d6zel Kalem)Telefon: +09 442 231 2694 (\u00d6\u011frenci \u0130\u015fleri)Sosyal Medya Hesaplar\u0131m\u0131z :\u00a0\u00a0\u0130nstagram\u00a0 \u00a0\u00a0 ataunihemsirelik1957\u00a0\u00a0Twitter\u00a0 \u00a0 \u00a0 \u00a0 \u00a0 \u00a0 \u00a0 \u00a0atahemsirelik\u00a0 \u00a0 \u00a0 \u00a0 \u00a0 \u00a0 \u00a0<\/p>\n","protected":false},"author":1,"featured_media":0,"parent":0,"menu_order":0,"comment_status":"closed","ping_status":"closed","template":"","meta":{"footnotes":""},"class_list":["post-5831","page","type-page","status-publish","hentry"],"_links":{"self":[{"href":"https:\/\/atauni.edu.tr\/hemsirelik-fakultesi\/wp-json\/wp\/v2\/pages\/5831","targetHints":{"allow":["GET"]}}],"collection":[{"href":"https:\/\/atauni.edu.tr\/hemsirelik-fakultesi\/wp-json\/wp\/v2\/pages"}],"about":[{"href":"https:\/\/atauni.edu.tr\/hemsirelik-fakultesi\/wp-json\/wp\/v2\/types\/page"}],"author":[{"embeddable":true,"href":"https:\/\/atauni.edu.tr\/hemsirelik-fakultesi\/wp-json\/wp\/v2\/users\/1"}],"replies":[{"embeddable":true,"href":"https:\/\/atauni.edu.tr\/hemsirelik-fakultesi\/wp-json\/wp\/v2\/comments?post=5831"}],"version-history":[{"count":50,"href":"https:\/\/atauni.edu.tr\/hemsirelik-fakultesi\/wp-json\/wp\/v2\/pages\/5831\/revisions"}],"predecessor-version":[{"id":15352,"href":"https:\/\/atauni.edu.tr\/hemsirelik-fakultesi\/wp-json\/wp\/v2\/pages\/5831\/revisions\/15352"}],"wp:attachment":[{"href":"https:\/\/atauni.edu.tr\/hemsirelik-fakultesi\/wp-json\/wp\/v2\/media?parent=5831"}],"curies":[{"name":"wp","href":"https:\/\/api.w.org\/{rel}","templated":true}]}}