{"id":6659,"date":"2022-01-04T14:24:46","date_gmt":"2022-01-04T11:24:46","guid":{"rendered":"https:\/\/birimler.atauni.edu.tr\/hemsirelik-fakultesi\/?page_id=6659"},"modified":"2026-03-26T12:44:33","modified_gmt":"2026-03-26T09:44:33","slug":"fakulte-kurulu-2","status":"publish","type":"page","link":"https:\/\/atauni.edu.tr\/hemsirelik-fakultesi\/fakulte-kurulu-2\/","title":{"rendered":"Fak\u00fclte Kurulu"},"content":{"rendered":"\t\t<div data-elementor-type=\"wp-page\" data-elementor-id=\"6659\" class=\"elementor elementor-6659\" data-elementor-post-type=\"page\">\n\t\t\t\t\t\t<section class=\"elementor-section elementor-top-section elementor-element elementor-element-1f6c58d elementor-section-boxed elementor-section-height-default elementor-section-height-default\" data-id=\"1f6c58d\" data-element_type=\"section\">\n\t\t\t\t\t\t<div class=\"elementor-container elementor-column-gap-default\">\n\t\t\t\t\t<div class=\"elementor-column elementor-col-100 elementor-top-column elementor-element elementor-element-46fd1c1\" data-id=\"46fd1c1\" data-element_type=\"column\">\n\t\t\t<div class=\"elementor-widget-wrap elementor-element-populated\">\n\t\t\t\t\t\t<div class=\"elementor-element elementor-element-889141a elementor-widget elementor-widget-text-editor\" data-id=\"889141a\" data-element_type=\"widget\" data-widget_type=\"text-editor.default\">\n\t\t\t\t<div class=\"elementor-widget-container\">\n\t\t\t\t\t\t\t\t\t<p><a href=\"https:\/\/avesis.atauni.edu.tr\/reva\">Prof. Dr. Reva BALCI AKPINAR (Dekan) (Ba\u015fkan)<\/a><\/p><p><a href=\"https:\/\/avesis.atauni.edu.tr\/mtan\">Pr<\/a><a href=\"https:\/\/avesis.atauni.edu.tr\/mtan\">of. Dr. Mehtap TAN\u00a0 (\u00dcye)<\/a><\/p><p><a href=\"https:\/\/avesis.atauni.edu.tr\/neziha\">Prof. Dr. Neziha\u00a0 KARABULUT(\u00dcye)<\/a><\/p><p><a href=\"https:\/\/avesis.atauni.edu.tr\/fatma.guducutufekci\">Prof. Dr. Fatma G\u00dcD\u00dcC\u00dc T\u00dcFEK\u00c7\u0130 (\u00dcye)<\/a><\/p><p><a href=\"https:\/\/avesis.atauni.edu.tr\/sonayv\">Do\u00e7. Dr. Sonay B\u0130LG\u0130N (\u00dcye)<\/a><\/p><p><a href=\"https:\/\/avesis.atauni.edu.tr\/esin.kavuran\">Do\u00e7. Dr. Esin KAVURAN (\u00dcye)<\/a><\/p><p><a href=\"https:\/\/avesis.atauni.edu.tr\/eda.ay\">Dr. \u00d6\u011fr. \u00dcyesi Eda AY (\u00dcye)<\/a><\/p><p>Habip DUYMU\u015e (Fak\u00fclte Sekreteri) (Raport\u00f6r)\u00a0<\/p>\t\t\t\t\t\t\t\t<\/div>\n\t\t\t\t<\/div>\n\t\t\t\t\t<\/div>\n\t\t<\/div>\n\t\t\t\t\t<\/div>\n\t\t<\/section>\n\t\t\t\t<\/div>\n\t\t","protected":false},"excerpt":{"rendered":"<p>Prof. Dr. Reva BALCI AKPINAR (Dekan) (Ba\u015fkan) Prof. Dr. Mehtap TAN\u00a0 (\u00dcye) Prof. Dr. Neziha\u00a0 KARABULUT(\u00dcye) Prof. Dr. Fatma G\u00dcD\u00dcC\u00dc T\u00dcFEK\u00c7\u0130 (\u00dcye) Do\u00e7. Dr. Sonay B\u0130LG\u0130N (\u00dcye) Do\u00e7. Dr. Esin KAVURAN (\u00dcye) Dr. \u00d6\u011fr. \u00dcyesi Eda AY (\u00dcye) Habip DUYMU\u015e (Fak\u00fclte Sekreteri) (Raport\u00f6r)\u00a0<\/p>\n","protected":false},"author":426,"featured_media":0,"parent":0,"menu_order":0,"comment_status":"closed","ping_status":"closed","template":"","meta":{"footnotes":""},"class_list":["post-6659","page","type-page","status-publish","hentry"],"_links":{"self":[{"href":"https:\/\/atauni.edu.tr\/hemsirelik-fakultesi\/wp-json\/wp\/v2\/pages\/6659","targetHints":{"allow":["GET"]}}],"collection":[{"href":"https:\/\/atauni.edu.tr\/hemsirelik-fakultesi\/wp-json\/wp\/v2\/pages"}],"about":[{"href":"https:\/\/atauni.edu.tr\/hemsirelik-fakultesi\/wp-json\/wp\/v2\/types\/page"}],"author":[{"embeddable":true,"href":"https:\/\/atauni.edu.tr\/hemsirelik-fakultesi\/wp-json\/wp\/v2\/users\/426"}],"replies":[{"embeddable":true,"href":"https:\/\/atauni.edu.tr\/hemsirelik-fakultesi\/wp-json\/wp\/v2\/comments?post=6659"}],"version-history":[{"count":43,"href":"https:\/\/atauni.edu.tr\/hemsirelik-fakultesi\/wp-json\/wp\/v2\/pages\/6659\/revisions"}],"predecessor-version":[{"id":16646,"href":"https:\/\/atauni.edu.tr\/hemsirelik-fakultesi\/wp-json\/wp\/v2\/pages\/6659\/revisions\/16646"}],"wp:attachment":[{"href":"https:\/\/atauni.edu.tr\/hemsirelik-fakultesi\/wp-json\/wp\/v2\/media?parent=6659"}],"curies":[{"name":"wp","href":"https:\/\/api.w.org\/{rel}","templated":true}]}}