{"id":6717,"date":"2022-01-05T16:11:12","date_gmt":"2022-01-05T13:11:12","guid":{"rendered":"https:\/\/birimler.atauni.edu.tr\/hemsirelik-fakultesi\/?page_id=6717"},"modified":"2022-01-05T16:13:22","modified_gmt":"2022-01-05T13:13:22","slug":"klinik-forma-kurallari","status":"publish","type":"page","link":"https:\/\/atauni.edu.tr\/hemsirelik-fakultesi\/klinik-forma-kurallari\/","title":{"rendered":"Klinik Forma Kurallar\u0131"},"content":{"rendered":"\t\t<div data-elementor-type=\"wp-page\" data-elementor-id=\"6717\" class=\"elementor elementor-6717\" data-elementor-post-type=\"page\">\n\t\t\t\t\t\t<section class=\"elementor-section elementor-top-section elementor-element elementor-element-e1b36e6 elementor-section-boxed elementor-section-height-default elementor-section-height-default\" data-id=\"e1b36e6\" data-element_type=\"section\">\n\t\t\t\t\t\t<div class=\"elementor-container elementor-column-gap-default\">\n\t\t\t\t\t<div class=\"elementor-column elementor-col-100 elementor-top-column elementor-element elementor-element-bdb07da\" data-id=\"bdb07da\" data-element_type=\"column\">\n\t\t\t<div class=\"elementor-widget-wrap elementor-element-populated\">\n\t\t\t\t\t\t<div class=\"elementor-element elementor-element-d4de851 elementor-widget elementor-widget-text-editor\" data-id=\"d4de851\" data-element_type=\"widget\" data-widget_type=\"text-editor.default\">\n\t\t\t\t<div class=\"elementor-widget-container\">\n\t\t\t\t\t\t\t\t\t<p>\u00d6\u011frenciler uygulama alanlar\u0131nda Hem\u015firelik Fak\u00fcltesi&#8217;nin \u00a0belirlemi\u015f oldu\u011fu formay\u0131 giymek zorundad\u0131r.<\/p><p>*Klinik alan uygulamalar\u0131nda \u00f6\u011frenci \u00fcniformas\u0131\u00a0<strong>beyaz renkte \u00fcst ve koyu lacivert \u00a0renkte pantolondan<\/strong><strong>\u00a0<\/strong>olu\u015fur. \u00dcst \u00fcniforman\u0131n etek boyu basenleri kapatacak uzunlukta ve kollar\u0131 dirsekten 4 parmak yukar\u0131da olmal\u0131d\u0131r.\u00a0<\/p><p>*So\u011fuk havalarda \u00f6\u011frenciler \u00a0forma \u00fczerine lacivert ya da beyaz h\u0131rka giyebilir.<br \/>* Uzun sa\u00e7l\u0131 \u00f6\u011frenciler sa\u00e7lar\u0131n\u0131 hem\u015firelik bak\u0131m uygulamalar\u0131n\u0131 engellemeyecek ve \u00fcniforma b\u00fct\u00fcnl\u00fc\u011f\u00fcn\u00fc bozmayacak \u015fekilde toplamak zorundad\u0131rlar. Sa\u00e7 modellerinde abart\u0131ya ka\u00e7\u0131lmamal\u0131, k\u0131sa sa\u00e7 omuz hizas\u0131n\u0131 ge\u00e7memeli ve da\u011f\u0131n\u0131k olmamal\u0131d\u0131r. Ba\u015f\u00f6rt\u00fcs\u00fc kullanan \u00f6\u011frenciler; ba\u015f\u00f6rt\u00fcs\u00fc bak\u0131m uygulamalar\u0131n\u0131 engellemeyecek ve boynun alt\u0131na sarkmayacak \u015fekilde beyaz ya da koyu lacivert renkte olmal\u0131d\u0131r.<br \/>*Uygulamalar s\u0131ras\u0131nda erkek \u00f6\u011frencilerin sakal\u0131 k\u0131sa kesilmi\u015f olmal\u0131d\u0131r.<\/p><p>* \u00d6\u011frenciler uygulamaya \u00e7\u0131kt\u0131klar\u0131 alanlarda bant, b\u00fcy\u00fck ve renkli toka, p\u00fcsk\u00fcll\u00fc ve renkli ba\u015f\u00f6rt\u00fcs\u00fc gibi aksesuarlar kullanamazlar. Uygulamalar s\u0131ras\u0131nda \u00f6\u011frenciler saat ve alyans d\u0131\u015f\u0131nda herhangi bir tak\u0131 (k\u00fcpe, h\u0131zma, piercing, kolye, y\u00fcz\u00fck vb) kullanamazlar.<\/p><p>*\u00dcniforma alt\u0131na beyaz, siyah veya lacivert renkte \u00f6n\u00fc ve arkas\u0131 kapal\u0131, topuksuz, lastik tabanl\u0131 ayakkab\u0131 giyilmelidir.<br \/>*Uygulamaya \u00e7\u0131kan \u00f6\u011frenciler ki\u015fisel hijyen kurallar\u0131na (k\u0131sa t\u0131rnak, sa\u00e7 ve v\u00fccut temizli\u011fi gibi) uymak zorundad\u0131r.<\/p><p>*\u00dcniforma temiz ve \u00fct\u00fcl\u00fc olmal\u0131d\u0131r.<\/p><p>*Hastane d\u0131\u015f\u0131ndaki ortamlarda \u00f6\u011frenci \u00fcniforma ile dola\u015fmamal\u0131d\u0131r.<\/p><p>\u00a0<\/p><p><img fetchpriority=\"high\" decoding=\"async\" class=\"alignnone size-medium wp-image-6720\" src=\"https:\/\/birimler.atauni.edu.tr\/hemsirelik-fakultesi\/wp-content\/uploads\/sites\/481\/2020\/07\/forma-300x260.jpg\" alt=\"\" width=\"300\" height=\"260\" srcset=\"https:\/\/atauni.edu.tr\/hemsirelik-fakultesi\/wp-content\/uploads\/sites\/481\/2020\/07\/forma-300x260.jpg 300w, https:\/\/atauni.edu.tr\/hemsirelik-fakultesi\/wp-content\/uploads\/sites\/481\/2020\/07\/forma-560x486.jpg 560w, https:\/\/atauni.edu.tr\/hemsirelik-fakultesi\/wp-content\/uploads\/sites\/481\/2020\/07\/forma.jpg 581w\" sizes=\"(max-width: 300px) 100vw, 300px\" \/><\/p><p>\u00a0<\/p><p>\u00a0<\/p><p>\u00a0<\/p><p>\u00a0<\/p>\t\t\t\t\t\t\t\t<\/div>\n\t\t\t\t<\/div>\n\t\t\t\t\t<\/div>\n\t\t<\/div>\n\t\t\t\t\t<\/div>\n\t\t<\/section>\n\t\t\t\t<\/div>\n\t\t","protected":false},"excerpt":{"rendered":"<p>\u00d6\u011frenciler uygulama alanlar\u0131nda Hem\u015firelik Fak\u00fcltesi&#8217;nin \u00a0belirlemi\u015f oldu\u011fu formay\u0131 giymek zorundad\u0131r. *Klinik alan uygulamalar\u0131nda \u00f6\u011frenci \u00fcniformas\u0131\u00a0beyaz renkte \u00fcst ve koyu lacivert \u00a0renkte pantolondan\u00a0olu\u015fur. \u00dcst \u00fcniforman\u0131n etek boyu basenleri kapatacak uzunlukta ve kollar\u0131 dirsekten 4 parmak yukar\u0131da olmal\u0131d\u0131r.\u00a0 *So\u011fuk havalarda \u00f6\u011frenciler \u00a0forma \u00fczerine lacivert ya da beyaz h\u0131rka giyebilir.* Uzun sa\u00e7l\u0131 \u00f6\u011frenciler sa\u00e7lar\u0131n\u0131 hem\u015firelik bak\u0131m uygulamalar\u0131n\u0131 engellemeyecek [&hellip;]<\/p>\n","protected":false},"author":426,"featured_media":0,"parent":0,"menu_order":0,"comment_status":"closed","ping_status":"closed","template":"","meta":{"footnotes":""},"class_list":["post-6717","page","type-page","status-publish","hentry"],"_links":{"self":[{"href":"https:\/\/atauni.edu.tr\/hemsirelik-fakultesi\/wp-json\/wp\/v2\/pages\/6717","targetHints":{"allow":["GET"]}}],"collection":[{"href":"https:\/\/atauni.edu.tr\/hemsirelik-fakultesi\/wp-json\/wp\/v2\/pages"}],"about":[{"href":"https:\/\/atauni.edu.tr\/hemsirelik-fakultesi\/wp-json\/wp\/v2\/types\/page"}],"author":[{"embeddable":true,"href":"https:\/\/atauni.edu.tr\/hemsirelik-fakultesi\/wp-json\/wp\/v2\/users\/426"}],"replies":[{"embeddable":true,"href":"https:\/\/atauni.edu.tr\/hemsirelik-fakultesi\/wp-json\/wp\/v2\/comments?post=6717"}],"version-history":[{"count":4,"href":"https:\/\/atauni.edu.tr\/hemsirelik-fakultesi\/wp-json\/wp\/v2\/pages\/6717\/revisions"}],"predecessor-version":[{"id":6723,"href":"https:\/\/atauni.edu.tr\/hemsirelik-fakultesi\/wp-json\/wp\/v2\/pages\/6717\/revisions\/6723"}],"wp:attachment":[{"href":"https:\/\/atauni.edu.tr\/hemsirelik-fakultesi\/wp-json\/wp\/v2\/media?parent=6717"}],"curies":[{"name":"wp","href":"https:\/\/api.w.org\/{rel}","templated":true}]}}