{"id":6886,"date":"2022-01-21T16:08:27","date_gmt":"2022-01-21T13:08:27","guid":{"rendered":"https:\/\/birimler.atauni.edu.tr\/hemsirelik-fakultesi\/?page_id=6886"},"modified":"2025-06-13T10:10:21","modified_gmt":"2025-06-13T07:10:21","slug":"uygulama-degerlendirme-formlari","status":"publish","type":"page","link":"https:\/\/atauni.edu.tr\/hemsirelik-fakultesi\/uygulama-degerlendirme-formlari\/","title":{"rendered":"Klinik Uygulama Formlar\u0131"},"content":{"rendered":"\t\t<div data-elementor-type=\"wp-page\" data-elementor-id=\"6886\" class=\"elementor elementor-6886\" data-elementor-post-type=\"page\">\n\t\t\t\t\t\t<section class=\"elementor-section elementor-top-section elementor-element elementor-element-4edc174 elementor-section-boxed elementor-section-height-default elementor-section-height-default\" data-id=\"4edc174\" data-element_type=\"section\">\n\t\t\t\t\t\t<div class=\"elementor-container elementor-column-gap-default\">\n\t\t\t\t\t<div class=\"elementor-column elementor-col-100 elementor-top-column elementor-element elementor-element-c2e1b1b\" data-id=\"c2e1b1b\" data-element_type=\"column\">\n\t\t\t<div class=\"elementor-widget-wrap elementor-element-populated\">\n\t\t\t\t\t\t<div class=\"elementor-element elementor-element-799534d elementor-widget elementor-widget-text-editor\" data-id=\"799534d\" data-element_type=\"widget\" data-widget_type=\"text-editor.default\">\n\t\t\t\t<div class=\"elementor-widget-container\">\n\t\t\t\t\t\t\t\t\t<p>Hem\u015firelik Esaslar\u0131 Klinik Uygulama Formlar\u0131 i\u00e7in <a href=\"https:\/\/birimler.atauni.edu.tr\/hemsirelik-fakultesi\/wp-content\/uploads\/sites\/481\/2025\/06\/Hemsirelik-Esaslari-Klinik-Uygulama-Rehberi-30.05.2025.pdf\">t\u0131klay\u0131n\u0131z.<\/a><\/p><p>\u0130\u00e7 Hastal\u0131klar\u0131 ve Hem\u015firelik Bak\u0131m\u0131 Klinik Uygulama Formlar\u0131 i\u00e7in <a href=\"https:\/\/birimler.atauni.edu.tr\/hemsirelik-fakultesi\/wp-content\/uploads\/sites\/481\/2025\/03\/IC-HAST.pdf\">t\u0131klay\u0131n\u0131z.<\/a><\/p><p>Cerrahi Hastal\u0131klar ve Hem\u015firelik Bak\u0131m\u0131 Klinik Uygulama Formlar\u0131 i\u00e7in <a href=\"https:\/\/birimler.atauni.edu.tr\/hemsirelik-fakultesi\/wp-content\/uploads\/sites\/481\/2025\/03\/CERRAHI-HASTALIKLARI-HEMSIRELIGI-UYGULAMA-ILE-ILGILI-FORMLARIN-TAMAMI.pdf\">t\u0131klay\u0131n\u0131z.<\/a><\/p><p>\u00c7ocuk Sa\u011fl\u0131\u011f\u0131 -Hastal\u0131klar\u0131 ve Hem\u015firelik Bak\u0131m\u0131 Klinik Uygulama Formlar\u0131 i\u00e7in <a href=\"https:\/\/birimler.atauni.edu.tr\/hemsirelik-fakultesi\/wp-content\/uploads\/sites\/481\/2025\/03\/COCUK-DERSI-UYGULAMA-FORMLARI-1.pdf\">t\u0131klay\u0131n\u0131z.<\/a><\/p><p>Do\u011fum, Kad\u0131n Sa\u011fl\u0131\u011f\u0131 ve Hastal\u0131klar\u0131 Hem\u015fireli\u011fi Klinik Uygulama Formlar\u0131 i\u00e7in <a href=\"https:\/\/birimler.atauni.edu.tr\/hemsirelik-fakultesi\/wp-content\/uploads\/sites\/481\/2025\/03\/Dogum-Kadin-Sag-Hast-ve-Hemsirelik-Bakimi-Klinik-Uygulama-Rehberi.pdf\">t\u0131klay\u0131n\u0131z.<\/a><\/p><p>Halk Sa\u011fl\u0131\u011f\u0131 Hem\u015fireli\u011fi Klinik Uygulama Formlar\u0131 i\u00e7in <a href=\"https:\/\/birimler.atauni.edu.tr\/hemsirelik-fakultesi\/wp-content\/uploads\/sites\/481\/2025\/03\/Halk-Sagligi-Hemsireligi-Klinik-Rehber.pdf\">t\u0131klay\u0131n\u0131z.<\/a><\/p><p>Psikiyatri Hem\u015fireli\u011fi Klinik Uygulama Formlar\u0131 i\u00e7in <a href=\"https:\/\/birimler.atauni.edu.tr\/hemsirelik-fakultesi\/wp-content\/uploads\/sites\/481\/2025\/03\/Psikiyatri-Hemsireligi-Uygulama-Rehberi-21.03.2025.pdf\">t\u0131klay\u0131n\u0131z.\u00a0<\/a><\/p><p>Hem\u015firelikte Y\u00f6netim Klinik Uygulama Formlar\u0131 i\u00e7in<a href=\"https:\/\/birimler.atauni.edu.tr\/hemsirelik-fakultesi\/wp-content\/uploads\/sites\/481\/2025\/03\/YONETIM.pdf\"> t\u0131klay\u0131n\u0131z.<\/a><\/p>\t\t\t\t\t\t\t\t<\/div>\n\t\t\t\t<\/div>\n\t\t\t\t\t<\/div>\n\t\t<\/div>\n\t\t\t\t\t<\/div>\n\t\t<\/section>\n\t\t\t\t<\/div>\n\t\t","protected":false},"excerpt":{"rendered":"<p>Hem\u015firelik Esaslar\u0131 Klinik Uygulama Formlar\u0131 i\u00e7in t\u0131klay\u0131n\u0131z. \u0130\u00e7 Hastal\u0131klar\u0131 ve Hem\u015firelik Bak\u0131m\u0131 Klinik Uygulama Formlar\u0131 i\u00e7in t\u0131klay\u0131n\u0131z. Cerrahi Hastal\u0131klar ve Hem\u015firelik Bak\u0131m\u0131 Klinik Uygulama Formlar\u0131 i\u00e7in t\u0131klay\u0131n\u0131z. \u00c7ocuk Sa\u011fl\u0131\u011f\u0131 -Hastal\u0131klar\u0131 ve Hem\u015firelik Bak\u0131m\u0131 Klinik Uygulama Formlar\u0131 i\u00e7in t\u0131klay\u0131n\u0131z. Do\u011fum, Kad\u0131n Sa\u011fl\u0131\u011f\u0131 ve Hastal\u0131klar\u0131 Hem\u015fireli\u011fi Klinik Uygulama Formlar\u0131 i\u00e7in t\u0131klay\u0131n\u0131z. Halk Sa\u011fl\u0131\u011f\u0131 Hem\u015fireli\u011fi Klinik Uygulama Formlar\u0131 [&hellip;]<\/p>\n","protected":false},"author":426,"featured_media":0,"parent":0,"menu_order":0,"comment_status":"closed","ping_status":"closed","template":"","meta":{"footnotes":""},"class_list":["post-6886","page","type-page","status-publish","hentry"],"_links":{"self":[{"href":"https:\/\/atauni.edu.tr\/hemsirelik-fakultesi\/wp-json\/wp\/v2\/pages\/6886","targetHints":{"allow":["GET"]}}],"collection":[{"href":"https:\/\/atauni.edu.tr\/hemsirelik-fakultesi\/wp-json\/wp\/v2\/pages"}],"about":[{"href":"https:\/\/atauni.edu.tr\/hemsirelik-fakultesi\/wp-json\/wp\/v2\/types\/page"}],"author":[{"embeddable":true,"href":"https:\/\/atauni.edu.tr\/hemsirelik-fakultesi\/wp-json\/wp\/v2\/users\/426"}],"replies":[{"embeddable":true,"href":"https:\/\/atauni.edu.tr\/hemsirelik-fakultesi\/wp-json\/wp\/v2\/comments?post=6886"}],"version-history":[{"count":17,"href":"https:\/\/atauni.edu.tr\/hemsirelik-fakultesi\/wp-json\/wp\/v2\/pages\/6886\/revisions"}],"predecessor-version":[{"id":15076,"href":"https:\/\/atauni.edu.tr\/hemsirelik-fakultesi\/wp-json\/wp\/v2\/pages\/6886\/revisions\/15076"}],"wp:attachment":[{"href":"https:\/\/atauni.edu.tr\/hemsirelik-fakultesi\/wp-json\/wp\/v2\/media?parent=6886"}],"curies":[{"name":"wp","href":"https:\/\/api.w.org\/{rel}","templated":true}]}}