{"id":8047,"date":"2023-02-23T10:55:40","date_gmt":"2023-02-23T07:55:40","guid":{"rendered":"https:\/\/birimler.atauni.edu.tr\/hemsirelik-fakultesi\/?page_id=8047"},"modified":"2026-03-24T15:07:50","modified_gmt":"2026-03-24T12:07:50","slug":"sinav-takvimi","status":"publish","type":"page","link":"https:\/\/atauni.edu.tr\/hemsirelik-fakultesi\/sinav-takvimi\/","title":{"rendered":"S\u0131nav Takvimi"},"content":{"rendered":"\t\t<div data-elementor-type=\"wp-page\" data-elementor-id=\"8047\" class=\"elementor elementor-8047\" data-elementor-post-type=\"page\">\n\t\t\t\t\t\t<section class=\"elementor-section elementor-top-section elementor-element elementor-element-a6bb895 elementor-section-boxed elementor-section-height-default elementor-section-height-default\" data-id=\"a6bb895\" data-element_type=\"section\">\n\t\t\t\t\t\t<div class=\"elementor-container elementor-column-gap-default\">\n\t\t\t\t\t<div class=\"elementor-column elementor-col-100 elementor-top-column elementor-element elementor-element-2cec18e\" data-id=\"2cec18e\" data-element_type=\"column\">\n\t\t\t<div class=\"elementor-widget-wrap elementor-element-populated\">\n\t\t\t\t\t\t<div class=\"elementor-element elementor-element-2ef936e elementor-widget elementor-widget-toggle\" data-id=\"2ef936e\" data-element_type=\"widget\" data-widget_type=\"toggle.default\">\n\t\t\t\t<div class=\"elementor-widget-container\">\n\t\t\t\t\t\t\t<div class=\"elementor-toggle\">\n\t\t\t\t\t\t\t<div class=\"elementor-toggle-item\">\n\t\t\t\t\t<div id=\"elementor-tab-title-4921\" class=\"elementor-tab-title\" data-tab=\"1\" role=\"button\" aria-controls=\"elementor-tab-content-4921\" aria-expanded=\"false\">\n\t\t\t\t\t\t\t\t\t\t\t\t<span class=\"elementor-toggle-icon elementor-toggle-icon-left\" aria-hidden=\"true\">\n\t\t\t\t\t\t\t\t\t\t\t\t\t\t\t<span class=\"elementor-toggle-icon-closed\"><i class=\"fas fa-caret-right\"><\/i><\/span>\n\t\t\t\t\t\t\t\t<span class=\"elementor-toggle-icon-opened\"><i class=\"elementor-toggle-icon-opened fas fa-caret-up\"><\/i><\/span>\n\t\t\t\t\t\t\t\t\t\t\t\t\t<\/span>\n\t\t\t\t\t\t\t\t\t\t\t\t<a class=\"elementor-toggle-title\" tabindex=\"0\">2024-2025 E\u011fitim Y\u0131l\u0131 G\u00fcz D\u00f6nemi<\/a>\n\t\t\t\t\t<\/div>\n\n\t\t\t\t\t<div id=\"elementor-tab-content-4921\" class=\"elementor-tab-content elementor-clearfix\" data-tab=\"1\" role=\"region\" aria-labelledby=\"elementor-tab-title-4921\"><p>2024-2025 E\u011fitim Y\u0131l\u0131 T\u00fcrk\u00e7e M\u00fcfredat G\u00fcz D\u00f6nemi s\u0131nav takvimi i\u00e7in <a href=\"https:\/\/birimler.atauni.edu.tr\/hemsirelik-fakultesi\/wp-content\/uploads\/sites\/481\/2025\/02\/Hemsirelik-Fakultesi-FINAL-BUTUNLEME-VIZE-Gu\u0308z-Do\u0308nemi-Sinav-Takvimi.pdf\">t\u0131klay\u0131n\u0131z.<\/a><\/p><p>2024-2025 E\u011fitim Y\u0131l\u0131 \u0130ngilizce M\u00fcfredat G\u00fcz D\u00f6nemi s\u0131nav takvimi i\u00e7in <a href=\"https:\/\/birimler.atauni.edu.tr\/hemsirelik-fakultesi\/wp-content\/uploads\/sites\/481\/2025\/02\/24.12.24-2024-2025-ACADEMIC-YEAR-FALL-SEMESTERFACULTY-OF-NURSING-ENGLISH-PROGRAM-EXAM-DATE-1.pdf\">t\u0131klay\u0131n\u0131z.<\/a> \u00a0<\/p><\/div>\n\t\t\t\t<\/div>\n\t\t\t\t\t\t\t<div class=\"elementor-toggle-item\">\n\t\t\t\t\t<div id=\"elementor-tab-title-4922\" class=\"elementor-tab-title\" data-tab=\"2\" role=\"button\" aria-controls=\"elementor-tab-content-4922\" aria-expanded=\"false\">\n\t\t\t\t\t\t\t\t\t\t\t\t<span class=\"elementor-toggle-icon elementor-toggle-icon-left\" aria-hidden=\"true\">\n\t\t\t\t\t\t\t\t\t\t\t\t\t\t\t<span class=\"elementor-toggle-icon-closed\"><i class=\"fas fa-caret-right\"><\/i><\/span>\n\t\t\t\t\t\t\t\t<span class=\"elementor-toggle-icon-opened\"><i class=\"elementor-toggle-icon-opened fas fa-caret-up\"><\/i><\/span>\n\t\t\t\t\t\t\t\t\t\t\t\t\t<\/span>\n\t\t\t\t\t\t\t\t\t\t\t\t<a class=\"elementor-toggle-title\" tabindex=\"0\">2024-2025 E\u011fitim Y\u0131l\u0131 <\/a>\n\t\t\t\t\t<\/div>\n\n\t\t\t\t\t<div id=\"elementor-tab-content-4922\" class=\"elementor-tab-content elementor-clearfix\" data-tab=\"2\" role=\"region\" aria-labelledby=\"elementor-tab-title-4922\"><p>2024-2025 E\u011fitim Y\u0131l\u0131 T\u00fcrk\u00e7e M\u00fcfredat Bahar D\u00f6nemi Vize s\u0131nav takvimi i\u00e7in <a href=\"https:\/\/birimler.atauni.edu.tr\/hemsirelik-fakultesi\/wp-content\/uploads\/sites\/481\/2025\/03\/2024-2025-BAHAR-Do\u0308nemi-ARA-SINAV-Takvimi-1.pdf\">t\u0131klay\u0131n\u0131z.<\/a><\/p><p>2024-2025 E\u011fitim Y\u0131l\u0131 \u0130ngilizce M\u00fcfredat\u00a0 Bahar D\u00f6nemi Vize s\u0131nav takvimi i\u00e7in <a href=\"https:\/\/birimler.atauni.edu.tr\/hemsirelik-fakultesi\/wp-content\/uploads\/sites\/481\/2025\/03\/2024-2025-ACADEMIC-YEAR-SPRING-SEMESTERFACULTY-OF-NURSING-ENGLISH-PROGRAM-EXAM-DATES-1.pdf\">t\u0131klay\u0131n\u0131z.<\/a><\/p><p>2024-2025 E\u011fitim Y\u0131l\u0131 T\u00fcrk\u00e7e M\u00fcfredat Bahar D\u00f6nemi Final S\u0131nav Takvimi i\u00e7in <a href=\"https:\/\/birimler.atauni.edu.tr\/hemsirelik-fakultesi\/wp-content\/uploads\/sites\/481\/2025\/05\/2024-2025-BAHAR-DONEMI-SINAV-Takvimi-25.05.2025.pdf\">t\u0131klay\u0131n\u0131z.<\/a><\/p><p>2024-2025 E\u011fitim Y\u0131l\u0131 \u0130ngilizce M\u00fcfredat Bahar D\u00f6nemi Final S\u0131nav Takvimi i\u00e7in <a href=\"https:\/\/birimler.atauni.edu.tr\/hemsirelik-fakultesi\/wp-content\/uploads\/sites\/481\/2025\/05\/unsupervised-2024-2025-ACADEMIC-YEAR-SPRING-SEMESTER-FACULTY-OF-NURSING-ENGLISH-PROGRAM-EXAM-DAT-1.pdf\">t\u0131klay\u0131n\u0131z.<\/a><\/p><\/div>\n\t\t\t\t<\/div>\n\t\t\t\t\t\t\t<div class=\"elementor-toggle-item\">\n\t\t\t\t\t<div id=\"elementor-tab-title-4923\" class=\"elementor-tab-title\" data-tab=\"3\" role=\"button\" aria-controls=\"elementor-tab-content-4923\" aria-expanded=\"false\">\n\t\t\t\t\t\t\t\t\t\t\t\t<span class=\"elementor-toggle-icon elementor-toggle-icon-left\" aria-hidden=\"true\">\n\t\t\t\t\t\t\t\t\t\t\t\t\t\t\t<span class=\"elementor-toggle-icon-closed\"><i class=\"fas fa-caret-right\"><\/i><\/span>\n\t\t\t\t\t\t\t\t<span class=\"elementor-toggle-icon-opened\"><i class=\"elementor-toggle-icon-opened fas fa-caret-up\"><\/i><\/span>\n\t\t\t\t\t\t\t\t\t\t\t\t\t<\/span>\n\t\t\t\t\t\t\t\t\t\t\t\t<a class=\"elementor-toggle-title\" tabindex=\"0\">2023-2024 E\u011fitim Y\u0131l\u0131 <\/a>\n\t\t\t\t\t<\/div>\n\n\t\t\t\t\t<div id=\"elementor-tab-content-4923\" class=\"elementor-tab-content elementor-clearfix\" data-tab=\"3\" role=\"region\" aria-labelledby=\"elementor-tab-title-4923\"><p><a href=\"https:\/\/birimler.atauni.edu.tr\/hemsirelik-fakultesi\/wp-content\/uploads\/sites\/481\/2025\/05\/2023-2024-GUZ-DONEMI-HEMSIRELIK-FAKULTESI-SINAV-TAKVIMI.pdf\">2023-2024 E\u011fitim Y\u0131l\u0131 G\u00fcz D\u00f6nemi S\u0131nav Takvimi<\/a><\/p><p><a href=\"https:\/\/birimler.atauni.edu.tr\/hemsirelik-fakultesi\/wp-content\/uploads\/sites\/481\/2025\/05\/2023-2024-BAHAR-DONEMI-SINAV-TAKVMI-07.05.2024-1-3.pdf\">2023- 2024 E\u011fitim Y\u0131l\u0131 Bahar D\u00f6nemi S\u0131nav Takvimi<\/a><\/p><\/div>\n\t\t\t\t<\/div>\n\t\t\t\t\t\t\t<div class=\"elementor-toggle-item\">\n\t\t\t\t\t<div id=\"elementor-tab-title-4924\" class=\"elementor-tab-title\" data-tab=\"4\" role=\"button\" aria-controls=\"elementor-tab-content-4924\" aria-expanded=\"false\">\n\t\t\t\t\t\t\t\t\t\t\t\t<span class=\"elementor-toggle-icon elementor-toggle-icon-left\" aria-hidden=\"true\">\n\t\t\t\t\t\t\t\t\t\t\t\t\t\t\t<span class=\"elementor-toggle-icon-closed\"><i class=\"fas fa-caret-right\"><\/i><\/span>\n\t\t\t\t\t\t\t\t<span class=\"elementor-toggle-icon-opened\"><i class=\"elementor-toggle-icon-opened fas fa-caret-up\"><\/i><\/span>\n\t\t\t\t\t\t\t\t\t\t\t\t\t<\/span>\n\t\t\t\t\t\t\t\t\t\t\t\t<a class=\"elementor-toggle-title\" tabindex=\"0\">2022-2023 E\u011fitim Y\u0131l\u0131 <\/a>\n\t\t\t\t\t<\/div>\n\n\t\t\t\t\t<div id=\"elementor-tab-content-4924\" class=\"elementor-tab-content elementor-clearfix\" data-tab=\"4\" role=\"region\" aria-labelledby=\"elementor-tab-title-4924\"><p><a href=\"https:\/\/birimler.atauni.edu.tr\/hemsirelik-fakultesi\/wp-content\/uploads\/sites\/481\/2025\/05\/2022-2023-GUZ-DONEMI-HEMSIRELIK-FAKULTESI-SINAV-TAKVIMI.pdf\">2022-2023 E\u011fitim Y\u0131l\u0131 G\u00fcz D\u00f6nemi S\u0131nav Takvimi<\/a><\/p><p><a href=\"https:\/\/birimler.atauni.edu.tr\/hemsirelik-fakultesi\/wp-content\/uploads\/sites\/481\/2025\/05\/2022-2023-BAHAR-DONEMI-SINAVI-TAKVIMI-HEMSIRELIK-24.05.2023-13.15-1-1-1.pdf\">2022- 2023 E\u011fitim Y\u0131l\u0131 Bahar D\u00f6nemi S\u0131nav Takvimi<\/a><\/p><\/div>\n\t\t\t\t<\/div>\n\t\t\t\t\t\t\t<div class=\"elementor-toggle-item\">\n\t\t\t\t\t<div id=\"elementor-tab-title-4925\" class=\"elementor-tab-title\" data-tab=\"5\" role=\"button\" aria-controls=\"elementor-tab-content-4925\" aria-expanded=\"false\">\n\t\t\t\t\t\t\t\t\t\t\t\t<span class=\"elementor-toggle-icon elementor-toggle-icon-left\" aria-hidden=\"true\">\n\t\t\t\t\t\t\t\t\t\t\t\t\t\t\t<span class=\"elementor-toggle-icon-closed\"><i class=\"fas fa-caret-right\"><\/i><\/span>\n\t\t\t\t\t\t\t\t<span class=\"elementor-toggle-icon-opened\"><i class=\"elementor-toggle-icon-opened fas fa-caret-up\"><\/i><\/span>\n\t\t\t\t\t\t\t\t\t\t\t\t\t<\/span>\n\t\t\t\t\t\t\t\t\t\t\t\t<a class=\"elementor-toggle-title\" tabindex=\"0\">2025-2026 E\u011fitim Y\u0131l\u0131 G\u00fcz D\u00f6nemi<\/a>\n\t\t\t\t\t<\/div>\n\n\t\t\t\t\t<div id=\"elementor-tab-content-4925\" class=\"elementor-tab-content elementor-clearfix\" data-tab=\"5\" role=\"region\" aria-labelledby=\"elementor-tab-title-4925\"><p>2025-2026 E\u011fitim Y\u0131l\u0131 T\u00fcrk\u00e7e M\u00fcfredat G\u00fcz D\u00f6nemi s\u0131nav takvimi i\u00e7in <a href=\"https:\/\/birimler.atauni.edu.tr\/hemsirelik-fakultesi\/wp-content\/uploads\/sites\/481\/2025\/11\/2025-2026-tu\u0308rkc\u0327e-sinav-gu\u0308ncelleme.pdf\">t\u0131klay\u0131n\u0131z.<\/a><\/p><p>2025-2026 E\u011fitim Y\u0131l\u0131 \u0130ngilizce\u00a0 M\u00fcfredat G\u00fcz D\u00f6nemi s\u0131nav takvimi i\u00e7in <a href=\"https:\/\/birimler.atauni.edu.tr\/hemsirelik-fakultesi\/wp-content\/uploads\/sites\/481\/2025\/11\/I\u0307NGI\u0307I\u0307LZCE-SINAV-takvim.pdf\">t\u0131klay\u0131n\u0131z.<\/a><\/p><\/div>\n\t\t\t\t<\/div>\n\t\t\t\t\t\t\t<div class=\"elementor-toggle-item\">\n\t\t\t\t\t<div id=\"elementor-tab-title-4926\" class=\"elementor-tab-title\" data-tab=\"6\" role=\"button\" aria-controls=\"elementor-tab-content-4926\" aria-expanded=\"false\">\n\t\t\t\t\t\t\t\t\t\t\t\t<span class=\"elementor-toggle-icon elementor-toggle-icon-left\" aria-hidden=\"true\">\n\t\t\t\t\t\t\t\t\t\t\t\t\t\t\t<span class=\"elementor-toggle-icon-closed\"><i class=\"fas fa-caret-right\"><\/i><\/span>\n\t\t\t\t\t\t\t\t<span class=\"elementor-toggle-icon-opened\"><i class=\"elementor-toggle-icon-opened fas fa-caret-up\"><\/i><\/span>\n\t\t\t\t\t\t\t\t\t\t\t\t\t<\/span>\n\t\t\t\t\t\t\t\t\t\t\t\t<a class=\"elementor-toggle-title\" tabindex=\"0\">2025-2026 E\u011fitim Y\u0131l\u0131 Bahar D\u00f6nemi<\/a>\n\t\t\t\t\t<\/div>\n\n\t\t\t\t\t<div id=\"elementor-tab-content-4926\" class=\"elementor-tab-content elementor-clearfix\" data-tab=\"6\" role=\"region\" aria-labelledby=\"elementor-tab-title-4926\"><p>2025-2026 E\u011fitim Y\u0131l\u0131 T\u00fcrk\u00e7e M\u00fcfredat Bahar D\u00f6nemi Vize S\u0131nav\u0131 Takvimi i\u00e7in <a href=\"https:\/\/atauni.edu.tr\/hemsirelik-fakultesi\/wp-content\/uploads\/sites\/481\/2026\/03\/24.03.26-2025-_2026_Bahar-Do\u0308nemi_Sinav_Takvimi_GU\u0308NCEL-1.pdf\">t\u0131klay\u0131n\u0131z.<\/a><\/p><p>2025-2026 E\u011fitim Y\u0131l\u0131 \u0130ngilizce\u00a0 M\u00fcfredat Bahar D\u00f6nemi Vize S\u0131nav\u0131 Takvimi i\u00e7in <a href=\"https:\/\/atauni.edu.tr\/hemsirelik-fakultesi\/wp-content\/uploads\/sites\/481\/2026\/03\/23.03.26-2025-2026-ACADEMIC-YEAR-SPRI\u0307NG-SEMESTERFACULTY-OF-NURSING-ENGLISH-PROGRAM-EXAM-DATES-1.pdf\">t\u0131klay\u0131n\u0131z.<\/a><\/p><\/div>\n\t\t\t\t<\/div>\n\t\t\t\t\t\t\t\t<\/div>\n\t\t\t\t\t\t<\/div>\n\t\t\t\t<\/div>\n\t\t\t\t\t<\/div>\n\t\t<\/div>\n\t\t\t\t\t<\/div>\n\t\t<\/section>\n\t\t\t\t<\/div>\n\t\t","protected":false},"excerpt":{"rendered":"<p>2024-2025 E\u011fitim Y\u0131l\u0131 G\u00fcz D\u00f6nemi 2024-2025 E\u011fitim Y\u0131l\u0131 T\u00fcrk\u00e7e M\u00fcfredat G\u00fcz D\u00f6nemi s\u0131nav takvimi i\u00e7in t\u0131klay\u0131n\u0131z. 2024-2025 E\u011fitim Y\u0131l\u0131 \u0130ngilizce M\u00fcfredat G\u00fcz D\u00f6nemi s\u0131nav takvimi i\u00e7in t\u0131klay\u0131n\u0131z. \u00a0 2024-2025 E\u011fitim Y\u0131l\u0131 2024-2025 E\u011fitim Y\u0131l\u0131 T\u00fcrk\u00e7e M\u00fcfredat Bahar D\u00f6nemi Vize s\u0131nav takvimi i\u00e7in t\u0131klay\u0131n\u0131z. 2024-2025 E\u011fitim Y\u0131l\u0131 \u0130ngilizce M\u00fcfredat\u00a0 Bahar D\u00f6nemi Vize s\u0131nav takvimi i\u00e7in t\u0131klay\u0131n\u0131z. [&hellip;]<\/p>\n","protected":false},"author":426,"featured_media":0,"parent":0,"menu_order":0,"comment_status":"closed","ping_status":"closed","template":"","meta":{"footnotes":""},"class_list":["post-8047","page","type-page","status-publish","hentry"],"_links":{"self":[{"href":"https:\/\/atauni.edu.tr\/hemsirelik-fakultesi\/wp-json\/wp\/v2\/pages\/8047","targetHints":{"allow":["GET"]}}],"collection":[{"href":"https:\/\/atauni.edu.tr\/hemsirelik-fakultesi\/wp-json\/wp\/v2\/pages"}],"about":[{"href":"https:\/\/atauni.edu.tr\/hemsirelik-fakultesi\/wp-json\/wp\/v2\/types\/page"}],"author":[{"embeddable":true,"href":"https:\/\/atauni.edu.tr\/hemsirelik-fakultesi\/wp-json\/wp\/v2\/users\/426"}],"replies":[{"embeddable":true,"href":"https:\/\/atauni.edu.tr\/hemsirelik-fakultesi\/wp-json\/wp\/v2\/comments?post=8047"}],"version-history":[{"count":141,"href":"https:\/\/atauni.edu.tr\/hemsirelik-fakultesi\/wp-json\/wp\/v2\/pages\/8047\/revisions"}],"predecessor-version":[{"id":16621,"href":"https:\/\/atauni.edu.tr\/hemsirelik-fakultesi\/wp-json\/wp\/v2\/pages\/8047\/revisions\/16621"}],"wp:attachment":[{"href":"https:\/\/atauni.edu.tr\/hemsirelik-fakultesi\/wp-json\/wp\/v2\/media?parent=8047"}],"curies":[{"name":"wp","href":"https:\/\/api.w.org\/{rel}","templated":true}]}}