{"id":9781,"date":"2024-11-18T23:36:46","date_gmt":"2024-11-18T20:36:46","guid":{"rendered":"https:\/\/birimler.atauni.edu.tr\/hemsirelik-fakultesi\/?page_id=9781"},"modified":"2025-07-16T15:53:16","modified_gmt":"2025-07-16T12:53:16","slug":"dekanin-mesaji","status":"publish","type":"page","link":"https:\/\/atauni.edu.tr\/hemsirelik-fakultesi\/dekanin-mesaji\/","title":{"rendered":"Dekan\u0131n Mesaj\u0131"},"content":{"rendered":"\t\t<div data-elementor-type=\"wp-page\" data-elementor-id=\"9781\" class=\"elementor elementor-9781\" data-elementor-post-type=\"page\">\n\t\t\t\t\t\t<section class=\"elementor-section elementor-top-section elementor-element elementor-element-25d0d432 elementor-section-boxed elementor-section-height-default elementor-section-height-default\" data-id=\"25d0d432\" data-element_type=\"section\">\n\t\t\t\t\t\t<div class=\"elementor-container elementor-column-gap-default\">\n\t\t\t\t\t<div class=\"elementor-column elementor-col-100 elementor-top-column elementor-element elementor-element-13f8f12a\" data-id=\"13f8f12a\" data-element_type=\"column\">\n\t\t\t<div class=\"elementor-widget-wrap elementor-element-populated\">\n\t\t\t\t\t\t<div class=\"elementor-element elementor-element-618b5f85 elementor-widget elementor-widget-text-editor\" data-id=\"618b5f85\" data-element_type=\"widget\" data-widget_type=\"text-editor.default\">\n\t\t\t\t<div class=\"elementor-widget-container\">\n\t\t\t\t\t\t\t\t\t\n<figure class=\"wp-block-image size-large\"><img fetchpriority=\"high\" decoding=\"async\" width=\"1024\" height=\"577\" class=\"wp-image-9448 aligncenter\" src=\"https:\/\/birimler.atauni.edu.tr\/hemsirelik-fakultesi\/wp-content\/uploads\/sites\/481\/2024\/09\/Dekan-Mesaji-1024x577.jpeg\" alt=\"\" srcset=\"https:\/\/atauni.edu.tr\/hemsirelik-fakultesi\/wp-content\/uploads\/sites\/481\/2024\/09\/Dekan-Mesaji-1024x577.jpeg 1024w, https:\/\/atauni.edu.tr\/hemsirelik-fakultesi\/wp-content\/uploads\/sites\/481\/2024\/09\/Dekan-Mesaji-300x169.jpeg 300w, https:\/\/atauni.edu.tr\/hemsirelik-fakultesi\/wp-content\/uploads\/sites\/481\/2024\/09\/Dekan-Mesaji-768x432.jpeg 768w, https:\/\/atauni.edu.tr\/hemsirelik-fakultesi\/wp-content\/uploads\/sites\/481\/2024\/09\/Dekan-Mesaji-1536x865.jpeg 1536w, https:\/\/atauni.edu.tr\/hemsirelik-fakultesi\/wp-content\/uploads\/sites\/481\/2024\/09\/Dekan-Mesaji-600x338.jpeg 600w, https:\/\/atauni.edu.tr\/hemsirelik-fakultesi\/wp-content\/uploads\/sites\/481\/2024\/09\/Dekan-Mesaji-560x315.jpeg 560w, https:\/\/atauni.edu.tr\/hemsirelik-fakultesi\/wp-content\/uploads\/sites\/481\/2024\/09\/Dekan-Mesaji.jpeg 1600w\" sizes=\"(max-width: 1024px) 100vw, 1024px\" \/><\/figure>\n\n<p>Sa\u011fl\u0131kl\u0131 ya\u015fam t\u00fcm insanlar\u0131n ula\u015fmak istedi\u011fi ortak hedeftir. Hem\u015fireler insanl\u0131\u011f\u0131n sa\u011fl\u0131k hedefine ula\u015fmas\u0131nda kritik \u00f6neme sahip sa\u011fl\u0131k profesyonelleridir. Hem\u015firelik bireyin, ailenin ve toplumun sa\u011fl\u0131\u011f\u0131n\u0131 ve esenli\u011fini koruma, geli\u015ftirme ve hastal\u0131k halinde iyile\u015ftirme amac\u0131na y\u00f6nelik hem\u015firelik hizmetlerinin planlanmas\u0131, \u00f6rg\u00fctlenmesi ve de\u011ferlendirilmesinden ve bu hizmetleri yerine getirecek bireylerin e\u011fitiminden sorumlu bilim ve sanattan olu\u015fan bir sa\u011fl\u0131k disiplinidir. Hem\u015firelik s\u0131radan bir meslek de\u011fil, de\u011ferleri ve ilkeleri olan bir ya\u015fam bi\u00e7imi, bir d\u00fcnya g\u00f6r\u00fc\u015f\u00fcd\u00fcr.<\/p>\n<p>Sevgili \u00f6\u011frenciler;<\/p>\n<p>Sizler de d\u00fcnyan\u0131n en \u00f6nemli ve sayg\u0131n mesleklerinden biri olan hem\u015fireli\u011fi kendinize meslek olarak se\u00e7tiniz. Bu nedenle hepinizi kutluyorum.<\/p>\n<p>Atat\u00fcrk \u00dcniversitesi ve tercih etti\u011finiz bu fak\u00fclte \u00fclkemizin en k\u00f6kl\u00fc ve g\u00fc\u00e7l\u00fc e\u011fitim kurumlar\u0131ndan biridir. G\u00fc\u00e7l\u00fc e\u011fitici kadrosu ile siz \u00f6\u011frencilerimizi ulusal ve uluslararas\u0131 standartlarda e\u011fitmek, sa\u011fl\u0131k ekibi i\u00e7inde etkin bir \u00fcye olarak yer alabilen nitelikli hem\u015fire insan g\u00fcc\u00fcn\u00fc yeti\u015ftirmek ve hem\u015firelik biliminin geli\u015fimini sa\u011flamak fak\u00fcltemizin temel ama\u00e7lar\u0131 aras\u0131ndad\u0131r. Hem\u015firelik insan ya\u015fam\u0131n\u0131n her d\u00f6neminde insanla birlikte var olan bir meslektir. Bu nedenle bak\u0131m\u0131n\u0131z alt\u0131ndaki her bir bireyin e\u015fsizli\u011fini bilerek, mesleki de\u011ferler, etik ve yasal ilkeler do\u011frultusunda davranmal\u0131s\u0131n\u0131z. S\u00fcrekli de\u011fi\u015fen ve geli\u015fen d\u00fcnyada insan ya\u015fam\u0131n\u0131 ve sa\u011fl\u0131\u011f\u0131 etkileyen her unsur hem\u015fireli\u011fi ve rollerini etkilemektedir. \u00c7a\u011f\u0131n gerisinde kalmamak, rekabet edebilmek, tercih edilmek ve sistem i\u00e7inde varl\u0131\u011f\u0131m\u0131z\u0131 s\u00fcrd\u00fcrebilmek i\u00e7in de\u011fi\u015fime a\u00e7\u0131k ve ya\u015fam boyu \u00f6\u011frenme becerilerine sahip olmam\u0131z gerekiyor.<\/p>\n<p>Fak\u00fcltemiz de her alanda ba\u015far\u0131s\u0131n\u0131 ve e\u011fitim kalitesini belli standartlar \u00e7er\u00e7evesinde art\u0131rmak i\u00e7in s\u00fcrekli \u00e7al\u0131\u015fmaktad\u0131r.\u00a0 Fak\u00fcltemiz \u00f6\u011frencileri, akademik ve idari personeli y\u00f6netimimizin benimsedi\u011fi a\u00e7\u0131k kap\u0131 politikas\u0131 sayesinde kolayl\u0131kla fak\u00fclte y\u00f6netimine ula\u015fabilmekte, talep, \u00f6neri ve \u015fik\u00e2yetlerini iletebilmektedir. Bu ba\u011flamda \u00f6zveri ile \u00e7al\u0131\u015fan t\u00fcm akademik ve idari personelimize, \u00f6zellikle klinik e\u011fitimlerinizde deste\u011fini sizlerden esirgemeyen de\u011ferli meslekta\u015flar\u0131ma ve di\u011fer t\u00fcm payda\u015flar\u0131m\u0131za te\u015fekk\u00fcr ediyorum. Mezun oldu\u011funuzda donan\u0131ml\u0131 birer hem\u015fire olarak, iklimi so\u011fuk insanlar\u0131 s\u0131cak bu kadim \u015fehirden unutamayaca\u011f\u0131n\u0131z g\u00fczel an\u0131larla ayr\u0131lman\u0131z\u0131 diliyorum.<\/p>\n<p>\u00a0 \u00a0 \u00a0 \u00a0 \u00a0 \u00a0 \u00a0 \u00a0 \u00a0 \u00a0 \u00a0 \u00a0 \u00a0 \u00a0 \u00a0 \u00a0 \u00a0 \u00a0 \u00a0 \u00a0 \u00a0 \u00a0 \u00a0 \u00a0 \u00a0 \u00a0 \u00a0 \u00a0 \u00a0 \u00a0 \u00a0 \u00a0 \u00a0 \u00a0 \u00a0 \u00a0 \u00a0 \u00a0 \u00a0 \u00a0 \u00a0 \u00a0 \u00a0 \u00a0 \u00a0 \u00a0 \u00a0 \u00a0 \u00a0 \u00a0 \u00a0 \u00a0 \u00a0 \u00a0 \u00a0 \u00a0 \u00a0 \u00a0 \u00a0 \u00a0 \u00a0 \u00a0 \u00a0 \u00a0 \u00a0 \u00a0 \u00a0 \u00a0 \u00a0 \u00a0 \u00a0 \u00a0 \u00a0 \u00a0 \u00a0 \u00a0 \u00a0 \u00a0 \u00a0 \u00a0 \u00a0 \u00a0 \u00a0 \u00a0 \u00a0 \u00a0 \u00a0 \u00a0 \u00a0 \u00a0 \u00a0 \u00a0 \u00a0 \u00a0 \u00a0 \u00a0 \u00a0 \u00a0 \u00a0 \u00a0 \u00a0 \u00a0 \u00a0 \u00a0 \u00a0 \u00a0 \u00a0 \u00a0 \u00a0 \u00a0 \u00a0 \u00a0Prof. Dr. Reva BALCI AKPINAR<\/p>\n\t\t\t\t\t\t\t\t<\/div>\n\t\t\t\t<\/div>\n\t\t\t\t\t<\/div>\n\t\t<\/div>\n\t\t\t\t\t<\/div>\n\t\t<\/section>\n\t\t\t\t<\/div>\n\t\t","protected":false},"excerpt":{"rendered":"<p>Sa\u011fl\u0131kl\u0131 ya\u015fam t\u00fcm insanlar\u0131n ula\u015fmak istedi\u011fi ortak hedeftir. Hem\u015fireler insanl\u0131\u011f\u0131n sa\u011fl\u0131k hedefine ula\u015fmas\u0131nda kritik \u00f6neme sahip sa\u011fl\u0131k profesyonelleridir. Hem\u015firelik bireyin, ailenin ve toplumun sa\u011fl\u0131\u011f\u0131n\u0131 ve esenli\u011fini koruma, geli\u015ftirme ve hastal\u0131k halinde iyile\u015ftirme amac\u0131na y\u00f6nelik hem\u015firelik hizmetlerinin planlanmas\u0131, \u00f6rg\u00fctlenmesi ve de\u011ferlendirilmesinden ve bu hizmetleri yerine getirecek bireylerin e\u011fitiminden sorumlu bilim ve sanattan olu\u015fan bir sa\u011fl\u0131k disiplinidir. [&hellip;]<\/p>\n","protected":false},"author":426,"featured_media":0,"parent":0,"menu_order":0,"comment_status":"closed","ping_status":"closed","template":"","meta":{"footnotes":""},"class_list":["post-9781","page","type-page","status-publish","hentry"],"_links":{"self":[{"href":"https:\/\/atauni.edu.tr\/hemsirelik-fakultesi\/wp-json\/wp\/v2\/pages\/9781","targetHints":{"allow":["GET"]}}],"collection":[{"href":"https:\/\/atauni.edu.tr\/hemsirelik-fakultesi\/wp-json\/wp\/v2\/pages"}],"about":[{"href":"https:\/\/atauni.edu.tr\/hemsirelik-fakultesi\/wp-json\/wp\/v2\/types\/page"}],"author":[{"embeddable":true,"href":"https:\/\/atauni.edu.tr\/hemsirelik-fakultesi\/wp-json\/wp\/v2\/users\/426"}],"replies":[{"embeddable":true,"href":"https:\/\/atauni.edu.tr\/hemsirelik-fakultesi\/wp-json\/wp\/v2\/comments?post=9781"}],"version-history":[{"count":17,"href":"https:\/\/atauni.edu.tr\/hemsirelik-fakultesi\/wp-json\/wp\/v2\/pages\/9781\/revisions"}],"predecessor-version":[{"id":15276,"href":"https:\/\/atauni.edu.tr\/hemsirelik-fakultesi\/wp-json\/wp\/v2\/pages\/9781\/revisions\/15276"}],"wp:attachment":[{"href":"https:\/\/atauni.edu.tr\/hemsirelik-fakultesi\/wp-json\/wp\/v2\/media?parent=9781"}],"curies":[{"name":"wp","href":"https:\/\/api.w.org\/{rel}","templated":true}]}}