{"id":9787,"date":"2024-11-18T23:39:26","date_gmt":"2024-11-18T20:39:26","guid":{"rendered":"https:\/\/birimler.atauni.edu.tr\/hemsirelik-fakultesi\/?page_id=9787"},"modified":"2025-10-13T09:34:51","modified_gmt":"2025-10-13T06:34:51","slug":"tarihce-2","status":"publish","type":"page","link":"https:\/\/atauni.edu.tr\/hemsirelik-fakultesi\/tarihce-2\/","title":{"rendered":"Tarih\u00e7e"},"content":{"rendered":"\t\t<div data-elementor-type=\"wp-page\" data-elementor-id=\"9787\" class=\"elementor elementor-9787\" data-elementor-post-type=\"page\">\n\t\t\t\t\t\t<section class=\"elementor-section elementor-top-section elementor-element elementor-element-5974212 elementor-section-boxed elementor-section-height-default elementor-section-height-default\" data-id=\"5974212\" data-element_type=\"section\">\n\t\t\t\t\t\t<div class=\"elementor-container elementor-column-gap-default\">\n\t\t\t\t\t<div class=\"elementor-column elementor-col-100 elementor-top-column elementor-element elementor-element-871f6c5\" data-id=\"871f6c5\" data-element_type=\"column\">\n\t\t\t<div class=\"elementor-widget-wrap elementor-element-populated\">\n\t\t\t\t\t\t<div class=\"elementor-element elementor-element-971b018 elementor-widget elementor-widget-text-editor\" data-id=\"971b018\" data-element_type=\"widget\" data-widget_type=\"text-editor.default\">\n\t\t\t\t<div class=\"elementor-widget-container\">\n\t\t\t\t\t\t\t\t\t<p>1Atat\u00fcrk \u00dcniversitesi Hem\u015firelik Fak\u00fcltesi, Atat\u00fcrk \u00dcniversitesi\u2019nin 06 Kas\u0131m 1970 g\u00fcn ve 5582 say\u0131l\u0131 teklifi ve Ba\u015fbakanl\u0131k Devlet Planlama M\u00fcste\u015farl\u0131\u011f\u0131\u2019n\u0131n 04.12.1970 say\u0131l\u0131 olumlu g\u00f6r\u00fc\u015fmeleri do\u011frultusunda \u201c<strong>Y\u00fcksek Hem\u015firelik Okulu\u201d<\/strong> ad\u0131 ile kurulmu\u015ftur.\u00a0 Y\u00fcksek Hem\u015firelik Okulu\u2019nun ilk m\u00fcd\u00fcr\u00fc Prof. Dr. Sermin Kalayc\u0131\u2019d\u0131r. 1977 y\u0131l\u0131na kadar lisans d\u00fczeyinde fiilen a\u00e7\u0131lamayan okulun b\u00fcnyesinde \u201cHem\u015firelik Y\u00fcksek Okulu Sa\u011fl\u0131k Meslek Lisesi\u201d a\u00e7\u0131lm\u0131\u015f ve lise son mezunlar\u0131n\u0131 1988 y\u0131l\u0131nda vermi\u015ftir.\u00a0 1977 y\u0131l\u0131ndan itibaren \u00f6\u011fretim eleman\u0131 kadrosunu olu\u015fturmaya ba\u015flayan Y\u00fcksek Hem\u015firelik Okulu\u2019nun ismi 1982 y\u0131l\u0131nda \u201c<strong>Hem\u015firelik Y\u00fcksekokulu<\/strong>\u201d olarak de\u011fi\u015ftirilmi\u015ftir ve 1982-1983 \u00f6\u011fretim y\u0131l\u0131nda lisans d\u00fczeyinde ilk \u00f6\u011frencilerini kabul etmi\u015ftir. Hem\u015firelik Y\u00fcksekokulu\u2019nun <strong>ilk hem\u015fire m\u00fcd\u00fcr\u00fc<\/strong> T\u00fcrkan Pasinlio\u011flu\u2019dur. Hem\u015firelik Y\u00fcksek Okulu olarak 28 y\u0131l e\u011fitim \u00f6\u011fretim faaliyetlerini s\u00fcrd\u00fcren y\u00fcksek okulda 8 anabilim dal\u0131nda Atat\u00fcrk \u00dcniversitesi Sa\u011fl\u0131k Bilimleri Enstit\u00fcs\u00fcne ba\u011fl\u0131 olarak 1990 y\u0131l\u0131nda y\u00fcksek lisans, 1998 y\u0131l\u0131nda ise doktora e\u011fitimi ba\u015flam\u0131\u015ft\u0131r.<\/p><p>Hem\u015firelik Y\u00fcksek Okulu \u00a025 \u015eubat 2009 tarihinde kurulan \u00a0Sa\u011fl\u0131k Bilimleri Fak\u00fcltesi b\u00fcnyesinde Hem\u015firelik B\u00f6l\u00fcm\u00fc olarak e\u011fitim faaliyetlerini s\u00fcrd\u00fcrm\u00fc\u015f, daha sonra Bakanlar Kurulu\u2019nun 16.02.2016 tarih ve 2016\/8555 say\u0131l\u0131 kararnamesi \u00a0ile Hem\u015firelik Fak\u00fcltesi olarak yap\u0131lanm\u0131\u015ft\u0131r. Hem\u015firelik Fak\u00fcltesi\u2019nin kurulu\u015fu 8 Nisan 2016 tarihli ve 29678 say\u0131l\u0131 resmi gazetede yay\u0131mlanarak y\u00fcr\u00fcrl\u00fc\u011fe girmi\u015ftir.<\/p><p>Fak\u00fcltede, Hem\u015firelik Esaslar\u0131, \u0130\u00e7 Hastal\u0131klar\u0131 Hem\u015fireli\u011fi, Cerrahi Hastal\u0131klar\u0131 Hem\u015fireli\u011fi, \u00c7ocuk Sa\u011fl\u0131\u011f\u0131 ve Hastal\u0131klar\u0131 Hem\u015fireli\u011fi, Do\u011fum, Kad\u0131n Sa\u011fl\u0131\u011f\u0131 ve Hastal\u0131klar\u0131 Hem\u015fireli\u011fi, Hem\u015firelikte Y\u00f6netim, Psikiyatri Hem\u015fireli\u011fi ve Halk Sa\u011fl\u0131\u011f\u0131 Hem\u015fireli\u011fi olmak \u00fczere toplam 8 anabilim dal\u0131 ve 2020 y\u0131l\u0131nda e\u011fitime ba\u015flayan Hem\u015firelik \u0130ngilizce Program\u0131 bulunmaktad\u0131r. 2016-2018 ve 2022-2024 y\u0131llar\u0131 aras\u0131nda iki kez akredite olan Fak\u00fclte 2023 y\u0131l\u0131nda Y\u00fcksek \u00d6\u011fretim Kurulu\u2019nun Engelsiz \u00dcniversite \u00d6d\u00fclleri kapsam\u0131nda Turuncu Bayrak (Mek\u00e2nda Eri\u015filebilirlik) alm\u0131\u015ft\u0131r.<\/p><p>Fak\u00fcltenin akademik kadrosunda 2025 y\u0131l\u0131nda 20 profes\u00f6r, 12 do\u00e7ent, 15 doktor \u00f6\u011fretim \u00fcyesi, 10 ara\u015ft\u0131rma g\u00f6revlisi, 1 \u00f6\u011fretim g\u00f6revlisi olmak \u00fczere toplam 58 \u00f6\u011fretim eleman\u0131 ve 14 idari personel g\u00f6rev yapmaktad\u0131r.\u00a0<\/p>\t\t\t\t\t\t\t\t<\/div>\n\t\t\t\t<\/div>\n\t\t\t\t\t<\/div>\n\t\t<\/div>\n\t\t\t\t\t<\/div>\n\t\t<\/section>\n\t\t\t\t<\/div>\n\t\t","protected":false},"excerpt":{"rendered":"<p>1Atat\u00fcrk \u00dcniversitesi Hem\u015firelik Fak\u00fcltesi, Atat\u00fcrk \u00dcniversitesi\u2019nin 06 Kas\u0131m 1970 g\u00fcn ve 5582 say\u0131l\u0131 teklifi ve Ba\u015fbakanl\u0131k Devlet Planlama M\u00fcste\u015farl\u0131\u011f\u0131\u2019n\u0131n 04.12.1970 say\u0131l\u0131 olumlu g\u00f6r\u00fc\u015fmeleri do\u011frultusunda \u201cY\u00fcksek Hem\u015firelik Okulu\u201d ad\u0131 ile kurulmu\u015ftur.\u00a0 Y\u00fcksek Hem\u015firelik Okulu\u2019nun ilk m\u00fcd\u00fcr\u00fc Prof. Dr. Sermin Kalayc\u0131\u2019d\u0131r. 1977 y\u0131l\u0131na kadar lisans d\u00fczeyinde fiilen a\u00e7\u0131lamayan okulun b\u00fcnyesinde \u201cHem\u015firelik Y\u00fcksek Okulu Sa\u011fl\u0131k Meslek Lisesi\u201d a\u00e7\u0131lm\u0131\u015f [&hellip;]<\/p>\n","protected":false},"author":426,"featured_media":0,"parent":0,"menu_order":0,"comment_status":"closed","ping_status":"closed","template":"","meta":{"footnotes":""},"class_list":["post-9787","page","type-page","status-publish","hentry"],"_links":{"self":[{"href":"https:\/\/atauni.edu.tr\/hemsirelik-fakultesi\/wp-json\/wp\/v2\/pages\/9787","targetHints":{"allow":["GET"]}}],"collection":[{"href":"https:\/\/atauni.edu.tr\/hemsirelik-fakultesi\/wp-json\/wp\/v2\/pages"}],"about":[{"href":"https:\/\/atauni.edu.tr\/hemsirelik-fakultesi\/wp-json\/wp\/v2\/types\/page"}],"author":[{"embeddable":true,"href":"https:\/\/atauni.edu.tr\/hemsirelik-fakultesi\/wp-json\/wp\/v2\/users\/426"}],"replies":[{"embeddable":true,"href":"https:\/\/atauni.edu.tr\/hemsirelik-fakultesi\/wp-json\/wp\/v2\/comments?post=9787"}],"version-history":[{"count":22,"href":"https:\/\/atauni.edu.tr\/hemsirelik-fakultesi\/wp-json\/wp\/v2\/pages\/9787\/revisions"}],"predecessor-version":[{"id":15597,"href":"https:\/\/atauni.edu.tr\/hemsirelik-fakultesi\/wp-json\/wp\/v2\/pages\/9787\/revisions\/15597"}],"wp:attachment":[{"href":"https:\/\/atauni.edu.tr\/hemsirelik-fakultesi\/wp-json\/wp\/v2\/media?parent=9787"}],"curies":[{"name":"wp","href":"https:\/\/api.w.org\/{rel}","templated":true}]}}