{"id":9905,"date":"2024-12-11T12:26:27","date_gmt":"2024-12-11T09:26:27","guid":{"rendered":"https:\/\/birimler.atauni.edu.tr\/hemsirelik-fakultesi\/?page_id=9905"},"modified":"2026-03-30T16:29:57","modified_gmt":"2026-03-30T13:29:57","slug":"anabilim-dallari-2","status":"publish","type":"page","link":"https:\/\/atauni.edu.tr\/hemsirelik-fakultesi\/anabilim-dallari-2\/","title":{"rendered":"Anabilim Dallar\u0131"},"content":{"rendered":"\t\t<div data-elementor-type=\"wp-page\" data-elementor-id=\"9905\" class=\"elementor elementor-9905\" data-elementor-post-type=\"page\">\n\t\t\t\t\t\t<section class=\"elementor-section elementor-top-section elementor-element elementor-element-c05186d elementor-section-boxed elementor-section-height-default elementor-section-height-default\" data-id=\"c05186d\" data-element_type=\"section\">\n\t\t\t\t\t\t<div class=\"elementor-container elementor-column-gap-default\">\n\t\t\t\t\t<div class=\"elementor-column elementor-col-100 elementor-top-column elementor-element elementor-element-2287947\" data-id=\"2287947\" data-element_type=\"column\">\n\t\t\t<div class=\"elementor-widget-wrap elementor-element-populated\">\n\t\t\t\t\t\t<div class=\"elementor-element elementor-element-db106d5 elementor-widget elementor-widget-toggle\" data-id=\"db106d5\" data-element_type=\"widget\" data-widget_type=\"toggle.default\">\n\t\t\t\t<div class=\"elementor-widget-container\">\n\t\t\t\t\t\t\t<div class=\"elementor-toggle\">\n\t\t\t\t\t\t\t<div class=\"elementor-toggle-item\">\n\t\t\t\t\t<div id=\"elementor-tab-title-2291\" class=\"elementor-tab-title\" data-tab=\"1\" role=\"button\" aria-controls=\"elementor-tab-content-2291\" aria-expanded=\"false\">\n\t\t\t\t\t\t\t\t\t\t\t\t<span class=\"elementor-toggle-icon elementor-toggle-icon-left\" aria-hidden=\"true\">\n\t\t\t\t\t\t\t\t\t\t\t\t\t\t\t<span class=\"elementor-toggle-icon-closed\"><i class=\"fas fa-caret-right\"><\/i><\/span>\n\t\t\t\t\t\t\t\t<span class=\"elementor-toggle-icon-opened\"><i class=\"elementor-toggle-icon-opened fas fa-caret-up\"><\/i><\/span>\n\t\t\t\t\t\t\t\t\t\t\t\t\t<\/span>\n\t\t\t\t\t\t\t\t\t\t\t\t<a class=\"elementor-toggle-title\" tabindex=\"0\">\u0130\u00e7 Hastal\u0131klar\u0131 Hem\u015fireli\u011fi Anabilim Dal\u0131<\/a>\n\t\t\t\t\t<\/div>\n\n\t\t\t\t\t<div id=\"elementor-tab-content-2291\" class=\"elementor-tab-content elementor-clearfix\" data-tab=\"1\" role=\"region\" aria-labelledby=\"elementor-tab-title-2291\"><p><a href=\"https:\/\/avesis.atauni.edu.tr\/mtan\">Prof. Dr. Mehtap TAN (AD Ba\u015fkan\u0131)<\/a><\/p><p><a href=\"https:\/\/avesis.atauni.edu.tr\/emine.kiyak\">Prof. Dr. Emine KIYAK<\/a><\/p><p><a href=\"https:\/\/avesis.atauni.edu.tr\/elanur\">Prof. Dr. Elanur YILMAZ KARABULUTLU<\/a><\/p><p><a href=\"https:\/\/avesis.atauni.edu.tr\/mehtap.kavurmaci\">Prof. Dr. Mehtap KAVURMACI<\/a><\/p><p><a href=\"https:\/\/avesis.atauni.edu.tr\/nbingol\">Prof. Dr. Nuray B\u0130NG\u00d6L\u00a0<\/a><\/p><p><a href=\"https:\/\/avesis.atauni.edu.tr\/haticepolat\">Dr. \u00d6\u011fr. \u00dcyesi Hatice POLAT<\/a><\/p><p><a href=\"https:\/\/avesis.atauni.edu.tr\/seda.karaman\">Dr. \u00d6\u011fr. \u00dcyesi Seda BA\u015eAK\u00a0<\/a><\/p><p><a href=\"https:\/\/avesis.atauni.edu.tr\/yasemin.ciraci\/egitim\">Dr. \u00d6\u011fr. \u00dcyesi Yasemin \u00c7IRACI YA\u015eAR<\/a><\/p><p><a href=\"https:\/\/avesis.atauni.edu.tr\/idris.yildiz\">Ar\u015f. G\u00f6r. Dr. \u0130dris YILDIZ<\/a><\/p><p><a href=\"https:\/\/avesis.atauni.edu.tr\/haticeakkurt\">Ar\u015f. G\u00f6r. Hatice AKKURT<\/a><\/p><\/div>\n\t\t\t\t<\/div>\n\t\t\t\t\t\t\t<div class=\"elementor-toggle-item\">\n\t\t\t\t\t<div id=\"elementor-tab-title-2292\" class=\"elementor-tab-title\" data-tab=\"2\" role=\"button\" aria-controls=\"elementor-tab-content-2292\" aria-expanded=\"false\">\n\t\t\t\t\t\t\t\t\t\t\t\t<span class=\"elementor-toggle-icon elementor-toggle-icon-left\" aria-hidden=\"true\">\n\t\t\t\t\t\t\t\t\t\t\t\t\t\t\t<span class=\"elementor-toggle-icon-closed\"><i class=\"fas fa-caret-right\"><\/i><\/span>\n\t\t\t\t\t\t\t\t<span class=\"elementor-toggle-icon-opened\"><i class=\"elementor-toggle-icon-opened fas fa-caret-up\"><\/i><\/span>\n\t\t\t\t\t\t\t\t\t\t\t\t\t<\/span>\n\t\t\t\t\t\t\t\t\t\t\t\t<a class=\"elementor-toggle-title\" tabindex=\"0\">Cerrahi Hastal\u0131klar Hem\u015fireli\u011fi Anabilim Dal\u0131<\/a>\n\t\t\t\t\t<\/div>\n\n\t\t\t\t\t<div id=\"elementor-tab-content-2292\" class=\"elementor-tab-content elementor-clearfix\" data-tab=\"2\" role=\"region\" aria-labelledby=\"elementor-tab-title-2292\"><p><a href=\"https:\/\/avesis.atauni.edu.tr\/neziha\">Prof. Dr. Neziha KARABULUT (AD Ba\u015fkan\u0131)<\/a><\/p><p><a href=\"https:\/\/avesis.atauni.edu.tr\/nozer\">Prof.Dr. Nadiye \u00d6ZER<\/a><\/p><p><a href=\"https:\/\/avesis.atauni.edu.tr\/zkaraman\">Prof. Dr. Zeynep KARAMAN \u00d6ZL\u00dc<\/a><\/p><p><a href=\"https:\/\/avesis.atauni.edu.tr\/aysegul.cay\">Do\u00e7. Dr. Ay\u015feg\u00fcl YAYLA<\/a><\/p><p><a href=\"https:\/\/avesis.atauni.edu.tr\/vesile.eskici\">Do\u00e7. Dr. Vesile EK\u0130C\u0130 \u0130LG\u0130N<\/a><\/p><p><a href=\"https:\/\/avesis.atauni.edu.tr\/dilek.gurcayir\">Dr. \u00d6\u011fr. \u00dcyesi Dilek G\u00dcR\u00c7AYIR<\/a><\/p><p><a href=\"https:\/\/avesis.atauni.edu.tr\/tulay.yildirim\">Dr. \u00d6\u011fr. \u00dcyesi T\u00fclay KILIN\u00c7<\/a><\/p><p><a href=\"https:\/\/avesis.atauni.edu.tr\/merve.bagdigen\/egitim\">Dr. \u00d6\u011fr. \u00dcyesi Merve KAYA<\/a><\/p><p><a href=\"https:\/\/avesis.atauni.edu.tr\/gamze.bulut\">Ar\u015f. G\u00f6r. Gamze BULUT \u00d6ZL\u00dc<\/a><\/p><p><a href=\"https:\/\/avesis.atauni.edu.tr\/muhammet.muezzinoglu\">Ar\u015f. G\u00f6r. Muhammet M\u00dcEZZ\u0130NO\u011eLU<\/a><\/p><\/div>\n\t\t\t\t<\/div>\n\t\t\t\t\t\t\t<div class=\"elementor-toggle-item\">\n\t\t\t\t\t<div id=\"elementor-tab-title-2293\" class=\"elementor-tab-title\" data-tab=\"3\" role=\"button\" aria-controls=\"elementor-tab-content-2293\" aria-expanded=\"false\">\n\t\t\t\t\t\t\t\t\t\t\t\t<span class=\"elementor-toggle-icon elementor-toggle-icon-left\" aria-hidden=\"true\">\n\t\t\t\t\t\t\t\t\t\t\t\t\t\t\t<span class=\"elementor-toggle-icon-closed\"><i class=\"fas fa-caret-right\"><\/i><\/span>\n\t\t\t\t\t\t\t\t<span class=\"elementor-toggle-icon-opened\"><i class=\"elementor-toggle-icon-opened fas fa-caret-up\"><\/i><\/span>\n\t\t\t\t\t\t\t\t\t\t\t\t\t<\/span>\n\t\t\t\t\t\t\t\t\t\t\t\t<a class=\"elementor-toggle-title\" tabindex=\"0\">\u00c7ocuk Sa\u011fl\u0131\u011f\u0131 ve Hastal\u0131klar\u0131 Hem\u015fireli\u011fi Anabilim Dal\u0131<\/a>\n\t\t\t\t\t<\/div>\n\n\t\t\t\t\t<div id=\"elementor-tab-content-2293\" class=\"elementor-tab-content elementor-clearfix\" data-tab=\"3\" role=\"region\" aria-labelledby=\"elementor-tab-title-2293\"><p><a href=\"https:\/\/avesis.atauni.edu.tr\/fatma.guducutufekci\">Prof. Dr. Fatma G\u00dcD\u00dcC\u00dc T\u00dcFEKC\u0130 (AD Ba\u015fkan\u0131)<\/a><\/p><p><a href=\"https:\/\/avesis.atauni.edu.tr\/fsaban\">Do\u00e7. Dr. Fatma KURUD\u0130REK<\/a><\/p><p><a href=\"https:\/\/avesis.atauni.edu.tr\/arzu.celebi\">Do\u00e7. Dr. Arzu SARIAL\u0130O\u011eLU<\/a><\/p><p><a href=\"https:\/\/avesis.atauni.edu.tr\/t.kadiroglu\">Do\u00e7. Dr. T\u00fcrkan KAD\u0130RO\u011eLU<\/a><\/p><p><a href=\"https:\/\/avesis.atauni.edu.tr\/ekicisumeyye\">Ar\u015f. G\u00f6r. S\u00fcmeyye EK\u0130C\u0130<\/a><\/p><\/div>\n\t\t\t\t<\/div>\n\t\t\t\t\t\t\t<div class=\"elementor-toggle-item\">\n\t\t\t\t\t<div id=\"elementor-tab-title-2294\" class=\"elementor-tab-title\" data-tab=\"4\" role=\"button\" aria-controls=\"elementor-tab-content-2294\" aria-expanded=\"false\">\n\t\t\t\t\t\t\t\t\t\t\t\t<span class=\"elementor-toggle-icon elementor-toggle-icon-left\" aria-hidden=\"true\">\n\t\t\t\t\t\t\t\t\t\t\t\t\t\t\t<span class=\"elementor-toggle-icon-closed\"><i class=\"fas fa-caret-right\"><\/i><\/span>\n\t\t\t\t\t\t\t\t<span class=\"elementor-toggle-icon-opened\"><i class=\"elementor-toggle-icon-opened fas fa-caret-up\"><\/i><\/span>\n\t\t\t\t\t\t\t\t\t\t\t\t\t<\/span>\n\t\t\t\t\t\t\t\t\t\t\t\t<a class=\"elementor-toggle-title\" tabindex=\"0\">Do\u011fum, Kad\u0131n Sa\u011fl\u0131\u011f\u0131 ve Hastal\u0131klar\u0131 Hem\u015fireli\u011fi Anabilim Dal\u0131<\/a>\n\t\t\t\t\t<\/div>\n\n\t\t\t\t\t<div id=\"elementor-tab-content-2294\" class=\"elementor-tab-content elementor-clearfix\" data-tab=\"4\" role=\"region\" aria-labelledby=\"elementor-tab-title-2294\"><p><a href=\"https:\/\/avesis.atauni.edu.tr\/eryilmaz\">Prof. Dr. G\u00fcl\u015fen ERYILMAZ (AD Ba\u015fkan\u0131)<\/a><\/p><p><a href=\"https:\/\/avesis.atauni.edu.tr\/aslisis\">Prof. Dr. Asl\u0131 S\u0130S \u00c7EL\u0130K<\/a><\/p><p><a href=\"https:\/\/avesis.atauni.edu.tr\/aysea\">Do\u00e7. Dr. Ay\u015fe AYDIN<\/a><\/p><p><a href=\"https:\/\/avesis.atauni.edu.tr\/raziye\">\u00d6\u011fr. G\u00f6r. Raziye KALE<\/a><\/p><p><a href=\"https:\/\/avesis.atauni.edu.tr\/fatmao\">Ar\u015f. G\u00f6r. Fatma OCAKO\u011eLU<\/a><\/p><p><a href=\"https:\/\/avesis.atauni.edu.tr\/nisanur.sengul\">Ar\u015f. G\u00f6r. Nisa Nur DEM\u0130RTA\u015e<\/a><\/p><\/div>\n\t\t\t\t<\/div>\n\t\t\t\t\t\t\t<div class=\"elementor-toggle-item\">\n\t\t\t\t\t<div id=\"elementor-tab-title-2295\" class=\"elementor-tab-title\" data-tab=\"5\" role=\"button\" aria-controls=\"elementor-tab-content-2295\" aria-expanded=\"false\">\n\t\t\t\t\t\t\t\t\t\t\t\t<span class=\"elementor-toggle-icon elementor-toggle-icon-left\" aria-hidden=\"true\">\n\t\t\t\t\t\t\t\t\t\t\t\t\t\t\t<span class=\"elementor-toggle-icon-closed\"><i class=\"fas fa-caret-right\"><\/i><\/span>\n\t\t\t\t\t\t\t\t<span class=\"elementor-toggle-icon-opened\"><i class=\"elementor-toggle-icon-opened fas fa-caret-up\"><\/i><\/span>\n\t\t\t\t\t\t\t\t\t\t\t\t\t<\/span>\n\t\t\t\t\t\t\t\t\t\t\t\t<a class=\"elementor-toggle-title\" tabindex=\"0\">Halk Sa\u011fl\u0131\u011f\u0131 Hem\u015fireli\u011fi Anabilim Dal\u0131<\/a>\n\t\t\t\t\t<\/div>\n\n\t\t\t\t\t<div id=\"elementor-tab-content-2295\" class=\"elementor-tab-content elementor-clearfix\" data-tab=\"5\" role=\"region\" aria-labelledby=\"elementor-tab-title-2295\"><p><a href=\"https:\/\/avesis.atauni.edu.tr\/dilekk\">Prof. Dr. Dilek KILI\u00c7\u00a0 (AD Ba\u015fkan\u0131)<\/a>\u00a0\u00a0\u00a0\u00a0\u00a0\u00a0\u00a0\u00a0<\/p><p><a href=\"https:\/\/avesis.atauni.edu.tr\/esra.yildiz\">Prof. Dr. Esra YILDIZ<\/a><\/p><p><a href=\"https:\/\/avesis.atauni.edu.tr\/canturk\">Prof. Dr. Cant\u00fcrk \u00c7APIK<\/a><\/p><p><a href=\"https:\/\/avesis.atauni.edu.tr\/nazli\">Prof. Dr. Nazl\u0131 HACIAL\u0130O\u011eLU<\/a><\/p><p><a href=\"https:\/\/avesis.atauni.edu.tr\/sonayv\">Do\u00e7. Dr. Sonay B\u0130LG\u0130N<\/a><\/p><p><a href=\"https:\/\/avesis.atauni.edu.tr\/hasret\">Do\u00e7. Dr. Hasret YAL\u00c7IN\u00d6Z BAYSAL<\/a><\/p><p><a href=\"https:\/\/avesis.atauni.edu.tr\/nturkoglu\">Dr. \u00d6\u011fr. \u00dcyesi Nihan T\u00dcRKO\u011eLU<\/a><\/p><p><a href=\"https:\/\/avesis.atauni.edu.tr\/suheyla.yarali\">Dr. \u00d6\u011fr. \u00dcyesi S\u00fcheyla YARALI<\/a><\/p><\/div>\n\t\t\t\t<\/div>\n\t\t\t\t\t\t\t<div class=\"elementor-toggle-item\">\n\t\t\t\t\t<div id=\"elementor-tab-title-2296\" class=\"elementor-tab-title\" data-tab=\"6\" role=\"button\" aria-controls=\"elementor-tab-content-2296\" aria-expanded=\"false\">\n\t\t\t\t\t\t\t\t\t\t\t\t<span class=\"elementor-toggle-icon elementor-toggle-icon-left\" aria-hidden=\"true\">\n\t\t\t\t\t\t\t\t\t\t\t\t\t\t\t<span class=\"elementor-toggle-icon-closed\"><i class=\"fas fa-caret-right\"><\/i><\/span>\n\t\t\t\t\t\t\t\t<span class=\"elementor-toggle-icon-opened\"><i class=\"elementor-toggle-icon-opened fas fa-caret-up\"><\/i><\/span>\n\t\t\t\t\t\t\t\t\t\t\t\t\t<\/span>\n\t\t\t\t\t\t\t\t\t\t\t\t<a class=\"elementor-toggle-title\" tabindex=\"0\">Hem\u015firelik Esaslar\u0131 Anabilim Dal\u0131<\/a>\n\t\t\t\t\t<\/div>\n\n\t\t\t\t\t<div id=\"elementor-tab-content-2296\" class=\"elementor-tab-content elementor-clearfix\" data-tab=\"6\" role=\"region\" aria-labelledby=\"elementor-tab-title-2296\"><p><a href=\"https:\/\/avesis.atauni.edu.tr\/reva\">Prof. Dr. Reva BALCI AKPINAR (AD Ba\u015fkan\u0131)<\/a><\/p><p><a href=\"https:\/\/avesis.atauni.edu.tr\/magfiret\">Prof. Dr. Ma\u011ffiret KA\u015eIK\u00c7I<\/a><\/p><p><a href=\"https:\/\/avesis.atauni.edu.tr\/gulaycoban\">Prof. Dr. G\u00fclay \u0130PEK \u00c7OBAN<\/a><\/p><p><a href=\"https:\/\/avesis.atauni.edu.tr\/gulcin.avsar\">Prof. Dr. G\u00fcl\u00e7in AV\u015eAR<\/a><\/p><p><a href=\"https:\/\/avesis.atauni.edu.tr\/afife.yurttas\">Prof. Dr. Afife YURTTA\u015e\u00a0<\/a>\u00a0\u00a0<\/p><p><a href=\"https:\/\/avesis.atauni.edu.tr\/bahar.ciftci\">Do\u00e7. Dr. Bahar \u00c7\u0130FT\u00c7\u0130<\/a><\/p><p><a href=\"https:\/\/avesis.atauni.edu.tr\/meltemsirin\">Dr. \u00d6\u011fr. \u00dcyesi Meltem \u015e\u0130R\u0130N G\u00d6K<\/a><\/p><p><a href=\"https:\/\/avesis.atauni.edu.tr\/esin.kavuran\">Do\u00e7. Dr. Esin KAVURAN<\/a><\/p><p><a href=\"https:\/\/avesis.atauni.edu.tr\/serpil.dedesin\">Dr. \u00d6\u011fr. \u00dcyesi Serpil \u00d6ZCAN<\/a><\/p><p><a href=\"https:\/\/avesis.atauni.edu.tr\/asena.erge\">Dr. \u00d6\u011fr. \u00dcyesi Asena K\u00d6SE<\/a><\/p><p><a href=\"https:\/\/avesis.atauni.edu.tr\/yaprak.baga\">Ar\u015f. G\u00f6r. Yaprak BA\u011eA<\/a><\/p><\/div>\n\t\t\t\t<\/div>\n\t\t\t\t\t\t\t<div class=\"elementor-toggle-item\">\n\t\t\t\t\t<div id=\"elementor-tab-title-2297\" class=\"elementor-tab-title\" data-tab=\"7\" role=\"button\" aria-controls=\"elementor-tab-content-2297\" aria-expanded=\"false\">\n\t\t\t\t\t\t\t\t\t\t\t\t<span class=\"elementor-toggle-icon elementor-toggle-icon-left\" aria-hidden=\"true\">\n\t\t\t\t\t\t\t\t\t\t\t\t\t\t\t<span class=\"elementor-toggle-icon-closed\"><i class=\"fas fa-caret-right\"><\/i><\/span>\n\t\t\t\t\t\t\t\t<span class=\"elementor-toggle-icon-opened\"><i class=\"elementor-toggle-icon-opened fas fa-caret-up\"><\/i><\/span>\n\t\t\t\t\t\t\t\t\t\t\t\t\t<\/span>\n\t\t\t\t\t\t\t\t\t\t\t\t<a class=\"elementor-toggle-title\" tabindex=\"0\">Psikiyatri Hem\u015fireli\u011fi Anabilim Dal\u0131<\/a>\n\t\t\t\t\t<\/div>\n\n\t\t\t\t\t<div id=\"elementor-tab-content-2297\" class=\"elementor-tab-content elementor-clearfix\" data-tab=\"7\" role=\"region\" aria-labelledby=\"elementor-tab-title-2297\"><p><a href=\"https:\/\/avesis.atauni.edu.tr\/elif.gokhan\">Prof. Dr. \u00d6zlem \u015eAH\u0130N ALTUN\u00a0 (AD Ba\u015fkan\u0131)<\/a><\/p><p><a href=\"https:\/\/avesis.atauni.edu.tr\/s.asikarakas\">Prof. Dr. Sibel AS\u0130 KARAKA\u015e <\/a><\/p><p><a href=\"https:\/\/avesis.atauni.edu.tr\/haticedurmaz\">Do\u00e7. Dr. Hatice DURMAZ<\/a><\/p><p><a href=\"https:\/\/avesis.atauni.edu.tr\/kubra.gungormus\">Do\u00e7. Dr. K\u00fcbra G\u00d6KALP<\/a><\/p><p><a href=\"https:\/\/avesis.atauni.edu.tr\/eda.ay\">Dr. \u00d6\u011fr. \u00dcyesi Eda AY<\/a><\/p><p><a href=\"https:\/\/avesis.atauni.edu.tr\/umitayaz\">Ar\u015f. G\u00f6r. \u00dcmit AYAZ<\/a><\/p><\/div>\n\t\t\t\t<\/div>\n\t\t\t\t\t\t\t<div class=\"elementor-toggle-item\">\n\t\t\t\t\t<div id=\"elementor-tab-title-2298\" class=\"elementor-tab-title\" data-tab=\"8\" role=\"button\" aria-controls=\"elementor-tab-content-2298\" aria-expanded=\"false\">\n\t\t\t\t\t\t\t\t\t\t\t\t<span class=\"elementor-toggle-icon elementor-toggle-icon-left\" aria-hidden=\"true\">\n\t\t\t\t\t\t\t\t\t\t\t\t\t\t\t<span class=\"elementor-toggle-icon-closed\"><i class=\"fas fa-caret-right\"><\/i><\/span>\n\t\t\t\t\t\t\t\t<span class=\"elementor-toggle-icon-opened\"><i class=\"elementor-toggle-icon-opened fas fa-caret-up\"><\/i><\/span>\n\t\t\t\t\t\t\t\t\t\t\t\t\t<\/span>\n\t\t\t\t\t\t\t\t\t\t\t\t<a class=\"elementor-toggle-title\" tabindex=\"0\">Hem\u015firelikte Y\u00f6netim Anabilim Dal\u0131<\/a>\n\t\t\t\t\t<\/div>\n\n\t\t\t\t\t<div id=\"elementor-tab-content-2298\" class=\"elementor-tab-content elementor-clearfix\" data-tab=\"8\" role=\"region\" aria-labelledby=\"elementor-tab-title-2298\"><p><a href=\"https:\/\/avesis.atauni.edu.tr\/burcu.alacam\">Dr. \u00d6\u011fr. \u00dcyesi Burcu ALA\u00c7AM (AD Ba\u015fkan\u0131)<\/a><\/p><\/div>\n\t\t\t\t<\/div>\n\t\t\t\t\t\t\t\t<\/div>\n\t\t\t\t\t\t<\/div>\n\t\t\t\t<\/div>\n\t\t\t\t\t<\/div>\n\t\t<\/div>\n\t\t\t\t\t<\/div>\n\t\t<\/section>\n\t\t\t\t<\/div>\n\t\t","protected":false},"excerpt":{"rendered":"<p>\u0130\u00e7 Hastal\u0131klar\u0131 Hem\u015fireli\u011fi Anabilim Dal\u0131 Prof. Dr. Mehtap TAN (AD Ba\u015fkan\u0131) Prof. Dr. Emine KIYAK Prof. Dr. Elanur YILMAZ KARABULUTLU Prof. Dr. Mehtap KAVURMACI Prof. Dr. Nuray B\u0130NG\u00d6L\u00a0 Dr. \u00d6\u011fr. \u00dcyesi Hatice POLAT Dr. \u00d6\u011fr. \u00dcyesi Seda BA\u015eAK\u00a0 Dr. \u00d6\u011fr. \u00dcyesi Yasemin \u00c7IRACI YA\u015eAR Ar\u015f. G\u00f6r. Dr. \u0130dris YILDIZ Ar\u015f. G\u00f6r. Hatice AKKURT Cerrahi Hastal\u0131klar [&hellip;]<\/p>\n","protected":false},"author":426,"featured_media":0,"parent":0,"menu_order":0,"comment_status":"closed","ping_status":"closed","template":"","meta":{"footnotes":""},"class_list":["post-9905","page","type-page","status-publish","hentry"],"_links":{"self":[{"href":"https:\/\/atauni.edu.tr\/hemsirelik-fakultesi\/wp-json\/wp\/v2\/pages\/9905","targetHints":{"allow":["GET"]}}],"collection":[{"href":"https:\/\/atauni.edu.tr\/hemsirelik-fakultesi\/wp-json\/wp\/v2\/pages"}],"about":[{"href":"https:\/\/atauni.edu.tr\/hemsirelik-fakultesi\/wp-json\/wp\/v2\/types\/page"}],"author":[{"embeddable":true,"href":"https:\/\/atauni.edu.tr\/hemsirelik-fakultesi\/wp-json\/wp\/v2\/users\/426"}],"replies":[{"embeddable":true,"href":"https:\/\/atauni.edu.tr\/hemsirelik-fakultesi\/wp-json\/wp\/v2\/comments?post=9905"}],"version-history":[{"count":70,"href":"https:\/\/atauni.edu.tr\/hemsirelik-fakultesi\/wp-json\/wp\/v2\/pages\/9905\/revisions"}],"predecessor-version":[{"id":16722,"href":"https:\/\/atauni.edu.tr\/hemsirelik-fakultesi\/wp-json\/wp\/v2\/pages\/9905\/revisions\/16722"}],"wp:attachment":[{"href":"https:\/\/atauni.edu.tr\/hemsirelik-fakultesi\/wp-json\/wp\/v2\/media?parent=9905"}],"curies":[{"name":"wp","href":"https:\/\/api.w.org\/{rel}","templated":true}]}}