{"id":5682,"date":"2021-07-13T10:10:01","date_gmt":"2021-07-13T07:10:01","guid":{"rendered":"https:\/\/portaltest.atauni.edu.tr\/bilgisayar-muhendisligi\/?page_id=5682"},"modified":"2022-05-09T14:10:45","modified_gmt":"2022-05-09T11:10:45","slug":"misyon-vizyon-ve-temel-degerler","status":"publish","type":"page","link":"https:\/\/atauni.edu.tr\/heykel-bolumu\/misyon-vizyon-ve-temel-degerler\/","title":{"rendered":"Misyon, Vizyon ve Temel De\u011ferler"},"content":{"rendered":"\t\t<div data-elementor-type=\"wp-page\" data-elementor-id=\"5682\" class=\"elementor elementor-5682\" data-elementor-post-type=\"page\">\n\t\t\t\t\t\t<section class=\"elementor-section elementor-top-section elementor-element elementor-element-730d320 elementor-section-boxed elementor-section-height-default elementor-section-height-default\" data-id=\"730d320\" data-element_type=\"section\">\n\t\t\t\t\t\t<div class=\"elementor-container elementor-column-gap-default\">\n\t\t\t\t\t<div class=\"elementor-column elementor-col-100 elementor-top-column elementor-element elementor-element-753d0860\" data-id=\"753d0860\" data-element_type=\"column\">\n\t\t\t<div class=\"elementor-widget-wrap\">\n\t\t\t\t\t\t\t<\/div>\n\t\t<\/div>\n\t\t\t\t\t<\/div>\n\t\t<\/section>\n\t\t\t\t<section class=\"elementor-section elementor-top-section elementor-element elementor-element-9be811a elementor-section-boxed elementor-section-height-default elementor-section-height-default\" data-id=\"9be811a\" data-element_type=\"section\">\n\t\t\t\t\t\t<div class=\"elementor-container elementor-column-gap-default\">\n\t\t\t\t\t<div class=\"elementor-column elementor-col-100 elementor-top-column elementor-element elementor-element-1ed847b7\" data-id=\"1ed847b7\" data-element_type=\"column\">\n\t\t\t<div class=\"elementor-widget-wrap elementor-element-populated\">\n\t\t\t\t\t\t<div class=\"elementor-element elementor-element-4ce0d07f elementor-widget elementor-widget-heading\" data-id=\"4ce0d07f\" data-element_type=\"widget\" data-widget_type=\"heading.default\">\n\t\t\t\t<div class=\"elementor-widget-container\">\n\t\t\t\t\t<h2 class=\"elementor-heading-title elementor-size-default\">Misyon, Vizyon ve Temel De\u011ferler<\/h2>\t\t\t\t<\/div>\n\t\t\t\t<\/div>\n\t\t\t\t<div class=\"elementor-element elementor-element-63260862 elementor-widget-divider--view-line elementor-widget elementor-widget-divider\" data-id=\"63260862\" data-element_type=\"widget\" data-widget_type=\"divider.default\">\n\t\t\t\t<div class=\"elementor-widget-container\">\n\t\t\t\t\t\t\t<div class=\"elementor-divider\">\n\t\t\t<span class=\"elementor-divider-separator\">\n\t\t\t\t\t\t<\/span>\n\t\t<\/div>\n\t\t\t\t\t\t<\/div>\n\t\t\t\t<\/div>\n\t\t\t\t\t<\/div>\n\t\t<\/div>\n\t\t\t\t\t<\/div>\n\t\t<\/section>\n\t\t\t\t<section class=\"elementor-section elementor-top-section elementor-element elementor-element-681db8b elementor-section-boxed elementor-section-height-default elementor-section-height-default\" data-id=\"681db8b\" data-element_type=\"section\">\n\t\t\t\t\t\t<div class=\"elementor-container elementor-column-gap-default\">\n\t\t\t\t\t<div class=\"elementor-column elementor-col-100 elementor-top-column elementor-element elementor-element-ad4dac5\" data-id=\"ad4dac5\" data-element_type=\"column\">\n\t\t\t<div class=\"elementor-widget-wrap elementor-element-populated\">\n\t\t\t\t\t\t<div class=\"elementor-element elementor-element-2f96b3d elementor-widget elementor-widget-text-editor\" data-id=\"2f96b3d\" data-element_type=\"widget\" data-widget_type=\"text-editor.default\">\n\t\t\t\t<div class=\"elementor-widget-container\">\n\t\t\t\t\t\t\t\t\t<div>\n<h2><p class=\"MsoNormal\" style=\"margin: 0cm 0cm 8pt;line-height: 15.693333625793457px;font-size: 11pt;font-family: Calibri, sans-serif;font-weight: normal;text-align: start\"><b><span style=\"font-size: 12pt;line-height: 17.1200008392334px\">V\u0130ZYON<\/span><\/b><\/p><p class=\"MsoNormal\" style=\"margin: 0cm 0cm 8pt;line-height: 15.693333625793457px;font-size: 11pt;font-family: Calibri, sans-serif;font-weight: normal\"><span style=\"font-size: 12pt;line-height: 17.1200008392334px\">H\u0131zla y\u00fckselen ve \u00e7a\u011f\u0131n gereksinimlerine yan\u0131t arayan Atat\u00fcrk \u00dcniversitesi\u2019nin hedefledi\u011fi yeni nesil \u00e7izgiye ula\u015fmak, uluslararas\u0131 sanat anlay\u0131\u015f\u0131n\u0131 e\u011fitim m\u00fcfredat\u0131na entegre etmek, disiplinleraras\u0131 etkile\u015fime a\u00e7\u0131k olmak, heykel b\u00f6l\u00fcm\u00fc olarak sahip olunan vizyondur. Gelecek ad\u0131na hayal kurmak ve \u00fctopyalar \u00fcretmek, ba\u015far\u0131ya odaklanarak hedef sahibi olmak, s\u00fcreci do\u011fru y\u00f6neterek y\u00fckseli\u015f g\u00f6stermek, b\u00f6l\u00fcm \u00f6\u011frencilerinin vizyoner kimliklerinin olu\u015fumunda yol g\u00f6sterici \u00f6\u011fretiler olurken, teorik, sanatsal ve bilimsel \u00e7al\u0131\u015fmalar\u0131n bir arada kurgulanarak sunulmas\u0131, bu s\u00fcre\u00e7te \u00f6\u011frencilerin bireysel geli\u015fimlerine \u00f6nemli katk\u0131lar vermesi beklenmektedir.<\/span><\/p><p class=\"MsoNormal\" style=\"margin: 0cm 0cm 8pt;line-height: 15.693333625793457px;font-size: 11pt;font-family: Calibri, sans-serif;font-weight: normal;text-align: start\"><b><span style=\"font-size: 12pt;line-height: 17.1200008392334px\">M\u0130SYON<\/span><\/b><\/p><p class=\"MsoNormal\" style=\"margin: 0cm 0cm 8pt;line-height: 15.693333625793457px;font-size: 11pt;font-family: Calibri, sans-serif;font-weight: normal\"><span style=\"font-size: 12pt;line-height: 17.1200008392334px\">Mezun olan \u00f6\u011frencilerin geni\u015f \u00e7apl\u0131 \u00fcretim s\u00fcre\u00e7lerinde problem \u00e7\u00f6zme, teknik ve analitik y\u00f6ntemler geli\u015ftirme gibi y\u00f6nlerini g\u00fc\u00e7lendirmi\u015f olmalar\u0131 ve bu ba\u011flamda do\u011fru istihdam alanlar\u0131na y\u00f6nlenebilmeleri, \u00e7a\u011f\u0131n sanat anlay\u0131\u015f\u0131na ayak uydurabilen,&nbsp;&nbsp;dijital ve teknolojik yeniliklere a\u00e7\u0131k \u00fcretimler yaparak ulusal ve uluslararas\u0131 platformda g\u00f6r\u00fcn\u00fcr olmalar\u0131, heykel sanat\u0131n\u0131n pratik&nbsp;&nbsp;ve teorik d\u00fczlemde sahip oldu\u011fu, g\u00f6r\u00fc\u015f, y\u00f6ntem ve tekniklerini i\u015flevsel bir \u015fekilde uygulayabilen birer birey olmalar\u0131 b\u00f6l\u00fcm\u00fcn&nbsp;&nbsp;y\u00fcklendi\u011fi ba\u015fl\u0131ca misyondur.<\/span><\/p><p class=\"MsoNormal\" style=\"margin: 0cm 0cm 8pt;line-height: 15.693333625793457px;font-size: 11pt;font-family: Calibri, sans-serif;font-weight: normal;text-align: start\"><b><span style=\"font-size: 12pt;line-height: 17.1200008392334px\">TEMEL DE\u011eERLER<\/span><\/b><\/p><p class=\"MsoNormal\" style=\"margin: 0cm 0cm 8pt;line-height: 15.693333625793457px;font-size: 11pt;font-family: Calibri, sans-serif;font-weight: normal\"><b><span style=\"font-size: 12pt;line-height: 17.1200008392334px\">F\u0131rsat e\u015fitli\u011fi:&nbsp;<\/span><\/b><span style=\"font-size: 12pt;line-height: 17.1200008392334px\">Heykel b\u00f6l\u00fcm\u00fcnde bir\u00e7ok farkl\u0131 at\u00f6lye bulunmas\u0131na ra\u011fmen b\u00fct\u00fcn \u00f6\u011frenciler e\u015fit imkanlar dahilinde at\u00f6lyelerde bulunan malzemelerden faydalan\u0131rlar. Heykel b\u00f6l\u00fcm\u00fcnde her hoca kendi uzmanl\u0131k alan\u0131 \u00fczerinden at\u00f6lyelerde g\u00f6rev almaktad\u0131r. Heykel b\u00f6l\u00fcm\u00fcn\u00fc kazanan \u00f6\u011frenciler ilk iki y\u0131l modelaj ortak derslikleri ve at\u00f6lyeleri kullan\u0131rken, 3. ve 4. s\u0131n\u0131flarda se\u00e7meli derslerle birlikte t\u00fcm at\u00f6lyeleri ve malzemeleri kullanma imkan\u0131na sahip olurlar. At\u00f6lyelerde \u00f6\u011frenciler bireysel olarak \u00e7al\u0131\u015fmalar\u0131n\u0131 \u00fcretirken ayn\u0131 zamanda kolektif \u00fcretimlerde de yer alabilirler. B\u00fct\u00fcn \u00f6\u011frenciler e\u015fit imkanlar dahilinde at\u00f6lyelerde bulunan malzemelerden faydalanabilirler.<\/span><\/p><p class=\"MsoNormal\" style=\"margin: 0cm 0cm 8pt;line-height: 15.693333625793457px;font-size: 11pt;font-family: Calibri, sans-serif;font-weight: normal\"><b><span style=\"font-size: 12pt;line-height: 17.1200008392334px\">Disiplinleraras\u0131 anlay\u0131\u015f:&nbsp;<\/span><\/b><span style=\"font-size: 12pt;line-height: 17.1200008392334px\">Heykel b\u00f6l\u00fcm\u00fcnde bir\u00e7ok farkl\u0131 se\u00e7meli dersler bulunmaktad\u0131r. Ancak \u00f6\u011frenciler istedi\u011fi dersleri \u00dcniversite Se\u00e7meli Ders Havuzundan da se\u00e7ebilmektedir.&nbsp;<\/span><\/p><p class=\"MsoNormal\" style=\"margin: 0cm 0cm 8pt;line-height: 15.693333625793457px;font-size: 11pt;font-family: Calibri, sans-serif;font-weight: normal\"><b><span style=\"font-size: 12pt;line-height: 17.1200008392334px\">\u00d6zg\u00fcrl\u00fck:&nbsp;<\/span><\/b><span style=\"font-size: 12pt;line-height: 17.1200008392334px\">Heykel b\u00f6l\u00fcm\u00fcnde uygulamal\u0131 derslerde hocalar at\u00f6lyelerde bir\u00e7ok farkl\u0131 teknik g\u00f6sterir. \u00d6\u011frencinin tercih etti\u011fi tekni\u011fe g\u00f6re e\u011fitimi devam eder ve \u00f6\u011frenciler mezuniyet a\u015famas\u0131nda istedi\u011fi \u015fekilde istedi\u011fi teknikle sanatsal \u00e7al\u0131\u015fmalar olu\u015fturup mezun olabilmektedir.<\/span><\/p><p class=\"MsoNormal\" style=\"margin: 0cm 0cm 8pt;line-height: 15.693333625793457px;font-size: 11pt;font-family: Calibri, sans-serif;font-weight: normal\"><b><span style=\"font-size: 12pt;line-height: 17.1200008392334px\">\u00d6\u011frenme odakl\u0131l\u0131k:&nbsp;<\/span><\/b><span style=\"font-size: 12pt;line-height: 17.1200008392334px\">Heykel b\u00f6l\u00fcm\u00fcndeki b\u00fct\u00fcn \u00f6\u011frenciler uygulamal\u0131 e\u011fitimin yan\u0131 s\u0131ra kuramsal derslerde almaktad\u0131rlar. Bu ba\u011flamda hocalar, \u00f6\u011frencilerin s\u00fcre\u00e7lerini hem uygulama hem kuramsal a\u00e7\u0131dan izleyerek kariyer planlamas\u0131na katk\u0131da bulunurlar. \u00d6\u011frenciler mesleki yeterlik kazanabilmeleri i\u00e7in teknik ve malzeme bilgisi uygulamlarla birlikte al\u0131rlar. Ayr\u0131ca at\u00f6lyelerde uygulama e\u011fitimine ba\u011fl\u0131 olarak teknoloji odakl\u0131 dersler arac\u0131l\u0131\u011f\u0131yla \u00f6rnek sanat\u00e7\u0131 ve yap\u0131tlarla g\u00f6rsel deneyim kazan\u0131rlar.<\/span><\/p><p class=\"MsoNormal\" style=\"margin: 0cm 0cm 8pt;line-height: 15.693333625793457px;font-size: 11pt;font-family: Calibri, sans-serif;font-weight: normal\"><b><span style=\"font-size: 12pt;line-height: 17.1200008392334px\">\u00c7a\u011fda\u015f d\u00fczeylilik:&nbsp;<\/span><\/b><span style=\"font-size: 12pt;line-height: 17.1200008392334px\">Heykel b\u00f6l\u00fcm\u00fcnde, \u00f6\u011frencilere \u00e7a\u011fda\u015f d\u00fczeydeki sanat\u00e7\u0131lar\u0131n yap\u0131tlar\u0131, \u00e7a\u011fda\u015f m\u00fczeler ve koleksiyonerler ile ilgili dersler, konu\u015fmalar, seminerler d\u00fczenlenir.&nbsp;<b><\/b><\/span><\/p><p class=\"MsoNormal\" style=\"margin: 0cm 0cm 8pt;line-height: 15.693333625793457px;font-size: 11pt;font-family: Calibri, sans-serif;font-weight: normal\"><b><span style=\"font-size: 12pt;line-height: 17.1200008392334px\">Etik de\u011ferlere ba\u011fl\u0131l\u0131k:&nbsp;<\/span><\/b><span style=\"font-size: 12pt;line-height: 17.1200008392334px\">Heykel b\u00f6l\u00fcm\u00fc \u00f6\u011frenciler, insanlarla kurdu\u011fu bireysel ve toplumsal ili\u015fkilerin temel de\u011ferlerini olu\u015fturmas\u0131nda rol g\u00f6sterirler.<b><\/b><\/span><\/p><p class=\"MsoNormal\" style=\"margin: 0cm 0cm 8pt;line-height: 15.693333625793457px;font-size: 11pt;font-family: Calibri, sans-serif;font-weight: normal;text-align: start\"><b><span style=\"font-size: 12pt;line-height: 17.1200008392334px\">Estetik duyarl\u0131l\u0131k:&nbsp;<\/span><\/b><span style=\"font-size: 12pt;line-height: 17.1200008392334px\">Heykel b\u00f6l\u00fcm\u00fcnde e\u011fitim alan \u00f6\u011frenciler, evrensel de\u011ferlere g\u00f6re estetik duyarl\u0131l\u0131k kazanm\u0131\u015f olurlar.<\/span><\/p><p class=\"MsoNormal\" style=\"margin: 0cm 0cm 8pt;line-height: 15.693333625793457px;font-size: 11pt;font-family: Calibri, sans-serif;font-weight: normal;text-align: start\">&nbsp;<\/p><\/h2><\/div><div>\n<\/div>\t\t\t\t\t\t\t\t<\/div>\n\t\t\t\t<\/div>\n\t\t\t\t\t<\/div>\n\t\t<\/div>\n\t\t\t\t\t<\/div>\n\t\t<\/section>\n\t\t\t\t<\/div>\n\t\t","protected":false},"excerpt":{"rendered":"<p>Misyon, Vizyon ve Temel De\u011ferler V\u0130ZYON H\u0131zla y\u00fckselen ve \u00e7a\u011f\u0131n gereksinimlerine yan\u0131t arayan Atat\u00fcrk \u00dcniversitesi\u2019nin hedefledi\u011fi yeni nesil \u00e7izgiye ula\u015fmak, uluslararas\u0131 sanat anlay\u0131\u015f\u0131n\u0131 e\u011fitim m\u00fcfredat\u0131na entegre etmek, disiplinleraras\u0131 etkile\u015fime a\u00e7\u0131k olmak, heykel b\u00f6l\u00fcm\u00fc olarak sahip olunan vizyondur. Gelecek ad\u0131na hayal kurmak ve \u00fctopyalar \u00fcretmek, ba\u015far\u0131ya odaklanarak hedef sahibi olmak, s\u00fcreci do\u011fru y\u00f6neterek y\u00fckseli\u015f g\u00f6stermek, b\u00f6l\u00fcm [&hellip;]<\/p>\n","protected":false},"author":1,"featured_media":0,"parent":0,"menu_order":0,"comment_status":"closed","ping_status":"closed","template":"elementor_header_footer","meta":{"footnotes":""},"class_list":["post-5682","page","type-page","status-publish","hentry"],"_links":{"self":[{"href":"https:\/\/atauni.edu.tr\/heykel-bolumu\/wp-json\/wp\/v2\/pages\/5682","targetHints":{"allow":["GET"]}}],"collection":[{"href":"https:\/\/atauni.edu.tr\/heykel-bolumu\/wp-json\/wp\/v2\/pages"}],"about":[{"href":"https:\/\/atauni.edu.tr\/heykel-bolumu\/wp-json\/wp\/v2\/types\/page"}],"author":[{"embeddable":true,"href":"https:\/\/atauni.edu.tr\/heykel-bolumu\/wp-json\/wp\/v2\/users\/1"}],"replies":[{"embeddable":true,"href":"https:\/\/atauni.edu.tr\/heykel-bolumu\/wp-json\/wp\/v2\/comments?post=5682"}],"version-history":[{"count":11,"href":"https:\/\/atauni.edu.tr\/heykel-bolumu\/wp-json\/wp\/v2\/pages\/5682\/revisions"}],"predecessor-version":[{"id":6198,"href":"https:\/\/atauni.edu.tr\/heykel-bolumu\/wp-json\/wp\/v2\/pages\/5682\/revisions\/6198"}],"wp:attachment":[{"href":"https:\/\/atauni.edu.tr\/heykel-bolumu\/wp-json\/wp\/v2\/media?parent=5682"}],"curies":[{"name":"wp","href":"https:\/\/api.w.org\/{rel}","templated":true}]}}