{"id":5728,"date":"2021-07-13T11:33:38","date_gmt":"2021-07-13T08:33:38","guid":{"rendered":"https:\/\/portaltest.atauni.edu.tr\/bilgisayar-muhendisligi\/?page_id=5728"},"modified":"2021-08-27T15:49:46","modified_gmt":"2021-08-27T12:49:46","slug":"bolum-tanitimi","status":"publish","type":"page","link":"https:\/\/atauni.edu.tr\/heykel-bolumu\/bolum-tanitimi\/","title":{"rendered":"B\u00f6l\u00fcm Tan\u0131t\u0131m\u0131"},"content":{"rendered":"\t\t<div data-elementor-type=\"wp-page\" data-elementor-id=\"5728\" class=\"elementor elementor-5728\" data-elementor-post-type=\"page\">\n\t\t\t\t\t\t<section class=\"elementor-section elementor-top-section elementor-element elementor-element-730d320 elementor-section-boxed elementor-section-height-default elementor-section-height-default\" data-id=\"730d320\" data-element_type=\"section\">\n\t\t\t\t\t\t<div class=\"elementor-container elementor-column-gap-default\">\n\t\t\t\t\t<div class=\"elementor-column elementor-col-100 elementor-top-column elementor-element elementor-element-753d0860\" data-id=\"753d0860\" data-element_type=\"column\">\n\t\t\t<div class=\"elementor-widget-wrap\">\n\t\t\t\t\t\t\t<\/div>\n\t\t<\/div>\n\t\t\t\t\t<\/div>\n\t\t<\/section>\n\t\t\t\t<section class=\"elementor-section elementor-top-section elementor-element elementor-element-9be811a elementor-section-boxed elementor-section-height-default elementor-section-height-default\" data-id=\"9be811a\" data-element_type=\"section\">\n\t\t\t\t\t\t<div class=\"elementor-container elementor-column-gap-default\">\n\t\t\t\t\t<div class=\"elementor-column elementor-col-100 elementor-top-column elementor-element elementor-element-1ed847b7\" data-id=\"1ed847b7\" data-element_type=\"column\">\n\t\t\t<div class=\"elementor-widget-wrap elementor-element-populated\">\n\t\t\t\t\t\t<div class=\"elementor-element elementor-element-4ce0d07f elementor-widget elementor-widget-heading\" data-id=\"4ce0d07f\" data-element_type=\"widget\" data-widget_type=\"heading.default\">\n\t\t\t\t<div class=\"elementor-widget-container\">\n\t\t\t\t\t<h2 class=\"elementor-heading-title elementor-size-default\">B\u00f6l\u00fcm Tan\u0131t\u0131m\u0131<\/h2>\t\t\t\t<\/div>\n\t\t\t\t<\/div>\n\t\t\t\t<div class=\"elementor-element elementor-element-63260862 elementor-widget-divider--view-line elementor-widget elementor-widget-divider\" data-id=\"63260862\" data-element_type=\"widget\" data-widget_type=\"divider.default\">\n\t\t\t\t<div class=\"elementor-widget-container\">\n\t\t\t\t\t\t\t<div class=\"elementor-divider\">\n\t\t\t<span class=\"elementor-divider-separator\">\n\t\t\t\t\t\t<\/span>\n\t\t<\/div>\n\t\t\t\t\t\t<\/div>\n\t\t\t\t<\/div>\n\t\t\t\t\t<\/div>\n\t\t<\/div>\n\t\t\t\t\t<\/div>\n\t\t<\/section>\n\t\t\t\t<section class=\"elementor-section elementor-top-section elementor-element elementor-element-681db8b elementor-section-boxed elementor-section-height-default elementor-section-height-default\" data-id=\"681db8b\" data-element_type=\"section\">\n\t\t\t\t\t\t<div class=\"elementor-container elementor-column-gap-default\">\n\t\t\t\t\t<div class=\"elementor-column elementor-col-100 elementor-top-column elementor-element elementor-element-ad4dac5\" data-id=\"ad4dac5\" data-element_type=\"column\">\n\t\t\t<div class=\"elementor-widget-wrap elementor-element-populated\">\n\t\t\t\t\t\t<div class=\"elementor-element elementor-element-2f96b3d elementor-widget elementor-widget-text-editor\" data-id=\"2f96b3d\" data-element_type=\"widget\" data-widget_type=\"text-editor.default\">\n\t\t\t\t<div class=\"elementor-widget-container\">\n\t\t\t\t\t\t\t\t\t<p>Atat\u00fcrk \u00dcniversitesi Heykel B\u00f6l\u00fcm\u00fc, sanat e\u011fitimi alan\u0131ndaki \u00f6nemli kurumlar\u0131ndan biridir. Bu b\u00f6l\u00fcm, \u00f6\u011frencilere heykel sanat\u0131n\u0131n temel prensiplerini ve tekniklerini \u00f6\u011fretmeyi ama\u00e7lar.<\/p>\n<p>B\u00f6l\u00fcm\u00fcn amac\u0131, \u00f6\u011frencilerin yarat\u0131c\u0131 yeteneklerini geli\u015ftirmeleri ve kendi \u00f6zg\u00fcn stilelerini ortaya koymalar\u0131na yard\u0131mc\u0131 olmakt\u0131r. \u00d6\u011frenciler, \u00e7e\u015fitli malzemelerle \u00e7al\u0131\u015farak farkl\u0131 heykel t\u00fcrlerini deneyimleme f\u0131rsat\u0131 bulurlar.<\/p>\n<p>Heykel B\u00f6l\u00fcm\u00fc, \u00f6\u011frencilere sanat tarihi, estetik ve sanat teorisi gibi konularda da e\u011fitim verir. Bu sayede, \u00f6\u011frenciler sadece teknik becerileri de\u011fil, ayn\u0131 zamanda sanatsal bir anlay\u0131\u015f ve kritik d\u00fc\u015f\u00fcnme yetene\u011fi kazanarak mezun olurlar.<\/p>\n<p>B\u00f6l\u00fcm\u00fcn e\u011fitimi, teorik ve pratik bilgilerin dengeli bir \u015fekilde verilmesini hedefler. \u00d6\u011frenciler, at\u00f6lye \u00e7al\u0131\u015fmalar\u0131 ve projelerle birlikte, sanat\u0131n \u00e7e\u015fitli disiplinlerini ke\u015ffetme f\u0131rsat\u0131 bulurlar.<\/p>\n<p>Atat\u00fcrk \u00dcniversitesi Heykel B\u00f6l\u00fcm\u00fc, mezunlar\u0131n\u0131n sanat camias\u0131nda \u00f6nemli bir yere sahip olmas\u0131n\u0131 ama\u00e7lar. B\u00f6l\u00fcm\u00fcn mezunlar\u0131, kendi sanatlar\u0131n\u0131 geli\u015ftirmeye devam ederken, ayn\u0131 zamanda e\u011fitim ve \u00f6\u011fretim alanlar\u0131nda da aktif olarak yer alabilirler.<\/p>\t\t\t\t\t\t\t\t<\/div>\n\t\t\t\t<\/div>\n\t\t\t\t\t<\/div>\n\t\t<\/div>\n\t\t\t\t\t<\/div>\n\t\t<\/section>\n\t\t\t\t<\/div>\n\t\t","protected":false},"excerpt":{"rendered":"<p>**Heykel B\u00f6l\u00fcm\u00fc Tan\u0131t\u0131m\u0131** Sanat\u0131n farkl\u0131 disiplinlerini ke\u015ffetmek isteyen \u00f6\u011frenciler i\u00e7in Heykel B\u00f6l\u00fcm\u00fc, yarat\u0131c\u0131 potansiyellerini geli\u015ftirmek ad\u0131na ideal bir oportunite sunar. B\u00f6l\u00fcm\u00fcm\u00fcz, \u00f6\u011frencilere heykelsel sanat\u0131n temel prensiplerinden modern tekniklere kadar geni\u015f bir yelpazede e\u011fitim verir. Heykel Sanat\u0131n\u0131n Temel \u0130lkeleri Heykel B\u00f6l\u00fcm\u00fc, \u00f6\u011frencilerin sanat\u0131n temel ilkelerini \u00f6\u011frenerek yarat\u0131c\u0131 s\u00fcrecin her a\u015famas\u0131nda kendilerini geli\u015ftirmelerine yard\u0131mc\u0131 olur. Ana konular [&hellip;]<\/p>\n","protected":false},"author":1,"featured_media":0,"parent":0,"menu_order":0,"comment_status":"closed","ping_status":"closed","template":"elementor_header_footer","meta":{"footnotes":""},"class_list":["post-5728","page","type-page","status-publish","hentry"],"_links":{"self":[{"href":"https:\/\/atauni.edu.tr\/heykel-bolumu\/wp-json\/wp\/v2\/pages\/5728","targetHints":{"allow":["GET"]}}],"collection":[{"href":"https:\/\/atauni.edu.tr\/heykel-bolumu\/wp-json\/wp\/v2\/pages"}],"about":[{"href":"https:\/\/atauni.edu.tr\/heykel-bolumu\/wp-json\/wp\/v2\/types\/page"}],"author":[{"embeddable":true,"href":"https:\/\/atauni.edu.tr\/heykel-bolumu\/wp-json\/wp\/v2\/users\/1"}],"replies":[{"embeddable":true,"href":"https:\/\/atauni.edu.tr\/heykel-bolumu\/wp-json\/wp\/v2\/comments?post=5728"}],"version-history":[{"count":8,"href":"https:\/\/atauni.edu.tr\/heykel-bolumu\/wp-json\/wp\/v2\/pages\/5728\/revisions"}],"predecessor-version":[{"id":6100,"href":"https:\/\/atauni.edu.tr\/heykel-bolumu\/wp-json\/wp\/v2\/pages\/5728\/revisions\/6100"}],"wp:attachment":[{"href":"https:\/\/atauni.edu.tr\/heykel-bolumu\/wp-json\/wp\/v2\/media?parent=5728"}],"curies":[{"name":"wp","href":"https:\/\/api.w.org\/{rel}","templated":true}]}}