{"id":5734,"date":"2021-07-13T11:37:45","date_gmt":"2021-07-13T08:37:45","guid":{"rendered":"https:\/\/portaltest.atauni.edu.tr\/bilgisayar-muhendisligi\/?page_id=5734"},"modified":"2021-08-27T15:50:14","modified_gmt":"2021-08-27T12:50:14","slug":"ogrenci-deneyimi","status":"publish","type":"page","link":"https:\/\/atauni.edu.tr\/heykel-bolumu\/ogrenci-deneyimi\/","title":{"rendered":"\u00d6\u011frenci Deneyimi"},"content":{"rendered":"\t\t<div data-elementor-type=\"wp-page\" data-elementor-id=\"5734\" class=\"elementor elementor-5734\" data-elementor-post-type=\"page\">\n\t\t\t\t\t\t<section class=\"elementor-section elementor-top-section elementor-element elementor-element-730d320 elementor-section-boxed elementor-section-height-default elementor-section-height-default\" data-id=\"730d320\" data-element_type=\"section\">\n\t\t\t\t\t\t<div class=\"elementor-container elementor-column-gap-default\">\n\t\t\t\t\t<div class=\"elementor-column elementor-col-100 elementor-top-column elementor-element elementor-element-753d0860\" data-id=\"753d0860\" data-element_type=\"column\">\n\t\t\t<div class=\"elementor-widget-wrap\">\n\t\t\t\t\t\t\t<\/div>\n\t\t<\/div>\n\t\t\t\t\t<\/div>\n\t\t<\/section>\n\t\t\t\t<section class=\"elementor-section elementor-top-section elementor-element elementor-element-9be811a elementor-section-boxed elementor-section-height-default elementor-section-height-default\" data-id=\"9be811a\" data-element_type=\"section\">\n\t\t\t\t\t\t<div class=\"elementor-container elementor-column-gap-default\">\n\t\t\t\t\t<div class=\"elementor-column elementor-col-100 elementor-top-column elementor-element elementor-element-1ed847b7\" data-id=\"1ed847b7\" data-element_type=\"column\">\n\t\t\t<div class=\"elementor-widget-wrap elementor-element-populated\">\n\t\t\t\t\t\t<div class=\"elementor-element elementor-element-4ce0d07f elementor-widget elementor-widget-heading\" data-id=\"4ce0d07f\" data-element_type=\"widget\" data-widget_type=\"heading.default\">\n\t\t\t\t<div class=\"elementor-widget-container\">\n\t\t\t\t\t<h2 class=\"elementor-heading-title elementor-size-default\">\u00d6\u011frenci Deneyimi<\/h2>\t\t\t\t<\/div>\n\t\t\t\t<\/div>\n\t\t\t\t<div class=\"elementor-element elementor-element-63260862 elementor-widget-divider--view-line elementor-widget elementor-widget-divider\" data-id=\"63260862\" data-element_type=\"widget\" data-widget_type=\"divider.default\">\n\t\t\t\t<div class=\"elementor-widget-container\">\n\t\t\t\t\t\t\t<div class=\"elementor-divider\">\n\t\t\t<span class=\"elementor-divider-separator\">\n\t\t\t\t\t\t<\/span>\n\t\t<\/div>\n\t\t\t\t\t\t<\/div>\n\t\t\t\t<\/div>\n\t\t\t\t\t<\/div>\n\t\t<\/div>\n\t\t\t\t\t<\/div>\n\t\t<\/section>\n\t\t\t\t<section class=\"elementor-section elementor-top-section elementor-element elementor-element-4debb41 elementor-section-boxed elementor-section-height-default elementor-section-height-default\" data-id=\"4debb41\" data-element_type=\"section\">\n\t\t\t\t\t\t<div class=\"elementor-container elementor-column-gap-default\">\n\t\t\t\t\t<div class=\"elementor-column elementor-col-100 elementor-top-column elementor-element elementor-element-28420b1\" data-id=\"28420b1\" data-element_type=\"column\">\n\t\t\t<div class=\"elementor-widget-wrap elementor-element-populated\">\n\t\t\t\t\t\t<div class=\"elementor-element elementor-element-e007b90 elementor-widget elementor-widget-ova_testimonial\" data-id=\"e007b90\" data-element_type=\"widget\" data-settings=\"{&quot;pause_on_hover&quot;:&quot;yes&quot;,&quot;infinite&quot;:&quot;yes&quot;,&quot;autoplay&quot;:&quot;yes&quot;,&quot;autoplay_speed&quot;:3000,&quot;dot_control&quot;:&quot;yes&quot;}\" data-widget_type=\"ova_testimonial.default\">\n\t\t\t\t<div class=\"elementor-widget-container\">\n\t\t\t\t\t\n\t\t\n\t\t\t<section class=\"ova-testimonial \">\n\t\t\t\t<div class=\"slide-testimonials owl-carousel owl-theme\" data-options=\"{&quot;items&quot;:3,&quot;slideBy&quot;:1,&quot;margin&quot;:30,&quot;autoplayHoverPause&quot;:true,&quot;loop&quot;:true,&quot;autoplay&quot;:true,&quot;autoplayTimeout&quot;:3000,&quot;smartSpeed&quot;:500,&quot;dots&quot;:true}\">\n\t\t\t\t\t\t\t\t\t\t\t<div class=\"item\">\n\t\t\t\t\t\t\t<div class=\"client_info\">\n\t\t\t\t\t\t\t\t\t\t\t\t\t\t\t\t\t<p class=\"evaluate\">Atat\u00fcrk \u00dcniversitesi Heykel B\u00f6l\u00fcm\u00fc \u00f6\u011frencileri, e\u011fitim s\u00fcre\u00e7lerinde \u00e7e\u015fitli deneyimler kazanma f\u0131rsat\u0131na sahip olurlar. Bu deneyimler, \u00f6\u011frencilerin hem sanat\u00e7\u0131 hem de birey olarak geli\u015fimlerini destekler. \u00d6\u011frenciler, heykel sanat\u0131n\u0131n temel ilkelerini \u00f6\u011frenirken ayn\u0131 zamanda yarat\u0131c\u0131l\u0131klar\u0131n\u0131 geli\u015ftirerek \u00f6zg\u00fcn eserlere imza atarlar.\n\nB\u00f6l\u00fcm\u00fcn tecr\u00fcbeli akademik kadrosu, \u00f6\u011frencilere birebir rehberlik ederek onlar\u0131n yeteneklerini ke\u015ffetmelerine ve geli\u015ftirmelerine yard\u0131mc\u0131 olur. \u00d6\u011frenciler, st\u00fcdyo \u00e7al\u0131\u015fmalar\u0131 boyunca farkl\u0131 teknikler ve malzemelerle deney yapma f\u0131rsat\u0131 bulurlar. Bu s\u00fcre\u00e7te, sanat tarihi ve teorisi gibi konularda da derinlemesine bilgi sahibi olurlar.\n\n\u00d6\u011frenci deneyimini zenginle\u015ftiren di\u011fer bir y\u00f6n, b\u00f6l\u00fcm\u00fcn organizasyonlar\u0131nda aktif olarak rol almakt\u0131r. Sergiler, at\u00f6lye \u00e7al\u0131\u015fmalar\u0131 ve sanat etkinlikleri gibi faaliyetler, \u00f6\u011frencilere hem kendi\u4f5c\u54c1lerini sergileme hem de di\u011fer sanat\u00e7\u0131larla etkile\u015fim kurma f\u0131rsat\u0131 tan\u0131r. Bu t\u00fcr aktiviteler, \u00f6\u011frencilerin network olu\u015fturma becerilerini geli\u015ftirir ve kendilerini daha geni\u015f bir sanat ortam\u0131nda ifade etmelerine olanak sa\u011flar.\n\nAtat\u00fcrk \u00dcniversitesi Heykel B\u00f6l\u00fcm\u00fc, \u00f6\u011frencilere sadece teknik bilgi de\u011fil, ayn\u0131 zamanda sanat\u0131n felsefi ve k\u00fclt\u00fcrel boyutlar\u0131 hakk\u0131nda da fark\u0131ndal\u0131k kazand\u0131r\u0131r. Bu yakla\u015f\u0131m, mezunlar\u0131n yaln\u0131zca yetenekli heykelt\u0131ra\u015flar olarak de\u011fil, ayn\u0131 zamanda d\u00fc\u015f\u00fcnen, sorgulayan ve yarat\u0131c\u0131 bireyler olarak yeti\u015fmelerini sa\u011flar.<\/p>\n\t\t\t\t\t\t\t\t\n\t\t\t\t\t\t\t\t<div class=\"info\">\n\t\t\t\t\t\t\t\t\t\t\t\t\t\t\t\t\t\t<div class=\"name-job\">\n\t\t\t\t\t\t\t\t\t\t\t\t\t\t\t\t\t\t\t\t\t<p class=\"name second_font\">Atat\u00fcrk \u00dcniversitesi Heykel B\u00f6l\u00fcm\u00fc \u00f6\u011frencileri, e\u011fitim s\u00fcre\u00e7lerinde \u00e7e\u015fitli deneyimler kazanma f\u0131rsat\u0131na sahip olurlar. Bu deneyimler, \u00f6\u011frencilerin hem sanat\u00e7\u0131 hem de birey olarak geli\u015fimlerini destekler. \u00d6\u011frenciler, heykel sanat\u0131n\u0131n temel ilkelerini \u00f6\u011frenirken ayn\u0131 zamanda yarat\u0131c\u0131l\u0131klar\u0131n\u0131 geli\u015ftirerek \u00f6zg\u00fcn eserlere imza atarlar.\n\nB\u00f6l\u00fcm\u00fcn tecr\u00fcbeli akademik kadrosu, \u00f6\u011frencilere birebir rehberlik ederek onlar\u0131n yeteneklerini ke\u015ffetmelerine ve geli\u015ftirmelerine yard\u0131mc\u0131 olur. \u00d6\u011frenciler, st\u00fcdyo \u00e7al\u0131\u015fmalar\u0131 boyunca farkl\u0131 teknikler ve malzemelerle deney yapma f\u0131rsat\u0131 bulurlar. Bu s\u00fcre\u00e7te, sanat tarihi ve teorisi gibi konularda da derinlemesine bilgi sahibi olurlar.\n\n\u00d6\u011frenci deneyimini zenginle\u015ftiren di\u011fer bir y\u00f6n, b\u00f6l\u00fcm\u00fcn organizasyonlar\u0131nda aktif olarak rol almakt\u0131r. Sergiler, at\u00f6lye \u00e7al\u0131\u015fmalar\u0131 ve sanat etkinlikleri gibi faaliyetler, \u00f6\u011frencilere hem kendi\u4f5c\u54c1lerini sergileme hem de di\u011fer sanat\u00e7\u0131larla etkile\u015fim kurma f\u0131rsat\u0131 tan\u0131r. Bu t\u00fcr aktiviteler, \u00f6\u011frencilerin network olu\u015fturma becerilerini geli\u015ftirir ve kendilerini daha geni\u015f bir sanat ortam\u0131nda ifade etmelerine olanak sa\u011flar.\n\nAtat\u00fcrk \u00dcniversitesi Heykel B\u00f6l\u00fcm\u00fc, \u00f6\u011frencilere sadece teknik bilgi de\u011fil, ayn\u0131 zamanda sanat\u0131n felsefi ve k\u00fclt\u00fcrel boyutlar\u0131 hakk\u0131nda da fark\u0131ndal\u0131k kazand\u0131r\u0131r. Bu yakla\u015f\u0131m, mezunlar\u0131n yaln\u0131zca yetenekli heykelt\u0131ra\u015flar olarak de\u011fil, ayn\u0131 zamanda d\u00fc\u015f\u00fcnen, sorgulayan ve yarat\u0131c\u0131 bireyler olarak yeti\u015fmelerini sa\u011flar.<\/p>\n\t\t\t\t\t\t\t\t\t\t\t\t\t\t\t\t\t\t\t\t\t\t\t\t\t\t\t\t\t\t\t<p class=\"job\">Atat\u00fcrk \u00dcniversitesi Heykel B\u00f6l\u00fcm\u00fc \u00f6\u011frencileri, e\u011fitim s\u00fcre\u00e7lerinde \u00e7e\u015fitli deneyimler kazanma f\u0131rsat\u0131na sahip olurlar. Bu deneyimler, \u00f6\u011frencilerin hem sanat\u00e7\u0131 hem de birey olarak geli\u015fimlerini destekler. \u00d6\u011frenciler, heykel sanat\u0131n\u0131n temel ilkelerini \u00f6\u011frenirken ayn\u0131 zamanda yarat\u0131c\u0131l\u0131klar\u0131n\u0131 geli\u015ftirerek \u00f6zg\u00fcn eserlere imza atarlar.\n\nB\u00f6l\u00fcm\u00fcn tecr\u00fcbeli akademik kadrosu, \u00f6\u011frencilere birebir rehberlik ederek onlar\u0131n yeteneklerini ke\u015ffetmelerine ve geli\u015ftirmelerine yard\u0131mc\u0131 olur. \u00d6\u011frenciler, st\u00fcdyo \u00e7al\u0131\u015fmalar\u0131 boyunca farkl\u0131 teknikler ve malzemelerle deney yapma f\u0131rsat\u0131 bulurlar. Bu s\u00fcre\u00e7te, sanat tarihi ve teorisi gibi konularda da derinlemesine bilgi sahibi olurlar.\n\n\u00d6\u011frenci deneyimini zenginle\u015ftiren di\u011fer bir y\u00f6n, b\u00f6l\u00fcm\u00fcn organizasyonlar\u0131nda aktif olarak rol almakt\u0131r. Sergiler, at\u00f6lye \u00e7al\u0131\u015fmalar\u0131 ve sanat etkinlikleri gibi faaliyetler, \u00f6\u011frencilere hem kendi\u4f5c\u54c1lerini sergileme hem de di\u011fer sanat\u00e7\u0131larla etkile\u015fim kurma f\u0131rsat\u0131 tan\u0131r. Bu t\u00fcr aktiviteler, \u00f6\u011frencilerin network olu\u015fturma becerilerini geli\u015ftirir ve kendilerini daha geni\u015f bir sanat ortam\u0131nda ifade etmelerine olanak sa\u011flar.\n\nAtat\u00fcrk \u00dcniversitesi Heykel B\u00f6l\u00fcm\u00fc, \u00f6\u011frencilere sadece teknik bilgi de\u011fil, ayn\u0131 zamanda sanat\u0131n felsefi ve k\u00fclt\u00fcrel boyutlar\u0131 hakk\u0131nda da fark\u0131ndal\u0131k kazand\u0131r\u0131r. Bu yakla\u015f\u0131m, mezunlar\u0131n yaln\u0131zca yetenekli heykelt\u0131ra\u015flar olarak de\u011fil, ayn\u0131 zamanda d\u00fc\u015f\u00fcnen, sorgulayan ve yarat\u0131c\u0131 bireyler olarak yeti\u015fmelerini sa\u011flar.<\/p>\n\t\t\t\t\t\t\t\t\t\t\t\t\t\t\t\t\t\t\t<\/div>\n\t\t\t\t\t\t\t\t<\/div>\n\t\t\t\t\t\t\t\t\n\t\t\t\t\t\t\t\t\t\t\t\t\t\t\t\t\t<div class=\"icon-quote\">\n\t\t\t\t\t\t\t\t\t\t<span class=\"flaticon-left-quote-1\"><\/span>\n\t\t\t\t\t\t\t\t\t<\/div>\n\t\t\t\t\t\t\t\t\t\t\t\t\t\t\t<\/div>\n\t\t\t\t\t\t<\/div>\n\t\t\t\t\t\t\t\t\t<\/div>\n\t\t\t<\/section>\n\n\t\t\t\t\n\t\t\t\t\t\t<\/div>\n\t\t\t\t<\/div>\n\t\t\t\t\t<\/div>\n\t\t<\/div>\n\t\t\t\t\t<\/div>\n\t\t<\/section>\n\t\t\t\t<\/div>\n\t\t","protected":false},"excerpt":{"rendered":"<p>**\u00d6\u011frenci Deneyimi** Heykel B\u00f6l\u00fcm\u00fcm\u00fczde \u00f6\u011frencilerin yarat\u0131c\u0131 yeteneklerini ke\u015ffetmeleri ve geli\u015ftirmeleri i\u00e7in ideal bir ortam sunuyoruz. \u00d6\u011frencilerimiz, profesyonel e\u011fitmenlerin rehberli\u011finde heykelt\u0131ra\u015fl\u0131k sanat\u0131n\u0131n temel prensiplerini \u00f6\u011frenirken ayn\u0131 zamanda ki\u015fisel projelerini ger\u00e7ekle\u015ftirebilecekleri bir platforma sahipler. **Sanatsal Geli\u015fim** \u00d6\u011frenci deneyimi bizim i\u00e7in \u00e7ok \u00f6nemlidir. Bu nedenle, \u00f6\u011frencilerin-sanatsal growth ve geli\u015fimlerini desteklemek i\u00e7in \u00e7e\u015fitli aktiviteler d\u00fczenleriz. At\u00f6lye \u00e7al\u0131\u015fmalar\u0131, sanat tarihi [&hellip;]<\/p>\n","protected":false},"author":1,"featured_media":0,"parent":0,"menu_order":0,"comment_status":"closed","ping_status":"closed","template":"elementor_header_footer","meta":{"footnotes":""},"class_list":["post-5734","page","type-page","status-publish","hentry"],"_links":{"self":[{"href":"https:\/\/atauni.edu.tr\/heykel-bolumu\/wp-json\/wp\/v2\/pages\/5734","targetHints":{"allow":["GET"]}}],"collection":[{"href":"https:\/\/atauni.edu.tr\/heykel-bolumu\/wp-json\/wp\/v2\/pages"}],"about":[{"href":"https:\/\/atauni.edu.tr\/heykel-bolumu\/wp-json\/wp\/v2\/types\/page"}],"author":[{"embeddable":true,"href":"https:\/\/atauni.edu.tr\/heykel-bolumu\/wp-json\/wp\/v2\/users\/1"}],"replies":[{"embeddable":true,"href":"https:\/\/atauni.edu.tr\/heykel-bolumu\/wp-json\/wp\/v2\/comments?post=5734"}],"version-history":[{"count":20,"href":"https:\/\/atauni.edu.tr\/heykel-bolumu\/wp-json\/wp\/v2\/pages\/5734\/revisions"}],"predecessor-version":[{"id":6103,"href":"https:\/\/atauni.edu.tr\/heykel-bolumu\/wp-json\/wp\/v2\/pages\/5734\/revisions\/6103"}],"wp:attachment":[{"href":"https:\/\/atauni.edu.tr\/heykel-bolumu\/wp-json\/wp\/v2\/media?parent=5734"}],"curies":[{"name":"wp","href":"https:\/\/api.w.org\/{rel}","templated":true}]}}