{"id":5751,"date":"2021-07-13T12:50:27","date_gmt":"2021-07-13T09:50:27","guid":{"rendered":"https:\/\/portaltest.atauni.edu.tr\/bilgisayar-muhendisligi\/?page_id=5751"},"modified":"2021-08-27T15:49:39","modified_gmt":"2021-08-27T12:49:39","slug":"lisansustu-ders-listesi","status":"publish","type":"page","link":"https:\/\/atauni.edu.tr\/heykel-bolumu\/lisansustu-ders-listesi\/","title":{"rendered":"Ders Listesi"},"content":{"rendered":"\t\t<div data-elementor-type=\"wp-page\" data-elementor-id=\"5751\" class=\"elementor elementor-5751\" data-elementor-post-type=\"page\">\n\t\t\t\t\t\t<section class=\"elementor-section elementor-top-section elementor-element elementor-element-730d320 elementor-section-boxed elementor-section-height-default elementor-section-height-default\" data-id=\"730d320\" data-element_type=\"section\">\n\t\t\t\t\t\t<div class=\"elementor-container elementor-column-gap-default\">\n\t\t\t\t\t<div class=\"elementor-column elementor-col-100 elementor-top-column elementor-element elementor-element-753d0860\" data-id=\"753d0860\" data-element_type=\"column\">\n\t\t\t<div class=\"elementor-widget-wrap\">\n\t\t\t\t\t\t\t<\/div>\n\t\t<\/div>\n\t\t\t\t\t<\/div>\n\t\t<\/section>\n\t\t\t\t<section class=\"elementor-section elementor-top-section elementor-element elementor-element-9be811a elementor-section-boxed elementor-section-height-default elementor-section-height-default\" data-id=\"9be811a\" data-element_type=\"section\">\n\t\t\t\t\t\t<div class=\"elementor-container elementor-column-gap-default\">\n\t\t\t\t\t<div class=\"elementor-column elementor-col-100 elementor-top-column elementor-element elementor-element-1ed847b7\" data-id=\"1ed847b7\" data-element_type=\"column\">\n\t\t\t<div class=\"elementor-widget-wrap elementor-element-populated\">\n\t\t\t\t\t\t<div class=\"elementor-element elementor-element-4ce0d07f elementor-widget elementor-widget-heading\" data-id=\"4ce0d07f\" data-element_type=\"widget\" data-widget_type=\"heading.default\">\n\t\t\t\t<div class=\"elementor-widget-container\">\n\t\t\t\t\t<h2 class=\"elementor-heading-title elementor-size-default\">Lisans\u00fcst\u00fc Ders Listesi<\/h2>\t\t\t\t<\/div>\n\t\t\t\t<\/div>\n\t\t\t\t<div class=\"elementor-element elementor-element-63260862 elementor-widget-divider--view-line elementor-widget elementor-widget-divider\" data-id=\"63260862\" data-element_type=\"widget\" data-widget_type=\"divider.default\">\n\t\t\t\t<div class=\"elementor-widget-container\">\n\t\t\t\t\t\t\t<div class=\"elementor-divider\">\n\t\t\t<span class=\"elementor-divider-separator\">\n\t\t\t\t\t\t<\/span>\n\t\t<\/div>\n\t\t\t\t\t\t<\/div>\n\t\t\t\t<\/div>\n\t\t\t\t\t<\/div>\n\t\t<\/div>\n\t\t\t\t\t<\/div>\n\t\t<\/section>\n\t\t\t\t<section class=\"elementor-section elementor-top-section elementor-element elementor-element-6a5b7ef elementor-section-boxed elementor-section-height-default elementor-section-height-default\" data-id=\"6a5b7ef\" data-element_type=\"section\">\n\t\t\t\t\t\t<div class=\"elementor-container elementor-column-gap-default\">\n\t\t\t\t\t<div class=\"elementor-column elementor-col-100 elementor-top-column elementor-element elementor-element-ce70762\" data-id=\"ce70762\" data-element_type=\"column\">\n\t\t\t<div class=\"elementor-widget-wrap elementor-element-populated\">\n\t\t\t\t\t\t<div class=\"elementor-element elementor-element-b780842 elementor-widget elementor-widget-text-editor\" data-id=\"b780842\" data-element_type=\"widget\" data-widget_type=\"text-editor.default\">\n\t\t\t\t<div class=\"elementor-widget-container\">\n\t\t\t\t\t\t\t\t\t<p>Heykel B\u00f6l\u00fcm\u00fcnde verilen dersler, \u00f6\u011frencilerin heykel sanat\u0131n\u0131n temel prensiplerini ve tekniklerini \u00f6\u011frenmelerine y\u00f6nelik olarak tasarlanm\u0131\u015ft\u0131r. Ders listesi binnen b\u00f6l\u00fcm\u00fcn e\u011fitim ama\u00e7lar\u0131na uygun olarak haz\u0131rlanm\u0131\u015ft\u0131r.<\/p>\n<p>Temel dersler aras\u0131nda \u00e7izim, modelaj, heykel teknolojisi gibi konular yer al\u0131r. Bu dersler \u00f6\u011frencilerin heykel sanat\u0131n\u0131n temel becerilerini kazanmalar\u0131n\u0131 sa\u011flar.<\/p>\n<p>Daha ileri seviyede ise heykel tarihi, sanat ele\u015ftirisi ve seramik gibi dersler bulunur. Bunlar \u00f6\u011frencilere heykel sanat\u0131n\u0131n tarihini, kuram\u0131n\u0131 ve \u00e7e\u015fitli uygulamalar\u0131n\u0131 \u00f6\u011frenme f\u0131rsat\u0131 sunar.<\/p>\n<p>St\u00fcdyo \u00e7al\u0131\u015fmalar\u0131 ve at\u00f6lye uygulamalar\u0131 da \u00f6nemli bir yer tutar. Bu \u00e7al\u0131\u015fmalar \u00f6\u011frencilerin pratik becerilerini geli\u015ftirmelerine yard\u0131mc\u0131 olur.<\/p>\n<p>Bu b\u00f6l\u00fcmde verilen derslerin amac\u0131, \u00f6\u011frencileri heykel sanat\u0131n\u0131n \u00e7e\u015fitli y\u00f6nlerinde yeti\u015ftirmek ve onlar\u0131 profesyonel sanat\u00e7\u0131lar olarak haz\u0131rlamakt\u0131r.<\/p>\t\t\t\t\t\t\t\t<\/div>\n\t\t\t\t<\/div>\n\t\t\t\t\t<\/div>\n\t\t<\/div>\n\t\t\t\t\t<\/div>\n\t\t<\/section>\n\t\t\t\t<\/div>\n\t\t","protected":false},"excerpt":{"rendered":"<p>Heykel B\u00f6l\u00fcm\u00fc Ders Listesi Heykel b\u00f6l\u00fcm\u00fc, \u00f6\u011frencilere heykel sanat\u0131n\u0131n temel ilkeleri ve tekniklerini \u00f6\u011fretmeyi ama\u00e7lar. B\u00f6l\u00fcm\u00fcm\u00fczde verilen dersler, \u00f6\u011frencilerin\u521b\u0131c\u0131l\u0131klar\u0131n\u0131 geli\u015ftirmelerine ve heykel sanat\u0131na hakim olmalar\u0131na yard\u0131mc\u0131 olur. A\u015fa\u011f\u0131daki listede, Heykel B\u00f6l\u00fcm\u00fc&#8217;nde verilen baz\u0131 ana dersler yer almaktad\u0131r: * Giri\u015f Heykeli: Bu ders, heykel sanat\u0131n\u0131n temel prensiplerini ve malzemelerini tan\u0131tmay\u0131 ama\u00e7lar. * Heykel Teknikleri: \u00d6\u011frencilere farkl\u0131 [&hellip;]<\/p>\n","protected":false},"author":1,"featured_media":0,"parent":0,"menu_order":0,"comment_status":"closed","ping_status":"closed","template":"elementor_header_footer","meta":{"footnotes":""},"class_list":["post-5751","page","type-page","status-publish","hentry"],"_links":{"self":[{"href":"https:\/\/atauni.edu.tr\/heykel-bolumu\/wp-json\/wp\/v2\/pages\/5751","targetHints":{"allow":["GET"]}}],"collection":[{"href":"https:\/\/atauni.edu.tr\/heykel-bolumu\/wp-json\/wp\/v2\/pages"}],"about":[{"href":"https:\/\/atauni.edu.tr\/heykel-bolumu\/wp-json\/wp\/v2\/types\/page"}],"author":[{"embeddable":true,"href":"https:\/\/atauni.edu.tr\/heykel-bolumu\/wp-json\/wp\/v2\/users\/1"}],"replies":[{"embeddable":true,"href":"https:\/\/atauni.edu.tr\/heykel-bolumu\/wp-json\/wp\/v2\/comments?post=5751"}],"version-history":[{"count":11,"href":"https:\/\/atauni.edu.tr\/heykel-bolumu\/wp-json\/wp\/v2\/pages\/5751\/revisions"}],"predecessor-version":[{"id":6097,"href":"https:\/\/atauni.edu.tr\/heykel-bolumu\/wp-json\/wp\/v2\/pages\/5751\/revisions\/6097"}],"wp:attachment":[{"href":"https:\/\/atauni.edu.tr\/heykel-bolumu\/wp-json\/wp\/v2\/media?parent=5751"}],"curies":[{"name":"wp","href":"https:\/\/api.w.org\/{rel}","templated":true}]}}