{"id":5762,"date":"2021-07-13T12:55:48","date_gmt":"2021-07-13T09:55:48","guid":{"rendered":"https:\/\/portaltest.atauni.edu.tr\/bilgisayar-muhendisligi\/?page_id=5762"},"modified":"2021-09-13T10:25:33","modified_gmt":"2021-09-13T07:25:33","slug":"lisans-ders-listesi","status":"publish","type":"page","link":"https:\/\/atauni.edu.tr\/heykel-bolumu\/lisans-ders-listesi\/","title":{"rendered":"Ders Listesi"},"content":{"rendered":"\t\t<div data-elementor-type=\"wp-page\" data-elementor-id=\"5762\" class=\"elementor elementor-5762\" data-elementor-post-type=\"page\">\n\t\t\t\t\t\t<section class=\"elementor-section elementor-top-section elementor-element elementor-element-730d320 elementor-section-boxed elementor-section-height-default elementor-section-height-default\" data-id=\"730d320\" data-element_type=\"section\">\n\t\t\t\t\t\t<div class=\"elementor-container elementor-column-gap-default\">\n\t\t\t\t\t<div class=\"elementor-column elementor-col-100 elementor-top-column elementor-element elementor-element-753d0860\" data-id=\"753d0860\" data-element_type=\"column\">\n\t\t\t<div class=\"elementor-widget-wrap\">\n\t\t\t\t\t\t\t<\/div>\n\t\t<\/div>\n\t\t\t\t\t<\/div>\n\t\t<\/section>\n\t\t\t\t<section class=\"elementor-section elementor-top-section elementor-element elementor-element-9be811a elementor-section-boxed elementor-section-height-default elementor-section-height-default\" data-id=\"9be811a\" data-element_type=\"section\">\n\t\t\t\t\t\t<div class=\"elementor-container elementor-column-gap-default\">\n\t\t\t\t\t<div class=\"elementor-column elementor-col-100 elementor-top-column elementor-element elementor-element-1ed847b7\" data-id=\"1ed847b7\" data-element_type=\"column\">\n\t\t\t<div class=\"elementor-widget-wrap elementor-element-populated\">\n\t\t\t\t\t\t<div class=\"elementor-element elementor-element-4ce0d07f elementor-widget elementor-widget-heading\" data-id=\"4ce0d07f\" data-element_type=\"widget\" data-widget_type=\"heading.default\">\n\t\t\t\t<div class=\"elementor-widget-container\">\n\t\t\t\t\t<h2 class=\"elementor-heading-title elementor-size-default\">Lisans Ders Listesi<\/h2>\t\t\t\t<\/div>\n\t\t\t\t<\/div>\n\t\t\t\t<div class=\"elementor-element elementor-element-63260862 elementor-widget-divider--view-line elementor-widget elementor-widget-divider\" data-id=\"63260862\" data-element_type=\"widget\" data-widget_type=\"divider.default\">\n\t\t\t\t<div class=\"elementor-widget-container\">\n\t\t\t\t\t\t\t<div class=\"elementor-divider\">\n\t\t\t<span class=\"elementor-divider-separator\">\n\t\t\t\t\t\t<\/span>\n\t\t<\/div>\n\t\t\t\t\t\t<\/div>\n\t\t\t\t<\/div>\n\t\t\t\t\t<\/div>\n\t\t<\/div>\n\t\t\t\t\t<\/div>\n\t\t<\/section>\n\t\t\t\t<section class=\"elementor-section elementor-top-section elementor-element elementor-element-ff12562 elementor-section-boxed elementor-section-height-default elementor-section-height-default\" data-id=\"ff12562\" data-element_type=\"section\">\n\t\t\t\t\t\t<div class=\"elementor-container elementor-column-gap-default\">\n\t\t\t\t\t<div class=\"elementor-column elementor-col-100 elementor-top-column elementor-element elementor-element-2aa5f38\" data-id=\"2aa5f38\" data-element_type=\"column\">\n\t\t\t<div class=\"elementor-widget-wrap elementor-element-populated\">\n\t\t\t\t\t\t<div class=\"elementor-element elementor-element-3f6c81d elementor-widget elementor-widget-text-editor\" data-id=\"3f6c81d\" data-element_type=\"widget\" data-widget_type=\"text-editor.default\">\n\t\t\t\t<div class=\"elementor-widget-container\">\n\t\t\t\t\t\t\t\t\t<html>\n<p>Atat\u00fcrk \u00dcniversitesi Heykel B\u00f6l\u00fcm\u00fc, \u00f6\u011frencilerine geni\u015f bir yelpazede sanat ve tasar\u0131m e\u011fitimleri sunar. Ders listesi, \u00f6\u011frencilerin yarat\u0131c\u0131 yeteneklerini geli\u015ftirmek ve heykel sanat\u0131n\u0131n temel ilkelerini \u00f6\u011frenmelerine olanak tan\u0131r.<\/p>\n<p>Dersler aras\u0131nda sanat tarihi, heykel teknikleri, malzeme bilgisi, kompozisyon, anatomi ve modelaj gibi konular bulunur. \u00d6\u011frenciler ayr\u0131ca at\u00f6lye \u00e7al\u0131\u015fmalar\u0131 ve projeler arac\u0131l\u0131\u011f\u0131yla pratik deneyim kazan\u0131rlar.<\/p>\n<p>B\u00f6l\u00fcm\u00fcn ders listesi genellikle a\u015fa\u011f\u0131daki konulardan olu\u015fur:<\/p>\n<ul>\n  <li>Sanat Tarihi<\/li>\n  <li>Heykel Teknikleri<\/li>\n  <li>Malzeme Bilgisi<\/li>\n  <li>Kompozisyon<\/li>\n  <li>Anatomi<\/li>\n  <li>Modelaj<\/li>\n  <li>At\u00f6lye \u00c7al\u0131\u015fmalar\u0131<\/li>\n  <li>Proje \u00c7al\u0131\u015fmalar\u0131<\/li>\n<\/ul>\n<p>\u00d6\u011frenciler, bu dersler arac\u0131l\u0131\u011f\u0131yla heykel sanat\u0131n\u0131n temel prensiplerini \u00f6\u011frenir ve kendi yarat\u0131c\u0131 stylelar\u0131n\u0131 geli\u015ftirirler.<\/p>\n<\/html>\t\t\t\t\t\t\t\t<\/div>\n\t\t\t\t<\/div>\n\t\t\t\t\t<\/div>\n\t\t<\/div>\n\t\t\t\t\t<\/div>\n\t\t<\/section>\n\t\t\t\t<\/div>\n\t\t","protected":false},"excerpt":{"rendered":"<p>**Heykel B\u00f6l\u00fcm\u00fc Ders Listesi** Sanat\u0131n temel dallar\u0131ndan biri olan heykelleme, \u00f6\u011frencilere\u521bativiteyi te\u015fvik eden ve el becerilerini geli\u015ftiren \u00f6nemli bir disiplin olarak kar\u015f\u0131m\u0131za \u00e7\u0131kar. Heykel B\u00f6l\u00fcm\u00fc&#8217;n\u00fcn ders listesinde, \u00f6\u011frencilerin heykel sanat\u0131n\u0131n temellerini \u00f6\u011frenerek kendi yarat\u0131c\u0131 vizyonlar\u0131n\u0131 ger\u00e7ekle\u015ftirebilmeleri i\u00e7in gerekli t\u00fcm ara\u00e7lar sunulur. &#8211; **Giri\u015f Heykeli**: Temel heykel teknikleri ve malzemelerin tan\u0131t\u0131m\u0131 &#8211; **Heykel Tarihi**: D\u00fcnya ve [&hellip;]<\/p>\n","protected":false},"author":1,"featured_media":0,"parent":0,"menu_order":0,"comment_status":"closed","ping_status":"closed","template":"elementor_header_footer","meta":{"footnotes":""},"class_list":["post-5762","page","type-page","status-publish","hentry"],"_links":{"self":[{"href":"https:\/\/atauni.edu.tr\/heykel-bolumu\/wp-json\/wp\/v2\/pages\/5762","targetHints":{"allow":["GET"]}}],"collection":[{"href":"https:\/\/atauni.edu.tr\/heykel-bolumu\/wp-json\/wp\/v2\/pages"}],"about":[{"href":"https:\/\/atauni.edu.tr\/heykel-bolumu\/wp-json\/wp\/v2\/types\/page"}],"author":[{"embeddable":true,"href":"https:\/\/atauni.edu.tr\/heykel-bolumu\/wp-json\/wp\/v2\/users\/1"}],"replies":[{"embeddable":true,"href":"https:\/\/atauni.edu.tr\/heykel-bolumu\/wp-json\/wp\/v2\/comments?post=5762"}],"version-history":[{"count":11,"href":"https:\/\/atauni.edu.tr\/heykel-bolumu\/wp-json\/wp\/v2\/pages\/5762\/revisions"}],"predecessor-version":[{"id":6123,"href":"https:\/\/atauni.edu.tr\/heykel-bolumu\/wp-json\/wp\/v2\/pages\/5762\/revisions\/6123"}],"wp:attachment":[{"href":"https:\/\/atauni.edu.tr\/heykel-bolumu\/wp-json\/wp\/v2\/media?parent=5762"}],"curies":[{"name":"wp","href":"https:\/\/api.w.org\/{rel}","templated":true}]}}