{"id":5682,"date":"2021-07-13T10:10:01","date_gmt":"2021-07-13T07:10:01","guid":{"rendered":"https:\/\/portaltest.atauni.edu.tr\/bilgisayar-muhendisligi\/?page_id=5682"},"modified":"2022-01-14T09:12:12","modified_gmt":"2022-01-14T06:12:12","slug":"misyon-vizyon-ve-temel-degerler","status":"publish","type":"page","link":"https:\/\/atauni.edu.tr\/hidrobiyoloji-anabilim-dali\/misyon-vizyon-ve-temel-degerler\/","title":{"rendered":"Misyon, Vizyon ve Temel De\u011ferler"},"content":{"rendered":"\t\t<div data-elementor-type=\"wp-page\" data-elementor-id=\"5682\" class=\"elementor elementor-5682\" data-elementor-post-type=\"page\">\n\t\t\t\t\t\t<section class=\"elementor-section elementor-top-section elementor-element elementor-element-730d320 elementor-section-boxed elementor-section-height-default elementor-section-height-default\" data-id=\"730d320\" data-element_type=\"section\">\n\t\t\t\t\t\t<div class=\"elementor-container elementor-column-gap-default\">\n\t\t\t\t\t<div class=\"elementor-column elementor-col-100 elementor-top-column elementor-element elementor-element-753d0860\" data-id=\"753d0860\" data-element_type=\"column\">\n\t\t\t<div class=\"elementor-widget-wrap\">\n\t\t\t\t\t\t\t<\/div>\n\t\t<\/div>\n\t\t\t\t\t<\/div>\n\t\t<\/section>\n\t\t\t\t<section class=\"elementor-section elementor-top-section elementor-element elementor-element-9be811a elementor-section-boxed elementor-section-height-default elementor-section-height-default\" data-id=\"9be811a\" data-element_type=\"section\">\n\t\t\t\t\t\t<div class=\"elementor-container elementor-column-gap-default\">\n\t\t\t\t\t<div class=\"elementor-column elementor-col-100 elementor-top-column elementor-element elementor-element-1ed847b7\" data-id=\"1ed847b7\" data-element_type=\"column\">\n\t\t\t<div class=\"elementor-widget-wrap elementor-element-populated\">\n\t\t\t\t\t\t<div class=\"elementor-element elementor-element-4ce0d07f elementor-widget elementor-widget-heading\" data-id=\"4ce0d07f\" data-element_type=\"widget\" data-widget_type=\"heading.default\">\n\t\t\t\t<div class=\"elementor-widget-container\">\n\t\t\t\t\t<h2 class=\"elementor-heading-title elementor-size-default\">Misyon, Vizyon ve Temel De\u011ferler<\/h2>\t\t\t\t<\/div>\n\t\t\t\t<\/div>\n\t\t\t\t<div class=\"elementor-element elementor-element-63260862 elementor-widget-divider--view-line elementor-widget elementor-widget-divider\" data-id=\"63260862\" data-element_type=\"widget\" data-widget_type=\"divider.default\">\n\t\t\t\t<div class=\"elementor-widget-container\">\n\t\t\t\t\t\t\t<div class=\"elementor-divider\">\n\t\t\t<span class=\"elementor-divider-separator\">\n\t\t\t\t\t\t<\/span>\n\t\t<\/div>\n\t\t\t\t\t\t<\/div>\n\t\t\t\t<\/div>\n\t\t\t\t\t<\/div>\n\t\t<\/div>\n\t\t\t\t\t<\/div>\n\t\t<\/section>\n\t\t\t\t<section class=\"elementor-section elementor-top-section elementor-element elementor-element-681db8b elementor-section-boxed elementor-section-height-default elementor-section-height-default\" data-id=\"681db8b\" data-element_type=\"section\">\n\t\t\t\t\t\t<div class=\"elementor-container elementor-column-gap-default\">\n\t\t\t\t\t<div class=\"elementor-column elementor-col-100 elementor-top-column elementor-element elementor-element-ad4dac5\" data-id=\"ad4dac5\" data-element_type=\"column\">\n\t\t\t<div class=\"elementor-widget-wrap elementor-element-populated\">\n\t\t\t\t\t\t<div class=\"elementor-element elementor-element-2f96b3d elementor-widget elementor-widget-text-editor\" data-id=\"2f96b3d\" data-element_type=\"widget\" data-widget_type=\"text-editor.default\">\n\t\t\t\t<div class=\"elementor-widget-container\">\n\t\t\t\t\t\t\t\t\t<div>\n<h2>Misyonumuz (\u00d6z G\u00f6revimiz)<\/h2>\n<p><span style=\"font-size: 17px;letter-spacing: 0px\">Biyoloji b\u00f6l\u00fcm\u00fc; do\u011fa bilimlerinin temel ilkelerine ve etik de\u011ferlere uygun ara\u015ft\u0131rma yapabilen, sorun \u00e7\u00f6zme yetene\u011fi, \u00e7evre ve biyolojik zenginlikleri koruma bilinci <\/span><span style=\"font-size: 17px;letter-spacing: 0px\">geli\u015fmi\u015f, topluma \u00f6nder, nitelikli e\u011fitim alm\u0131\u015f ve \u00e7a\u011fda\u015f bilgi ile donat\u0131lm\u0131\u015f biyologlar yeti\u015ftirmeyi, evrensel standartlarda ara\u015ft\u0131rmalarla topluma ve insanl\u0131\u011fa hizmet edecek bilgi ve teknolojileri olu\u015fturma, geli\u015ftirme ve yaymay\u0131 g\u00f6rev edinmi\u015ftir.<\/span><\/p>\n<\/div>\n<div>\n<h2>Vizyonumuz (\u00d6z \u00dclk\u00fcm\u00fcz)<\/h2>\n<p><span style=\"color: #7a7a7a;font-family: Roboto, sans-serif\"><span style=\"font-size: 17px;font-weight: 400\">Nitelikli e\u011fitim ve \u00f6\u011fretim yapan, uluslararas\u0131 d\u00fczeyde bilgi \u00fcreten ve s\u00fcrekli geli\u015fen, d\u00fcnyadaki bilimsel geli\u015fmeleri takip eden ve ona katk\u0131da bulunan ara\u015ft\u0131rmalar yaparak \u00fcniversitemizin ve \u00fclkemizin bilimsel geli\u015fimine \u00f6nc\u00fcl\u00fck eden bir birim olmakt\u0131r.<\/span><\/span><\/p>\n<\/div>\t\t\t\t\t\t\t\t<\/div>\n\t\t\t\t<\/div>\n\t\t\t\t\t<\/div>\n\t\t<\/div>\n\t\t\t\t\t<\/div>\n\t\t<\/section>\n\t\t\t\t<\/div>\n\t\t","protected":false},"excerpt":{"rendered":"<p>Misyon, Vizyon ve Temel De\u011ferler Misyonumuz (\u00d6z G\u00f6revimiz) Biyoloji b\u00f6l\u00fcm\u00fc; do\u011fa bilimlerinin temel ilkelerine ve etik de\u011ferlere uygun ara\u015ft\u0131rma yapabilen, sorun \u00e7\u00f6zme yetene\u011fi, \u00e7evre ve biyolojik zenginlikleri koruma bilinci geli\u015fmi\u015f, topluma \u00f6nder, nitelikli e\u011fitim alm\u0131\u015f ve \u00e7a\u011fda\u015f bilgi ile donat\u0131lm\u0131\u015f biyologlar yeti\u015ftirmeyi, evrensel standartlarda ara\u015ft\u0131rmalarla topluma ve insanl\u0131\u011fa hizmet edecek bilgi ve teknolojileri olu\u015fturma, geli\u015ftirme [&hellip;]<\/p>\n","protected":false},"author":1,"featured_media":0,"parent":0,"menu_order":0,"comment_status":"closed","ping_status":"closed","template":"elementor_header_footer","meta":{"footnotes":""},"class_list":["post-5682","page","type-page","status-publish","hentry"],"_links":{"self":[{"href":"https:\/\/atauni.edu.tr\/hidrobiyoloji-anabilim-dali\/wp-json\/wp\/v2\/pages\/5682","targetHints":{"allow":["GET"]}}],"collection":[{"href":"https:\/\/atauni.edu.tr\/hidrobiyoloji-anabilim-dali\/wp-json\/wp\/v2\/pages"}],"about":[{"href":"https:\/\/atauni.edu.tr\/hidrobiyoloji-anabilim-dali\/wp-json\/wp\/v2\/types\/page"}],"author":[{"embeddable":true,"href":"https:\/\/atauni.edu.tr\/hidrobiyoloji-anabilim-dali\/wp-json\/wp\/v2\/users\/1"}],"replies":[{"embeddable":true,"href":"https:\/\/atauni.edu.tr\/hidrobiyoloji-anabilim-dali\/wp-json\/wp\/v2\/comments?post=5682"}],"version-history":[{"count":17,"href":"https:\/\/atauni.edu.tr\/hidrobiyoloji-anabilim-dali\/wp-json\/wp\/v2\/pages\/5682\/revisions"}],"predecessor-version":[{"id":6178,"href":"https:\/\/atauni.edu.tr\/hidrobiyoloji-anabilim-dali\/wp-json\/wp\/v2\/pages\/5682\/revisions\/6178"}],"wp:attachment":[{"href":"https:\/\/atauni.edu.tr\/hidrobiyoloji-anabilim-dali\/wp-json\/wp\/v2\/media?parent=5682"}],"curies":[{"name":"wp","href":"https:\/\/api.w.org\/{rel}","templated":true}]}}