{"id":5638,"date":"2021-07-13T09:49:25","date_gmt":"2021-07-13T06:49:25","guid":{"rendered":"https:\/\/portaltest.atauni.edu.tr\/bilgisayar-muhendisligi\/?page_id=5638"},"modified":"2022-01-19T23:52:09","modified_gmt":"2022-01-19T20:52:09","slug":"tarihce","status":"publish","type":"page","link":"https:\/\/atauni.edu.tr\/hinis-meslek-yuksekokulu\/tarihce\/","title":{"rendered":"Tarih\u00e7e"},"content":{"rendered":"\t\t<div data-elementor-type=\"wp-page\" data-elementor-id=\"5638\" class=\"elementor elementor-5638\" data-elementor-post-type=\"page\">\n\t\t\t\t\t\t<section class=\"elementor-section elementor-top-section elementor-element elementor-element-730d320 elementor-section-boxed elementor-section-height-default elementor-section-height-default\" data-id=\"730d320\" data-element_type=\"section\">\n\t\t\t\t\t\t<div class=\"elementor-container elementor-column-gap-default\">\n\t\t\t\t\t<div class=\"elementor-column elementor-col-100 elementor-top-column elementor-element elementor-element-753d0860\" data-id=\"753d0860\" data-element_type=\"column\">\n\t\t\t<div class=\"elementor-widget-wrap\">\n\t\t\t\t\t\t\t<\/div>\n\t\t<\/div>\n\t\t\t\t\t<\/div>\n\t\t<\/section>\n\t\t\t\t<section class=\"elementor-section elementor-top-section elementor-element elementor-element-9be811a elementor-section-boxed elementor-section-height-default elementor-section-height-default\" data-id=\"9be811a\" data-element_type=\"section\">\n\t\t\t\t\t\t<div class=\"elementor-container elementor-column-gap-default\">\n\t\t\t\t\t<div class=\"elementor-column elementor-col-100 elementor-top-column elementor-element elementor-element-1ed847b7\" data-id=\"1ed847b7\" data-element_type=\"column\">\n\t\t\t<div class=\"elementor-widget-wrap elementor-element-populated\">\n\t\t\t\t\t\t<div class=\"elementor-element elementor-element-4ce0d07f elementor-widget elementor-widget-heading\" data-id=\"4ce0d07f\" data-element_type=\"widget\" data-widget_type=\"heading.default\">\n\t\t\t\t<div class=\"elementor-widget-container\">\n\t\t\t\t\t<h2 class=\"elementor-heading-title elementor-size-default\">Genel Bilgi<\/h2>\t\t\t\t<\/div>\n\t\t\t\t<\/div>\n\t\t\t\t<div class=\"elementor-element elementor-element-63260862 elementor-widget-divider--view-line elementor-widget elementor-widget-divider\" data-id=\"63260862\" data-element_type=\"widget\" data-widget_type=\"divider.default\">\n\t\t\t\t<div class=\"elementor-widget-container\">\n\t\t\t\t\t\t\t<div class=\"elementor-divider\">\n\t\t\t<span class=\"elementor-divider-separator\">\n\t\t\t\t\t\t<\/span>\n\t\t<\/div>\n\t\t\t\t\t\t<\/div>\n\t\t\t\t<\/div>\n\t\t\t\t\t<\/div>\n\t\t<\/div>\n\t\t\t\t\t<\/div>\n\t\t<\/section>\n\t\t\t\t<section class=\"elementor-section elementor-top-section elementor-element elementor-element-681db8b elementor-section-boxed elementor-section-height-default elementor-section-height-default\" data-id=\"681db8b\" data-element_type=\"section\">\n\t\t\t\t\t\t<div class=\"elementor-container elementor-column-gap-default\">\n\t\t\t\t\t<div class=\"elementor-column elementor-col-100 elementor-top-column elementor-element elementor-element-ad4dac5\" data-id=\"ad4dac5\" data-element_type=\"column\">\n\t\t\t<div class=\"elementor-widget-wrap elementor-element-populated\">\n\t\t\t\t\t\t<div class=\"elementor-element elementor-element-2f96b3d elementor-widget elementor-widget-text-editor\" data-id=\"2f96b3d\" data-element_type=\"widget\" data-widget_type=\"text-editor.default\">\n\t\t\t\t<div class=\"elementor-widget-container\">\n\t\t\t\t\t\t\t\t\t<p>Atat\u00fcrk \u00dcniversitesi H\u0131n\u0131s Meslek Y\u00fcksekokulu; 1998 y\u0131l\u0131nda Teknik Programlar B\u00f6l\u00fcm\u00fcne ba\u011fl\u0131 olarak G\u0131da Teknolojisi, \u0130n\u015faat ve Su \u00dcr\u00fcnleri Sa\u011fl\u0131k Programlar\u0131 B\u00f6l\u00fcm\u00fc Hayvan Yeti\u015ftiricili\u011fi ve Sa\u011fl\u0131\u011f\u0131 Programlar\u0131 a\u00e7\u0131lm\u0131\u015ft\u0131r. 1999 &#8211; 2000 E\u011fitim-\u00d6\u011fretim Y\u0131l\u0131nda Teknik Programlar B\u00f6l\u00fcm\u00fc G\u0131da Teknolojisi ve Sa\u011fl\u0131k Programlar\u0131 B\u00f6l\u00fcm\u00fc Hayvan Yeti\u015ftiricili\u011fi ve Sa\u011fl\u0131\u011f\u0131 Program\u0131na al\u0131nan 12 \u00f6\u011frenci ile e\u011fitim-\u00f6\u011fretime ba\u015flam\u0131\u015ft\u0131r. 2002-2003 E\u011fitim-\u00d6\u011fretim y\u0131l\u0131nda \u0130ktisadi ve \u0130dari Programlar b\u00f6l\u00fcm\u00fcne ba\u011fl\u0131 olarak Muhasebe Program\u0131 a\u00e7\u0131lm\u0131\u015ft\u0131r. 2008-2009 E\u011fitim-\u00d6\u011fretim y\u0131l\u0131nda Hayvan Yeti\u015ftiricili\u011fi ve Sa\u011fl\u0131\u011f\u0131 Program\u0131n ismi Veteriner Sa\u011fl\u0131k Teknikerli\u011fi olarak de\u011fi\u015ftirilmi\u015ftir. 2009-2010 E\u011fitim-\u00d6\u011fretim Veteriner Sa\u011fl\u0131k Teknikerli\u011fi Program\u0131n ismi &#8221;Laborant ve Veteriner Sa\u011fl\u0131k&#8221; olarak de\u011fi\u015ftirilmi\u015ftir. 2016 y\u0131l\u0131nda G\u0131da \u0130\u015fleme B\u00f6l\u00fcm\u00fcne ba\u011fl\u0131 G\u0131da Kalite Kontrol\u00fc ve Analizi program\u0131 a\u00e7\u0131lm\u0131\u015f ancak tercih oran\u0131 d\u00fc\u015f\u00fck oldu\u011fu i\u00e7in yar\u0131 pasif hale getirilmi\u015ftir. \u0130n\u015faat B\u00f6l\u00fcm\u00fc&#8217;nde yeterli say\u0131da \u00f6\u011fretim eleman\u0131 olmad\u0131\u011f\u0131 i\u00e7in de bu programa hen\u00fcz \u00f6\u011frenci al\u0131nmam\u0131\u015ft\u0131r. 2017\u2019de \u00c7ocuk Bak\u0131m\u0131 ve Gen\u00e7lik Hizmetleri B\u00f6l\u00fcm\u00fc a\u00e7\u0131lm\u0131\u015f ve bu b\u00f6l\u00fcme ba\u011fl\u0131 \u00c7ocuk Geli\u015fimi Program\u0131na 2018-2019 E\u011fitim-\u00d6\u011fretim y\u0131l\u0131nda \u00f6\u011frenci al\u0131m\u0131na ba\u015flanm\u0131\u015ft\u0131r. 2018 y\u0131l\u0131n\u0131n sonunda T\u0131bbi Hizmetler B\u00f6l\u00fcm\u00fcne ba\u011fl\u0131 Optisyenlik ile T\u0131bbi Laboratuvar Teknikleri programlar\u0131n\u0131n a\u00e7\u0131lmas\u0131 uygun g\u00f6r\u00fclm\u00fc\u015f olup, ilgili programa 2019-2020 E\u011fitim-\u00d6\u011fretim y\u0131l\u0131nda \u00f6\u011frenci al\u0131m\u0131na ba\u015flanm\u0131\u015ft\u0131r. 2019 y\u0131l\u0131nda Eczane Hizmetleri b\u00f6l\u00fcm\u00fc ve bu b\u00f6l\u00fcme ba\u011fl\u0131 Eczane Hizmetleri program\u0131 a\u00e7\u0131lm\u0131\u015f, ilgili programa 2019-2020 E\u011fitim-\u00d6\u011fretim y\u0131l\u0131nda \u00f6\u011frenci al\u0131m\u0131na ba\u015flanm\u0131\u015ft\u0131r. Halen Y\u00fcksekokulumuz, aktif olarak 5 programda e\u011fitim-\u00f6\u011fretime devam etmektedir.<\/p>\t\t\t\t\t\t\t\t<\/div>\n\t\t\t\t<\/div>\n\t\t\t\t\t<\/div>\n\t\t<\/div>\n\t\t\t\t\t<\/div>\n\t\t<\/section>\n\t\t\t\t<\/div>\n\t\t","protected":false},"excerpt":{"rendered":"<p>Genel Bilgi Atat\u00fcrk \u00dcniversitesi H\u0131n\u0131s Meslek Y\u00fcksekokulu; 1998 y\u0131l\u0131nda Teknik Programlar B\u00f6l\u00fcm\u00fcne ba\u011fl\u0131 olarak G\u0131da Teknolojisi, \u0130n\u015faat ve Su \u00dcr\u00fcnleri Sa\u011fl\u0131k Programlar\u0131 B\u00f6l\u00fcm\u00fc Hayvan Yeti\u015ftiricili\u011fi ve Sa\u011fl\u0131\u011f\u0131 Programlar\u0131 a\u00e7\u0131lm\u0131\u015ft\u0131r. 1999 &#8211; 2000 E\u011fitim-\u00d6\u011fretim Y\u0131l\u0131nda Teknik Programlar B\u00f6l\u00fcm\u00fc G\u0131da Teknolojisi ve Sa\u011fl\u0131k Programlar\u0131 B\u00f6l\u00fcm\u00fc Hayvan Yeti\u015ftiricili\u011fi ve Sa\u011fl\u0131\u011f\u0131 Program\u0131na al\u0131nan 12 \u00f6\u011frenci ile e\u011fitim-\u00f6\u011fretime ba\u015flam\u0131\u015ft\u0131r. 2002-2003 [&hellip;]<\/p>\n","protected":false},"author":1,"featured_media":0,"parent":0,"menu_order":0,"comment_status":"closed","ping_status":"closed","template":"","meta":{"footnotes":""},"class_list":["post-5638","page","type-page","status-publish","hentry"],"_links":{"self":[{"href":"https:\/\/atauni.edu.tr\/hinis-meslek-yuksekokulu\/wp-json\/wp\/v2\/pages\/5638","targetHints":{"allow":["GET"]}}],"collection":[{"href":"https:\/\/atauni.edu.tr\/hinis-meslek-yuksekokulu\/wp-json\/wp\/v2\/pages"}],"about":[{"href":"https:\/\/atauni.edu.tr\/hinis-meslek-yuksekokulu\/wp-json\/wp\/v2\/types\/page"}],"author":[{"embeddable":true,"href":"https:\/\/atauni.edu.tr\/hinis-meslek-yuksekokulu\/wp-json\/wp\/v2\/users\/1"}],"replies":[{"embeddable":true,"href":"https:\/\/atauni.edu.tr\/hinis-meslek-yuksekokulu\/wp-json\/wp\/v2\/comments?post=5638"}],"version-history":[{"count":22,"href":"https:\/\/atauni.edu.tr\/hinis-meslek-yuksekokulu\/wp-json\/wp\/v2\/pages\/5638\/revisions"}],"predecessor-version":[{"id":6217,"href":"https:\/\/atauni.edu.tr\/hinis-meslek-yuksekokulu\/wp-json\/wp\/v2\/pages\/5638\/revisions\/6217"}],"wp:attachment":[{"href":"https:\/\/atauni.edu.tr\/hinis-meslek-yuksekokulu\/wp-json\/wp\/v2\/media?parent=5638"}],"curies":[{"name":"wp","href":"https:\/\/api.w.org\/{rel}","templated":true}]}}