{"id":5728,"date":"2021-07-13T11:33:38","date_gmt":"2021-07-13T08:33:38","guid":{"rendered":"https:\/\/portaltest.atauni.edu.tr\/bilgisayar-muhendisligi\/?page_id=5728"},"modified":"2022-01-20T16:59:57","modified_gmt":"2022-01-20T13:59:57","slug":"bolum-tanitimi","status":"publish","type":"page","link":"https:\/\/atauni.edu.tr\/hinis-meslek-yuksekokulu\/bolum-tanitimi\/","title":{"rendered":"B\u00f6l\u00fcm Tan\u0131t\u0131m\u0131"},"content":{"rendered":"\t\t<div data-elementor-type=\"wp-page\" data-elementor-id=\"5728\" class=\"elementor elementor-5728\" data-elementor-post-type=\"page\">\n\t\t\t\t\t\t<section class=\"elementor-section elementor-top-section elementor-element elementor-element-730d320 elementor-section-boxed elementor-section-height-default elementor-section-height-default\" data-id=\"730d320\" data-element_type=\"section\">\n\t\t\t\t\t\t<div class=\"elementor-container elementor-column-gap-default\">\n\t\t\t\t\t<div class=\"elementor-column elementor-col-100 elementor-top-column elementor-element elementor-element-753d0860\" data-id=\"753d0860\" data-element_type=\"column\">\n\t\t\t<div class=\"elementor-widget-wrap\">\n\t\t\t\t\t\t\t<\/div>\n\t\t<\/div>\n\t\t\t\t\t<\/div>\n\t\t<\/section>\n\t\t\t\t<section class=\"elementor-section elementor-top-section elementor-element elementor-element-9be811a elementor-section-boxed elementor-section-height-default elementor-section-height-default\" data-id=\"9be811a\" data-element_type=\"section\">\n\t\t\t\t\t\t<div class=\"elementor-container elementor-column-gap-default\">\n\t\t\t\t\t<div class=\"elementor-column elementor-col-100 elementor-top-column elementor-element elementor-element-1ed847b7\" data-id=\"1ed847b7\" data-element_type=\"column\">\n\t\t\t<div class=\"elementor-widget-wrap elementor-element-populated\">\n\t\t\t\t\t\t<div class=\"elementor-element elementor-element-4ce0d07f elementor-widget elementor-widget-heading\" data-id=\"4ce0d07f\" data-element_type=\"widget\" data-widget_type=\"heading.default\">\n\t\t\t\t<div class=\"elementor-widget-container\">\n\t\t\t\t\t<h2 class=\"elementor-heading-title elementor-size-default\">B\u00f6l\u00fcm Tan\u0131t\u0131m\u0131<\/h2>\t\t\t\t<\/div>\n\t\t\t\t<\/div>\n\t\t\t\t<div class=\"elementor-element elementor-element-63260862 elementor-widget-divider--view-line elementor-widget elementor-widget-divider\" data-id=\"63260862\" data-element_type=\"widget\" data-widget_type=\"divider.default\">\n\t\t\t\t<div class=\"elementor-widget-container\">\n\t\t\t\t\t\t\t<div class=\"elementor-divider\">\n\t\t\t<span class=\"elementor-divider-separator\">\n\t\t\t\t\t\t<\/span>\n\t\t<\/div>\n\t\t\t\t\t\t<\/div>\n\t\t\t\t<\/div>\n\t\t\t\t\t<\/div>\n\t\t<\/div>\n\t\t\t\t\t<\/div>\n\t\t<\/section>\n\t\t\t\t<section class=\"elementor-section elementor-top-section elementor-element elementor-element-681db8b elementor-section-boxed elementor-section-height-default elementor-section-height-default\" data-id=\"681db8b\" data-element_type=\"section\">\n\t\t\t\t\t\t<div class=\"elementor-container elementor-column-gap-default\">\n\t\t\t\t\t<div class=\"elementor-column elementor-col-100 elementor-top-column elementor-element elementor-element-ad4dac5\" data-id=\"ad4dac5\" data-element_type=\"column\">\n\t\t\t<div class=\"elementor-widget-wrap elementor-element-populated\">\n\t\t\t\t\t\t<div class=\"elementor-element elementor-element-ad2680d elementor-widget elementor-widget-heading\" data-id=\"ad2680d\" data-element_type=\"widget\" data-widget_type=\"heading.default\">\n\t\t\t\t<div class=\"elementor-widget-container\">\n\t\t\t\t\t<h2 class=\"elementor-heading-title elementor-size-medium\">\u00c7ocuk Bak\u0131m\u0131 ve Gen\u00e7lik Hizmetleri B\u00f6l\u00fcm\u00fc<\/h2>\t\t\t\t<\/div>\n\t\t\t\t<\/div>\n\t\t\t\t<div class=\"elementor-element elementor-element-2f96b3d elementor-widget elementor-widget-text-editor\" data-id=\"2f96b3d\" data-element_type=\"widget\" data-widget_type=\"text-editor.default\">\n\t\t\t\t<div class=\"elementor-widget-container\">\n\t\t\t\t\t\t\t\t\t<p>\u00c7ocuk Geli\u015fimi \u00d6n lisans Program\u0131n\u0131n amac\u0131, 0-18 ya\u015flar aras\u0131ndaki normal ve anormal geli\u015fim g\u00f6steren, korunmaya muhta\u00e7, \u00e7al\u0131\u015fan, m\u00fclteci, su\u00e7lu ve hastanede yatan \u00e7ocuklar\u0131n zihinsel, dil, motor, sosyal, duygusal geli\u015fimlerini ve \u00f6z bak\u0131m becerilerini de\u011ferlendirebilen, t\u00fcm geli\u015fim ve beceri alanlar\u0131n\u0131 destekleme konusunda \u00e7ocu\u011fa, aileye, e\u011fitimciye ve topluma hizmet sunan t\u00fcm birimlere, nitelikli meslek eleman\u0131 yeti\u015ftirmektir.<\/p>\t\t\t\t\t\t\t\t<\/div>\n\t\t\t\t<\/div>\n\t\t\t\t<div class=\"elementor-element elementor-element-b81b34b elementor-widget elementor-widget-heading\" data-id=\"b81b34b\" data-element_type=\"widget\" data-widget_type=\"heading.default\">\n\t\t\t\t<div class=\"elementor-widget-container\">\n\t\t\t\t\t<h2 class=\"elementor-heading-title elementor-size-medium\">Eczane Hizmetleri B\u00f6l\u00fcm\u00fc<\/h2>\t\t\t\t<\/div>\n\t\t\t\t<\/div>\n\t\t\t\t<div class=\"elementor-element elementor-element-386e30f elementor-widget elementor-widget-text-editor\" data-id=\"386e30f\" data-element_type=\"widget\" data-widget_type=\"text-editor.default\">\n\t\t\t\t<div class=\"elementor-widget-container\">\n\t\t\t\t\t\t\t\t\t<p>Eczane hizmetleri program\u0131 2019-2020 e\u011fitim \u00f6\u011fretim y\u0131l\u0131nda meslek y\u00fcksekokulumuz b\u00fcnyesinde 40 ki\u015filik kontenjan\u0131yla e\u011fitim-\u00f6\u011fretim vermeye ba\u015flayacakt\u0131r. Bu program\u0131n amac\u0131; eczanelerde, hastaya ila\u00e7 ve t\u0131bbi \u00fcr\u00fcnlerin sunumunda, yetkili ve sorumlu olan eczac\u0131lara yard\u0131mc\u0131 olmak \u00fczere e\u011fitimi alm\u0131\u015f yard\u0131mc\u0131 sa\u011fl\u0131k personeli yeti\u015ftirmektir.<\/p>\t\t\t\t\t\t\t\t<\/div>\n\t\t\t\t<\/div>\n\t\t\t\t<div class=\"elementor-element elementor-element-bafca97 elementor-widget elementor-widget-heading\" data-id=\"bafca97\" data-element_type=\"widget\" data-widget_type=\"heading.default\">\n\t\t\t\t<div class=\"elementor-widget-container\">\n\t\t\t\t\t<h2 class=\"elementor-heading-title elementor-size-medium\">Veterinerlik B\u00f6l\u00fcm\u00fc<\/h2>\t\t\t\t<\/div>\n\t\t\t\t<\/div>\n\t\t\t\t<div class=\"elementor-element elementor-element-b6a7385 elementor-widget elementor-widget-text-editor\" data-id=\"b6a7385\" data-element_type=\"widget\" data-widget_type=\"text-editor.default\">\n\t\t\t\t<div class=\"elementor-widget-container\">\n\t\t\t\t\t\t\t\t\t<p>Veterinerlik bilimi alan\u0131nda gerekli laboratuvar y\u00f6ntem ve analizlerine, sahada b\u00fcy\u00fckba\u015f ve k\u00fc\u00e7\u00fckba\u015f hayvanlarda koruyucu a\u015f\u0131lama, suni tohumlama bilgi ve tekniklerine, pet hayvan bak\u0131m ve besleme ile genel hayvan besleme, yeti\u015ftirme, \u0131slah bilgi ve becerisine sahip, veteriner hekimlere tedavi, cerrahi operasyon, bak\u0131m ve di\u011fer konularda yard\u0131m edecek, sa\u011fl\u0131k ve hijyen kurallar\u0131na dikkat edecek, G\u0131da, Tar\u0131m ve Hayvanc\u0131l\u0131k Bakanl\u0131\u011f\u0131na ba\u011fl\u0131 kamu kurulu\u015flarda ve hayvanc\u0131l\u0131kla ilgili \u00f6zel kurulu\u015flarda g\u00f6revini severek yerine getirecek kalifiye teknik eleman ihtiyac\u0131n\u0131 kar\u015f\u0131lay\u0131c\u0131 e\u011fitim \u00f6\u011fretim vermektir.<\/p>\t\t\t\t\t\t\t\t<\/div>\n\t\t\t\t<\/div>\n\t\t\t\t<div class=\"elementor-element elementor-element-de233f5 elementor-widget elementor-widget-heading\" data-id=\"de233f5\" data-element_type=\"widget\" data-widget_type=\"heading.default\">\n\t\t\t\t<div class=\"elementor-widget-container\">\n\t\t\t\t\t<h2 class=\"elementor-heading-title elementor-size-medium\">T\u0131bbi Hizmetler ve Teknikleri B\u00f6l\u00fcm\u00fc<\/h2>\t\t\t\t<\/div>\n\t\t\t\t<\/div>\n\t\t\t\t<div class=\"elementor-element elementor-element-5b2895a elementor-widget elementor-widget-heading\" data-id=\"5b2895a\" data-element_type=\"widget\" data-widget_type=\"heading.default\">\n\t\t\t\t<div class=\"elementor-widget-container\">\n\t\t\t\t\t<h2 class=\"elementor-heading-title elementor-size-medium\">Optisyenlik Program\u0131<\/h2>\t\t\t\t<\/div>\n\t\t\t\t<\/div>\n\t\t\t\t<div class=\"elementor-element elementor-element-e909d3b elementor-widget elementor-widget-text-editor\" data-id=\"e909d3b\" data-element_type=\"widget\" data-widget_type=\"text-editor.default\">\n\t\t\t\t<div class=\"elementor-widget-container\">\n\t\t\t\t\t\t\t\t\t<p>Optisyenlik program\u0131\u2019n\u0131n amac\u0131, g\u00f6zl\u00fck\u00e7\u00fcl\u00fck sekt\u00f6r\u00fcnde \u00e7al\u0131\u015facak ana elemanlar\u0131 yeti\u015ftirmektir. Temel optisyenlik bilgisine sahip, optisyenlik ile ilgili sistemlerin i\u015fleyi\u015fini bilen ve uygulayabilen, optisyenlik paket programlar\u0131n\u0131 kullanabilen, g\u00f6z ve insan anatomisini bilen, bir i\u015fletmenin i\u015fleyi\u015f ve y\u00f6netimini planlayabilen, optik aletleri tan\u0131y\u0131p kullanabilen, \u00e7er\u00e7eve ve cam se\u00e7im ve montaj\u0131n\u0131 verilerine uygun yapabilen, i\u015fletmenin maliyet hesaplar\u0131n\u0131 ve i\u015f programlar\u0131n\u0131 yapabilen, \u00fcr\u00fcn\u00fc pazarlayabilen, genel halk sa\u011fl\u0131\u011f\u0131 bilgisine sahip sa\u011fl\u0131k teknikerleri yeti\u015ftirmektir.<br \/><br \/><\/p>\t\t\t\t\t\t\t\t<\/div>\n\t\t\t\t<\/div>\n\t\t\t\t<div class=\"elementor-element elementor-element-ec3b946 elementor-widget elementor-widget-heading\" data-id=\"ec3b946\" data-element_type=\"widget\" data-widget_type=\"heading.default\">\n\t\t\t\t<div class=\"elementor-widget-container\">\n\t\t\t\t\t<h2 class=\"elementor-heading-title elementor-size-medium\">T\u0131bbi Laboratuvar Teknikleri Program\u0131<\/h2>\t\t\t\t<\/div>\n\t\t\t\t<\/div>\n\t\t\t\t<div class=\"elementor-element elementor-element-6ad0771 elementor-widget elementor-widget-text-editor\" data-id=\"6ad0771\" data-element_type=\"widget\" data-widget_type=\"text-editor.default\">\n\t\t\t\t<div class=\"elementor-widget-container\">\n\t\t\t\t\t\t\t\t\t<p>T\u0131bbi laboratuvar hizmetleri alan\u0131nda evrensel bilim ve e\u011fitimi temel alan, kuramsal bilgi birikimini pratikle birle\u015ftirebilen, te\u015fhise y\u00f6nelik gereksinimi olan verilere ili\u015fkin (Patoloji, Biyokimya, Mikrobiyoloji-Parazitoloji ve Sitogenetik vb.) y\u00f6ntemleri kullanabilen, bulgular\u0131 elde edebilen, d\u00fczenleyen, amaca uygun payla\u015f\u0131m ve kullan\u0131ma sunabilen \u00f6zelliklere sahip, t\u0131p ve sa\u011fl\u0131k sekt\u00f6r\u00fcnde i\u015fletme yap\u0131s\u0131 ve organizasyonu sistemati\u011finde t\u0131bbi laboratuvar hizmetleri veren kurumlarda g\u00f6rev alabilecek nitelikte meslek elemanlar\u0131 yeti\u015ftirmektedir.<\/p>\t\t\t\t\t\t\t\t<\/div>\n\t\t\t\t<\/div>\n\t\t\t\t\t<\/div>\n\t\t<\/div>\n\t\t\t\t\t<\/div>\n\t\t<\/section>\n\t\t\t\t<\/div>\n\t\t","protected":false},"excerpt":{"rendered":"<p>B\u00f6l\u00fcm Tan\u0131t\u0131m\u0131 \u00c7ocuk Bak\u0131m\u0131 ve Gen\u00e7lik Hizmetleri B\u00f6l\u00fcm\u00fc \u00c7ocuk Geli\u015fimi \u00d6n lisans Program\u0131n\u0131n amac\u0131, 0-18 ya\u015flar aras\u0131ndaki normal ve anormal geli\u015fim g\u00f6steren, korunmaya muhta\u00e7, \u00e7al\u0131\u015fan, m\u00fclteci, su\u00e7lu ve hastanede yatan \u00e7ocuklar\u0131n zihinsel, dil, motor, sosyal, duygusal geli\u015fimlerini ve \u00f6z bak\u0131m becerilerini de\u011ferlendirebilen, t\u00fcm geli\u015fim ve beceri alanlar\u0131n\u0131 destekleme konusunda \u00e7ocu\u011fa, aileye, e\u011fitimciye ve topluma hizmet [&hellip;]<\/p>\n","protected":false},"author":1,"featured_media":0,"parent":0,"menu_order":0,"comment_status":"closed","ping_status":"closed","template":"elementor_header_footer","meta":{"footnotes":""},"class_list":["post-5728","page","type-page","status-publish","hentry"],"_links":{"self":[{"href":"https:\/\/atauni.edu.tr\/hinis-meslek-yuksekokulu\/wp-json\/wp\/v2\/pages\/5728","targetHints":{"allow":["GET"]}}],"collection":[{"href":"https:\/\/atauni.edu.tr\/hinis-meslek-yuksekokulu\/wp-json\/wp\/v2\/pages"}],"about":[{"href":"https:\/\/atauni.edu.tr\/hinis-meslek-yuksekokulu\/wp-json\/wp\/v2\/types\/page"}],"author":[{"embeddable":true,"href":"https:\/\/atauni.edu.tr\/hinis-meslek-yuksekokulu\/wp-json\/wp\/v2\/users\/1"}],"replies":[{"embeddable":true,"href":"https:\/\/atauni.edu.tr\/hinis-meslek-yuksekokulu\/wp-json\/wp\/v2\/comments?post=5728"}],"version-history":[{"count":20,"href":"https:\/\/atauni.edu.tr\/hinis-meslek-yuksekokulu\/wp-json\/wp\/v2\/pages\/5728\/revisions"}],"predecessor-version":[{"id":6284,"href":"https:\/\/atauni.edu.tr\/hinis-meslek-yuksekokulu\/wp-json\/wp\/v2\/pages\/5728\/revisions\/6284"}],"wp:attachment":[{"href":"https:\/\/atauni.edu.tr\/hinis-meslek-yuksekokulu\/wp-json\/wp\/v2\/media?parent=5728"}],"curies":[{"name":"wp","href":"https:\/\/api.w.org\/{rel}","templated":true}]}}