{"id":6188,"date":"2022-01-19T23:38:34","date_gmt":"2022-01-19T20:38:34","guid":{"rendered":"https:\/\/birimler.atauni.edu.tr\/hinis-meslek-yuksekokulu\/?page_id=6188"},"modified":"2022-01-31T22:14:36","modified_gmt":"2022-01-31T19:14:36","slug":"optisyenlik-programi","status":"publish","type":"page","link":"https:\/\/atauni.edu.tr\/hinis-meslek-yuksekokulu\/optisyenlik-programi\/","title":{"rendered":"Optisyenlik Program\u0131"},"content":{"rendered":"\t\t<div data-elementor-type=\"wp-page\" data-elementor-id=\"6188\" class=\"elementor elementor-6188\" data-elementor-post-type=\"page\">\n\t\t\t\t\t\t<section class=\"elementor-section elementor-top-section elementor-element elementor-element-d907de3 elementor-section-boxed elementor-section-height-default elementor-section-height-default\" data-id=\"d907de3\" data-element_type=\"section\">\n\t\t\t\t\t\t<div class=\"elementor-container elementor-column-gap-default\">\n\t\t\t\t\t<div class=\"elementor-column elementor-col-100 elementor-top-column elementor-element elementor-element-9e10911\" data-id=\"9e10911\" data-element_type=\"column\">\n\t\t\t<div class=\"elementor-widget-wrap elementor-element-populated\">\n\t\t\t\t\t\t<div class=\"elementor-element elementor-element-4b15b21 elementor-widget elementor-widget-text-editor\" data-id=\"4b15b21\" data-element_type=\"widget\" data-widget_type=\"text-editor.default\">\n\t\t\t\t<div class=\"elementor-widget-container\">\n\t\t\t\t\t\t\t\t\t<p>Misyon<br \/>Optisyenlik program\u0131\u2019n\u0131n amac\u0131, g\u00f6zl\u00fck\u00e7\u00fcl\u00fck sekt\u00f6r\u00fcnde \u00e7al\u0131\u015facak ana elemanlar\u0131 yeti\u015ftirmektir. Temel optisyenlik bilgisine sahip, optisyenlik ile ilgili sistemlerin i\u015fleyi\u015fini bilen ve uygulayabilen, optisyenlik paket programlar\u0131n\u0131 kullanabilen, g\u00f6z ve insan anatomisini bilen, bir i\u015fletmenin i\u015fleyi\u015f ve y\u00f6netimini planlayabilen, optik aletleri tan\u0131y\u0131p kullanabilen, \u00e7er\u00e7eve ve cam se\u00e7im ve montaj\u0131n\u0131 verilerine uygun yapabilen, i\u015fletmenin maliyet hesaplar\u0131n\u0131 ve i\u015f programlar\u0131n\u0131 yapabilen, \u00fcr\u00fcn\u00fc pazarlayabilen, genel halk sa\u011fl\u0131\u011f\u0131 bilgisine sahip sa\u011fl\u0131k teknikerleri yeti\u015ftirmektir.<br \/><br \/>Vizyon<br \/>Giri\u015fimci ve kendini yenileyebilen, toplam kalite felsefesini benimsemi\u015f ve ilgili kurumsal s\u00fcre\u00e7lere destek verebilen, mesle\u011fi ile ilgili \u00e7evresel, toplumsal ve etik problemleri ve bunlarla ilgili sorumluluklar\u0131n\u0131 bilen, mesle\u011fi ile ilgili sa\u011fl\u0131k ve emniyet tedbirleri g\u00f6zeten teknik elemanlar yeti\u015ftirilmesinde lider ve \u00f6nc\u00fc e\u011fitim kurumu olmakt\u0131r.\u00a0<\/p>\t\t\t\t\t\t\t\t<\/div>\n\t\t\t\t<\/div>\n\t\t\t\t\t<\/div>\n\t\t<\/div>\n\t\t\t\t\t<\/div>\n\t\t<\/section>\n\t\t\t\t<\/div>\n\t\t","protected":false},"excerpt":{"rendered":"<p>MisyonOptisyenlik program\u0131\u2019n\u0131n amac\u0131, g\u00f6zl\u00fck\u00e7\u00fcl\u00fck sekt\u00f6r\u00fcnde \u00e7al\u0131\u015facak ana elemanlar\u0131 yeti\u015ftirmektir. Temel optisyenlik bilgisine sahip, optisyenlik ile ilgili sistemlerin i\u015fleyi\u015fini bilen ve uygulayabilen, optisyenlik paket programlar\u0131n\u0131 kullanabilen, g\u00f6z ve insan anatomisini bilen, bir i\u015fletmenin i\u015fleyi\u015f ve y\u00f6netimini planlayabilen, optik aletleri tan\u0131y\u0131p kullanabilen, \u00e7er\u00e7eve ve cam se\u00e7im ve montaj\u0131n\u0131 verilerine uygun yapabilen, i\u015fletmenin maliyet hesaplar\u0131n\u0131 ve i\u015f programlar\u0131n\u0131 [&hellip;]<\/p>\n","protected":false},"author":452,"featured_media":0,"parent":0,"menu_order":0,"comment_status":"closed","ping_status":"closed","template":"","meta":{"footnotes":""},"class_list":["post-6188","page","type-page","status-publish","hentry"],"_links":{"self":[{"href":"https:\/\/atauni.edu.tr\/hinis-meslek-yuksekokulu\/wp-json\/wp\/v2\/pages\/6188","targetHints":{"allow":["GET"]}}],"collection":[{"href":"https:\/\/atauni.edu.tr\/hinis-meslek-yuksekokulu\/wp-json\/wp\/v2\/pages"}],"about":[{"href":"https:\/\/atauni.edu.tr\/hinis-meslek-yuksekokulu\/wp-json\/wp\/v2\/types\/page"}],"author":[{"embeddable":true,"href":"https:\/\/atauni.edu.tr\/hinis-meslek-yuksekokulu\/wp-json\/wp\/v2\/users\/452"}],"replies":[{"embeddable":true,"href":"https:\/\/atauni.edu.tr\/hinis-meslek-yuksekokulu\/wp-json\/wp\/v2\/comments?post=6188"}],"version-history":[{"count":4,"href":"https:\/\/atauni.edu.tr\/hinis-meslek-yuksekokulu\/wp-json\/wp\/v2\/pages\/6188\/revisions"}],"predecessor-version":[{"id":6356,"href":"https:\/\/atauni.edu.tr\/hinis-meslek-yuksekokulu\/wp-json\/wp\/v2\/pages\/6188\/revisions\/6356"}],"wp:attachment":[{"href":"https:\/\/atauni.edu.tr\/hinis-meslek-yuksekokulu\/wp-json\/wp\/v2\/media?parent=6188"}],"curies":[{"name":"wp","href":"https:\/\/api.w.org\/{rel}","templated":true}]}}