{"id":7302,"date":"2025-08-10T15:32:00","date_gmt":"2025-08-10T12:32:00","guid":{"rendered":"https:\/\/birimler.atauni.edu.tr\/hinis-meslek-yuksekokulu\/?page_id=7302"},"modified":"2025-08-10T15:32:00","modified_gmt":"2025-08-10T12:32:00","slug":"haberler","status":"publish","type":"page","link":"https:\/\/atauni.edu.tr\/hinis-meslek-yuksekokulu\/haberler\/","title":{"rendered":"Haberler"},"content":{"rendered":"<form method=\"get\" class=\"row g-3\" style=\"margin-bottom: 20px;\"><div class=\"col-md-3\"><input type=\"text\" name=\"haber_ara\" class=\"form-control\" placeholder=\"Haber ara...\" value=\"\"><\/div><div class=\"col-md-3\"><input type=\"date\" name=\"baslangic_tarihi\" class=\"form-control\" value=\"\"><\/div><div class=\"col-md-3\"><input type=\"date\" name=\"bitis_tarihi\" class=\"form-control\" value=\"\"><\/div><div class=\"col-md-3\"><button type=\"submit\" class=\"btn btn-secondary w-50\">Filtrele<\/button><\/div><\/form><ul class=\"kategori-yazilari-liste\"><li style=\"display: flex; margin-bottom: 10px; align-items: center;\"><div class=\"post-thumbnail\" style=\"margin-right: 15px;\"><a href=\"https:\/\/atauni.edu.tr\/hinis-meslek-yuksekokulu\/2026\/03\/09\/tebrik-dr-ogr-uyesi-olcay-guler\/\"><img decoding=\"async\" width=\"150\" height=\"150\" src=\"https:\/\/atauni.edu.tr\/hinis-meslek-yuksekokulu\/wp-content\/uploads\/sites\/488\/2026\/03\/WhatsApp-Image-2026-03-08-at-11.42.40-150x150.jpeg\" class=\"attachment-thumbnail size-thumbnail wp-post-image\" alt=\"\" \/><\/a><\/div><div class=\"post-content\" style=\"flex-grow: 1;\"><span class=\"post-date habertarih\" style=\"display: block; font-weight: bold; margin-bottom: 5px;\">9 Mart 2026<\/span><a class=\"haberbaslik\" href=\"https:\/\/atauni.edu.tr\/hinis-meslek-yuksekokulu\/2026\/03\/09\/tebrik-dr-ogr-uyesi-olcay-guler\/\">Tebrik &#8211; Dr. \u00d6\u011fr. \u00dcyesi Olcay G\u00dcLER<\/a><\/div><\/li><li style=\"display: flex; margin-bottom: 10px; align-items: center;\"><div class=\"post-thumbnail\" style=\"margin-right: 15px;\"><a href=\"https:\/\/atauni.edu.tr\/hinis-meslek-yuksekokulu\/2026\/03\/09\/tebrik-ogr-gor-dr-busra-fayetorbay\/\"><img decoding=\"async\" width=\"150\" height=\"150\" src=\"https:\/\/atauni.edu.tr\/hinis-meslek-yuksekokulu\/wp-content\/uploads\/sites\/488\/2026\/03\/WhatsApp-Image-2026-03-08-at-11.43.37-150x150.jpeg\" class=\"attachment-thumbnail size-thumbnail wp-post-image\" alt=\"\" \/><\/a><\/div><div class=\"post-content\" style=\"flex-grow: 1;\"><span class=\"post-date habertarih\" style=\"display: block; font-weight: bold; margin-bottom: 5px;\">9 Mart 2026<\/span><a class=\"haberbaslik\" href=\"https:\/\/atauni.edu.tr\/hinis-meslek-yuksekokulu\/2026\/03\/09\/tebrik-ogr-gor-dr-busra-fayetorbay\/\">Tebrik &#8211; \u00d6\u011fr. G\u00f6r. Dr. B\u00fc\u015fra FAYET\u00d6RBAY<\/a><\/div><\/li><li style=\"display: flex; margin-bottom: 10px; align-items: center;\"><div class=\"post-thumbnail\" style=\"margin-right: 15px;\"><a href=\"https:\/\/atauni.edu.tr\/hinis-meslek-yuksekokulu\/2026\/01\/23\/tebrik-dr-ogr-uyesi-sinan-uzundumlu\/\"><img decoding=\"async\" width=\"150\" height=\"150\" src=\"https:\/\/atauni.edu.tr\/hinis-meslek-yuksekokulu\/wp-content\/uploads\/sites\/488\/2026\/03\/WhatsApp-Image-2026-01-20-at-21.47.25-150x150.jpeg\" class=\"attachment-thumbnail size-thumbnail wp-post-image\" alt=\"\" \/><\/a><\/div><div class=\"post-content\" style=\"flex-grow: 1;\"><span class=\"post-date habertarih\" style=\"display: block; font-weight: bold; margin-bottom: 5px;\">23 Ocak 2026<\/span><a class=\"haberbaslik\" href=\"https:\/\/atauni.edu.tr\/hinis-meslek-yuksekokulu\/2026\/01\/23\/tebrik-dr-ogr-uyesi-sinan-uzundumlu\/\">Tebrik &#8211; Dr. \u00d6\u011fr. \u00dcyesi Sinan UZUNDUMLU<\/a><\/div><\/li><li style=\"display: flex; margin-bottom: 10px; align-items: center;\"><div class=\"post-thumbnail\" style=\"margin-right: 15px;\"><a href=\"https:\/\/atauni.edu.tr\/hinis-meslek-yuksekokulu\/2025\/11\/01\/tebrik-ogr-gor-ebru-celik\/\"><img loading=\"lazy\" decoding=\"async\" width=\"150\" height=\"150\" src=\"https:\/\/atauni.edu.tr\/hinis-meslek-yuksekokulu\/wp-content\/uploads\/sites\/488\/2025\/11\/Ebru-Celik-Q1-150x150.png\" class=\"attachment-thumbnail size-thumbnail wp-post-image\" alt=\"\" \/><\/a><\/div><div class=\"post-content\" style=\"flex-grow: 1;\"><span class=\"post-date habertarih\" style=\"display: block; font-weight: bold; margin-bottom: 5px;\">1 Kas\u0131m 2025<\/span><a class=\"haberbaslik\" href=\"https:\/\/atauni.edu.tr\/hinis-meslek-yuksekokulu\/2025\/11\/01\/tebrik-ogr-gor-ebru-celik\/\">Tebrik &#8211; \u00d6\u011fr. G\u00f6r. Ebru \u00c7EL\u0130K<\/a><\/div><\/li><li style=\"display: flex; margin-bottom: 10px; align-items: center;\"><div class=\"post-thumbnail\" style=\"margin-right: 15px;\"><a href=\"https:\/\/atauni.edu.tr\/hinis-meslek-yuksekokulu\/2025\/11\/01\/tebrik-2\/\"><img loading=\"lazy\" decoding=\"async\" width=\"150\" height=\"150\" src=\"https:\/\/atauni.edu.tr\/hinis-meslek-yuksekokulu\/wp-content\/uploads\/sites\/488\/2025\/11\/Meryem-Doymus-Q1-150x150.png\" class=\"attachment-thumbnail size-thumbnail wp-post-image\" alt=\"\" \/><\/a><\/div><div class=\"post-content\" style=\"flex-grow: 1;\"><span class=\"post-date habertarih\" style=\"display: block; font-weight: bold; margin-bottom: 5px;\">1 Kas\u0131m 2025<\/span><a class=\"haberbaslik\" href=\"https:\/\/atauni.edu.tr\/hinis-meslek-yuksekokulu\/2025\/11\/01\/tebrik-2\/\">Tebrik &#8211; \u00d6\u011fr. G\u00f6r. Dr. Meryem DOYMU\u015e<\/a><\/div><\/li><li style=\"display: flex; margin-bottom: 10px; align-items: center;\"><div class=\"post-thumbnail\" style=\"margin-right: 15px;\"><a href=\"https:\/\/atauni.edu.tr\/hinis-meslek-yuksekokulu\/2025\/10\/09\/2025-2026-egitim-ogretim-yili-oryantasyon-egitimi-kapsaminda-yeni-kayit-ogrencileriyle-bulusuldu\/\"><img loading=\"lazy\" decoding=\"async\" width=\"150\" height=\"150\" src=\"https:\/\/atauni.edu.tr\/hinis-meslek-yuksekokulu\/wp-content\/uploads\/sites\/488\/2025\/10\/WhatsApp-Image-2025-10-08-at-11.11.46-1-150x150.jpeg\" class=\"attachment-thumbnail size-thumbnail wp-post-image\" alt=\"\" \/><\/a><\/div><div class=\"post-content\" style=\"flex-grow: 1;\"><span class=\"post-date habertarih\" style=\"display: block; font-weight: bold; margin-bottom: 5px;\">9 Ekim 2025<\/span><a class=\"haberbaslik\" href=\"https:\/\/atauni.edu.tr\/hinis-meslek-yuksekokulu\/2025\/10\/09\/2025-2026-egitim-ogretim-yili-oryantasyon-egitimi-kapsaminda-yeni-kayit-ogrencileriyle-bulusuldu\/\">2025 \u2013 2026 E\u011fitim \u00d6\u011fretim Y\u0131l\u0131 Oryantasyon E\u011fitimi Kapsam\u0131nda Yeni Kay\u0131t Yapt\u0131ran \u00d6\u011frencilerle Bulu\u015fuldu\u00a0<\/a><\/div><\/li><li style=\"display: flex; margin-bottom: 10px; align-items: center;\"><div class=\"post-thumbnail\" style=\"margin-right: 15px;\"><a href=\"https:\/\/atauni.edu.tr\/hinis-meslek-yuksekokulu\/2025\/05\/29\/meslek-yuksekokulu-2024-2025-akademik-yili-mezuniyet-toreni-gerceklestirildi\/\"><img loading=\"lazy\" decoding=\"async\" width=\"150\" height=\"150\" src=\"https:\/\/atauni.edu.tr\/hinis-meslek-yuksekokulu\/wp-content\/uploads\/sites\/488\/2025\/05\/WhatsApp-Image-2025-05-29-at-23.19.24-1-150x150.jpeg\" class=\"attachment-thumbnail size-thumbnail wp-post-image\" alt=\"\" \/><\/a><\/div><div class=\"post-content\" style=\"flex-grow: 1;\"><span class=\"post-date habertarih\" style=\"display: block; font-weight: bold; margin-bottom: 5px;\">29 May\u0131s 2025<\/span><a class=\"haberbaslik\" href=\"https:\/\/atauni.edu.tr\/hinis-meslek-yuksekokulu\/2025\/05\/29\/meslek-yuksekokulu-2024-2025-akademik-yili-mezuniyet-toreni-gerceklestirildi\/\">Meslek Y\u00fcksekokulu 2024 \u2013 2025 Akademik Y\u0131l\u0131 Mezuniyet T\u00f6reni Ger\u00e7ekle\u015ftirildi<\/a><\/div><\/li><li style=\"display: flex; margin-bottom: 10px; align-items: center;\"><div class=\"post-thumbnail\" style=\"margin-right: 15px;\"><a href=\"https:\/\/atauni.edu.tr\/hinis-meslek-yuksekokulu\/2025\/05\/08\/2025-yangin-egitimi-ve-tatbikati-gerceklestirildi\/\"><img loading=\"lazy\" decoding=\"async\" width=\"150\" height=\"150\" src=\"https:\/\/atauni.edu.tr\/hinis-meslek-yuksekokulu\/wp-content\/uploads\/sites\/488\/2025\/05\/WhatsApp-Image-2025-05-08-at-13.51.12-150x150.jpeg\" class=\"attachment-thumbnail size-thumbnail wp-post-image\" alt=\"\" \/><\/a><\/div><div class=\"post-content\" style=\"flex-grow: 1;\"><span class=\"post-date habertarih\" style=\"display: block; font-weight: bold; margin-bottom: 5px;\">8 May\u0131s 2025<\/span><a class=\"haberbaslik\" href=\"https:\/\/atauni.edu.tr\/hinis-meslek-yuksekokulu\/2025\/05\/08\/2025-yangin-egitimi-ve-tatbikati-gerceklestirildi\/\">2025 Y\u0131l\u0131 Yang\u0131n E\u011fitimi ve Tatbikat\u0131 Ger\u00e7ekle\u015ftirildi<\/a><\/div><\/li><li style=\"display: flex; margin-bottom: 10px; align-items: center;\"><div class=\"post-thumbnail\" style=\"margin-right: 15px;\"><a href=\"https:\/\/atauni.edu.tr\/hinis-meslek-yuksekokulu\/2025\/05\/08\/hinis-myo-kudakaf25te\/\"><img loading=\"lazy\" decoding=\"async\" width=\"150\" height=\"150\" src=\"https:\/\/atauni.edu.tr\/hinis-meslek-yuksekokulu\/wp-content\/uploads\/sites\/488\/2025\/05\/WhatsApp-Image-2025-05-08-at-13.23.46-150x150.jpeg\" class=\"attachment-thumbnail size-thumbnail wp-post-image\" alt=\"\" \/><\/a><\/div><div class=\"post-content\" style=\"flex-grow: 1;\"><span class=\"post-date habertarih\" style=\"display: block; font-weight: bold; margin-bottom: 5px;\">8 May\u0131s 2025<\/span><a class=\"haberbaslik\" href=\"https:\/\/atauni.edu.tr\/hinis-meslek-yuksekokulu\/2025\/05\/08\/hinis-myo-kudakaf25te\/\">H\u0131n\u0131s MYO KUDAKAF&#8217;25&#8217;te<\/a><\/div><\/li><li style=\"display: flex; margin-bottom: 10px; align-items: center;\"><div class=\"post-thumbnail\" style=\"margin-right: 15px;\"><a href=\"https:\/\/atauni.edu.tr\/hinis-meslek-yuksekokulu\/2024\/10\/10\/2024-2025-egitim-ogretim-yili-oryantasyon-egitimi-kapsaminda-yeni-kayit-ogrencileriyle-bulusuldu\/\"><img loading=\"lazy\" decoding=\"async\" width=\"150\" height=\"150\" src=\"https:\/\/atauni.edu.tr\/hinis-meslek-yuksekokulu\/wp-content\/uploads\/sites\/488\/2020\/07\/WhatsApp-Image-2024-10-09-at-14.27.50-1-150x150.jpeg\" class=\"attachment-thumbnail size-thumbnail wp-post-image\" alt=\"\" \/><\/a><\/div><div class=\"post-content\" style=\"flex-grow: 1;\"><span class=\"post-date habertarih\" style=\"display: block; font-weight: bold; margin-bottom: 5px;\">10 Ekim 2024<\/span><a class=\"haberbaslik\" href=\"https:\/\/atauni.edu.tr\/hinis-meslek-yuksekokulu\/2024\/10\/10\/2024-2025-egitim-ogretim-yili-oryantasyon-egitimi-kapsaminda-yeni-kayit-ogrencileriyle-bulusuldu\/\">2024 &#8211; 2025 E\u011fitim \u00d6\u011fretim Y\u0131l\u0131 Oryantasyon E\u011fitimi Kapsam\u0131nda Yeni Kay\u0131t \u00d6\u011frencileriyle Bulu\u015fuldu<\/a><\/div><\/li><\/ul><nav class=\"pagination\" style=\"margin-top: 20px;\"><ul class='page-numbers'>\n\t<li><span aria-current=\"page\" class=\"page-numbers current\">1<\/span><\/li>\n\t<li><a class=\"page-numbers\" href=\"https:\/\/atauni.edu.tr\/hinis-meslek-yuksekokulu\/wp-json\/wp\/v2\/pages\/7302\/page\/2\/\">2<\/a><\/li>\n\t<li><a class=\"next page-numbers\" href=\"https:\/\/atauni.edu.tr\/hinis-meslek-yuksekokulu\/wp-json\/wp\/v2\/pages\/7302\/page\/2\/\">Sonraki &raquo;<\/a><\/li>\n<\/ul>\n<\/nav>\n\n\n\n<p><\/p>\n","protected":false},"excerpt":{"rendered":"","protected":false},"author":1,"featured_media":0,"parent":0,"menu_order":0,"comment_status":"closed","ping_status":"closed","template":"","meta":{"footnotes":""},"class_list":["post-7302","page","type-page","status-publish","hentry"],"_links":{"self":[{"href":"https:\/\/atauni.edu.tr\/hinis-meslek-yuksekokulu\/wp-json\/wp\/v2\/pages\/7302","targetHints":{"allow":["GET"]}}],"collection":[{"href":"https:\/\/atauni.edu.tr\/hinis-meslek-yuksekokulu\/wp-json\/wp\/v2\/pages"}],"about":[{"href":"https:\/\/atauni.edu.tr\/hinis-meslek-yuksekokulu\/wp-json\/wp\/v2\/types\/page"}],"author":[{"embeddable":true,"href":"https:\/\/atauni.edu.tr\/hinis-meslek-yuksekokulu\/wp-json\/wp\/v2\/users\/1"}],"replies":[{"embeddable":true,"href":"https:\/\/atauni.edu.tr\/hinis-meslek-yuksekokulu\/wp-json\/wp\/v2\/comments?post=7302"}],"version-history":[{"count":1,"href":"https:\/\/atauni.edu.tr\/hinis-meslek-yuksekokulu\/wp-json\/wp\/v2\/pages\/7302\/revisions"}],"predecessor-version":[{"id":7305,"href":"https:\/\/atauni.edu.tr\/hinis-meslek-yuksekokulu\/wp-json\/wp\/v2\/pages\/7302\/revisions\/7305"}],"wp:attachment":[{"href":"https:\/\/atauni.edu.tr\/hinis-meslek-yuksekokulu\/wp-json\/wp\/v2\/media?parent=7302"}],"curies":[{"name":"wp","href":"https:\/\/api.w.org\/{rel}","templated":true}]}}