{"id":7304,"date":"2025-08-10T15:32:24","date_gmt":"2025-08-10T12:32:24","guid":{"rendered":"https:\/\/birimler.atauni.edu.tr\/hinis-meslek-yuksekokulu\/?page_id=7304"},"modified":"2025-08-10T15:32:24","modified_gmt":"2025-08-10T12:32:24","slug":"duyurular","status":"publish","type":"page","link":"https:\/\/atauni.edu.tr\/hinis-meslek-yuksekokulu\/duyurular\/","title":{"rendered":"Duyurular"},"content":{"rendered":"<form method=\"get\" class=\"row g-3\" style=\"margin-bottom: 20px;\"><div class=\"col-md-3\"><input type=\"text\" name=\"Duyuru_ara\" class=\"form-control\" placeholder=\"Duyuru ara...\" value=\"\"><\/div><div class=\"col-md-3\"><input type=\"date\" name=\"baslangic_tarihi\" class=\"form-control\" value=\"\"><\/div><div class=\"col-md-3\"><input type=\"date\" name=\"bitis_tarihi\" class=\"form-control\" value=\"\"><\/div><div class=\"col-md-3\"><button type=\"submit\" class=\"btn btn-secondary w-50\">Filtrele<\/button><\/div><\/form><ul class=\"kategori-yazilari-liste\"><li style=\"display: flex; margin-bottom: 10px; align-items: center;\"><div class=\"post-content\" style=\"flex-grow: 1;\"><span class=\"post-date Duyurutarih\" style=\"display: block; font-weight: bold; margin-bottom: 5px;\">22 Mart 2026<\/span><a class=\"Duyurubaslik\" href=\"https:\/\/atauni.edu.tr\/hinis-meslek-yuksekokulu\/2026\/03\/22\/ara-sinav-tarihleri-7\/\">Ara S\u0131nav Tarihleri<\/a><\/div><\/li><li style=\"display: flex; margin-bottom: 10px; align-items: center;\"><div class=\"post-content\" style=\"flex-grow: 1;\"><span class=\"post-date Duyurutarih\" style=\"display: block; font-weight: bold; margin-bottom: 5px;\">13 Ocak 2026<\/span><a class=\"Duyurubaslik\" href=\"https:\/\/atauni.edu.tr\/hinis-meslek-yuksekokulu\/2026\/01\/13\/mezuniyet-tek-ders-ve-azami-sure-sonu-sinavlari-tarihleri-2025-2026-guz-yy\/\">Mezuniyet Tek Ders ve Azami S\u00fcre Sonu S\u0131navlar\u0131 Tarihleri (2025 &#8211; 2026 G\u00fcz YY)<\/a><\/div><\/li><li style=\"display: flex; margin-bottom: 10px; align-items: center;\"><div class=\"post-content\" style=\"flex-grow: 1;\"><span class=\"post-date Duyurutarih\" style=\"display: block; font-weight: bold; margin-bottom: 5px;\">29 Aral\u0131k 2025<\/span><a class=\"Duyurubaslik\" href=\"https:\/\/atauni.edu.tr\/hinis-meslek-yuksekokulu\/2025\/12\/29\/final-ve-butunleme-tarihleri-4\/\">Final ve B\u00fct\u00fcnleme Tarihleri<\/a><\/div><\/li><li style=\"display: flex; margin-bottom: 10px; align-items: center;\"><div class=\"post-content\" style=\"flex-grow: 1;\"><span class=\"post-date Duyurutarih\" style=\"display: block; font-weight: bold; margin-bottom: 5px;\">11 Kas\u0131m 2025<\/span><a class=\"Duyurubaslik\" href=\"https:\/\/atauni.edu.tr\/hinis-meslek-yuksekokulu\/2025\/11\/11\/2025-2026-guz-yariyili-ara-sinav-tarihleri\/\">2025 &#8211; 2026 G\u00fcz Yar\u0131y\u0131l\u0131 Ara S\u0131nav Tarihleri<\/a><\/div><\/li><li style=\"display: flex; margin-bottom: 10px; align-items: center;\"><div class=\"post-content\" style=\"flex-grow: 1;\"><span class=\"post-date Duyurutarih\" style=\"display: block; font-weight: bold; margin-bottom: 5px;\">27 Haziran 2025<\/span><a class=\"Duyurubaslik\" href=\"https:\/\/atauni.edu.tr\/hinis-meslek-yuksekokulu\/2025\/06\/27\/mezuniyet-tek-ders-ve-mezuniyet-agno-baraj-sinavlari-tarihleri-2024-2025-bahar-yariyili\/\">Mezuniyet Tek Ders ve Mezuniyet AGNO Baraj S\u0131navlar\u0131 S\u0131navlar\u0131 Tarihleri (2024 \u2013 2025 Bahar Yar\u0131y\u0131l\u0131)<\/a><\/div><\/li><li style=\"display: flex; margin-bottom: 10px; align-items: center;\"><div class=\"post-content\" style=\"flex-grow: 1;\"><span class=\"post-date Duyurutarih\" style=\"display: block; font-weight: bold; margin-bottom: 5px;\">2 Haziran 2025<\/span><a class=\"Duyurubaslik\" href=\"https:\/\/atauni.edu.tr\/hinis-meslek-yuksekokulu\/2025\/06\/02\/final-ve-butunleme-tarihleri-3\/\">Final ve B\u00fct\u00fcnleme Tarihleri<\/a><\/div><\/li><li style=\"display: flex; margin-bottom: 10px; align-items: center;\"><div class=\"post-content\" style=\"flex-grow: 1;\"><span class=\"post-date Duyurutarih\" style=\"display: block; font-weight: bold; margin-bottom: 5px;\">7 Nisan 2025<\/span><a class=\"Duyurubaslik\" href=\"https:\/\/atauni.edu.tr\/hinis-meslek-yuksekokulu\/2025\/04\/07\/ara-sinav-tarihleri-6\/\">Ara S\u0131nav Tarihleri<\/a><\/div><\/li><li style=\"display: flex; margin-bottom: 10px; align-items: center;\"><div class=\"post-content\" style=\"flex-grow: 1;\"><span class=\"post-date Duyurutarih\" style=\"display: block; font-weight: bold; margin-bottom: 5px;\">22 Ocak 2025<\/span><a class=\"Duyurubaslik\" href=\"https:\/\/atauni.edu.tr\/hinis-meslek-yuksekokulu\/2025\/01\/22\/mezuniyet-tek-ders-ve-mezuniyet-agno-baraj-sinavlari-tarihleri-2024-2025-guz-yariyili\/\">Mezuniyet Tek Ders ve Mezuniyet AGNO Baraj S\u0131navlar\u0131 Tarihleri (2024 \u2013 2025 G\u00fcz Yar\u0131y\u0131l\u0131)<\/a><\/div><\/li><li style=\"display: flex; margin-bottom: 10px; align-items: center;\"><div class=\"post-content\" style=\"flex-grow: 1;\"><span class=\"post-date Duyurutarih\" style=\"display: block; font-weight: bold; margin-bottom: 5px;\">29 Aral\u0131k 2024<\/span><a class=\"Duyurubaslik\" href=\"https:\/\/atauni.edu.tr\/hinis-meslek-yuksekokulu\/2024\/12\/29\/final-ve-butunleme-tarihleri-2\/\">Final ve B\u00fct\u00fcnleme Tarihleri<\/a><\/div><\/li><li style=\"display: flex; margin-bottom: 10px; align-items: center;\"><div class=\"post-content\" style=\"flex-grow: 1;\"><span class=\"post-date Duyurutarih\" style=\"display: block; font-weight: bold; margin-bottom: 5px;\">17 Kas\u0131m 2024<\/span><a class=\"Duyurubaslik\" href=\"https:\/\/atauni.edu.tr\/hinis-meslek-yuksekokulu\/2024\/11\/17\/ara-sinav-tarihleri-5\/\">Ara S\u0131nav Tarihleri<\/a><\/div><\/li><\/ul><nav class=\"pagination\" style=\"margin-top: 20px;\"><ul class='page-numbers'>\n\t<li><span aria-current=\"page\" class=\"page-numbers current\">1<\/span><\/li>\n\t<li><a class=\"page-numbers\" href=\"https:\/\/atauni.edu.tr\/hinis-meslek-yuksekokulu\/wp-json\/wp\/v2\/pages\/7304\/page\/2\/\">2<\/a><\/li>\n\t<li><a class=\"page-numbers\" href=\"https:\/\/atauni.edu.tr\/hinis-meslek-yuksekokulu\/wp-json\/wp\/v2\/pages\/7304\/page\/3\/\">3<\/a><\/li>\n\t<li><a class=\"page-numbers\" href=\"https:\/\/atauni.edu.tr\/hinis-meslek-yuksekokulu\/wp-json\/wp\/v2\/pages\/7304\/page\/4\/\">4<\/a><\/li>\n\t<li><a class=\"next page-numbers\" href=\"https:\/\/atauni.edu.tr\/hinis-meslek-yuksekokulu\/wp-json\/wp\/v2\/pages\/7304\/page\/2\/\">Sonraki &raquo;<\/a><\/li>\n<\/ul>\n<\/nav>\n\n\n\n<p><\/p>\n","protected":false},"excerpt":{"rendered":"","protected":false},"author":1,"featured_media":0,"parent":0,"menu_order":0,"comment_status":"closed","ping_status":"closed","template":"","meta":{"footnotes":""},"class_list":["post-7304","page","type-page","status-publish","hentry"],"_links":{"self":[{"href":"https:\/\/atauni.edu.tr\/hinis-meslek-yuksekokulu\/wp-json\/wp\/v2\/pages\/7304","targetHints":{"allow":["GET"]}}],"collection":[{"href":"https:\/\/atauni.edu.tr\/hinis-meslek-yuksekokulu\/wp-json\/wp\/v2\/pages"}],"about":[{"href":"https:\/\/atauni.edu.tr\/hinis-meslek-yuksekokulu\/wp-json\/wp\/v2\/types\/page"}],"author":[{"embeddable":true,"href":"https:\/\/atauni.edu.tr\/hinis-meslek-yuksekokulu\/wp-json\/wp\/v2\/users\/1"}],"replies":[{"embeddable":true,"href":"https:\/\/atauni.edu.tr\/hinis-meslek-yuksekokulu\/wp-json\/wp\/v2\/comments?post=7304"}],"version-history":[{"count":1,"href":"https:\/\/atauni.edu.tr\/hinis-meslek-yuksekokulu\/wp-json\/wp\/v2\/pages\/7304\/revisions"}],"predecessor-version":[{"id":7307,"href":"https:\/\/atauni.edu.tr\/hinis-meslek-yuksekokulu\/wp-json\/wp\/v2\/pages\/7304\/revisions\/7307"}],"wp:attachment":[{"href":"https:\/\/atauni.edu.tr\/hinis-meslek-yuksekokulu\/wp-json\/wp\/v2\/media?parent=7304"}],"curies":[{"name":"wp","href":"https:\/\/api.w.org\/{rel}","templated":true}]}}