{"id":5638,"date":"2021-07-13T09:49:25","date_gmt":"2021-07-13T06:49:25","guid":{"rendered":"https:\/\/portaltest.atauni.edu.tr\/bilgisayar-muhendisligi\/?page_id=5638"},"modified":"2025-05-21T13:28:42","modified_gmt":"2025-05-21T10:28:42","slug":"tarihce","status":"publish","type":"page","link":"https:\/\/atauni.edu.tr\/horasan-meslek-yuksekokulu\/tarihce\/","title":{"rendered":"Tarih\u00e7e"},"content":{"rendered":"\t\t<div data-elementor-type=\"wp-page\" data-elementor-id=\"5638\" class=\"elementor elementor-5638\" data-elementor-post-type=\"page\">\n\t\t\t\t\t\t<section class=\"elementor-section elementor-top-section elementor-element elementor-element-730d320 elementor-section-boxed elementor-section-height-default elementor-section-height-default\" data-id=\"730d320\" data-element_type=\"section\">\n\t\t\t\t\t\t<div class=\"elementor-container elementor-column-gap-default\">\n\t\t\t\t\t<div class=\"elementor-column elementor-col-100 elementor-top-column elementor-element elementor-element-753d0860\" data-id=\"753d0860\" data-element_type=\"column\">\n\t\t\t<div class=\"elementor-widget-wrap\">\n\t\t\t\t\t\t\t<\/div>\n\t\t<\/div>\n\t\t\t\t\t<\/div>\n\t\t<\/section>\n\t\t\t\t<section class=\"elementor-section elementor-top-section elementor-element elementor-element-9be811a elementor-section-boxed elementor-section-height-default elementor-section-height-default\" data-id=\"9be811a\" data-element_type=\"section\">\n\t\t\t\t\t\t<div class=\"elementor-container elementor-column-gap-default\">\n\t\t\t\t\t<div class=\"elementor-column elementor-col-100 elementor-top-column elementor-element elementor-element-1ed847b7\" data-id=\"1ed847b7\" data-element_type=\"column\">\n\t\t\t<div class=\"elementor-widget-wrap elementor-element-populated\">\n\t\t\t\t\t\t<div class=\"elementor-element elementor-element-4ce0d07f elementor-widget elementor-widget-heading\" data-id=\"4ce0d07f\" data-element_type=\"widget\" data-widget_type=\"heading.default\">\n\t\t\t\t<div class=\"elementor-widget-container\">\n\t\t\t\t\t<h2 class=\"elementor-heading-title elementor-size-default\">Tarih\u00e7e<\/h2>\t\t\t\t<\/div>\n\t\t\t\t<\/div>\n\t\t\t\t<div class=\"elementor-element elementor-element-63260862 elementor-widget-divider--view-line elementor-widget elementor-widget-divider\" data-id=\"63260862\" data-element_type=\"widget\" data-widget_type=\"divider.default\">\n\t\t\t\t<div class=\"elementor-widget-container\">\n\t\t\t\t\t\t\t<div class=\"elementor-divider\">\n\t\t\t<span class=\"elementor-divider-separator\">\n\t\t\t\t\t\t<\/span>\n\t\t<\/div>\n\t\t\t\t\t\t<\/div>\n\t\t\t\t<\/div>\n\t\t\t\t\t<\/div>\n\t\t<\/div>\n\t\t\t\t\t<\/div>\n\t\t<\/section>\n\t\t\t\t<section class=\"elementor-section elementor-top-section elementor-element elementor-element-681db8b elementor-section-boxed elementor-section-height-default elementor-section-height-default\" data-id=\"681db8b\" data-element_type=\"section\">\n\t\t\t\t\t\t<div class=\"elementor-container elementor-column-gap-default\">\n\t\t\t\t\t<div class=\"elementor-column elementor-col-100 elementor-top-column elementor-element elementor-element-ad4dac5\" data-id=\"ad4dac5\" data-element_type=\"column\">\n\t\t\t<div class=\"elementor-widget-wrap elementor-element-populated\">\n\t\t\t\t\t\t<div class=\"elementor-element elementor-element-2f96b3d elementor-widget elementor-widget-text-editor\" data-id=\"2f96b3d\" data-element_type=\"widget\" data-widget_type=\"text-editor.default\">\n\t\t\t\t<div class=\"elementor-widget-container\">\n\t\t\t\t\t\t\t\t\t<h1 style=\"font-size: 14pt;margin: 12pt 0cm 6pt 14.2pt;text-align: start;, serif;color: black;font-weight: bold;line-height: normal\"><span style=\"font-family: symbol;font-weight: normal\">\u00b7<span style=\"font-size: 7pt;line-height: normal\">&nbsp;&nbsp;&nbsp;&nbsp;&nbsp;<\/span><\/span><i><span style=\"font-family: calibri, sans-serif\">Tarih\u00e7e<\/span><\/i><\/h1><p style=\"margin: 0cm 0cm 18pt 14.2pt;font-size: 11pt;font-family: Calibri, sans-serif;line-height: 16.8667px\"><span style=\"font-size: 12pt;line-height: 18.4px\">Atat\u00fcrk \u00dcniversitesi\u2019ne ba\u011fl\u0131 olarak 2009 y\u0131l\u0131nda kurulan Horasan Meslek Y\u00fcksekokulu, b\u00f6lgenin mesleki e\u011fitim ihtiyac\u0131n\u0131 kar\u015f\u0131lamak amac\u0131yla kurulmu\u015ftur. Y\u00fcksekokul, 2012-2013 e\u011fitim-\u00f6\u011fretim y\u0131l\u0131nda Bilgisayar Programc\u0131l\u0131\u011f\u0131, Elektrik, Laborant ve Veteriner Sa\u011fl\u0131k, Sivil Savunma ve \u0130tfaiyecilik ile \u00d6zel G\u00fcvenlik ve Koruma programlar\u0131yla ilk \u00f6\u011frencilerini kabul ederek e\u011fitim-\u00f6\u011fretim faaliyetlerine ba\u015flam\u0131\u015ft\u0131r. 2013-2014 e\u011fitim-\u00f6\u011fretim y\u0131l\u0131nda ise mevcut programlara Posta Hizmetleri ile Rayl\u0131 Sistemler Yol Teknolojisi programlar\u0131 eklenmi\u015f ve toplam program say\u0131s\u0131 yediye y\u00fckselmi\u015ftir. G\u00fcn\u00fcm\u00fczde Horasan Meslek Y\u00fcksekokulu; Bilgisayar Programc\u0131l\u0131\u011f\u0131, Laborant ve Veteriner Sa\u011fl\u0131k, Sivil Savunma ve \u0130tfaiyecilik, \u00d6zel G\u00fcvenlik ve Koruma, Posta Hizmetleri ile Rayl\u0131 Sistemler Yol Teknolojisi olmak \u00fczere 6 programda e\u011fitim-\u00f6\u011fretim aktif olarak devam etmektedir.<\/span><\/p>\t\t\t\t\t\t\t\t<\/div>\n\t\t\t\t<\/div>\n\t\t\t\t\t<\/div>\n\t\t<\/div>\n\t\t\t\t\t<\/div>\n\t\t<\/section>\n\t\t\t\t<\/div>\n\t\t","protected":false},"excerpt":{"rendered":"<p>Tarih\u00e7e \u00b7&nbsp;&nbsp;&nbsp;&nbsp;&nbsp;Tarih\u00e7e Atat\u00fcrk \u00dcniversitesi\u2019ne ba\u011fl\u0131 olarak 2009 y\u0131l\u0131nda kurulan Horasan Meslek Y\u00fcksekokulu, b\u00f6lgenin mesleki e\u011fitim ihtiyac\u0131n\u0131 kar\u015f\u0131lamak amac\u0131yla kurulmu\u015ftur. Y\u00fcksekokul, 2012-2013 e\u011fitim-\u00f6\u011fretim y\u0131l\u0131nda Bilgisayar Programc\u0131l\u0131\u011f\u0131, Elektrik, Laborant ve Veteriner Sa\u011fl\u0131k, Sivil Savunma ve \u0130tfaiyecilik ile \u00d6zel G\u00fcvenlik ve Koruma programlar\u0131yla ilk \u00f6\u011frencilerini kabul ederek e\u011fitim-\u00f6\u011fretim faaliyetlerine ba\u015flam\u0131\u015ft\u0131r. 2013-2014 e\u011fitim-\u00f6\u011fretim y\u0131l\u0131nda ise mevcut programlara Posta Hizmetleri [&hellip;]<\/p>\n","protected":false},"author":1,"featured_media":0,"parent":0,"menu_order":0,"comment_status":"closed","ping_status":"closed","template":"","meta":{"footnotes":""},"class_list":["post-5638","page","type-page","status-publish","hentry"],"_links":{"self":[{"href":"https:\/\/atauni.edu.tr\/horasan-meslek-yuksekokulu\/wp-json\/wp\/v2\/pages\/5638","targetHints":{"allow":["GET"]}}],"collection":[{"href":"https:\/\/atauni.edu.tr\/horasan-meslek-yuksekokulu\/wp-json\/wp\/v2\/pages"}],"about":[{"href":"https:\/\/atauni.edu.tr\/horasan-meslek-yuksekokulu\/wp-json\/wp\/v2\/types\/page"}],"author":[{"embeddable":true,"href":"https:\/\/atauni.edu.tr\/horasan-meslek-yuksekokulu\/wp-json\/wp\/v2\/users\/1"}],"replies":[{"embeddable":true,"href":"https:\/\/atauni.edu.tr\/horasan-meslek-yuksekokulu\/wp-json\/wp\/v2\/comments?post=5638"}],"version-history":[{"count":35,"href":"https:\/\/atauni.edu.tr\/horasan-meslek-yuksekokulu\/wp-json\/wp\/v2\/pages\/5638\/revisions"}],"predecessor-version":[{"id":7116,"href":"https:\/\/atauni.edu.tr\/horasan-meslek-yuksekokulu\/wp-json\/wp\/v2\/pages\/5638\/revisions\/7116"}],"wp:attachment":[{"href":"https:\/\/atauni.edu.tr\/horasan-meslek-yuksekokulu\/wp-json\/wp\/v2\/media?parent=5638"}],"curies":[{"name":"wp","href":"https:\/\/api.w.org\/{rel}","templated":true}]}}