{"id":5682,"date":"2021-07-13T10:10:01","date_gmt":"2021-07-13T07:10:01","guid":{"rendered":"https:\/\/portaltest.atauni.edu.tr\/bilgisayar-muhendisligi\/?page_id=5682"},"modified":"2025-05-21T13:26:34","modified_gmt":"2025-05-21T10:26:34","slug":"misyon-vizyon-ve-temel-degerler","status":"publish","type":"page","link":"https:\/\/atauni.edu.tr\/horasan-meslek-yuksekokulu\/misyon-vizyon-ve-temel-degerler\/","title":{"rendered":"Misyon, Vizyon ve Temel De\u011ferler"},"content":{"rendered":"\t\t<div data-elementor-type=\"wp-page\" data-elementor-id=\"5682\" class=\"elementor elementor-5682\" data-elementor-post-type=\"page\">\n\t\t\t\t\t\t<section class=\"elementor-section elementor-top-section elementor-element elementor-element-9be811a elementor-section-boxed elementor-section-height-default elementor-section-height-default\" data-id=\"9be811a\" data-element_type=\"section\">\n\t\t\t\t\t\t<div class=\"elementor-container elementor-column-gap-default\">\n\t\t\t\t\t<div class=\"elementor-column elementor-col-100 elementor-top-column elementor-element elementor-element-1ed847b7\" data-id=\"1ed847b7\" data-element_type=\"column\">\n\t\t\t<div class=\"elementor-widget-wrap elementor-element-populated\">\n\t\t\t\t\t\t<div class=\"elementor-element elementor-element-4ce0d07f elementor-widget elementor-widget-heading\" data-id=\"4ce0d07f\" data-element_type=\"widget\" data-widget_type=\"heading.default\">\n\t\t\t\t<div class=\"elementor-widget-container\">\n\t\t\t\t\t<h2 class=\"elementor-heading-title elementor-size-default\">Misyon, Vizyon ve Temel De\u011ferler<\/h2>\t\t\t\t<\/div>\n\t\t\t\t<\/div>\n\t\t\t\t<div class=\"elementor-element elementor-element-63260862 elementor-widget-divider--view-line elementor-widget elementor-widget-divider\" data-id=\"63260862\" data-element_type=\"widget\" data-widget_type=\"divider.default\">\n\t\t\t\t<div class=\"elementor-widget-container\">\n\t\t\t\t\t\t\t<div class=\"elementor-divider\">\n\t\t\t<span class=\"elementor-divider-separator\">\n\t\t\t\t\t\t<\/span>\n\t\t<\/div>\n\t\t\t\t\t\t<\/div>\n\t\t\t\t<\/div>\n\t\t\t\t\t<\/div>\n\t\t<\/div>\n\t\t\t\t\t<\/div>\n\t\t<\/section>\n\t\t\t\t<section class=\"elementor-section elementor-top-section elementor-element elementor-element-681db8b elementor-section-boxed elementor-section-height-default elementor-section-height-default\" data-id=\"681db8b\" data-element_type=\"section\">\n\t\t\t\t\t\t<div class=\"elementor-container elementor-column-gap-default\">\n\t\t\t\t\t<div class=\"elementor-column elementor-col-100 elementor-top-column elementor-element elementor-element-ad4dac5\" data-id=\"ad4dac5\" data-element_type=\"column\">\n\t\t\t<div class=\"elementor-widget-wrap elementor-element-populated\">\n\t\t\t\t\t\t<div class=\"elementor-element elementor-element-2f96b3d elementor-widget elementor-widget-text-editor\" data-id=\"2f96b3d\" data-element_type=\"widget\" data-widget_type=\"text-editor.default\">\n\t\t\t\t<div class=\"elementor-widget-container\">\n\t\t\t\t\t\t\t\t\t<div><h1 style=\"font-size: 14pt;margin: 12pt 0cm 6pt 14.2pt;text-align: start;font-family: 'Times New Roman', serif;color: black;font-weight: bold;line-height: normal\"><span style=\"font-family: symbol;font-weight: normal\">\u00b7<span style=\"font-size: 7pt;line-height: normal;font-family: 'times new roman'\">\u00a0\u00a0\u00a0\u00a0\u00a0<\/span><\/span><i><span style=\"font-family: calibri, sans-serif\">Misyon<\/span><\/i><\/h1><p style=\"color: #4d4d4d;margin: 0cm 0cm 18pt 14.2pt;font-size: 11pt;font-family: Calibri, sans-serif;line-height: 16.8667px\"><span style=\"font-size: 12pt;line-height: 18.4px\">Horasan Meslek Y\u00fcksekokulu; nitelikli bilgi ile\u00a0<\/span><span style=\"font-size: 12pt;line-height: 18.4px\">donanm\u0131\u015f, teorik bilgi ile uygulamay\u0131 birle\u015ftiren, toplumun ihtiya\u00e7lar\u0131na duyarl\u0131, etik de\u011ferlere ba\u011fl\u0131,\u00a0<\/span><span style=\"font-size: 12pt;line-height: 18.4px\">ara\u015ft\u0131rma ve problem \u00e7\u00f6zme yetene\u011fi geli\u015fmi\u015f,\u00a0<\/span><span style=\"font-size: 12pt;line-height: 18.4px\">k\u00fclt\u00fcrel birikime ve ileti\u015fim becerisine sahip,\u00a0<\/span><span style=\"font-size: 12pt;line-height: 18.4px\">\u00e7evresine liderlik edebilecek yap\u0131da, Atat\u00fcrk \u0130lke ve \u0130nk\u0131laplar\u0131n\u0131 \u00f6z\u00fcmsemi\u015f, vatansever bireyler yeti\u015ftirmeyi, ara\u015ft\u0131rma ve topluma hizmet sorumlulu\u011funu evrensel standartlarda y\u00fcr\u00fctmeyi, bilgiyi \u00fcretmeyi, uygulamay\u0131 ve yaymay\u0131 ilke edinmi\u015ftir.<\/span><\/p><h1 style=\"font-size: 14pt;margin: 12pt 0cm 6pt 14.2pt;text-align: start;font-family: 'Times New Roman', serif;color: black;font-weight: bold;line-height: normal\"><span style=\"font-family: symbol;font-weight: normal\">\u00b7<span style=\"font-size: 7pt;line-height: normal;font-family: 'times new roman'\">\u00a0\u00a0\u00a0\u00a0\u00a0<\/span><\/span><i><span style=\"font-family: calibri, sans-serif\">Vizyon<\/span><\/i><\/h1><p style=\"color: #4d4d4d;margin: 0cm 0cm 18pt 14.2pt;font-size: 11pt;font-family: Calibri, sans-serif;line-height: 16.8667px\"><span style=\"font-size: 12pt;line-height: 18.4px\">Horasan Meslek Y\u00fcksekokulu; yenilik\u00e7i ve nitelikli e\u011fitim anlay\u0131\u015f\u0131yla \u00e7a\u011f\u0131n gereksinimlerine uygun bireyler yeti\u015ftiren, b\u00f6lgesel ve ulusal kalk\u0131nmaya katk\u0131da bulunan, s\u00fcrekli geli\u015fen ve mesleki e\u011fitimin \u00f6nc\u00fcs\u00fc olmay\u0131 hedefleyen bir y\u00fcksekokul olmay\u0131 ama\u00e7lamaktad\u0131r.<\/span><\/p><p style=\"color: #4d4d4d;font-family: Roboto, Helvetica, Arial, sans-serif;font-size: 14px;margin-right: 0cm;margin-bottom: 6pt;margin-left: 14.2pt\"><span style=\"font-size: 14pt;font-family: symbol\">\u00b7<span style=\"font-size: 7pt;line-height: normal;font-family: 'times new roman'\">\u00a0\u00a0\u00a0\u00a0\u00a0<\/span><\/span><span style=\"font-weight: bolder\"><i><span style=\"font-size: 14pt;font-family: calibri, sans-serif;color: black\">Temel De\u011ferler<\/span><\/i><\/span><i><\/i><\/p><p style=\"color: #4d4d4d;margin: 0cm 0cm 6pt 1cm;font-size: 11pt;font-family: Calibri, sans-serif\"><span style=\"font-size: 12pt\">1.<span style=\"font-size: 7pt;line-height: normal;font-family: 'times new roman'\">\u00a0\u00a0\u00a0\u00a0<\/span><\/span><span style=\"font-weight: bolder\"><span style=\"font-size: 12pt\">Bilimsellik ve Akademik M\u00fckemmellik<\/span><\/span><span style=\"font-size: 12pt\">\u00a0\u2013 Bilgiye dayal\u0131, ara\u015ft\u0131rmac\u0131 ve akademik geli\u015fimi te\u015fvik eden bir e\u011fitim anlay\u0131\u015f\u0131 benimsemek.<\/span><\/p><p style=\"color: #4d4d4d;margin: 0cm 0cm 6pt 1cm;font-size: 11pt;font-family: Calibri, sans-serif\"><span style=\"font-size: 12pt\">2.<span style=\"font-size: 7pt;line-height: normal;font-family: 'times new roman'\">\u00a0\u00a0\u00a0\u00a0<\/span><\/span><span style=\"font-weight: bolder\"><span style=\"font-size: 12pt\">Etik ve Mesleki Sorumluluk<\/span><\/span><span style=\"font-size: 12pt\">\u00a0\u2013 Mesleki etik ilkelerine ba\u011fl\u0131, topluma fayda sa\u011flayan bireyler yeti\u015ftirmek.<\/span><\/p><p style=\"color: #4d4d4d;margin: 0cm 0cm 6pt 1cm;font-size: 11pt;font-family: Calibri, sans-serif\"><span style=\"font-size: 12pt\">3.<span style=\"font-size: 7pt;line-height: normal;font-family: 'times new roman'\">\u00a0\u00a0\u00a0\u00a0<\/span><\/span><span style=\"font-weight: bolder\"><span style=\"font-size: 12pt\">\u0130novasyon ve S\u00fcrekli Geli\u015fim<\/span><\/span><span style=\"font-size: 12pt\">\u00a0\u2013 Yenilik\u00e7i d\u00fc\u015f\u00fcnceyi desteklemek, teknolojik ve akademik geli\u015fmelere uyum sa\u011flamak.<\/span><\/p><p style=\"color: #4d4d4d;margin: 0cm 0cm 6pt 1cm;font-size: 11pt;font-family: Calibri, sans-serif\"><span style=\"font-size: 12pt\">4.<span style=\"font-size: 7pt;line-height: normal;font-family: 'times new roman'\">\u00a0\u00a0\u00a0\u00a0<\/span><\/span><span style=\"font-weight: bolder\"><span style=\"font-size: 12pt\">Topluma Hizmet ve Sosyal Sorumluluk<\/span><\/span><span style=\"font-size: 12pt\">\u00a0\u2013 B\u00f6lgesel ve ulusal kalk\u0131nmaya katk\u0131da bulunmak, toplumsal fayday\u0131 g\u00f6zetmek.<\/span><\/p><p style=\"color: #4d4d4d;margin: 0cm 0cm 6pt 1cm;font-size: 11pt;font-family: Calibri, sans-serif\"><span style=\"font-size: 12pt\">5.<span style=\"font-size: 7pt;line-height: normal;font-family: 'times new roman'\">\u00a0\u00a0\u00a0\u00a0<\/span><\/span><span style=\"font-weight: bolder\"><span style=\"font-size: 12pt\">\u0130\u015f birli\u011fi ve Kat\u0131l\u0131mc\u0131l\u0131k<\/span><\/span><span style=\"font-size: 12pt\">\u00a0\u2013 Payda\u015flarla g\u00fc\u00e7l\u00fc ili\u015fkiler kurmak, tak\u0131m ruhunu ve multidisipliner \u00e7al\u0131\u015fmay\u0131 desteklemek.<\/span><\/p><p style=\"color: #4d4d4d;margin: 0cm 0cm 6pt 1cm;font-size: 11pt;font-family: Calibri, sans-serif\"><span style=\"font-size: 12pt\">6.<span style=\"font-size: 7pt;line-height: normal;font-family: 'times new roman'\">\u00a0\u00a0\u00a0\u00a0<\/span><\/span><span style=\"font-weight: bolder\"><span style=\"font-size: 12pt\">\u00c7evreye Duyarl\u0131l\u0131k ve S\u00fcrd\u00fcr\u00fclebilirlik<\/span><\/span><span style=\"font-size: 12pt\">\u00a0\u2013 Do\u011faya ve \u00e7evreye sayg\u0131l\u0131, s\u00fcrd\u00fcr\u00fclebilir kalk\u0131nmaya \u00f6nem veren yakla\u015f\u0131mlar benimsemek.<\/span><\/p><p style=\"color: #4d4d4d;margin: 0cm 0cm 6pt 1cm;font-size: 11pt;font-family: Calibri, sans-serif\"><span style=\"font-size: 12pt\">7.<span style=\"font-size: 7pt;line-height: normal;font-family: 'times new roman'\">\u00a0\u00a0\u00a0\u00a0<\/span><\/span><span style=\"font-weight: bolder\"><span style=\"font-size: 12pt\">K\u00fclt\u00fcrel ve Evrensel De\u011ferler<\/span><\/span><span style=\"font-size: 12pt\">\u00a0\u2013 Ulusal ve uluslararas\u0131 d\u00fczeyde k\u00fclt\u00fcrel de\u011ferleri koruyarak evrensel standartlarda e\u011fitim sunmak.<\/span><\/p><\/div>\t\t\t\t\t\t\t\t<\/div>\n\t\t\t\t<\/div>\n\t\t\t\t\t<\/div>\n\t\t<\/div>\n\t\t\t\t\t<\/div>\n\t\t<\/section>\n\t\t\t\t<\/div>\n\t\t","protected":false},"excerpt":{"rendered":"<p>Misyon, Vizyon ve Temel De\u011ferler \u00b7\u00a0\u00a0\u00a0\u00a0\u00a0Misyon Horasan Meslek Y\u00fcksekokulu; nitelikli bilgi ile\u00a0donanm\u0131\u015f, teorik bilgi ile uygulamay\u0131 birle\u015ftiren, toplumun ihtiya\u00e7lar\u0131na duyarl\u0131, etik de\u011ferlere ba\u011fl\u0131,\u00a0ara\u015ft\u0131rma ve problem \u00e7\u00f6zme yetene\u011fi geli\u015fmi\u015f,\u00a0k\u00fclt\u00fcrel birikime ve ileti\u015fim becerisine sahip,\u00a0\u00e7evresine liderlik edebilecek yap\u0131da, Atat\u00fcrk \u0130lke ve \u0130nk\u0131laplar\u0131n\u0131 \u00f6z\u00fcmsemi\u015f, vatansever bireyler yeti\u015ftirmeyi, ara\u015ft\u0131rma ve topluma hizmet sorumlulu\u011funu evrensel standartlarda y\u00fcr\u00fctmeyi, bilgiyi \u00fcretmeyi, uygulamay\u0131 [&hellip;]<\/p>\n","protected":false},"author":1,"featured_media":0,"parent":0,"menu_order":0,"comment_status":"closed","ping_status":"closed","template":"elementor_header_footer","meta":{"footnotes":""},"class_list":["post-5682","page","type-page","status-publish","hentry"],"_links":{"self":[{"href":"https:\/\/atauni.edu.tr\/horasan-meslek-yuksekokulu\/wp-json\/wp\/v2\/pages\/5682","targetHints":{"allow":["GET"]}}],"collection":[{"href":"https:\/\/atauni.edu.tr\/horasan-meslek-yuksekokulu\/wp-json\/wp\/v2\/pages"}],"about":[{"href":"https:\/\/atauni.edu.tr\/horasan-meslek-yuksekokulu\/wp-json\/wp\/v2\/types\/page"}],"author":[{"embeddable":true,"href":"https:\/\/atauni.edu.tr\/horasan-meslek-yuksekokulu\/wp-json\/wp\/v2\/users\/1"}],"replies":[{"embeddable":true,"href":"https:\/\/atauni.edu.tr\/horasan-meslek-yuksekokulu\/wp-json\/wp\/v2\/comments?post=5682"}],"version-history":[{"count":15,"href":"https:\/\/atauni.edu.tr\/horasan-meslek-yuksekokulu\/wp-json\/wp\/v2\/pages\/5682\/revisions"}],"predecessor-version":[{"id":7109,"href":"https:\/\/atauni.edu.tr\/horasan-meslek-yuksekokulu\/wp-json\/wp\/v2\/pages\/5682\/revisions\/7109"}],"wp:attachment":[{"href":"https:\/\/atauni.edu.tr\/horasan-meslek-yuksekokulu\/wp-json\/wp\/v2\/media?parent=5682"}],"curies":[{"name":"wp","href":"https:\/\/api.w.org\/{rel}","templated":true}]}}