{"id":6140,"date":"2021-12-02T14:19:51","date_gmt":"2021-12-02T11:19:51","guid":{"rendered":"https:\/\/birimler.atauni.edu.tr\/horasan-meslek-yuksekokulu\/?page_id=6140"},"modified":"2021-12-02T14:41:08","modified_gmt":"2021-12-02T11:41:08","slug":"elementor-6140","status":"publish","type":"page","link":"https:\/\/atauni.edu.tr\/horasan-meslek-yuksekokulu\/elementor-6140\/","title":{"rendered":"\u00d6\u011frenci \u0130\u015fleri"},"content":{"rendered":"","protected":false},"excerpt":{"rendered":"","protected":false},"author":379,"featured_media":0,"parent":0,"menu_order":0,"comment_status":"closed","ping_status":"closed","template":"","meta":{"footnotes":""},"class_list":["post-6140","page","type-page","status-publish","hentry"],"_links":{"self":[{"href":"https:\/\/atauni.edu.tr\/horasan-meslek-yuksekokulu\/wp-json\/wp\/v2\/pages\/6140","targetHints":{"allow":["GET"]}}],"collection":[{"href":"https:\/\/atauni.edu.tr\/horasan-meslek-yuksekokulu\/wp-json\/wp\/v2\/pages"}],"about":[{"href":"https:\/\/atauni.edu.tr\/horasan-meslek-yuksekokulu\/wp-json\/wp\/v2\/types\/page"}],"author":[{"embeddable":true,"href":"https:\/\/atauni.edu.tr\/horasan-meslek-yuksekokulu\/wp-json\/wp\/v2\/users\/379"}],"replies":[{"embeddable":true,"href":"https:\/\/atauni.edu.tr\/horasan-meslek-yuksekokulu\/wp-json\/wp\/v2\/comments?post=6140"}],"version-history":[{"count":10,"href":"https:\/\/atauni.edu.tr\/horasan-meslek-yuksekokulu\/wp-json\/wp\/v2\/pages\/6140\/revisions"}],"predecessor-version":[{"id":6154,"href":"https:\/\/atauni.edu.tr\/horasan-meslek-yuksekokulu\/wp-json\/wp\/v2\/pages\/6140\/revisions\/6154"}],"wp:attachment":[{"href":"https:\/\/atauni.edu.tr\/horasan-meslek-yuksekokulu\/wp-json\/wp\/v2\/media?parent=6140"}],"curies":[{"name":"wp","href":"https:\/\/api.w.org\/{rel}","templated":true}]}}