{"id":6160,"date":"2021-12-02T14:46:11","date_gmt":"2021-12-02T11:46:11","guid":{"rendered":"https:\/\/birimler.atauni.edu.tr\/horasan-meslek-yuksekokulu\/?page_id=6160"},"modified":"2022-06-22T16:56:46","modified_gmt":"2022-06-22T13:56:46","slug":"formlar-ve-dilekceler","status":"publish","type":"page","link":"https:\/\/atauni.edu.tr\/horasan-meslek-yuksekokulu\/formlar-ve-dilekceler\/","title":{"rendered":"Formlar ve Dilek\u00e7eler"},"content":{"rendered":"\t\t<div data-elementor-type=\"wp-page\" data-elementor-id=\"6160\" class=\"elementor elementor-6160\" data-elementor-post-type=\"page\">\n\t\t\t\t\t\t<section class=\"elementor-section elementor-top-section elementor-element elementor-element-ebdc488 elementor-section-boxed elementor-section-height-default elementor-section-height-default\" data-id=\"ebdc488\" data-element_type=\"section\">\n\t\t\t\t\t\t<div class=\"elementor-container elementor-column-gap-default\">\n\t\t\t\t\t<div class=\"elementor-column elementor-col-100 elementor-top-column elementor-element elementor-element-86ac393\" data-id=\"86ac393\" data-element_type=\"column\">\n\t\t\t<div class=\"elementor-widget-wrap elementor-element-populated\">\n\t\t\t\t\t\t<div class=\"elementor-element elementor-element-52dea27 elementor-icon-list--layout-traditional elementor-list-item-link-full_width elementor-widget elementor-widget-icon-list\" data-id=\"52dea27\" data-element_type=\"widget\" data-widget_type=\"icon-list.default\">\n\t\t\t\t<div class=\"elementor-widget-container\">\n\t\t\t\t\t\t\t<ul class=\"elementor-icon-list-items\">\n\t\t\t\t\t\t\t<li class=\"elementor-icon-list-item\">\n\t\t\t\t\t\t\t\t\t\t\t<a href=\"https:\/\/birimler.atauni.edu.tr\/horasan-meslek-yuksekokulu\/wp-content\/uploads\/sites\/440\/2020\/07\/DERS-MUAFIYET-BASVURU-DILEKCESI.docx\">\n\n\t\t\t\t\t\t\t\t\t\t\t\t<span class=\"elementor-icon-list-icon\">\n\t\t\t\t\t\t\t<i aria-hidden=\"true\" class=\"fas fa-file-download\"><\/i>\t\t\t\t\t\t<\/span>\n\t\t\t\t\t\t\t\t\t\t<span class=\"elementor-icon-list-text\">DERS MUAF\u0130YET BA\u015eVURU D\u0130LEK\u00c7ESI<\/span>\n\t\t\t\t\t\t\t\t\t\t\t<\/a>\n\t\t\t\t\t\t\t\t\t<\/li>\n\t\t\t\t\t\t\t\t<li class=\"elementor-icon-list-item\">\n\t\t\t\t\t\t\t\t\t\t\t<a href=\"https:\/\/birimler.atauni.edu.tr\/horasan-meslek-yuksekokulu\/wp-content\/uploads\/sites\/440\/2020\/07\/Tek-Ders-Sinavi-Basvuru-Dilekcesi.pdf\">\n\n\t\t\t\t\t\t\t\t\t\t\t\t<span class=\"elementor-icon-list-icon\">\n\t\t\t\t\t\t\t<i aria-hidden=\"true\" class=\"fas fa-file-download\"><\/i>\t\t\t\t\t\t<\/span>\n\t\t\t\t\t\t\t\t\t\t<span class=\"elementor-icon-list-text\">MEZUN\u0130YET TEK DERS D\u0130LEK\u00c7ESI<\/span>\n\t\t\t\t\t\t\t\t\t\t\t<\/a>\n\t\t\t\t\t\t\t\t\t<\/li>\n\t\t\t\t\t\t\t\t<li class=\"elementor-icon-list-item\">\n\t\t\t\t\t\t\t\t\t\t\t<a href=\"https:\/\/birimler.atauni.edu.tr\/horasan-meslek-yuksekokulu\/wp-content\/uploads\/sites\/440\/2020\/07\/MEZUNIYET-TEK-DERS-DILEKCESI.docx\">\n\n\t\t\t\t\t\t\t\t\t\t\t\t<span class=\"elementor-icon-list-icon\">\n\t\t\t\t\t\t\t<i aria-hidden=\"true\" class=\"fas fa-file-download\"><\/i>\t\t\t\t\t\t<\/span>\n\t\t\t\t\t\t\t\t\t\t<span class=\"elementor-icon-list-text\">MAZERET SINAVI BA\u015eVURU D\u0130LEK\u00c7ES\u0130<\/span>\n\t\t\t\t\t\t\t\t\t\t\t<\/a>\n\t\t\t\t\t\t\t\t\t<\/li>\n\t\t\t\t\t\t\t\t<li class=\"elementor-icon-list-item\">\n\t\t\t\t\t\t\t\t\t\t\t<a href=\"https:\/\/birimler.atauni.edu.tr\/horasan-meslek-yuksekokulu\/wp-content\/uploads\/sites\/440\/2020\/07\/FAKULTEMIZE-YATAY-GECIS-VE-CAP-ILE-KABUL-EDILEN-OGR.-KESIN-KAYIT-DILEKCESI.docx\">\n\n\t\t\t\t\t\t\t\t\t\t\t\t<span class=\"elementor-icon-list-icon\">\n\t\t\t\t\t\t\t<i aria-hidden=\"true\" class=\"fas fa-file-download\"><\/i>\t\t\t\t\t\t<\/span>\n\t\t\t\t\t\t\t\t\t\t<span class=\"elementor-icon-list-text\">Y\u00dcKSEKOKULUMUZA YATAY GE\u00c7\u0130\u015eLE KABUL EDILEN O\u011eRENC\u0130 KES\u0130N KAYIT D\u0130LEK\u00c7ESI<\/span>\n\t\t\t\t\t\t\t\t\t\t\t<\/a>\n\t\t\t\t\t\t\t\t\t<\/li>\n\t\t\t\t\t\t\t\t<li class=\"elementor-icon-list-item\">\n\t\t\t\t\t\t\t\t\t\t\t<a href=\"https:\/\/birimler.atauni.edu.tr\/horasan-meslek-yuksekokulu\/wp-content\/uploads\/sites\/440\/2020\/07\/DERS-EKLEME-CIKARMA-FORMLARI.doc\">\n\n\t\t\t\t\t\t\t\t\t\t\t\t<span class=\"elementor-icon-list-icon\">\n\t\t\t\t\t\t\t<i aria-hidden=\"true\" class=\"fas fa-file-download\"><\/i>\t\t\t\t\t\t<\/span>\n\t\t\t\t\t\t\t\t\t\t<span class=\"elementor-icon-list-text\">DERS EKLEME \u00c7IKARMA FORMLARI<\/span>\n\t\t\t\t\t\t\t\t\t\t\t<\/a>\n\t\t\t\t\t\t\t\t\t<\/li>\n\t\t\t\t\t\t\t\t<li class=\"elementor-icon-list-item\">\n\t\t\t\t\t\t\t\t\t\t\t<a href=\"https:\/\/birimler.atauni.edu.tr\/horasan-meslek-yuksekokulu\/wp-content\/uploads\/sites\/440\/2020\/07\/DERS-DEGISTIRME-SAYDIRMA-DILEKCESI.docx\">\n\n\t\t\t\t\t\t\t\t\t\t\t\t<span class=\"elementor-icon-list-icon\">\n\t\t\t\t\t\t\t<i aria-hidden=\"true\" class=\"fas fa-file-download\"><\/i>\t\t\t\t\t\t<\/span>\n\t\t\t\t\t\t\t\t\t\t<span class=\"elementor-icon-list-text\">DERS DE\u011e\u0130\u015eT\u0130RME SAYDIRMA D\u0130LEK\u00c7ESI<\/span>\n\t\t\t\t\t\t\t\t\t\t\t<\/a>\n\t\t\t\t\t\t\t\t\t<\/li>\n\t\t\t\t\t\t\t\t<li class=\"elementor-icon-list-item\">\n\t\t\t\t\t\t\t\t\t\t\t<a href=\"https:\/\/birimler.atauni.edu.tr\/horasan-meslek-yuksekokulu\/wp-content\/uploads\/sites\/440\/2020\/07\/AZAMI-OGRENIM-SURESI-SONU-SINAVLARI-BASVURU-DILEKCESI.doc\">\n\n\t\t\t\t\t\t\t\t\t\t\t\t<span class=\"elementor-icon-list-icon\">\n\t\t\t\t\t\t\t<i aria-hidden=\"true\" class=\"fas fa-file-download\"><\/i>\t\t\t\t\t\t<\/span>\n\t\t\t\t\t\t\t\t\t\t<span class=\"elementor-icon-list-text\">AZAM\u0130 O\u011eREN\u0130M S\u00dcRESI SONU SINAVLARI BA\u015eVURU D\u0130LEK\u00c7ES\u0130<\/span>\n\t\t\t\t\t\t\t\t\t\t\t<\/a>\n\t\t\t\t\t\t\t\t\t<\/li>\n\t\t\t\t\t\t\t\t<li class=\"elementor-icon-list-item\">\n\t\t\t\t\t\t\t\t\t\t\t<a href=\"https:\/\/birimler.atauni.edu.tr\/horasan-meslek-yuksekokulu\/wp-content\/uploads\/sites\/440\/2020\/07\/AZAMI-OGRENIM-SURESI-SONU-SINAVLARI-BASVURU-DILEKCESI.doc\">\n\n\t\t\t\t\t\t\t\t\t\t\t\t<span class=\"elementor-icon-list-icon\">\n\t\t\t\t\t\t\t<i aria-hidden=\"true\" class=\"fas fa-file-download\"><\/i>\t\t\t\t\t\t<\/span>\n\t\t\t\t\t\t\t\t\t\t<span class=\"elementor-icon-list-text\">D\u0130\u011eER \u00dcNIVERS\u0130TE VEYA MESLEK Y\u00dcKSEKOKULLARINDAN YAZ OKULUNDA DERS ALACAK \u00d6\u011eRENC\u0130 \u0130\u00c7\u0130N D\u0130LEK\u00c7E<\/span>\n\t\t\t\t\t\t\t\t\t\t\t<\/a>\n\t\t\t\t\t\t\t\t\t<\/li>\n\t\t\t\t\t\t\t\t<li class=\"elementor-icon-list-item\">\n\t\t\t\t\t\t\t\t\t\t\t<a href=\"https:\/\/birimler.atauni.edu.tr\/horasan-meslek-yuksekokulu\/wp-content\/uploads\/sites\/440\/2020\/07\/KAYIT-DONDURMA-DILEKCESI.docx\">\n\n\t\t\t\t\t\t\t\t\t\t\t\t<span class=\"elementor-icon-list-icon\">\n\t\t\t\t\t\t\t<i aria-hidden=\"true\" class=\"fas fa-file-download\"><\/i>\t\t\t\t\t\t<\/span>\n\t\t\t\t\t\t\t\t\t\t<span class=\"elementor-icon-list-text\">KAYIT DONDURMA D\u0130LEK\u00c7ESI<\/span>\n\t\t\t\t\t\t\t\t\t\t\t<\/a>\n\t\t\t\t\t\t\t\t\t<\/li>\n\t\t\t\t\t\t\t\t<li class=\"elementor-icon-list-item\">\n\t\t\t\t\t\t\t\t\t\t\t<a href=\"https:\/\/birimler.atauni.edu.tr\/horasan-meslek-yuksekokulu\/wp-content\/uploads\/sites\/440\/2020\/07\/KAYIT-SILDIRME-DILEKCESI.docx\">\n\n\t\t\t\t\t\t\t\t\t\t\t\t<span class=\"elementor-icon-list-icon\">\n\t\t\t\t\t\t\t<i aria-hidden=\"true\" class=\"fas fa-file-download\"><\/i>\t\t\t\t\t\t<\/span>\n\t\t\t\t\t\t\t\t\t\t<span class=\"elementor-icon-list-text\">KAYIT S\u0130LD\u0130RME D\u0130LEK\u00c7ES\u0130<\/span>\n\t\t\t\t\t\t\t\t\t\t\t<\/a>\n\t\t\t\t\t\t\t\t\t<\/li>\n\t\t\t\t\t\t\t\t<li class=\"elementor-icon-list-item\">\n\t\t\t\t\t\t\t\t\t\t\t<a href=\"https:\/\/birimler.atauni.edu.tr\/horasan-meslek-yuksekokulu\/wp-content\/uploads\/sites\/440\/2020\/07\/DIPLOMAMI-ALMAK-ISTIYORUM-DILEKCESI.docx\">\n\n\t\t\t\t\t\t\t\t\t\t\t\t<span class=\"elementor-icon-list-icon\">\n\t\t\t\t\t\t\t<i aria-hidden=\"true\" class=\"fas fa-file-download\"><\/i>\t\t\t\t\t\t<\/span>\n\t\t\t\t\t\t\t\t\t\t<span class=\"elementor-icon-list-text\">DIPLOMAMI ALMAK \u0130ST\u0130YORUM D\u0130LEK\u00c7ES\u0130<\/span>\n\t\t\t\t\t\t\t\t\t\t\t<\/a>\n\t\t\t\t\t\t\t\t\t<\/li>\n\t\t\t\t\t\t\t\t<li class=\"elementor-icon-list-item\">\n\t\t\t\t\t\t\t\t\t\t\t<a href=\"https:\/\/birimler.atauni.edu.tr\/horasan-meslek-yuksekokulu\/wp-content\/uploads\/sites\/440\/2020\/07\/Mezuniyet-AGNOSinavi-Basvuru-Dilekcesi.pdf\">\n\n\t\t\t\t\t\t\t\t\t\t\t\t<span class=\"elementor-icon-list-icon\">\n\t\t\t\t\t\t\t<i aria-hidden=\"true\" class=\"fas fa-file-download\"><\/i>\t\t\t\t\t\t<\/span>\n\t\t\t\t\t\t\t\t\t\t<span class=\"elementor-icon-list-text\">MEZUN\u0130YET AGNO SINAV BA\u015eVURU D\u0130LEK\u00c7ES\u0130<\/span>\n\t\t\t\t\t\t\t\t\t\t\t<\/a>\n\t\t\t\t\t\t\t\t\t<\/li>\n\t\t\t\t\t\t<\/ul>\n\t\t\t\t\t\t<\/div>\n\t\t\t\t<\/div>\n\t\t\t\t\t<\/div>\n\t\t<\/div>\n\t\t\t\t\t<\/div>\n\t\t<\/section>\n\t\t\t\t<\/div>\n\t\t","protected":false},"excerpt":{"rendered":"<p>DERS MUAF\u0130YET BA\u015eVURU D\u0130LEK\u00c7ESI MEZUN\u0130YET TEK DERS D\u0130LEK\u00c7ESI MAZERET SINAVI BA\u015eVURU D\u0130LEK\u00c7ES\u0130 Y\u00dcKSEKOKULUMUZA YATAY GE\u00c7\u0130\u015eLE KABUL EDILEN O\u011eRENC\u0130 KES\u0130N KAYIT D\u0130LEK\u00c7ESI DERS EKLEME \u00c7IKARMA FORMLARI DERS DE\u011e\u0130\u015eT\u0130RME SAYDIRMA D\u0130LEK\u00c7ESI AZAM\u0130 O\u011eREN\u0130M S\u00dcRESI SONU SINAVLARI BA\u015eVURU D\u0130LEK\u00c7ES\u0130 D\u0130\u011eER \u00dcNIVERS\u0130TE VEYA MESLEK Y\u00dcKSEKOKULLARINDAN YAZ OKULUNDA DERS ALACAK \u00d6\u011eRENC\u0130 \u0130\u00c7\u0130N D\u0130LEK\u00c7E KAYIT DONDURMA D\u0130LEK\u00c7ESI KAYIT S\u0130LD\u0130RME D\u0130LEK\u00c7ES\u0130 DIPLOMAMI [&hellip;]<\/p>\n","protected":false},"author":379,"featured_media":0,"parent":0,"menu_order":0,"comment_status":"closed","ping_status":"closed","template":"","meta":{"footnotes":""},"class_list":["post-6160","page","type-page","status-publish","hentry"],"_links":{"self":[{"href":"https:\/\/atauni.edu.tr\/horasan-meslek-yuksekokulu\/wp-json\/wp\/v2\/pages\/6160","targetHints":{"allow":["GET"]}}],"collection":[{"href":"https:\/\/atauni.edu.tr\/horasan-meslek-yuksekokulu\/wp-json\/wp\/v2\/pages"}],"about":[{"href":"https:\/\/atauni.edu.tr\/horasan-meslek-yuksekokulu\/wp-json\/wp\/v2\/types\/page"}],"author":[{"embeddable":true,"href":"https:\/\/atauni.edu.tr\/horasan-meslek-yuksekokulu\/wp-json\/wp\/v2\/users\/379"}],"replies":[{"embeddable":true,"href":"https:\/\/atauni.edu.tr\/horasan-meslek-yuksekokulu\/wp-json\/wp\/v2\/comments?post=6160"}],"version-history":[{"count":50,"href":"https:\/\/atauni.edu.tr\/horasan-meslek-yuksekokulu\/wp-json\/wp\/v2\/pages\/6160\/revisions"}],"predecessor-version":[{"id":6617,"href":"https:\/\/atauni.edu.tr\/horasan-meslek-yuksekokulu\/wp-json\/wp\/v2\/pages\/6160\/revisions\/6617"}],"wp:attachment":[{"href":"https:\/\/atauni.edu.tr\/horasan-meslek-yuksekokulu\/wp-json\/wp\/v2\/media?parent=6160"}],"curies":[{"name":"wp","href":"https:\/\/api.w.org\/{rel}","templated":true}]}}