{"id":6162,"date":"2021-12-02T14:46:25","date_gmt":"2021-12-02T11:46:25","guid":{"rendered":"https:\/\/birimler.atauni.edu.tr\/horasan-meslek-yuksekokulu\/?page_id=6162"},"modified":"2025-08-10T15:34:04","modified_gmt":"2025-08-10T12:34:04","slug":"duyurular","status":"publish","type":"page","link":"https:\/\/atauni.edu.tr\/horasan-meslek-yuksekokulu\/duyurular\/","title":{"rendered":"Duyurular"},"content":{"rendered":"<form method=\"get\" class=\"row g-3\" style=\"margin-bottom: 20px;\"><div class=\"col-md-3\"><input type=\"text\" name=\"Duyuru_ara\" class=\"form-control\" placeholder=\"Duyuru ara...\" value=\"\"><\/div><div class=\"col-md-3\"><input type=\"date\" name=\"baslangic_tarihi\" class=\"form-control\" value=\"\"><\/div><div class=\"col-md-3\"><input type=\"date\" name=\"bitis_tarihi\" class=\"form-control\" value=\"\"><\/div><div class=\"col-md-3\"><button type=\"submit\" class=\"btn btn-secondary w-50\">Filtrele<\/button><\/div><\/form><ul class=\"kategori-yazilari-liste\"><li style=\"display: flex; margin-bottom: 10px; align-items: center;\"><div class=\"post-content\" style=\"flex-grow: 1;\"><span class=\"post-date Duyurutarih\" style=\"display: block; font-weight: bold; margin-bottom: 5px;\">17 Mart 2026<\/span><a class=\"Duyurubaslik\" href=\"https:\/\/atauni.edu.tr\/horasan-meslek-yuksekokulu\/2026\/03\/17\/2025-2026-bahar-yariyili-ara-sinav-programi\/\">2025-2026 BAHAR YARIYILI ARA SINAV PROGRAMI<\/a><\/div><\/li><li style=\"display: flex; margin-bottom: 10px; align-items: center;\"><div class=\"post-content\" style=\"flex-grow: 1;\"><span class=\"post-date Duyurutarih\" style=\"display: block; font-weight: bold; margin-bottom: 5px;\">2 \u015eubat 2026<\/span><a class=\"Duyurubaslik\" href=\"https:\/\/atauni.edu.tr\/horasan-meslek-yuksekokulu\/2026\/02\/02\/2025-2026-bahar-donemi-ders-programi\/\">2025-2026 BAHAR D\u00d6NEM\u0130 DERS PROGRAMI<\/a><\/div><\/li><li style=\"display: flex; margin-bottom: 10px; align-items: center;\"><div class=\"post-content\" style=\"flex-grow: 1;\"><span class=\"post-date Duyurutarih\" style=\"display: block; font-weight: bold; margin-bottom: 5px;\">22 Ocak 2026<\/span><a class=\"Duyurubaslik\" href=\"https:\/\/atauni.edu.tr\/horasan-meslek-yuksekokulu\/2026\/01\/22\/mezuniyet-tek-ders-sinavi-5\/\">Mezuniyet Tek Ders S\u0131nav\u0131<\/a><\/div><\/li><li style=\"display: flex; margin-bottom: 10px; align-items: center;\"><div class=\"post-content\" style=\"flex-grow: 1;\"><span class=\"post-date Duyurutarih\" style=\"display: block; font-weight: bold; margin-bottom: 5px;\">22 Ocak 2026<\/span><a class=\"Duyurubaslik\" href=\"https:\/\/atauni.edu.tr\/horasan-meslek-yuksekokulu\/2026\/01\/22\/azami-ogrenim-suresi-sonu-sinavi-hakkinda-5\/\">Azami \u00d6\u011frenim S\u00fcresi Sonu S\u0131nav\u0131 Hakk\u0131nda<\/a><\/div><\/li><li style=\"display: flex; margin-bottom: 10px; align-items: center;\"><div class=\"post-content\" style=\"flex-grow: 1;\"><span class=\"post-date Duyurutarih\" style=\"display: block; font-weight: bold; margin-bottom: 5px;\">12 Aral\u0131k 2025<\/span><a class=\"Duyurubaslik\" href=\"https:\/\/atauni.edu.tr\/horasan-meslek-yuksekokulu\/2025\/12\/12\/2025-2026-guz-donemi-final-ve-butunleme-programi\/\">2025-2026 G\u00dcZ D\u00d6NEM\u0130 F\u0130NAL VE B\u00dcT\u00dcNLEME PROGRAMI<\/a><\/div><\/li><li style=\"display: flex; margin-bottom: 10px; align-items: center;\"><div class=\"post-content\" style=\"flex-grow: 1;\"><span class=\"post-date Duyurutarih\" style=\"display: block; font-weight: bold; margin-bottom: 5px;\">10 Kas\u0131m 2025<\/span><a class=\"Duyurubaslik\" href=\"https:\/\/atauni.edu.tr\/horasan-meslek-yuksekokulu\/2025\/11\/10\/iskur-genclik-programi\/\">\u0130\u015eKUR GEN\u00c7L\u0130K PROGRAMI<\/a><\/div><\/li><li style=\"display: flex; margin-bottom: 10px; align-items: center;\"><div class=\"post-content\" style=\"flex-grow: 1;\"><span class=\"post-date Duyurutarih\" style=\"display: block; font-weight: bold; margin-bottom: 5px;\">6 Kas\u0131m 2025<\/span><a class=\"Duyurubaslik\" href=\"https:\/\/atauni.edu.tr\/horasan-meslek-yuksekokulu\/2025\/11\/06\/2025-2026-guz-yariyili-ara-sinav-programi\/\">2025-2026 G\u00dcZ YARIYILI ARA SINAV PROGRAMI<\/a><\/div><\/li><li style=\"display: flex; margin-bottom: 10px; align-items: center;\"><div class=\"post-content\" style=\"flex-grow: 1;\"><span class=\"post-date Duyurutarih\" style=\"display: block; font-weight: bold; margin-bottom: 5px;\">26 Eyl\u00fcl 2025<\/span><a class=\"Duyurubaslik\" href=\"https:\/\/atauni.edu.tr\/horasan-meslek-yuksekokulu\/2025\/09\/26\/azami-ogrenim-suresi-sonu-sinavi-hakkinda-4\/\">Azami \u00d6\u011frenim S\u00fcresi Sonu S\u0131nav\u0131 Hakk\u0131nda<\/a><\/div><\/li><li style=\"display: flex; margin-bottom: 10px; align-items: center;\"><div class=\"post-content\" style=\"flex-grow: 1;\"><span class=\"post-date Duyurutarih\" style=\"display: block; font-weight: bold; margin-bottom: 5px;\">26 Eyl\u00fcl 2025<\/span><a class=\"Duyurubaslik\" href=\"https:\/\/atauni.edu.tr\/horasan-meslek-yuksekokulu\/2025\/09\/26\/ders-muafiyetleri-ile-ilgili-islemler\/\">Ders muafiyetleri ile ilgili i\u015flemler<\/a><\/div><\/li><li style=\"display: flex; margin-bottom: 10px; align-items: center;\"><div class=\"post-content\" style=\"flex-grow: 1;\"><span class=\"post-date Duyurutarih\" style=\"display: block; font-weight: bold; margin-bottom: 5px;\">24 May\u0131s 2022<\/span><a class=\"Duyurubaslik\" href=\"https:\/\/atauni.edu.tr\/horasan-meslek-yuksekokulu\/2022\/05\/24\/2021-2022-bahar-donemi-final-sinav-programi\/\">2021\/2022 BAHAR D\u00d6NEM\u0130 F\u0130NAL SINAV PROGRAMI\u00a0<\/a><\/div><\/li><\/ul>\n\n\n\n<p><\/p>\n","protected":false},"excerpt":{"rendered":"","protected":false},"author":379,"featured_media":0,"parent":0,"menu_order":0,"comment_status":"closed","ping_status":"closed","template":"","meta":{"footnotes":""},"class_list":["post-6162","page","type-page","status-publish","hentry"],"_links":{"self":[{"href":"https:\/\/atauni.edu.tr\/horasan-meslek-yuksekokulu\/wp-json\/wp\/v2\/pages\/6162","targetHints":{"allow":["GET"]}}],"collection":[{"href":"https:\/\/atauni.edu.tr\/horasan-meslek-yuksekokulu\/wp-json\/wp\/v2\/pages"}],"about":[{"href":"https:\/\/atauni.edu.tr\/horasan-meslek-yuksekokulu\/wp-json\/wp\/v2\/types\/page"}],"author":[{"embeddable":true,"href":"https:\/\/atauni.edu.tr\/horasan-meslek-yuksekokulu\/wp-json\/wp\/v2\/users\/379"}],"replies":[{"embeddable":true,"href":"https:\/\/atauni.edu.tr\/horasan-meslek-yuksekokulu\/wp-json\/wp\/v2\/comments?post=6162"}],"version-history":[{"count":3,"href":"https:\/\/atauni.edu.tr\/horasan-meslek-yuksekokulu\/wp-json\/wp\/v2\/pages\/6162\/revisions"}],"predecessor-version":[{"id":7294,"href":"https:\/\/atauni.edu.tr\/horasan-meslek-yuksekokulu\/wp-json\/wp\/v2\/pages\/6162\/revisions\/7294"}],"wp:attachment":[{"href":"https:\/\/atauni.edu.tr\/horasan-meslek-yuksekokulu\/wp-json\/wp\/v2\/media?parent=6162"}],"curies":[{"name":"wp","href":"https:\/\/api.w.org\/{rel}","templated":true}]}}