{"id":6194,"date":"2021-12-02T15:40:56","date_gmt":"2021-12-02T12:40:56","guid":{"rendered":"https:\/\/birimler.atauni.edu.tr\/horasan-meslek-yuksekokulu\/?page_id=6194"},"modified":"2021-12-03T11:09:49","modified_gmt":"2021-12-03T08:09:49","slug":"2017-2021-ders-icerigi","status":"publish","type":"page","link":"https:\/\/atauni.edu.tr\/horasan-meslek-yuksekokulu\/2017-2021-ders-icerigi\/","title":{"rendered":"2017-2021"},"content":{"rendered":"\t\t<div data-elementor-type=\"wp-page\" data-elementor-id=\"6194\" class=\"elementor elementor-6194\" data-elementor-post-type=\"page\">\n\t\t\t\t\t\t<section class=\"elementor-section elementor-top-section elementor-element elementor-element-55ea21b elementor-section-boxed elementor-section-height-default elementor-section-height-default\" data-id=\"55ea21b\" data-element_type=\"section\">\n\t\t\t\t\t\t<div class=\"elementor-container elementor-column-gap-default\">\n\t\t\t\t\t<div class=\"elementor-column elementor-col-100 elementor-top-column elementor-element elementor-element-dfd3fd1\" data-id=\"dfd3fd1\" data-element_type=\"column\">\n\t\t\t<div class=\"elementor-widget-wrap elementor-element-populated\">\n\t\t\t\t\t\t<div class=\"elementor-element elementor-element-1e68b32 elementor-icon-list--layout-traditional elementor-list-item-link-full_width elementor-widget elementor-widget-icon-list\" data-id=\"1e68b32\" data-element_type=\"widget\" data-widget_type=\"icon-list.default\">\n\t\t\t\t<div class=\"elementor-widget-container\">\n\t\t\t\t\t\t\t<ul class=\"elementor-icon-list-items\">\n\t\t\t\t\t\t\t<li class=\"elementor-icon-list-item\">\n\t\t\t\t\t\t\t\t\t\t\t<a href=\"http:\/\/birimler.atauni.edu.tr\/horasan-meslek-yuksekokulu\/wp-content\/uploads\/sites\/440\/2020\/07\/2017-2021-Bilgisayar-Programciligi-Programi-Ders-Icerikleri-onayli.pdf\">\n\n\t\t\t\t\t\t\t\t\t\t\t\t<span class=\"elementor-icon-list-icon\">\n\t\t\t\t\t\t\t<i aria-hidden=\"true\" class=\"fas fa-file-download\"><\/i>\t\t\t\t\t\t<\/span>\n\t\t\t\t\t\t\t\t\t\t<span class=\"elementor-icon-list-text\">Bilgisayar Programc\u0131l\u0131\u011f\u0131<\/span>\n\t\t\t\t\t\t\t\t\t\t\t<\/a>\n\t\t\t\t\t\t\t\t\t<\/li>\n\t\t\t\t\t\t\t\t<li class=\"elementor-icon-list-item\">\n\t\t\t\t\t\t\t\t\t\t\t<a href=\"http:\/\/birimler.atauni.edu.tr\/horasan-meslek-yuksekokulu\/wp-content\/uploads\/sites\/440\/2020\/07\/2017-2021-Elektrik-Programi-Ders-Icerikleri-onayli.pdf\">\n\n\t\t\t\t\t\t\t\t\t\t\t\t<span class=\"elementor-icon-list-icon\">\n\t\t\t\t\t\t\t<i aria-hidden=\"true\" class=\"fas fa-file-download\"><\/i>\t\t\t\t\t\t<\/span>\n\t\t\t\t\t\t\t\t\t\t<span class=\"elementor-icon-list-text\">Elektrik Program\u0131<\/span>\n\t\t\t\t\t\t\t\t\t\t\t<\/a>\n\t\t\t\t\t\t\t\t\t<\/li>\n\t\t\t\t\t\t\t\t<li class=\"elementor-icon-list-item\">\n\t\t\t\t\t\t\t\t\t\t\t<a href=\"http:\/\/birimler.atauni.edu.tr\/horasan-meslek-yuksekokulu\/wp-content\/uploads\/sites\/440\/2020\/07\/2017-2021-Posta-Hizmetleri-Programi-Ders-Icerikleri-onayli.pdf\">\n\n\t\t\t\t\t\t\t\t\t\t\t\t<span class=\"elementor-icon-list-icon\">\n\t\t\t\t\t\t\t<i aria-hidden=\"true\" class=\"fas fa-file-download\"><\/i>\t\t\t\t\t\t<\/span>\n\t\t\t\t\t\t\t\t\t\t<span class=\"elementor-icon-list-text\">Posta Hizmetleri Program\u0131<\/span>\n\t\t\t\t\t\t\t\t\t\t\t<\/a>\n\t\t\t\t\t\t\t\t\t<\/li>\n\t\t\t\t\t\t\t\t<li class=\"elementor-icon-list-item\">\n\t\t\t\t\t\t\t\t\t\t\t<a href=\"http:\/\/birimler.atauni.edu.tr\/horasan-meslek-yuksekokulu\/wp-content\/uploads\/sites\/440\/2020\/07\/2017-2021-Rayli-Sistemler-Yol-Teknolojisi-Programi-Ders-Icerikleri-onayli.pdf\">\n\n\t\t\t\t\t\t\t\t\t\t\t\t<span class=\"elementor-icon-list-icon\">\n\t\t\t\t\t\t\t<i aria-hidden=\"true\" class=\"fas fa-file-download\"><\/i>\t\t\t\t\t\t<\/span>\n\t\t\t\t\t\t\t\t\t\t<span class=\"elementor-icon-list-text\">Rayl\u0131 Sistemler ve Yol Teknolojileri Program\u0131<\/span>\n\t\t\t\t\t\t\t\t\t\t\t<\/a>\n\t\t\t\t\t\t\t\t\t<\/li>\n\t\t\t\t\t\t\t\t<li class=\"elementor-icon-list-item\">\n\t\t\t\t\t\t\t\t\t\t\t<a href=\"http:\/\/birimler.atauni.edu.tr\/horasan-meslek-yuksekokulu\/wp-content\/uploads\/sites\/440\/2020\/07\/2017-2021-Sivil-Savunma-ve-Itfaiyecilik-Programi-Ders-Icerikleri-onayli.pdf\">\n\n\t\t\t\t\t\t\t\t\t\t\t\t<span class=\"elementor-icon-list-icon\">\n\t\t\t\t\t\t\t<i aria-hidden=\"true\" class=\"fas fa-file-download\"><\/i>\t\t\t\t\t\t<\/span>\n\t\t\t\t\t\t\t\t\t\t<span class=\"elementor-icon-list-text\">Sivil Savunma ve \u0130tfaiyecilik Program\u0131<\/span>\n\t\t\t\t\t\t\t\t\t\t\t<\/a>\n\t\t\t\t\t\t\t\t\t<\/li>\n\t\t\t\t\t\t\t\t<li class=\"elementor-icon-list-item\">\n\t\t\t\t\t\t\t\t\t\t\t<a href=\"http:\/\/birimler.atauni.edu.tr\/horasan-meslek-yuksekokulu\/wp-content\/uploads\/sites\/440\/2020\/07\/2017-2021-Ozel-Guvenlik-ve-Koruma-Programi-Ders-Icerikleri-onayli.pdf\">\n\n\t\t\t\t\t\t\t\t\t\t\t\t<span class=\"elementor-icon-list-icon\">\n\t\t\t\t\t\t\t<i aria-hidden=\"true\" class=\"fas fa-file-download\"><\/i>\t\t\t\t\t\t<\/span>\n\t\t\t\t\t\t\t\t\t\t<span class=\"elementor-icon-list-text\">\u00d6zel G\u00fcvenlik ve Koruma Program\u0131<\/span>\n\t\t\t\t\t\t\t\t\t\t\t<\/a>\n\t\t\t\t\t\t\t\t\t<\/li>\n\t\t\t\t\t\t\t\t<li class=\"elementor-icon-list-item\">\n\t\t\t\t\t\t\t\t\t\t\t<a href=\"http:\/\/birimler.atauni.edu.tr\/horasan-meslek-yuksekokulu\/wp-content\/uploads\/sites\/440\/2020\/07\/2017-2021-Laborant-ve-Veteriner-Saglik-Programi-Ders-Icerikleri-onayli.pdf\">\n\n\t\t\t\t\t\t\t\t\t\t\t\t<span class=\"elementor-icon-list-icon\">\n\t\t\t\t\t\t\t<i aria-hidden=\"true\" class=\"fas fa-file-download\"><\/i>\t\t\t\t\t\t<\/span>\n\t\t\t\t\t\t\t\t\t\t<span class=\"elementor-icon-list-text\">Laborant Veteriner Sa\u011fl\u0131k Program\u0131<\/span>\n\t\t\t\t\t\t\t\t\t\t\t<\/a>\n\t\t\t\t\t\t\t\t\t<\/li>\n\t\t\t\t\t\t<\/ul>\n\t\t\t\t\t\t<\/div>\n\t\t\t\t<\/div>\n\t\t\t\t\t<\/div>\n\t\t<\/div>\n\t\t\t\t\t<\/div>\n\t\t<\/section>\n\t\t\t\t<\/div>\n\t\t","protected":false},"excerpt":{"rendered":"<p>Bilgisayar Programc\u0131l\u0131\u011f\u0131 Elektrik Program\u0131 Posta Hizmetleri Program\u0131 Rayl\u0131 Sistemler ve Yol Teknolojileri Program\u0131 Sivil Savunma ve \u0130tfaiyecilik Program\u0131 \u00d6zel G\u00fcvenlik ve Koruma Program\u0131 Laborant Veteriner Sa\u011fl\u0131k Program\u0131<\/p>\n","protected":false},"author":379,"featured_media":0,"parent":0,"menu_order":0,"comment_status":"closed","ping_status":"closed","template":"","meta":{"footnotes":""},"class_list":["post-6194","page","type-page","status-publish","hentry"],"_links":{"self":[{"href":"https:\/\/atauni.edu.tr\/horasan-meslek-yuksekokulu\/wp-json\/wp\/v2\/pages\/6194","targetHints":{"allow":["GET"]}}],"collection":[{"href":"https:\/\/atauni.edu.tr\/horasan-meslek-yuksekokulu\/wp-json\/wp\/v2\/pages"}],"about":[{"href":"https:\/\/atauni.edu.tr\/horasan-meslek-yuksekokulu\/wp-json\/wp\/v2\/types\/page"}],"author":[{"embeddable":true,"href":"https:\/\/atauni.edu.tr\/horasan-meslek-yuksekokulu\/wp-json\/wp\/v2\/users\/379"}],"replies":[{"embeddable":true,"href":"https:\/\/atauni.edu.tr\/horasan-meslek-yuksekokulu\/wp-json\/wp\/v2\/comments?post=6194"}],"version-history":[{"count":9,"href":"https:\/\/atauni.edu.tr\/horasan-meslek-yuksekokulu\/wp-json\/wp\/v2\/pages\/6194\/revisions"}],"predecessor-version":[{"id":6381,"href":"https:\/\/atauni.edu.tr\/horasan-meslek-yuksekokulu\/wp-json\/wp\/v2\/pages\/6194\/revisions\/6381"}],"wp:attachment":[{"href":"https:\/\/atauni.edu.tr\/horasan-meslek-yuksekokulu\/wp-json\/wp\/v2\/media?parent=6194"}],"curies":[{"name":"wp","href":"https:\/\/api.w.org\/{rel}","templated":true}]}}