{"id":6196,"date":"2021-12-02T15:41:15","date_gmt":"2021-12-02T12:41:15","guid":{"rendered":"https:\/\/birimler.atauni.edu.tr\/horasan-meslek-yuksekokulu\/?page_id=6196"},"modified":"2024-08-07T11:29:44","modified_gmt":"2024-08-07T08:29:44","slug":"2021-ve-sonrasi-ders-icerigi","status":"publish","type":"page","link":"https:\/\/atauni.edu.tr\/horasan-meslek-yuksekokulu\/2021-ve-sonrasi-ders-icerigi\/","title":{"rendered":"2022 ve Sonras\u0131"},"content":{"rendered":"\t\t<div data-elementor-type=\"wp-page\" data-elementor-id=\"6196\" class=\"elementor elementor-6196\" data-elementor-post-type=\"page\">\n\t\t\t\t\t\t<section class=\"elementor-section elementor-top-section elementor-element elementor-element-2806113 elementor-section-boxed elementor-section-height-default elementor-section-height-default\" data-id=\"2806113\" data-element_type=\"section\">\n\t\t\t\t\t\t<div class=\"elementor-container elementor-column-gap-default\">\n\t\t\t\t\t<div class=\"elementor-column elementor-col-100 elementor-top-column elementor-element elementor-element-6cff141\" data-id=\"6cff141\" data-element_type=\"column\">\n\t\t\t<div class=\"elementor-widget-wrap elementor-element-populated\">\n\t\t\t\t\t\t<div class=\"elementor-element elementor-element-7cbc8b2 elementor-icon-list--layout-traditional elementor-list-item-link-full_width elementor-widget elementor-widget-icon-list\" data-id=\"7cbc8b2\" data-element_type=\"widget\" data-widget_type=\"icon-list.default\">\n\t\t\t\t<div class=\"elementor-widget-container\">\n\t\t\t\t\t\t\t<ul class=\"elementor-icon-list-items\">\n\t\t\t\t\t\t\t<li class=\"elementor-icon-list-item\">\n\t\t\t\t\t\t\t\t\t\t\t<a href=\"https:\/\/birimler.atauni.edu.tr\/horasan-meslek-yuksekokulu\/wp-content\/uploads\/sites\/440\/2020\/07\/Bilgisayar-Programcilig\u0306i-Ders-I\u0307c\u0327erikleri-2022-sonrasi.pdf\">\n\n\t\t\t\t\t\t\t\t\t\t\t\t<span class=\"elementor-icon-list-icon\">\n\t\t\t\t\t\t\t<i aria-hidden=\"true\" class=\"fas fa-file-download\"><\/i>\t\t\t\t\t\t<\/span>\n\t\t\t\t\t\t\t\t\t\t<span class=\"elementor-icon-list-text\"><b>B\u0130LG\u0130SAYAR PROGRAMCILI\u011eI<\/b><\/span>\n\t\t\t\t\t\t\t\t\t\t\t<\/a>\n\t\t\t\t\t\t\t\t\t<\/li>\n\t\t\t\t\t\t<\/ul>\n\t\t\t\t\t\t<\/div>\n\t\t\t\t<\/div>\n\t\t\t\t\t<\/div>\n\t\t<\/div>\n\t\t\t\t\t<\/div>\n\t\t<\/section>\n\t\t\t\t<\/div>\n\t\t","protected":false},"excerpt":{"rendered":"<p>B\u0130LG\u0130SAYAR PROGRAMCILI\u011eI<\/p>\n","protected":false},"author":379,"featured_media":0,"parent":0,"menu_order":0,"comment_status":"closed","ping_status":"closed","template":"","meta":{"footnotes":""},"class_list":["post-6196","page","type-page","status-publish","hentry"],"_links":{"self":[{"href":"https:\/\/atauni.edu.tr\/horasan-meslek-yuksekokulu\/wp-json\/wp\/v2\/pages\/6196","targetHints":{"allow":["GET"]}}],"collection":[{"href":"https:\/\/atauni.edu.tr\/horasan-meslek-yuksekokulu\/wp-json\/wp\/v2\/pages"}],"about":[{"href":"https:\/\/atauni.edu.tr\/horasan-meslek-yuksekokulu\/wp-json\/wp\/v2\/types\/page"}],"author":[{"embeddable":true,"href":"https:\/\/atauni.edu.tr\/horasan-meslek-yuksekokulu\/wp-json\/wp\/v2\/users\/379"}],"replies":[{"embeddable":true,"href":"https:\/\/atauni.edu.tr\/horasan-meslek-yuksekokulu\/wp-json\/wp\/v2\/comments?post=6196"}],"version-history":[{"count":6,"href":"https:\/\/atauni.edu.tr\/horasan-meslek-yuksekokulu\/wp-json\/wp\/v2\/pages\/6196\/revisions"}],"predecessor-version":[{"id":7025,"href":"https:\/\/atauni.edu.tr\/horasan-meslek-yuksekokulu\/wp-json\/wp\/v2\/pages\/6196\/revisions\/7025"}],"wp:attachment":[{"href":"https:\/\/atauni.edu.tr\/horasan-meslek-yuksekokulu\/wp-json\/wp\/v2\/media?parent=6196"}],"curies":[{"name":"wp","href":"https:\/\/api.w.org\/{rel}","templated":true}]}}