{"id":6841,"date":"2023-07-12T03:16:21","date_gmt":"2023-07-12T00:16:21","guid":{"rendered":"https:\/\/birimler.atauni.edu.tr\/horasan-meslek-yuksekokulu\/?page_id=6841"},"modified":"2025-10-09T18:06:13","modified_gmt":"2025-10-09T15:06:13","slug":"bilgisayar-programciligi-programi","status":"publish","type":"page","link":"https:\/\/atauni.edu.tr\/horasan-meslek-yuksekokulu\/bilgisayar-programciligi-programi\/","title":{"rendered":"Bilgisayar Programc\u0131l\u0131\u011f\u0131 Program\u0131"},"content":{"rendered":"\t\t<div data-elementor-type=\"wp-page\" data-elementor-id=\"6841\" class=\"elementor elementor-6841\" data-elementor-post-type=\"page\">\n\t\t\t\t\t\t<section class=\"elementor-section elementor-top-section elementor-element elementor-element-3e8931e elementor-section-boxed elementor-section-height-default elementor-section-height-default\" data-id=\"3e8931e\" data-element_type=\"section\">\n\t\t\t\t\t\t<div class=\"elementor-container elementor-column-gap-default\">\n\t\t\t\t\t<div class=\"elementor-column elementor-col-50 elementor-top-column elementor-element elementor-element-3522833\" data-id=\"3522833\" data-element_type=\"column\">\n\t\t\t<div class=\"elementor-widget-wrap elementor-element-populated\">\n\t\t\t\t\t\t<div class=\"elementor-element elementor-element-5adee87 elementor-widget elementor-widget-text-editor\" data-id=\"5adee87\" data-element_type=\"widget\" data-widget_type=\"text-editor.default\">\n\t\t\t\t<div class=\"elementor-widget-container\">\n\t\t\t\t\t\t\t\t\t<p><span lang=\"TR\" style=\"font-size: 11pt;line-height: 15.6933px;font-family: Calibri, sans-serif\">\u0130ste\u011fe ba\u011fl\u0131 yabanc\u0131 dil haz\u0131rl\u0131k s\u0131n\u0131f\u0131 uygulamas\u0131<\/span><\/p>\t\t\t\t\t\t\t\t<\/div>\n\t\t\t\t<\/div>\n\t\t\t\t\t<\/div>\n\t\t<\/div>\n\t\t\t\t<div class=\"elementor-column elementor-col-50 elementor-top-column elementor-element elementor-element-75bbb94\" data-id=\"75bbb94\" data-element_type=\"column\">\n\t\t\t<div class=\"elementor-widget-wrap elementor-element-populated\">\n\t\t\t\t\t\t<div class=\"elementor-element elementor-element-9d76921 elementor-widget elementor-widget-text-editor\" data-id=\"9d76921\" data-element_type=\"widget\" data-widget_type=\"text-editor.default\">\n\t\t\t\t<div class=\"elementor-widget-container\">\n\t\t\t\t\t\t\t\t\t<p>Yok<\/p>\t\t\t\t\t\t\t\t<\/div>\n\t\t\t\t<\/div>\n\t\t\t\t\t<\/div>\n\t\t<\/div>\n\t\t\t\t\t<\/div>\n\t\t<\/section>\n\t\t\t\t<section class=\"elementor-section elementor-top-section elementor-element elementor-element-39db5ac elementor-section-boxed elementor-section-height-default elementor-section-height-default\" data-id=\"39db5ac\" data-element_type=\"section\">\n\t\t\t\t\t\t<div class=\"elementor-container elementor-column-gap-default\">\n\t\t\t\t\t<div class=\"elementor-column elementor-col-50 elementor-top-column elementor-element elementor-element-57a40de\" data-id=\"57a40de\" data-element_type=\"column\">\n\t\t\t<div class=\"elementor-widget-wrap elementor-element-populated\">\n\t\t\t\t\t\t<div class=\"elementor-element elementor-element-14d9ae1 elementor-widget elementor-widget-text-editor\" data-id=\"14d9ae1\" data-element_type=\"widget\" data-widget_type=\"text-editor.default\">\n\t\t\t\t<div class=\"elementor-widget-container\">\n\t\t\t\t\t\t\t\t\t<p><span lang=\"TR\" style=\"font-size: 11pt;line-height: 15.6933px;font-family: Calibri, sans-serif\">Staj, e\u011fitim modeli (bir y\u0131lda ka\u00e7 d\u00f6nem uyguland\u0131\u011f\u0131, sekt\u00f6r ve i\u015fletmelerde uygulama e\u011fitimi vb), end\u00fcstriye dayal\u0131 \u00f6\u011fretim staj\u0131, uygulamal\u0131 e\u011fitimlerin nas\u0131l y\u00fcr\u00fct\u00fcld\u00fc\u011f\u00fc ile ilgili y\u00fcksek\u00f6\u011fretim kurumunun bulundu\u011fu ilin d\u0131\u015f\u0131nda yap\u0131l\u0131p yap\u0131lamad\u0131\u011f\u0131<\/span><span style=\"font-size: medium\"><\/span><br><\/p>\t\t\t\t\t\t\t\t<\/div>\n\t\t\t\t<\/div>\n\t\t\t\t\t<\/div>\n\t\t<\/div>\n\t\t\t\t<div class=\"elementor-column elementor-col-50 elementor-top-column elementor-element elementor-element-8cbc2d2\" data-id=\"8cbc2d2\" data-element_type=\"column\">\n\t\t\t<div class=\"elementor-widget-wrap elementor-element-populated\">\n\t\t\t\t\t\t<div class=\"elementor-element elementor-element-33c0727 elementor-widget elementor-widget-text-editor\" data-id=\"33c0727\" data-element_type=\"widget\" data-widget_type=\"text-editor.default\">\n\t\t\t\t<div class=\"elementor-widget-container\">\n\t\t\t\t\t\t\t\t\t<p class=\"MsoNormal\" style=\"margin: 0cm 0cm 8pt;line-height: 15.6933px;font-size: 11pt;font-family: Calibri, sans-serif;color: #000000;text-align: justify\"><span lang=\"TR\">\u00d6\u011frencilerimiz 1 y\u0131l i\u00e7erisinde toplam 30 i\u015f g\u00fcn\u00fc olmak kayd\u0131yla 2 d\u00f6nemde stajlar\u0131n\u0131 tamamlamaktad\u0131r.<\/span><\/p><p class=\"MsoNormal\" style=\"margin: 0cm 0cm 8pt;line-height: 15.6933px;font-size: 11pt;font-family: Calibri, sans-serif;color: #000000;text-align: justify\"><span lang=\"TR\">Bilgisayar Programc\u0131l\u0131\u011f\u0131 program \u00f6\u011frencileri, kazand\u0131klar\u0131 teorik ve uygulama e\u011fitim yeterlilikleriyle Ulusal Staj Program\u0131 (USP) kapsam\u0131nda geni\u015f bir staj yapma yelpazesine sahip olurken ayr\u0131ca;<\/span><\/p><ul style=\"margin-bottom: 0cm;color: #000000;font-size: medium\" type=\"disc\"><li style=\"list-style-type: none\"><ul style=\"margin-bottom: 0cm;color: #000000;font-size: medium\" type=\"disc\"><li class=\"MsoNormal\" style=\"margin: 0cm 0cm 8pt;line-height: 15.6933px;font-size: 11pt;font-family: Calibri, sans-serif;background-image: initial;background-position: initial;background-size: initial;background-attachment: initial\"><span lang=\"TR\">Ba\u015fta Sanayi Kurulu\u015flar\u0131 Olmak \u00dczere Yaz\u0131l\u0131m Firmalar\u0131<\/span><\/li><li class=\"MsoNormal\" style=\"margin: 0cm 0cm 8pt;line-height: 15.6933px;font-size: 11pt;font-family: Calibri, sans-serif;background-image: initial;background-position: initial;background-size: initial;background-attachment: initial\"><span lang=\"TR\">Bilgisayar Sat\u0131c\u0131s\u0131 ve Teknik Destek Firmalar\u0131<\/span><\/li><li class=\"MsoNormal\" style=\"margin: 0cm 0cm 8pt;line-height: 15.6933px;font-size: 11pt;font-family: Calibri, sans-serif;background-image: initial;background-position: initial;background-size: initial;background-attachment: initial\"><span lang=\"TR\">Bankalar<\/span><\/li><li class=\"MsoNormal\" style=\"margin: 0cm 0cm 8pt;line-height: 15.6933px;font-size: 11pt;font-family: Calibri, sans-serif;background-image: initial;background-position: initial;background-size: initial;background-attachment: initial\"><span lang=\"TR\">Sigorta \u015eirketleri<\/span><\/li><li class=\"MsoNormal\" style=\"margin: 0cm 0cm 8pt;line-height: 15.6933px;font-size: 11pt;font-family: Calibri, sans-serif;background-image: initial;background-position: initial;background-size: initial;background-attachment: initial\"><span lang=\"TR\">Ticari Kurulu\u015flar\u0131<\/span><\/li><li class=\"MsoNormal\" style=\"margin: 0cm 0cm 8pt;line-height: 15.6933px;font-size: 11pt;font-family: Calibri, sans-serif;background-image: initial;background-position: initial;background-size: initial;background-attachment: initial\"><span lang=\"TR\">\u0130nternet Servis Sa\u011flay\u0131c\u0131lar\u0131<\/span><\/li><li class=\"MsoNormal\" style=\"margin: 0cm 0cm 8pt;line-height: 15.6933px;font-size: 11pt;font-family: Calibri, sans-serif;background-image: initial;background-position: initial;background-size: initial;background-attachment: initial\"><span lang=\"TR\">\u0130nternet Yay\u0131nc\u0131l\u0131k \u015eirketleri<\/span><\/li><li class=\"MsoNormal\" style=\"margin: 0cm 0cm 8pt;line-height: 15.6933px;font-size: 11pt;font-family: Calibri, sans-serif;background-image: initial;background-position: initial;background-size: initial;background-attachment: initial\"><span lang=\"TR\">Radyo, Televizyon Firmalar\u0131<\/span><\/li><li class=\"MsoNormal\" style=\"margin: 0cm 0cm 8pt;line-height: 15.6933px;font-size: 11pt;font-family: Calibri, sans-serif;background-image: initial;background-position: initial;background-size: initial;background-attachment: initial\"><span lang=\"TR\">Ara\u015ft\u0131rma \u015eirketleri<\/span><\/li><li class=\"MsoNormal\" style=\"margin: 0cm 0cm 8pt;line-height: 15.6933px;font-size: 11pt;font-family: Calibri, sans-serif;background-image: initial;background-position: initial;background-size: initial;background-attachment: initial\"><span lang=\"TR\">Ula\u015ft\u0131rma Gibi Kamu ve \u00d6zel Sekt\u00f6rde Faaliyet G\u00f6steren Pek \u00c7ok Kurum ve Kurulu\u015f<\/span><\/li><li class=\"MsoNormal\" style=\"margin: 0cm 0cm 8pt;line-height: 15.6933px;font-size: 11pt;font-family: Calibri, sans-serif;background-image: initial;background-position: initial;background-size: initial;background-attachment: initial\"><span lang=\"TR\">Kurumsal \u015eirketlerin Bilgi \u0130\u015flem ve Yaz\u0131l\u0131m B\u00f6l\u00fcmleri<\/span><\/li><li class=\"MsoNormal\" style=\"margin: 0cm 0cm 8pt;line-height: 15.6933px;font-size: 11pt;font-family: Calibri, sans-serif;background-image: initial;background-position: initial;background-size: initial;background-attachment: initial\"><span lang=\"TR\">KOB\u0130\u2019lerin Bilgi \u0130\u015flem ve Yaz\u0131l\u0131m Geli\u015ftirme B\u00f6l\u00fcmleri<\/span><\/li><li class=\"MsoNormal\" style=\"margin: 0cm 0cm 8pt;line-height: 15.6933px;font-size: 11pt;font-family: Calibri, sans-serif;background-image: initial;background-position: initial;background-size: initial;background-attachment: initial\"><span lang=\"TR\">Kamu Kurumlar\u0131 Bilgi \u0130\u015flem Birimleri<\/span><\/li><li class=\"MsoNormal\" style=\"margin: 0cm 0cm 8pt;line-height: 15.6933px;font-size: 11pt;font-family: Calibri, sans-serif;background-image: initial;background-position: initial;background-size: initial;background-attachment: initial\"><span lang=\"TR\">Yaz\u0131l\u0131m Geli\u015ftirme \u015eirketleri<\/span><\/li><li class=\"MsoNormal\" style=\"margin: 0cm 0cm 8pt;line-height: 15.6933px;font-size: 11pt;font-family: Calibri, sans-serif;background-image: initial;background-position: initial;background-size: initial;background-attachment: initial\"><span lang=\"TR\">Bili\u015fim Teknolojileri E\u011fitim Ve Dan\u0131\u015fmanl\u0131k Firmalar\u0131<\/span><\/li><\/ul><\/li><\/ul><p><span lang=\"TR\" style=\"font-size: 11pt;line-height: 15.6933px;font-family: Calibri, sans-serif\">Web Tasar\u0131m\u0131 ve Programlama Firmalar\u0131nda da stajlar\u0131n\u0131 yapabilme olana\u011f\u0131 mevcuttur.<\/span><\/p>\t\t\t\t\t\t\t\t<\/div>\n\t\t\t\t<\/div>\n\t\t\t\t\t<\/div>\n\t\t<\/div>\n\t\t\t\t\t<\/div>\n\t\t<\/section>\n\t\t\t\t<section class=\"elementor-section elementor-top-section elementor-element elementor-element-19ea061 elementor-section-boxed elementor-section-height-default elementor-section-height-default\" data-id=\"19ea061\" data-element_type=\"section\">\n\t\t\t\t\t\t<div class=\"elementor-container elementor-column-gap-default\">\n\t\t\t\t\t<div class=\"elementor-column elementor-col-50 elementor-top-column elementor-element elementor-element-d35a2bf\" data-id=\"d35a2bf\" data-element_type=\"column\">\n\t\t\t<div class=\"elementor-widget-wrap elementor-element-populated\">\n\t\t\t\t\t\t<div class=\"elementor-element elementor-element-f03aef8 elementor-widget elementor-widget-text-editor\" data-id=\"f03aef8\" data-element_type=\"widget\" data-widget_type=\"text-editor.default\">\n\t\t\t\t<div class=\"elementor-widget-container\">\n\t\t\t\t\t\t\t\t\t<p><span lang=\"TR\" style=\"color: #000000;font-size: 11pt;line-height: 15.6933px;font-family: Calibri, sans-serif\">Mesle\u011fin gerektirdi\u011fi k\u0131yafet ve donan\u0131m malzemeleri<\/span><\/p>\t\t\t\t\t\t\t\t<\/div>\n\t\t\t\t<\/div>\n\t\t\t\t\t<\/div>\n\t\t<\/div>\n\t\t\t\t<div class=\"elementor-column elementor-col-50 elementor-top-column elementor-element elementor-element-11b3684\" data-id=\"11b3684\" data-element_type=\"column\">\n\t\t\t<div class=\"elementor-widget-wrap elementor-element-populated\">\n\t\t\t\t\t\t<div class=\"elementor-element elementor-element-e2ded59 elementor-widget elementor-widget-text-editor\" data-id=\"e2ded59\" data-element_type=\"widget\" data-widget_type=\"text-editor.default\">\n\t\t\t\t<div class=\"elementor-widget-container\">\n\t\t\t\t\t\t\t\t\t<p>Yok<\/p>\t\t\t\t\t\t\t\t<\/div>\n\t\t\t\t<\/div>\n\t\t\t\t\t<\/div>\n\t\t<\/div>\n\t\t\t\t\t<\/div>\n\t\t<\/section>\n\t\t\t\t<section class=\"elementor-section elementor-top-section elementor-element elementor-element-eee4ff3 elementor-section-boxed elementor-section-height-default elementor-section-height-default\" data-id=\"eee4ff3\" data-element_type=\"section\">\n\t\t\t\t\t\t<div class=\"elementor-container elementor-column-gap-default\">\n\t\t\t\t\t<div class=\"elementor-column elementor-col-50 elementor-top-column elementor-element elementor-element-4434fa9\" data-id=\"4434fa9\" data-element_type=\"column\">\n\t\t\t<div class=\"elementor-widget-wrap elementor-element-populated\">\n\t\t\t\t\t\t<div class=\"elementor-element elementor-element-893cde4 elementor-widget elementor-widget-text-editor\" data-id=\"893cde4\" data-element_type=\"widget\" data-widget_type=\"text-editor.default\">\n\t\t\t\t<div class=\"elementor-widget-container\">\n\t\t\t\t\t\t\t\t\t<p><span lang=\"TR\" style=\"font-size: 11pt;line-height: 15.6933px;font-family: Calibri, sans-serif\">Ders uygulamalar\u0131nda kullan\u0131lacak sarf malzeme, ara\u00e7 ve gere\u00e7 gideri; s\u0131nav, materyal ve e\u011fitim \u00f6\u011fretim hizmeti kar\u015f\u0131l\u0131\u011f\u0131 \u00f6\u011fretim gideri<\/span><span style=\"font-size: medium\"><\/span><br><\/p>\t\t\t\t\t\t\t\t<\/div>\n\t\t\t\t<\/div>\n\t\t\t\t\t<\/div>\n\t\t<\/div>\n\t\t\t\t<div class=\"elementor-column elementor-col-50 elementor-top-column elementor-element elementor-element-4f7a74c\" data-id=\"4f7a74c\" data-element_type=\"column\">\n\t\t\t<div class=\"elementor-widget-wrap elementor-element-populated\">\n\t\t\t\t\t\t<div class=\"elementor-element elementor-element-f9ec9f3 elementor-widget elementor-widget-text-editor\" data-id=\"f9ec9f3\" data-element_type=\"widget\" data-widget_type=\"text-editor.default\">\n\t\t\t\t<div class=\"elementor-widget-container\">\n\t\t\t\t\t\t\t\t\t<p><span lang=\"TR\" style=\"color: #000000;font-size: 11pt;line-height: 15.6933px;font-family: Calibri, sans-serif\">B\u00fct\u00fcn ihtiya\u00e7lar\u0131m\u0131z \u00dcniversite taraf\u0131ndan kar\u015f\u0131lanmaktad\u0131r. \u00d6\u011frencilerimizden herhangi ek bir \u00fccret talep edilmemektedir. \u00d6\u011fretim gideri bulunmamaktad\u0131r. Sadece kendilerini kamp\u00fcs d\u0131\u015f\u0131nda da geli\u015ftirme a\u00e7\u0131s\u0131ndan bilgisayar edinilmesi \u00f6nerilmektedir.<\/span><\/p>\t\t\t\t\t\t\t\t<\/div>\n\t\t\t\t<\/div>\n\t\t\t\t\t<\/div>\n\t\t<\/div>\n\t\t\t\t\t<\/div>\n\t\t<\/section>\n\t\t\t\t<section class=\"elementor-section elementor-top-section elementor-element elementor-element-86cce1e elementor-section-boxed elementor-section-height-default elementor-section-height-default\" data-id=\"86cce1e\" data-element_type=\"section\">\n\t\t\t\t\t\t<div class=\"elementor-container elementor-column-gap-default\">\n\t\t\t\t\t<div class=\"elementor-column elementor-col-50 elementor-top-column elementor-element elementor-element-48e0ac7\" data-id=\"48e0ac7\" data-element_type=\"column\">\n\t\t\t<div class=\"elementor-widget-wrap elementor-element-populated\">\n\t\t\t\t\t\t<div class=\"elementor-element elementor-element-58399d2 elementor-widget elementor-widget-text-editor\" data-id=\"58399d2\" data-element_type=\"widget\" data-widget_type=\"text-editor.default\">\n\t\t\t\t<div class=\"elementor-widget-container\">\n\t\t\t\t\t\t\t\t\t<p><span lang=\"TR\" style=\"font-size: 11pt;line-height: 15.6933px;font-family: Calibri, sans-serif\">Program\u0131n i\u00e7eri\u011fi, fak\u00fclte, y\u00fcksekokul ve meslek y\u00fcksekokulunun bulundu\u011fu yerle\u015fke\/kampus<\/span><span style=\"font-size: medium\"><\/span><br><\/p>\t\t\t\t\t\t\t\t<\/div>\n\t\t\t\t<\/div>\n\t\t\t\t\t<\/div>\n\t\t<\/div>\n\t\t\t\t<div class=\"elementor-column elementor-col-50 elementor-top-column elementor-element elementor-element-640f8aa\" data-id=\"640f8aa\" data-element_type=\"column\">\n\t\t\t<div class=\"elementor-widget-wrap elementor-element-populated\">\n\t\t\t\t\t\t<div class=\"elementor-element elementor-element-bf81025 elementor-widget elementor-widget-text-editor\" data-id=\"bf81025\" data-element_type=\"widget\" data-widget_type=\"text-editor.default\">\n\t\t\t\t<div class=\"elementor-widget-container\">\n\t\t\t\t\t\t\t\t\t<p><span lang=\"TR\" style=\"color: #000000;font-size: 11pt;line-height: 15.6933px;font-family: Calibri, sans-serif\">Bilgisayar Programc\u0131l\u0131\u011f\u0131 \u00f6n Lisans Program\u0131, her biri 30 AKTS de\u011ferinde 4 yar\u0131y\u0131ldan olu\u015fan 2 y\u0131ll\u0131k bir programd\u0131r.\u00a0 Programda, \u00f6n lisans \u00f6\u011frencileri ilk y\u0131l Yabanc\u0131 dil, T\u00fcrk Dili, Atat\u00fcrk \u0130lkeleri ve \u0130nk\u0131l\u00e2p Tarihi gibi uzaktan e\u011fitim yoluyla verilen zorunlu derslerin yan\u0131nda, Programlama temelleri, Grafik tasar\u0131m\u0131, Animasyon tasar\u0131m\u0131, Web Tasar\u0131m\u0131 Temelleri, Yaz\u0131l\u0131m kurulumu ve y\u00f6netimi, Veri taban\u0131 ve y\u00f6netimi, \u0130nternet programc\u0131l\u0131\u011f\u0131, Nesne tabanl\u0131 programlama, G\u00f6rsel programlama, Sistem analizi ve tasar\u0131m\u0131\u00a0 gibi zorunlu derslerinin yan\u0131 s\u0131ra ilgi duyduklar\u0131 alana g\u00f6re t\u00fcm \u00fcniversite \u00f6\u011frencilerimizin kat\u0131l\u0131m sa\u011flay\u0131p se\u00e7ti\u011fi iki tane\u00a0<\/span><span style=\"color: #000000;font-family: Calibri, sans-serif;font-size: 11pt;text-align: justify;font-weight: var( --e-global-typography-text-font-weight );letter-spacing: 0px\">\u00dcniversite se\u00e7meli dersi ve ayr\u0131ca alt\u0131 tane se\u00e7meli dersi se\u00e7erek kendilerini \u00fcniversite sonras\u0131 hayata haz\u0131rlamaktad\u0131r. D\u00f6rd\u00fcnc\u00fc yar\u0131y\u0131l\u0131n sonunda dersleri ba\u015far\u0131l\u0131 olarak ge\u00e7en \u00f6\u011frenciler programdan Bilgisayar Programc\u0131s\u0131 Teknikeri olarak mezun olurlar.<\/span><\/p><p><span lang=\"TR\" style=\"color: #000000;font-size: 11pt;line-height: 15.6933px;font-family: Calibri, sans-serif\">Horasan Meslek Y\u00fcksekokulu Erzurum ili Horasan \u0130l\u00e7esinde bulunmaktad\u0131r.<\/span><\/p>\t\t\t\t\t\t\t\t<\/div>\n\t\t\t\t<\/div>\n\t\t\t\t\t<\/div>\n\t\t<\/div>\n\t\t\t\t\t<\/div>\n\t\t<\/section>\n\t\t\t\t<section class=\"elementor-section elementor-top-section elementor-element elementor-element-a4aa914 elementor-section-boxed elementor-section-height-default elementor-section-height-default\" data-id=\"a4aa914\" data-element_type=\"section\">\n\t\t\t\t\t\t<div class=\"elementor-container elementor-column-gap-default\">\n\t\t\t\t\t<div class=\"elementor-column elementor-col-50 elementor-top-column elementor-element elementor-element-2e837c6\" data-id=\"2e837c6\" data-element_type=\"column\">\n\t\t\t<div class=\"elementor-widget-wrap elementor-element-populated\">\n\t\t\t\t\t\t<div class=\"elementor-element elementor-element-e57b9cf elementor-widget elementor-widget-text-editor\" data-id=\"e57b9cf\" data-element_type=\"widget\" data-widget_type=\"text-editor.default\">\n\t\t\t\t<div class=\"elementor-widget-container\">\n\t\t\t\t\t\t\t\t\t<p><span lang=\"TR\" style=\"font-size: 11pt;line-height: 15.6933px;font-family: Calibri, sans-serif\">K\u0131sm\u0131 zamanl\u0131 \u00f6\u011frenci olarak \u00e7al\u0131\u015fabilme imk\u00e2nlar\u0131 ile staj ve uygulama e\u011fitimleri s\u0131ras\u0131nda belirli ko\u015fullarla ayr\u0131ca \u00fccret \u00f6denip \u00f6denmedi\u011fi<\/span><span style=\"font-size: medium\"><\/span><br><\/p>\t\t\t\t\t\t\t\t<\/div>\n\t\t\t\t<\/div>\n\t\t\t\t\t<\/div>\n\t\t<\/div>\n\t\t\t\t<div class=\"elementor-column elementor-col-50 elementor-top-column elementor-element elementor-element-d5eb346\" data-id=\"d5eb346\" data-element_type=\"column\">\n\t\t\t<div class=\"elementor-widget-wrap elementor-element-populated\">\n\t\t\t\t\t\t<div class=\"elementor-element elementor-element-ec66615 elementor-widget elementor-widget-text-editor\" data-id=\"ec66615\" data-element_type=\"widget\" data-widget_type=\"text-editor.default\">\n\t\t\t\t<div class=\"elementor-widget-container\">\n\t\t\t\t\t\t\t\t\t<p><span lang=\"TR\" style=\"color: #000000;font-size: 11pt;line-height: 15.6933px;font-family: Calibri, sans-serif\">Merkez kamp\u00fcste isteyen ve o konuda hevesli \u00f6\u011frencilerin k\u0131smi zamanl\u0131 \u00f6\u011frenci olarak \u00e7al\u0131\u015fabilme imk\u00e2n\u0131 bulunmaktad\u0131r. Staj s\u0131ras\u0131nda mevzuat gere\u011fi \u00fccret kurum taraf\u0131ndan \u00f6denir.<\/span><\/p>\t\t\t\t\t\t\t\t<\/div>\n\t\t\t\t<\/div>\n\t\t\t\t\t<\/div>\n\t\t<\/div>\n\t\t\t\t\t<\/div>\n\t\t<\/section>\n\t\t\t\t<section class=\"elementor-section elementor-top-section elementor-element elementor-element-5397203 elementor-section-boxed elementor-section-height-default elementor-section-height-default\" data-id=\"5397203\" data-element_type=\"section\">\n\t\t\t\t\t\t<div class=\"elementor-container elementor-column-gap-default\">\n\t\t\t\t\t<div class=\"elementor-column elementor-col-50 elementor-top-column elementor-element elementor-element-e058a2b\" data-id=\"e058a2b\" data-element_type=\"column\">\n\t\t\t<div class=\"elementor-widget-wrap elementor-element-populated\">\n\t\t\t\t\t\t<div class=\"elementor-element elementor-element-56aa319 elementor-widget elementor-widget-text-editor\" data-id=\"56aa319\" data-element_type=\"widget\" data-widget_type=\"text-editor.default\">\n\t\t\t\t<div class=\"elementor-widget-container\">\n\t\t\t\t\t\t\t\t\t<p><span lang=\"TR\" style=\"font-size: 11pt;line-height: 15.6933px;font-family: Calibri, sans-serif\">\u0130lgili y\u00fcksek\u00f6\u011fretim kurumunun vakf\u0131 veya anla\u015fmal\u0131 oldu\u011fu kurum taraf\u0131ndan burs, yemek, yurt vb. imk\u00e2nlar sunup sunmad\u0131\u011f\u0131,<\/span><span style=\"font-size: medium\"><\/span><br><\/p>\t\t\t\t\t\t\t\t<\/div>\n\t\t\t\t<\/div>\n\t\t\t\t\t<\/div>\n\t\t<\/div>\n\t\t\t\t<div class=\"elementor-column elementor-col-50 elementor-top-column elementor-element elementor-element-f5d8851\" data-id=\"f5d8851\" data-element_type=\"column\">\n\t\t\t<div class=\"elementor-widget-wrap elementor-element-populated\">\n\t\t\t\t\t\t<div class=\"elementor-element elementor-element-ffa430a elementor-widget elementor-widget-text-editor\" data-id=\"ffa430a\" data-element_type=\"widget\" data-widget_type=\"text-editor.default\">\n\t\t\t\t<div class=\"elementor-widget-container\">\n\t\t\t\t\t\t\t\t\t<p class=\"MsoNormal\" style=\"margin: 0cm 0cm 8pt;line-height: 15.6933px;font-size: 11pt;font-family: Calibri, sans-serif;text-align: justify\"><span lang=\"TR\">Horasan merkezde Meslek Y\u00fcksekokulu \u00f6\u011frencilerinin bar\u0131nmalar\u0131 i\u00e7in k\u0131z \u00f6\u011frencilerimiz i\u00e7in Gen\u00e7lik Spor Bakanl\u0131\u011f\u0131na ba\u011fl\u0131 devlet yurdu, erkek \u00f6\u011frenciler i\u00e7in Belediyeye ait yurt ve \u00f6\u011fretmen evi bulunmaktad\u0131r.<\/span><\/p><p class=\"MsoNormal\" style=\"margin: 0cm 0cm 8pt;line-height: 15.6933px;font-size: 11pt;font-family: Calibri, sans-serif;text-align: justify\"><span lang=\"TR\">&nbsp;<\/span><\/p><p class=\"MsoNormal\" style=\"margin: 0cm 0cm 8pt;line-height: 15.6933px;font-size: 11pt;font-family: Calibri, sans-serif;text-align: justify\"><span lang=\"TR\">\u00dcniversitemiz taraf\u0131ndan belirlenen kontenjan dahilinde burs ve yemek bursu verilmektedir.<\/span><\/p><p class=\"MsoNormal\" style=\"margin: 0cm 0cm 8pt;line-height: 15.6933px;font-size: 11pt;font-family: Calibri, sans-serif;text-align: justify\"><span lang=\"TR\">&nbsp;<\/span><\/p><p><span lang=\"TR\" style=\"font-size: 11pt;line-height: 15.6933px;font-family: Calibri, sans-serif\">Y\u00fcksekokulumuzun yemekhanesinde Rekt\u00f6rl\u00fc\u011f\u00fcm\u00fcz\u00fcn belirledi\u011fi fiyat dahilinde \u00f6\u011fle yeme\u011fi imk\u00e2n\u0131 bulunmaktad\u0131r.&nbsp; Burs ve yurt imk\u00e2n\u0131 Gen\u00e7lik ve Spor Bakanl\u0131\u011f\u0131 taraf\u0131ndan sa\u011flanmaktad\u0131r.<\/span><\/p>\t\t\t\t\t\t\t\t<\/div>\n\t\t\t\t<\/div>\n\t\t\t\t\t<\/div>\n\t\t<\/div>\n\t\t\t\t\t<\/div>\n\t\t<\/section>\n\t\t\t\t<\/div>\n\t\t","protected":false},"excerpt":{"rendered":"<p>\u0130ste\u011fe ba\u011fl\u0131 yabanc\u0131 dil haz\u0131rl\u0131k s\u0131n\u0131f\u0131 uygulamas\u0131 Yok Staj, e\u011fitim modeli (bir y\u0131lda ka\u00e7 d\u00f6nem uyguland\u0131\u011f\u0131, sekt\u00f6r ve i\u015fletmelerde uygulama e\u011fitimi vb), end\u00fcstriye dayal\u0131 \u00f6\u011fretim staj\u0131, uygulamal\u0131 e\u011fitimlerin nas\u0131l y\u00fcr\u00fct\u00fcld\u00fc\u011f\u00fc ile ilgili y\u00fcksek\u00f6\u011fretim kurumunun bulundu\u011fu ilin d\u0131\u015f\u0131nda yap\u0131l\u0131p yap\u0131lamad\u0131\u011f\u0131 \u00d6\u011frencilerimiz 1 y\u0131l i\u00e7erisinde toplam 30 i\u015f g\u00fcn\u00fc olmak kayd\u0131yla 2 d\u00f6nemde stajlar\u0131n\u0131 tamamlamaktad\u0131r. Bilgisayar Programc\u0131l\u0131\u011f\u0131 [&hellip;]<\/p>\n","protected":false},"author":551,"featured_media":0,"parent":0,"menu_order":0,"comment_status":"closed","ping_status":"closed","template":"","meta":{"footnotes":""},"class_list":["post-6841","page","type-page","status-publish","hentry"],"_links":{"self":[{"href":"https:\/\/atauni.edu.tr\/horasan-meslek-yuksekokulu\/wp-json\/wp\/v2\/pages\/6841","targetHints":{"allow":["GET"]}}],"collection":[{"href":"https:\/\/atauni.edu.tr\/horasan-meslek-yuksekokulu\/wp-json\/wp\/v2\/pages"}],"about":[{"href":"https:\/\/atauni.edu.tr\/horasan-meslek-yuksekokulu\/wp-json\/wp\/v2\/types\/page"}],"author":[{"embeddable":true,"href":"https:\/\/atauni.edu.tr\/horasan-meslek-yuksekokulu\/wp-json\/wp\/v2\/users\/551"}],"replies":[{"embeddable":true,"href":"https:\/\/atauni.edu.tr\/horasan-meslek-yuksekokulu\/wp-json\/wp\/v2\/comments?post=6841"}],"version-history":[{"count":13,"href":"https:\/\/atauni.edu.tr\/horasan-meslek-yuksekokulu\/wp-json\/wp\/v2\/pages\/6841\/revisions"}],"predecessor-version":[{"id":7331,"href":"https:\/\/atauni.edu.tr\/horasan-meslek-yuksekokulu\/wp-json\/wp\/v2\/pages\/6841\/revisions\/7331"}],"wp:attachment":[{"href":"https:\/\/atauni.edu.tr\/horasan-meslek-yuksekokulu\/wp-json\/wp\/v2\/media?parent=6841"}],"curies":[{"name":"wp","href":"https:\/\/api.w.org\/{rel}","templated":true}]}}