{"id":6850,"date":"2023-07-12T03:27:37","date_gmt":"2023-07-12T00:27:37","guid":{"rendered":"https:\/\/birimler.atauni.edu.tr\/horasan-meslek-yuksekokulu\/?page_id=6850"},"modified":"2025-10-09T18:08:38","modified_gmt":"2025-10-09T15:08:38","slug":"laborant-ve-veteriner-saglik-programi","status":"publish","type":"page","link":"https:\/\/atauni.edu.tr\/horasan-meslek-yuksekokulu\/laborant-ve-veteriner-saglik-programi\/","title":{"rendered":"Laborant ve Veteriner Sa\u011fl\u0131k Program\u0131"},"content":{"rendered":"\t\t<div data-elementor-type=\"wp-page\" data-elementor-id=\"6850\" class=\"elementor elementor-6850\" data-elementor-post-type=\"page\">\n\t\t\t\t\t\t<section class=\"elementor-section elementor-top-section elementor-element elementor-element-8c7687e elementor-section-boxed elementor-section-height-default elementor-section-height-default\" data-id=\"8c7687e\" data-element_type=\"section\">\n\t\t\t\t\t\t<div class=\"elementor-container elementor-column-gap-default\">\n\t\t\t\t\t<div class=\"elementor-column elementor-col-50 elementor-top-column elementor-element elementor-element-bbeed29\" data-id=\"bbeed29\" data-element_type=\"column\">\n\t\t\t<div class=\"elementor-widget-wrap elementor-element-populated\">\n\t\t\t\t\t\t<div class=\"elementor-element elementor-element-5fc73ad elementor-widget elementor-widget-text-editor\" data-id=\"5fc73ad\" data-element_type=\"widget\" data-widget_type=\"text-editor.default\">\n\t\t\t\t<div class=\"elementor-widget-container\">\n\t\t\t\t\t\t\t\t\t<p><span lang=\"TR\" style=\"color: #000000;font-size: 11pt;line-height: 15.6933px;font-family: Calibri, sans-serif\">\u0130ste\u011fe ba\u011fl\u0131 yabanc\u0131 dil haz\u0131rl\u0131k s\u0131n\u0131f\u0131 uygulamas\u0131<\/span><\/p>\t\t\t\t\t\t\t\t<\/div>\n\t\t\t\t<\/div>\n\t\t\t\t\t<\/div>\n\t\t<\/div>\n\t\t\t\t<div class=\"elementor-column elementor-col-50 elementor-top-column elementor-element elementor-element-0508ced\" data-id=\"0508ced\" data-element_type=\"column\">\n\t\t\t<div class=\"elementor-widget-wrap elementor-element-populated\">\n\t\t\t\t\t\t<div class=\"elementor-element elementor-element-fc70dff elementor-widget elementor-widget-text-editor\" data-id=\"fc70dff\" data-element_type=\"widget\" data-widget_type=\"text-editor.default\">\n\t\t\t\t<div class=\"elementor-widget-container\">\n\t\t\t\t\t\t\t\t\t<p>Yok<\/p>\t\t\t\t\t\t\t\t<\/div>\n\t\t\t\t<\/div>\n\t\t\t\t\t<\/div>\n\t\t<\/div>\n\t\t\t\t\t<\/div>\n\t\t<\/section>\n\t\t\t\t<section class=\"elementor-section elementor-top-section elementor-element elementor-element-ac27948 elementor-section-boxed elementor-section-height-default elementor-section-height-default\" data-id=\"ac27948\" data-element_type=\"section\">\n\t\t\t\t\t\t<div class=\"elementor-container elementor-column-gap-default\">\n\t\t\t\t\t<div class=\"elementor-column elementor-col-50 elementor-top-column elementor-element elementor-element-db59c33\" data-id=\"db59c33\" data-element_type=\"column\">\n\t\t\t<div class=\"elementor-widget-wrap elementor-element-populated\">\n\t\t\t\t\t\t<div class=\"elementor-element elementor-element-17f5bb7 elementor-widget elementor-widget-text-editor\" data-id=\"17f5bb7\" data-element_type=\"widget\" data-widget_type=\"text-editor.default\">\n\t\t\t\t<div class=\"elementor-widget-container\">\n\t\t\t\t\t\t\t\t\t<p><span lang=\"TR\" style=\"font-size: 11pt;line-height: 15.6933px;font-family: Calibri, sans-serif\">Staj, e\u011fitim modeli (bir y\u0131lda ka\u00e7 d\u00f6nem uyguland\u0131\u011f\u0131, sekt\u00f6r ve i\u015fletmelerde uygulama e\u011fitimi vb), end\u00fcstriye dayal\u0131 \u00f6\u011fretim staj\u0131, uygulamal\u0131 e\u011fitimlerin nas\u0131l y\u00fcr\u00fct\u00fcld\u00fc\u011f\u00fc ile ilgili y\u00fcksek\u00f6\u011fretim kurumunun bulundu\u011fu ilin d\u0131\u015f\u0131nda yap\u0131l\u0131p yap\u0131lamad\u0131\u011f\u0131<\/span><span style=\"font-size: medium\"><\/span><br><\/p>\t\t\t\t\t\t\t\t<\/div>\n\t\t\t\t<\/div>\n\t\t\t\t\t<\/div>\n\t\t<\/div>\n\t\t\t\t<div class=\"elementor-column elementor-col-50 elementor-top-column elementor-element elementor-element-9e3c380\" data-id=\"9e3c380\" data-element_type=\"column\">\n\t\t\t<div class=\"elementor-widget-wrap elementor-element-populated\">\n\t\t\t\t\t\t<div class=\"elementor-element elementor-element-099aef1 elementor-widget elementor-widget-text-editor\" data-id=\"099aef1\" data-element_type=\"widget\" data-widget_type=\"text-editor.default\">\n\t\t\t\t<div class=\"elementor-widget-container\">\n\t\t\t\t\t\t\t\t\t<p class=\"MsoNormal\" style=\"margin: 0cm 0cm 8pt;line-height: 15.6933px;font-size: 11pt;font-family: Calibri, sans-serif;color: #000000;text-align: justify\"><span lang=\"TR\">\u00d6\u011frencilerimiz 1 y\u0131l i\u00e7erisinde toplam 30 i\u015f g\u00fcn\u00fc olmak kayd\u0131yla 2 d\u00f6nemde stajlar\u0131n\u0131 tamamlamaktad\u0131r.<\/span><\/p><p class=\"MsoNormal\" style=\"margin: 0cm 0cm 8pt;line-height: 15.6933px;font-size: 11pt;font-family: Calibri, sans-serif;color: #000000;text-align: justify\"><span lang=\"TR\">Laborant ve Veteriner Sa\u011fl\u0131k program\u0131 \u00f6\u011frencileri, kazand\u0131klar\u0131 teorik ve uygulama e\u011fitim yeterlilikleriyle <b>Ulusal Staj Program\u0131 (USP)<\/b> kapsam\u0131nda Sa\u011fl\u0131k Bakanl\u0131\u011f\u0131, Tar\u0131m ve Orman Bakanl\u0131\u011f\u0131, Et ve S\u00fct Kurumu ve \u00fcniversitelere ba\u011fl\u0131 hayvan hastaneleri gibi devlet kurumlar\u0131 ile \u00f6zel veteriner kliniklerinde staj yapabilmektedir.<\/span><\/p><p class=\"MsoNormal\" style=\"margin: 0cm 0cm 8pt;line-height: 15.6933px;font-size: 11pt;font-family: Calibri, sans-serif;color: #000000;text-align: justify\"><span lang=\"TR\">\u00a0<\/span><\/p><p class=\"MsoNormal\" style=\"margin: 0cm 0cm 8pt;line-height: 15.6933px;font-size: 11pt;font-family: Calibri, sans-serif;color: #000000;text-align: justify\"><span lang=\"TR\">B\u00f6l\u00fcm\u00fcm\u00fczde teorik dersler ve zorunlu staj yan\u0131nda klinik\/uygulama dersleri; Horasan MYO&#8217;da bulunan uygulama laboratuvar\u0131nda, belirli zamanlarda da gerek Atat\u00fcrk \u00dcniversitesi\u2019ne ba\u011fl\u0131 Veteriner Fak\u00fcltesi Hayvan Hastanesi\u2019nde gerekse Ziraat Fak\u00fcltesi Hayvan \u00c7iftli\u011fi\u2019nde uygulamal\u0131 olarak i\u015flenmektedir.<\/span><\/p>\t\t\t\t\t\t\t\t<\/div>\n\t\t\t\t<\/div>\n\t\t\t\t\t<\/div>\n\t\t<\/div>\n\t\t\t\t\t<\/div>\n\t\t<\/section>\n\t\t\t\t<section class=\"elementor-section elementor-top-section elementor-element elementor-element-3b8fab0 elementor-section-boxed elementor-section-height-default elementor-section-height-default\" data-id=\"3b8fab0\" data-element_type=\"section\">\n\t\t\t\t\t\t<div class=\"elementor-container elementor-column-gap-default\">\n\t\t\t\t\t<div class=\"elementor-column elementor-col-50 elementor-top-column elementor-element elementor-element-3c71084\" data-id=\"3c71084\" data-element_type=\"column\">\n\t\t\t<div class=\"elementor-widget-wrap elementor-element-populated\">\n\t\t\t\t\t\t<div class=\"elementor-element elementor-element-96b3e91 elementor-widget elementor-widget-text-editor\" data-id=\"96b3e91\" data-element_type=\"widget\" data-widget_type=\"text-editor.default\">\n\t\t\t\t<div class=\"elementor-widget-container\">\n\t\t\t\t\t\t\t\t\t<p><span lang=\"TR\" style=\"color: #000000;font-size: 11pt;line-height: 15.6933px;font-family: Calibri, sans-serif\">Mesle\u011fin gerektirdi\u011fi k\u0131yafet ve donan\u0131m malzemeleri<\/span><\/p>\t\t\t\t\t\t\t\t<\/div>\n\t\t\t\t<\/div>\n\t\t\t\t\t<\/div>\n\t\t<\/div>\n\t\t\t\t<div class=\"elementor-column elementor-col-50 elementor-top-column elementor-element elementor-element-9d2d835\" data-id=\"9d2d835\" data-element_type=\"column\">\n\t\t\t<div class=\"elementor-widget-wrap elementor-element-populated\">\n\t\t\t\t\t\t<div class=\"elementor-element elementor-element-f6d1d12 elementor-widget elementor-widget-text-editor\" data-id=\"f6d1d12\" data-element_type=\"widget\" data-widget_type=\"text-editor.default\">\n\t\t\t\t<div class=\"elementor-widget-container\">\n\t\t\t\t\t\t\t\t\t<p><span lang=\"TR\" style=\"color: #000000;font-size: 11pt;line-height: 15.6933px;font-family: Calibri, sans-serif\">Laboratuvar \u00f6nl\u00fc\u011f\u00fc.<\/span><\/p>\t\t\t\t\t\t\t\t<\/div>\n\t\t\t\t<\/div>\n\t\t\t\t\t<\/div>\n\t\t<\/div>\n\t\t\t\t\t<\/div>\n\t\t<\/section>\n\t\t\t\t<section class=\"elementor-section elementor-top-section elementor-element elementor-element-c29d6b6 elementor-section-boxed elementor-section-height-default elementor-section-height-default\" data-id=\"c29d6b6\" data-element_type=\"section\">\n\t\t\t\t\t\t<div class=\"elementor-container elementor-column-gap-default\">\n\t\t\t\t\t<div class=\"elementor-column elementor-col-50 elementor-top-column elementor-element elementor-element-588d8ee\" data-id=\"588d8ee\" data-element_type=\"column\">\n\t\t\t<div class=\"elementor-widget-wrap elementor-element-populated\">\n\t\t\t\t\t\t<div class=\"elementor-element elementor-element-b2e2c53 elementor-widget elementor-widget-text-editor\" data-id=\"b2e2c53\" data-element_type=\"widget\" data-widget_type=\"text-editor.default\">\n\t\t\t\t<div class=\"elementor-widget-container\">\n\t\t\t\t\t\t\t\t\t<p><span lang=\"TR\" style=\"color: #000000;font-size: 11pt;line-height: 15.6933px;font-family: Calibri, sans-serif\">Ders uygulamalar\u0131nda kullan\u0131lacak sarf malzeme, ara\u00e7 ve gere\u00e7 gideri; s\u0131nav, materyal ve e\u011fitim \u00f6\u011fretim hizmeti kar\u015f\u0131l\u0131\u011f\u0131 \u00f6\u011fretim gideri<\/span><\/p>\t\t\t\t\t\t\t\t<\/div>\n\t\t\t\t<\/div>\n\t\t\t\t\t<\/div>\n\t\t<\/div>\n\t\t\t\t<div class=\"elementor-column elementor-col-50 elementor-top-column elementor-element elementor-element-b9c87a9\" data-id=\"b9c87a9\" data-element_type=\"column\">\n\t\t\t<div class=\"elementor-widget-wrap elementor-element-populated\">\n\t\t\t\t\t\t<div class=\"elementor-element elementor-element-4fb005a elementor-widget elementor-widget-text-editor\" data-id=\"4fb005a\" data-element_type=\"widget\" data-widget_type=\"text-editor.default\">\n\t\t\t\t<div class=\"elementor-widget-container\">\n\t\t\t\t\t\t\t\t\t<p><span lang=\"TR\" style=\"color: #000000;font-size: 11pt;line-height: 15.6933px;font-family: Calibri, sans-serif\">B\u00fct\u00fcn ihtiya\u00e7lar\u0131m\u0131z \u00fcniversite taraf\u0131ndan kar\u015f\u0131lanmaktad\u0131r. \u00d6\u011frencilerimizden herhangi ek bir \u00fccret talep edilmemektedir. \u00d6\u011fretim gideri bulunmamaktad\u0131r.<\/span><\/p>\t\t\t\t\t\t\t\t<\/div>\n\t\t\t\t<\/div>\n\t\t\t\t\t<\/div>\n\t\t<\/div>\n\t\t\t\t\t<\/div>\n\t\t<\/section>\n\t\t\t\t<section class=\"elementor-section elementor-top-section elementor-element elementor-element-383683a elementor-section-boxed elementor-section-height-default elementor-section-height-default\" data-id=\"383683a\" data-element_type=\"section\">\n\t\t\t\t\t\t<div class=\"elementor-container elementor-column-gap-default\">\n\t\t\t\t\t<div class=\"elementor-column elementor-col-50 elementor-top-column elementor-element elementor-element-7d201a2\" data-id=\"7d201a2\" data-element_type=\"column\">\n\t\t\t<div class=\"elementor-widget-wrap elementor-element-populated\">\n\t\t\t\t\t\t<div class=\"elementor-element elementor-element-877450e elementor-widget elementor-widget-text-editor\" data-id=\"877450e\" data-element_type=\"widget\" data-widget_type=\"text-editor.default\">\n\t\t\t\t<div class=\"elementor-widget-container\">\n\t\t\t\t\t\t\t\t\t<p><span lang=\"TR\" style=\"font-size: 11pt;line-height: 15.6933px;font-family: Calibri, sans-serif\">Program\u0131n i\u00e7eri\u011fi, fak\u00fclte, y\u00fcksekokul ve meslek y\u00fcksekokulunun bulundu\u011fu yerle\u015fke\/kampus<\/span><span style=\"font-size: medium\"><\/span><br><\/p>\t\t\t\t\t\t\t\t<\/div>\n\t\t\t\t<\/div>\n\t\t\t\t\t<\/div>\n\t\t<\/div>\n\t\t\t\t<div class=\"elementor-column elementor-col-50 elementor-top-column elementor-element elementor-element-78d58bf\" data-id=\"78d58bf\" data-element_type=\"column\">\n\t\t\t<div class=\"elementor-widget-wrap elementor-element-populated\">\n\t\t\t\t\t\t<div class=\"elementor-element elementor-element-c8c1e38 elementor-widget elementor-widget-text-editor\" data-id=\"c8c1e38\" data-element_type=\"widget\" data-widget_type=\"text-editor.default\">\n\t\t\t\t<div class=\"elementor-widget-container\">\n\t\t\t\t\t\t\t\t\t<p class=\"MsoNormal\" style=\"margin: 0cm 0cm 8pt;line-height: 15.6933px;font-size: 11pt;font-family: Calibri, sans-serif;color: #000000;text-align: justify\"><span lang=\"TR\">Laborant ve Veteriner Sa\u011fl\u0131k program\u0131, 4 yar\u0131y\u0131ldan olu\u015fan 2 y\u0131ll\u0131k bir \u00f6n lisans programd\u0131r.\u00a0 Programda, \u00f6n lisans \u00f6\u011frencileri ilk y\u0131l \u0130ngilizce, T\u00fcrk Dili, Atat\u00fcrk \u0130lkeleri ve \u0130nk\u0131l\u00e2p Tarihi ve gibi zorunlu ortak derslerin yan\u0131nda Matematik, Anatomi, Fizyoloji, Laboratuvar Teknikleri, Genel Zootekni, Genel Mikrobiyoloji, Genetik, Salg\u0131n Hastal\u0131klar, Parazitoloji gibi derslerle programa al\u0131\u015fmaya ba\u015flarlar. \u0130kinci s\u0131n\u0131fta Do\u011fum Bilgisi, Hayvan Sa\u011fl\u0131\u011f\u0131 ve Hijyeni, Hayvansal \u00dcr\u00fcnler, Koyun Ke\u00e7i Yeti\u015ftiricili\u011fi, Hayvanc\u0131l\u0131k \u0130\u015fletme Ekonomisi, Klinik Uygulamalar, S\u0131\u011f\u0131r Yeti\u015ftiricili\u011fi, D\u00f6lerme ve Suni Tohumlama, Kanatl\u0131 Hayvan Yeti\u015ftiricili\u011fi ve Farmakoloji zorunlu derslerini alarak ilgi alanlar\u0131na g\u00f6re ilgili se\u00e7meli dersleri se\u00e7erek o alana yo\u011funla\u015f\u0131rlar. \u0130kinci y\u0131l\u0131n sonunda dersleri ba\u015far\u0131l\u0131 olarak ge\u00e7en \u00f6\u011frenciler programdan Veteriner teknikeri olarak mezun olurlar.<\/span><\/p><p class=\"MsoNormal\" style=\"margin: 0cm 0cm 8pt;line-height: 15.6933px;font-size: 11pt;font-family: Calibri, sans-serif;color: #000000;text-align: justify\"><span lang=\"TR\">\u00a0<\/span><\/p><p><span lang=\"TR\" style=\"color: #000000;font-size: 11pt;line-height: 15.6933px;font-family: Calibri, sans-serif\">Horasan Meslek Y\u00fcksekokulu Erzurum ili Horasan \u0130l\u00e7esinde bulunmaktad\u0131r.<\/span><\/p>\t\t\t\t\t\t\t\t<\/div>\n\t\t\t\t<\/div>\n\t\t\t\t\t<\/div>\n\t\t<\/div>\n\t\t\t\t\t<\/div>\n\t\t<\/section>\n\t\t\t\t<section class=\"elementor-section elementor-top-section elementor-element elementor-element-6f4e984 elementor-section-boxed elementor-section-height-default elementor-section-height-default\" data-id=\"6f4e984\" data-element_type=\"section\">\n\t\t\t\t\t\t<div class=\"elementor-container elementor-column-gap-default\">\n\t\t\t\t\t<div class=\"elementor-column elementor-col-50 elementor-top-column elementor-element elementor-element-11176b6\" data-id=\"11176b6\" data-element_type=\"column\">\n\t\t\t<div class=\"elementor-widget-wrap elementor-element-populated\">\n\t\t\t\t\t\t<div class=\"elementor-element elementor-element-b5f91b8 elementor-widget elementor-widget-text-editor\" data-id=\"b5f91b8\" data-element_type=\"widget\" data-widget_type=\"text-editor.default\">\n\t\t\t\t<div class=\"elementor-widget-container\">\n\t\t\t\t\t\t\t\t\t<p><span lang=\"TR\" style=\"color: #000000;font-size: 11pt;line-height: 15.6933px;font-family: Calibri, sans-serif\">K\u0131sm\u0131 zamanl\u0131 \u00f6\u011frenci olarak \u00e7al\u0131\u015fabilme imk\u00e2nlar\u0131 ile staj ve uygulama e\u011fitimleri s\u0131ras\u0131nda belirli ko\u015fullarla ayr\u0131ca \u00fccret \u00f6denip \u00f6denmedi\u011fi<\/span><\/p>\t\t\t\t\t\t\t\t<\/div>\n\t\t\t\t<\/div>\n\t\t\t\t\t<\/div>\n\t\t<\/div>\n\t\t\t\t<div class=\"elementor-column elementor-col-50 elementor-top-column elementor-element elementor-element-b5d8ec9\" data-id=\"b5d8ec9\" data-element_type=\"column\">\n\t\t\t<div class=\"elementor-widget-wrap elementor-element-populated\">\n\t\t\t\t\t\t<div class=\"elementor-element elementor-element-12607eb elementor-widget elementor-widget-text-editor\" data-id=\"12607eb\" data-element_type=\"widget\" data-widget_type=\"text-editor.default\">\n\t\t\t\t<div class=\"elementor-widget-container\">\n\t\t\t\t\t\t\t\t\t<p><span lang=\"TR\" style=\"color: #000000;font-size: 11pt;line-height: 15.6933px;font-family: Calibri, sans-serif\">K\u0131sm\u0131 zamanl\u0131 \u00f6\u011frenci olarak \u00e7al\u0131\u015fabilme imk\u00e2n\u0131 bulunmamaktad\u0131r. Staj ve uygulama e\u011fitimleri s\u0131ras\u0131nda \u00fccret \u00f6denip \u00f6denmedi\u011fini ilgili mevzuat do\u011frultusunda staj yapt\u0131\u011f\u0131 kurum belirler.<\/span><\/p>\t\t\t\t\t\t\t\t<\/div>\n\t\t\t\t<\/div>\n\t\t\t\t\t<\/div>\n\t\t<\/div>\n\t\t\t\t\t<\/div>\n\t\t<\/section>\n\t\t\t\t<section class=\"elementor-section elementor-top-section elementor-element elementor-element-bb13015 elementor-section-boxed elementor-section-height-default elementor-section-height-default\" data-id=\"bb13015\" data-element_type=\"section\">\n\t\t\t\t\t\t<div class=\"elementor-container elementor-column-gap-default\">\n\t\t\t\t\t<div class=\"elementor-column elementor-col-50 elementor-top-column elementor-element elementor-element-a239ef7\" data-id=\"a239ef7\" data-element_type=\"column\">\n\t\t\t<div class=\"elementor-widget-wrap elementor-element-populated\">\n\t\t\t\t\t\t<div class=\"elementor-element elementor-element-26b1ec5 elementor-widget elementor-widget-text-editor\" data-id=\"26b1ec5\" data-element_type=\"widget\" data-widget_type=\"text-editor.default\">\n\t\t\t\t<div class=\"elementor-widget-container\">\n\t\t\t\t\t\t\t\t\t<p><span lang=\"TR\" style=\"font-size: 11pt;line-height: 15.6933px;font-family: Calibri, sans-serif\">\u0130lgili y\u00fcksek\u00f6\u011fretim kurumunun vakf\u0131 veya anla\u015fmal\u0131 oldu\u011fu kurum taraf\u0131ndan burs, yemek, yurt vb. imk\u00e2nlar sunup sunmad\u0131\u011f\u0131,<\/span><span style=\"font-size: medium\"><\/span><br><\/p>\t\t\t\t\t\t\t\t<\/div>\n\t\t\t\t<\/div>\n\t\t\t\t\t<\/div>\n\t\t<\/div>\n\t\t\t\t<div class=\"elementor-column elementor-col-50 elementor-top-column elementor-element elementor-element-35b51a6\" data-id=\"35b51a6\" data-element_type=\"column\">\n\t\t\t<div class=\"elementor-widget-wrap elementor-element-populated\">\n\t\t\t\t\t\t<div class=\"elementor-element elementor-element-d52b6df elementor-widget elementor-widget-text-editor\" data-id=\"d52b6df\" data-element_type=\"widget\" data-widget_type=\"text-editor.default\">\n\t\t\t\t<div class=\"elementor-widget-container\">\n\t\t\t\t\t\t\t\t\t<p class=\"MsoNormal\" style=\"margin: 0cm 0cm 8pt;line-height: 15.6933px;font-size: 11pt;font-family: Calibri, sans-serif;text-align: justify\"><span lang=\"TR\">Horasan merkezde Meslek Y\u00fcksekokulu \u00f6\u011frencilerinin bar\u0131nmalar\u0131 i\u00e7in k\u0131z \u00f6\u011frencilerimiz i\u00e7in Gen\u00e7lik Spor Bakanl\u0131\u011f\u0131na ba\u011fl\u0131 devlet yurdu, erkek \u00f6\u011frenciler i\u00e7in Belediyeye ait yurt ve \u00f6\u011fretmen evi bulunmaktad\u0131r.<\/span><\/p><p class=\"MsoNormal\" style=\"margin: 0cm 0cm 8pt;line-height: 15.6933px;font-size: 11pt;font-family: Calibri, sans-serif;text-align: justify\"><span lang=\"TR\">&nbsp;<\/span><\/p><p class=\"MsoNormal\" style=\"margin: 0cm 0cm 8pt;line-height: 15.6933px;font-size: 11pt;font-family: Calibri, sans-serif;text-align: justify\"><span lang=\"TR\">\u00dcniversitemiz taraf\u0131ndan belirlenen kontenjan dahilinde burs ve yemek bursu verilmektedir.<\/span><\/p><p class=\"MsoNormal\" style=\"margin: 0cm 0cm 8pt;line-height: 15.6933px;font-size: 11pt;font-family: Calibri, sans-serif;text-align: justify\"><span lang=\"TR\">&nbsp;<\/span><\/p><p><span lang=\"TR\" style=\"font-size: 11pt;line-height: 15.6933px;font-family: Calibri, sans-serif\">Y\u00fcksekokulumuzun yemekhanesinde Rekt\u00f6rl\u00fc\u011f\u00fcm\u00fcz\u00fcn belirledi\u011fi fiyat dahilinde \u00f6\u011fle yeme\u011fi imk\u00e2n\u0131 bulunmaktad\u0131r.&nbsp; Burs ve yurt imk\u00e2n\u0131 Gen\u00e7lik ve Spor Bakanl\u0131\u011f\u0131 taraf\u0131ndan sa\u011flanmaktad\u0131r.<\/span><\/p>\t\t\t\t\t\t\t\t<\/div>\n\t\t\t\t<\/div>\n\t\t\t\t\t<\/div>\n\t\t<\/div>\n\t\t\t\t\t<\/div>\n\t\t<\/section>\n\t\t\t\t<\/div>\n\t\t","protected":false},"excerpt":{"rendered":"<p>\u0130ste\u011fe ba\u011fl\u0131 yabanc\u0131 dil haz\u0131rl\u0131k s\u0131n\u0131f\u0131 uygulamas\u0131 Yok Staj, e\u011fitim modeli (bir y\u0131lda ka\u00e7 d\u00f6nem uyguland\u0131\u011f\u0131, sekt\u00f6r ve i\u015fletmelerde uygulama e\u011fitimi vb), end\u00fcstriye dayal\u0131 \u00f6\u011fretim staj\u0131, uygulamal\u0131 e\u011fitimlerin nas\u0131l y\u00fcr\u00fct\u00fcld\u00fc\u011f\u00fc ile ilgili y\u00fcksek\u00f6\u011fretim kurumunun bulundu\u011fu ilin d\u0131\u015f\u0131nda yap\u0131l\u0131p yap\u0131lamad\u0131\u011f\u0131 \u00d6\u011frencilerimiz 1 y\u0131l i\u00e7erisinde toplam 30 i\u015f g\u00fcn\u00fc olmak kayd\u0131yla 2 d\u00f6nemde stajlar\u0131n\u0131 tamamlamaktad\u0131r. Laborant ve [&hellip;]<\/p>\n","protected":false},"author":551,"featured_media":0,"parent":0,"menu_order":0,"comment_status":"closed","ping_status":"closed","template":"","meta":{"footnotes":""},"class_list":["post-6850","page","type-page","status-publish","hentry"],"_links":{"self":[{"href":"https:\/\/atauni.edu.tr\/horasan-meslek-yuksekokulu\/wp-json\/wp\/v2\/pages\/6850","targetHints":{"allow":["GET"]}}],"collection":[{"href":"https:\/\/atauni.edu.tr\/horasan-meslek-yuksekokulu\/wp-json\/wp\/v2\/pages"}],"about":[{"href":"https:\/\/atauni.edu.tr\/horasan-meslek-yuksekokulu\/wp-json\/wp\/v2\/types\/page"}],"author":[{"embeddable":true,"href":"https:\/\/atauni.edu.tr\/horasan-meslek-yuksekokulu\/wp-json\/wp\/v2\/users\/551"}],"replies":[{"embeddable":true,"href":"https:\/\/atauni.edu.tr\/horasan-meslek-yuksekokulu\/wp-json\/wp\/v2\/comments?post=6850"}],"version-history":[{"count":10,"href":"https:\/\/atauni.edu.tr\/horasan-meslek-yuksekokulu\/wp-json\/wp\/v2\/pages\/6850\/revisions"}],"predecessor-version":[{"id":7334,"href":"https:\/\/atauni.edu.tr\/horasan-meslek-yuksekokulu\/wp-json\/wp\/v2\/pages\/6850\/revisions\/7334"}],"wp:attachment":[{"href":"https:\/\/atauni.edu.tr\/horasan-meslek-yuksekokulu\/wp-json\/wp\/v2\/media?parent=6850"}],"curies":[{"name":"wp","href":"https:\/\/api.w.org\/{rel}","templated":true}]}}