{"id":6862,"date":"2023-07-12T03:38:24","date_gmt":"2023-07-12T00:38:24","guid":{"rendered":"https:\/\/birimler.atauni.edu.tr\/horasan-meslek-yuksekokulu\/?page_id=6862"},"modified":"2025-10-09T18:04:38","modified_gmt":"2025-10-09T15:04:38","slug":"posta-hizmetleri-programi","status":"publish","type":"page","link":"https:\/\/atauni.edu.tr\/horasan-meslek-yuksekokulu\/posta-hizmetleri-programi\/","title":{"rendered":"Posta Hizmetleri Program\u0131"},"content":{"rendered":"\t\t<div data-elementor-type=\"wp-page\" data-elementor-id=\"6862\" class=\"elementor elementor-6862\" data-elementor-post-type=\"page\">\n\t\t\t\t\t\t<section class=\"elementor-section elementor-top-section elementor-element elementor-element-b611e7d elementor-section-boxed elementor-section-height-default elementor-section-height-default\" data-id=\"b611e7d\" data-element_type=\"section\">\n\t\t\t\t\t\t<div class=\"elementor-container elementor-column-gap-default\">\n\t\t\t\t\t<div class=\"elementor-column elementor-col-50 elementor-top-column elementor-element elementor-element-c3dffab\" data-id=\"c3dffab\" data-element_type=\"column\">\n\t\t\t<div class=\"elementor-widget-wrap elementor-element-populated\">\n\t\t\t\t\t\t<div class=\"elementor-element elementor-element-3b23d7b elementor-widget elementor-widget-text-editor\" data-id=\"3b23d7b\" data-element_type=\"widget\" data-widget_type=\"text-editor.default\">\n\t\t\t\t<div class=\"elementor-widget-container\">\n\t\t\t\t\t\t\t\t\t<p><span lang=\"TR\" style=\"font-size: 11pt;line-height: 15.6933px;font-family: Calibri, sans-serif\">\u0130ste\u011fe ba\u011fl\u0131 yabanc\u0131 dil haz\u0131rl\u0131k s\u0131n\u0131f\u0131 uygulamas\u0131<\/span><span style=\"font-size: medium\"><\/span><br><\/p>\t\t\t\t\t\t\t\t<\/div>\n\t\t\t\t<\/div>\n\t\t\t\t\t<\/div>\n\t\t<\/div>\n\t\t\t\t<div class=\"elementor-column elementor-col-50 elementor-top-column elementor-element elementor-element-a7b2b04\" data-id=\"a7b2b04\" data-element_type=\"column\">\n\t\t\t<div class=\"elementor-widget-wrap elementor-element-populated\">\n\t\t\t\t\t\t<div class=\"elementor-element elementor-element-13becec elementor-widget elementor-widget-text-editor\" data-id=\"13becec\" data-element_type=\"widget\" data-widget_type=\"text-editor.default\">\n\t\t\t\t<div class=\"elementor-widget-container\">\n\t\t\t\t\t\t\t\t\t<p>Yok<\/p>\t\t\t\t\t\t\t\t<\/div>\n\t\t\t\t<\/div>\n\t\t\t\t\t<\/div>\n\t\t<\/div>\n\t\t\t\t\t<\/div>\n\t\t<\/section>\n\t\t\t\t<section class=\"elementor-section elementor-top-section elementor-element elementor-element-813eed4 elementor-section-boxed elementor-section-height-default elementor-section-height-default\" data-id=\"813eed4\" data-element_type=\"section\">\n\t\t\t\t\t\t<div class=\"elementor-container elementor-column-gap-default\">\n\t\t\t\t\t<div class=\"elementor-column elementor-col-50 elementor-top-column elementor-element elementor-element-cb2f699\" data-id=\"cb2f699\" data-element_type=\"column\">\n\t\t\t<div class=\"elementor-widget-wrap elementor-element-populated\">\n\t\t\t\t\t\t<div class=\"elementor-element elementor-element-89ee70a elementor-widget elementor-widget-text-editor\" data-id=\"89ee70a\" data-element_type=\"widget\" data-widget_type=\"text-editor.default\">\n\t\t\t\t<div class=\"elementor-widget-container\">\n\t\t\t\t\t\t\t\t\t<p><span lang=\"TR\" style=\"color: #000000;font-size: 11pt;line-height: 15.6933px;font-family: Calibri, sans-serif\">Staj, e\u011fitim modeli (bir y\u0131lda ka\u00e7 d\u00f6nem uyguland\u0131\u011f\u0131, sekt\u00f6r ve i\u015fletmelerde uygulama e\u011fitimi vb), end\u00fcstriye dayal\u0131 \u00f6\u011fretim staj\u0131, uygulamal\u0131 e\u011fitimlerin nas\u0131l y\u00fcr\u00fct\u00fcld\u00fc\u011f\u00fc ile ilgili y\u00fcksek\u00f6\u011fretim kurumunun bulundu\u011fu ilin d\u0131\u015f\u0131nda yap\u0131l\u0131p yap\u0131lamad\u0131\u011f\u0131<\/span><\/p>\t\t\t\t\t\t\t\t<\/div>\n\t\t\t\t<\/div>\n\t\t\t\t\t<\/div>\n\t\t<\/div>\n\t\t\t\t<div class=\"elementor-column elementor-col-50 elementor-top-column elementor-element elementor-element-fa2f687\" data-id=\"fa2f687\" data-element_type=\"column\">\n\t\t\t<div class=\"elementor-widget-wrap elementor-element-populated\">\n\t\t\t\t\t\t<div class=\"elementor-element elementor-element-0f69756 elementor-widget elementor-widget-text-editor\" data-id=\"0f69756\" data-element_type=\"widget\" data-widget_type=\"text-editor.default\">\n\t\t\t\t<div class=\"elementor-widget-container\">\n\t\t\t\t\t\t\t\t\t<p class=\"MsoNormal\" style=\"margin: 0cm 0cm 8pt;line-height: 15.6933px;font-size: 11pt;font-family: Calibri, sans-serif;color: #000000;text-align: justify\"><span lang=\"TR\">\u00d6\u011frencilerimiz 1 y\u0131l i\u00e7erisinde toplam 30 i\u015f g\u00fcn\u00fc olmak kayd\u0131yla 2 d\u00f6nemde stajlar\u0131n\u0131 tamamlamaktad\u0131r.<\/span><\/p><p class=\"MsoNormal\" style=\"margin: 0cm 0cm 8pt;line-height: 15.6933px;font-size: 11pt;font-family: Calibri, sans-serif;color: #000000;text-align: justify\"><span lang=\"TR\">Posta Hizmetleri program\u0131 \u00f6\u011frencileri, kazand\u0131klar\u0131 teorik ve uygulama e\u011fitim yeterlilikleriyle <b>Ulusal Staj Program\u0131 (USP)<\/b> kapsam\u0131nda ba\u015fta PTT olmak \u00fczere kargo ve lojistik \u015firketlerinde ve ilgili kamu kurum ve kurulu\u015flar\u0131nda staj yapabilmektedir.<\/span><\/p><p class=\"MsoNormal\" style=\"margin: 0cm 0cm 8pt;line-height: 15.6933px;font-size: 11pt;font-family: Calibri, sans-serif;color: #000000;text-align: justify\"><span lang=\"TR\">\u00a0<\/span><\/p><p class=\"MsoNormal\" style=\"margin: 0cm 0cm 8pt;line-height: 15.6933px;font-size: 11pt;font-family: Calibri, sans-serif;color: #000000;text-align: justify\"><span lang=\"TR\">B\u00f6l\u00fcm\u00fcm\u00fczde teorik dersler ve zorunlu staj ile birlikte uygulamal\u0131 dersler; Horasan MYO&#8217;da bulunan uygulama s\u0131n\u0131flar\u0131nda ve PTT ile yap\u0131lan i\u015f birli\u011fi do\u011frultusunda belirli zamanlarda Posta \u0130\u015fleme Merkezinde uygulamal\u0131 olarak i\u015flenmektedir.<\/span><\/p>\t\t\t\t\t\t\t\t<\/div>\n\t\t\t\t<\/div>\n\t\t\t\t\t<\/div>\n\t\t<\/div>\n\t\t\t\t\t<\/div>\n\t\t<\/section>\n\t\t\t\t<section class=\"elementor-section elementor-top-section elementor-element elementor-element-5870599 elementor-section-boxed elementor-section-height-default elementor-section-height-default\" data-id=\"5870599\" data-element_type=\"section\">\n\t\t\t\t\t\t<div class=\"elementor-container elementor-column-gap-default\">\n\t\t\t\t\t<div class=\"elementor-column elementor-col-50 elementor-top-column elementor-element elementor-element-22c2ee2\" data-id=\"22c2ee2\" data-element_type=\"column\">\n\t\t\t<div class=\"elementor-widget-wrap elementor-element-populated\">\n\t\t\t\t\t\t<div class=\"elementor-element elementor-element-69222a2 elementor-widget elementor-widget-text-editor\" data-id=\"69222a2\" data-element_type=\"widget\" data-widget_type=\"text-editor.default\">\n\t\t\t\t<div class=\"elementor-widget-container\">\n\t\t\t\t\t\t\t\t\t<p><span lang=\"TR\" style=\"color: #000000;font-size: 11pt;line-height: 15.6933px;font-family: Calibri, sans-serif\">Mesle\u011fin gerektirdi\u011fi k\u0131yafet ve donan\u0131m malzemeleri<\/span><\/p>\t\t\t\t\t\t\t\t<\/div>\n\t\t\t\t<\/div>\n\t\t\t\t\t<\/div>\n\t\t<\/div>\n\t\t\t\t<div class=\"elementor-column elementor-col-50 elementor-top-column elementor-element elementor-element-1c2632d\" data-id=\"1c2632d\" data-element_type=\"column\">\n\t\t\t<div class=\"elementor-widget-wrap elementor-element-populated\">\n\t\t\t\t\t\t<div class=\"elementor-element elementor-element-057df43 elementor-widget elementor-widget-text-editor\" data-id=\"057df43\" data-element_type=\"widget\" data-widget_type=\"text-editor.default\">\n\t\t\t\t<div class=\"elementor-widget-container\">\n\t\t\t\t\t\t\t\t\t<p><span lang=\"TR\" style=\"color: #000000;font-size: 11pt;line-height: 15.6933px;font-family: Calibri, sans-serif\">Da\u011f\u0131t\u0131c\u0131lar\u0131n giyindi\u011fi resmi \u00fcniforma, da\u011f\u0131t\u0131m \u00e7antalar\u0131.<\/span><\/p>\t\t\t\t\t\t\t\t<\/div>\n\t\t\t\t<\/div>\n\t\t\t\t\t<\/div>\n\t\t<\/div>\n\t\t\t\t\t<\/div>\n\t\t<\/section>\n\t\t\t\t<section class=\"elementor-section elementor-top-section elementor-element elementor-element-218701b elementor-section-boxed elementor-section-height-default elementor-section-height-default\" data-id=\"218701b\" data-element_type=\"section\">\n\t\t\t\t\t\t<div class=\"elementor-container elementor-column-gap-default\">\n\t\t\t\t\t<div class=\"elementor-column elementor-col-50 elementor-top-column elementor-element elementor-element-27e925c\" data-id=\"27e925c\" data-element_type=\"column\">\n\t\t\t<div class=\"elementor-widget-wrap elementor-element-populated\">\n\t\t\t\t\t\t<div class=\"elementor-element elementor-element-b64794a elementor-widget elementor-widget-text-editor\" data-id=\"b64794a\" data-element_type=\"widget\" data-widget_type=\"text-editor.default\">\n\t\t\t\t<div class=\"elementor-widget-container\">\n\t\t\t\t\t\t\t\t\t<p><span lang=\"TR\" style=\"font-size: 11pt;line-height: 15.6933px;font-family: Calibri, sans-serif\">Ders uygulamalar\u0131nda kullan\u0131lacak sarf malzeme, ara\u00e7 ve gere\u00e7 gideri; s\u0131nav, materyal ve e\u011fitim \u00f6\u011fretim hizmeti kar\u015f\u0131l\u0131\u011f\u0131 \u00f6\u011fretim gideri<\/span><span style=\"font-size: medium\"><\/span><br><\/p>\t\t\t\t\t\t\t\t<\/div>\n\t\t\t\t<\/div>\n\t\t\t\t\t<\/div>\n\t\t<\/div>\n\t\t\t\t<div class=\"elementor-column elementor-col-50 elementor-top-column elementor-element elementor-element-b6f66b7\" data-id=\"b6f66b7\" data-element_type=\"column\">\n\t\t\t<div class=\"elementor-widget-wrap elementor-element-populated\">\n\t\t\t\t\t\t<div class=\"elementor-element elementor-element-156515f elementor-widget elementor-widget-text-editor\" data-id=\"156515f\" data-element_type=\"widget\" data-widget_type=\"text-editor.default\">\n\t\t\t\t<div class=\"elementor-widget-container\">\n\t\t\t\t\t\t\t\t\t<p><span lang=\"TR\" style=\"color: #000000;font-size: 11pt;line-height: 15.6933px;font-family: Calibri, sans-serif\">B\u00fct\u00fcn ihtiya\u00e7lar\u0131m\u0131z \u00fcniversite taraf\u0131ndan kar\u015f\u0131lanmaktad\u0131r. \u00d6\u011frencilerimizden herhangi ek bir \u00fccret talep edilmemektedir. \u00d6\u011fretim gideri bulunmamaktad\u0131r.<\/span><\/p>\t\t\t\t\t\t\t\t<\/div>\n\t\t\t\t<\/div>\n\t\t\t\t\t<\/div>\n\t\t<\/div>\n\t\t\t\t\t<\/div>\n\t\t<\/section>\n\t\t\t\t<section class=\"elementor-section elementor-top-section elementor-element elementor-element-b5c8cb0 elementor-section-boxed elementor-section-height-default elementor-section-height-default\" data-id=\"b5c8cb0\" data-element_type=\"section\">\n\t\t\t\t\t\t<div class=\"elementor-container elementor-column-gap-default\">\n\t\t\t\t\t<div class=\"elementor-column elementor-col-50 elementor-top-column elementor-element elementor-element-c8fc13f\" data-id=\"c8fc13f\" data-element_type=\"column\">\n\t\t\t<div class=\"elementor-widget-wrap elementor-element-populated\">\n\t\t\t\t\t\t<div class=\"elementor-element elementor-element-2581d02 elementor-widget elementor-widget-text-editor\" data-id=\"2581d02\" data-element_type=\"widget\" data-widget_type=\"text-editor.default\">\n\t\t\t\t<div class=\"elementor-widget-container\">\n\t\t\t\t\t\t\t\t\t<p><span lang=\"TR\" style=\"font-size: 11pt;line-height: 15.6933px;font-family: Calibri, sans-serif\">Program\u0131n i\u00e7eri\u011fi, fak\u00fclte, y\u00fcksekoskul ve meslek y\u00fcksekokulunun bulundu\u011fu yerle\u015fke\/kampus<\/span><span style=\"font-size: medium\"><\/span><br><\/p>\t\t\t\t\t\t\t\t<\/div>\n\t\t\t\t<\/div>\n\t\t\t\t\t<\/div>\n\t\t<\/div>\n\t\t\t\t<div class=\"elementor-column elementor-col-50 elementor-top-column elementor-element elementor-element-7ff6d7b\" data-id=\"7ff6d7b\" data-element_type=\"column\">\n\t\t\t<div class=\"elementor-widget-wrap elementor-element-populated\">\n\t\t\t\t\t\t<div class=\"elementor-element elementor-element-b729e47 elementor-widget elementor-widget-text-editor\" data-id=\"b729e47\" data-element_type=\"widget\" data-widget_type=\"text-editor.default\">\n\t\t\t\t<div class=\"elementor-widget-container\">\n\t\t\t\t\t\t\t\t\t<p class=\"MsoNormal\" style=\"margin: 0cm 0cm 8pt;line-height: 15.6933px;font-size: 11pt;font-family: Calibri, sans-serif;color: #000000;text-align: justify\"><span lang=\"TR\">Posta Hizmetleri program\u0131, 4 yar\u0131y\u0131ldan olu\u015fan 2 y\u0131ll\u0131k bir \u00f6n lisans programd\u0131r.\u00a0 Programda, \u00f6n lisans \u00f6\u011frencileri ilk y\u0131l \u0130ngilizce, T\u00fcrk Dili, Atat\u00fcrk \u0130lkeleri ve \u0130nk\u0131l\u00e2p Tarihi ve Bilgi \u0130leti\u015fim Teknolojileri, Genel Matematik, Ayr\u0131m Sevk ve Da\u011f\u0131t\u0131m I ve II, Mektup Postas\u0131, Telgraf ve Acele Posta Hizmetleri, Genel Muhasebe, Ofis Yaz\u0131l\u0131mlar\u0131, Posta\u00a0 Hizmetleri Mevzuat\u0131, Tebligat \u0130\u015flemleri, Kay\u0131tl\u0131 G\u00f6nderiler, Halkla \u0130li\u015fkiler, Posta Ta\u015f\u0131mac\u0131l\u0131\u011f\u0131 ve G\u00fcvenli\u011fi, T\u00fcrkiye Posta Sekt\u00f6r\u00fc, Mesleki Yaz\u0131\u015fmalar, Kargo Hizmetleri ve Adres ve Yol Bilgisi, Parasal Posta Hizmetleri, Posta Makinalar\u0131 ve Posta Tarihi, D\u00f6nem Sonu Muhasebe \u0130\u015flemleri, \u0130\u015fyeri Organizasyonu,\u00a0 gibi zorunlu ortak derslerin yan\u0131nda zorunlu derslerini alarak ilgi alanlar\u0131na g\u00f6re ilgili se\u00e7meli dersleri se\u00e7erek o alana yo\u011funla\u015f\u0131rlar. \u0130kinci y\u0131l\u0131n sonunda dersleri ba\u015far\u0131l\u0131 olarak ge\u00e7en \u00f6\u011frenciler programdan da\u011f\u0131t\u0131c\u0131 olarak mezun olurlar.<\/span><\/p><p class=\"MsoNormal\" style=\"margin: 0cm 0cm 8pt;line-height: 15.6933px;font-size: 11pt;font-family: Calibri, sans-serif;color: #000000;text-align: justify\"><span lang=\"TR\">\u00a0<\/span><\/p><p><span lang=\"TR\" style=\"color: #000000;font-size: 11pt;line-height: 15.6933px;font-family: Calibri, sans-serif\">Horasan Meslek Y\u00fcksekokulu Erzurum ili Horasan \u0130l\u00e7esinde bulunmaktad\u0131r.<\/span><\/p>\t\t\t\t\t\t\t\t<\/div>\n\t\t\t\t<\/div>\n\t\t\t\t\t<\/div>\n\t\t<\/div>\n\t\t\t\t\t<\/div>\n\t\t<\/section>\n\t\t\t\t<section class=\"elementor-section elementor-top-section elementor-element elementor-element-b754293 elementor-section-boxed elementor-section-height-default elementor-section-height-default\" data-id=\"b754293\" data-element_type=\"section\">\n\t\t\t\t\t\t<div class=\"elementor-container elementor-column-gap-default\">\n\t\t\t\t\t<div class=\"elementor-column elementor-col-50 elementor-top-column elementor-element elementor-element-b7a312a\" data-id=\"b7a312a\" data-element_type=\"column\">\n\t\t\t<div class=\"elementor-widget-wrap elementor-element-populated\">\n\t\t\t\t\t\t<div class=\"elementor-element elementor-element-895e83b elementor-widget elementor-widget-text-editor\" data-id=\"895e83b\" data-element_type=\"widget\" data-widget_type=\"text-editor.default\">\n\t\t\t\t<div class=\"elementor-widget-container\">\n\t\t\t\t\t\t\t\t\t<p><span lang=\"TR\" style=\"color: #000000;font-size: 11pt;line-height: 15.6933px;font-family: Calibri, sans-serif\">K\u0131sm\u0131 zamanl\u0131 \u00f6\u011frenci olarak \u00e7al\u0131\u015fabilme imk\u00e2nlar\u0131 ile staj ve uygulama e\u011fitimleri s\u0131ras\u0131nda belirli ko\u015fullarla ayr\u0131ca \u00fccret \u00f6denip \u00f6denmedi\u011fi<\/span><\/p>\t\t\t\t\t\t\t\t<\/div>\n\t\t\t\t<\/div>\n\t\t\t\t\t<\/div>\n\t\t<\/div>\n\t\t\t\t<div class=\"elementor-column elementor-col-50 elementor-top-column elementor-element elementor-element-0517963\" data-id=\"0517963\" data-element_type=\"column\">\n\t\t\t<div class=\"elementor-widget-wrap elementor-element-populated\">\n\t\t\t\t\t\t<div class=\"elementor-element elementor-element-22a578c elementor-widget elementor-widget-text-editor\" data-id=\"22a578c\" data-element_type=\"widget\" data-widget_type=\"text-editor.default\">\n\t\t\t\t<div class=\"elementor-widget-container\">\n\t\t\t\t\t\t\t\t\t<p><span lang=\"TR\" style=\"color: #000000;font-size: 11pt;line-height: 15.6933px;font-family: Calibri, sans-serif\">K\u0131sm\u0131 zamanl\u0131 \u00f6\u011frenci olarak \u00e7al\u0131\u015fabilme imk\u00e2n\u0131 bulunmamaktad\u0131r. Staj ve uygulama e\u011fitimleri s\u0131ras\u0131nda \u00fccret \u00f6denip \u00f6denmedi\u011fini ilgili mevzuat do\u011frultusunda staj yapt\u0131\u011f\u0131 kurum belirler.<\/span><\/p>\t\t\t\t\t\t\t\t<\/div>\n\t\t\t\t<\/div>\n\t\t\t\t\t<\/div>\n\t\t<\/div>\n\t\t\t\t\t<\/div>\n\t\t<\/section>\n\t\t\t\t<section class=\"elementor-section elementor-top-section elementor-element elementor-element-bb58e1e elementor-section-boxed elementor-section-height-default elementor-section-height-default\" data-id=\"bb58e1e\" data-element_type=\"section\">\n\t\t\t\t\t\t<div class=\"elementor-container elementor-column-gap-default\">\n\t\t\t\t\t<div class=\"elementor-column elementor-col-50 elementor-top-column elementor-element elementor-element-4cdbe57\" data-id=\"4cdbe57\" data-element_type=\"column\">\n\t\t\t<div class=\"elementor-widget-wrap elementor-element-populated\">\n\t\t\t\t\t\t<div class=\"elementor-element elementor-element-65d4bfb elementor-widget elementor-widget-text-editor\" data-id=\"65d4bfb\" data-element_type=\"widget\" data-widget_type=\"text-editor.default\">\n\t\t\t\t<div class=\"elementor-widget-container\">\n\t\t\t\t\t\t\t\t\t<p><span lang=\"TR\" style=\"font-size: 11pt;line-height: 15.6933px;font-family: Calibri, sans-serif\">\u0130lgili y\u00fcksek\u00f6\u011fretim kurumunun vakf\u0131 veya anla\u015fmal\u0131 oldu\u011fu kurum taraf\u0131ndan burs, yemek, yurt vb. imk\u00e2nlar sunup sunmad\u0131\u011f\u0131,<\/span><span style=\"font-size: medium\"><\/span><br><\/p>\t\t\t\t\t\t\t\t<\/div>\n\t\t\t\t<\/div>\n\t\t\t\t\t<\/div>\n\t\t<\/div>\n\t\t\t\t<div class=\"elementor-column elementor-col-50 elementor-top-column elementor-element elementor-element-bded61f\" data-id=\"bded61f\" data-element_type=\"column\">\n\t\t\t<div class=\"elementor-widget-wrap elementor-element-populated\">\n\t\t\t\t\t\t<div class=\"elementor-element elementor-element-1aa3b9c elementor-widget elementor-widget-text-editor\" data-id=\"1aa3b9c\" data-element_type=\"widget\" data-widget_type=\"text-editor.default\">\n\t\t\t\t<div class=\"elementor-widget-container\">\n\t\t\t\t\t\t\t\t\t<p class=\"MsoNormal\" style=\"margin: 0cm 0cm 8pt;line-height: 15.6933px;font-size: 11pt;font-family: Calibri, sans-serif;text-align: justify\"><span lang=\"TR\">Horasan merkezde Meslek Y\u00fcksekokulu \u00f6\u011frencilerinin bar\u0131nmalar\u0131 i\u00e7in k\u0131z \u00f6\u011frencilerimiz i\u00e7in Gen\u00e7lik Spor Bakanl\u0131\u011f\u0131na ba\u011fl\u0131 devlet yurdu, erkek \u00f6\u011frenciler i\u00e7in Belediyeye ait yurt ve \u00f6\u011fretmen evi bulunmaktad\u0131r.<\/span><\/p><p class=\"MsoNormal\" style=\"margin: 0cm 0cm 8pt;line-height: 15.6933px;font-size: 11pt;font-family: Calibri, sans-serif;text-align: justify\"><span lang=\"TR\">\u00a0<\/span><\/p><p class=\"MsoNormal\" style=\"margin: 0cm 0cm 8pt;line-height: 15.6933px;font-size: 11pt;font-family: Calibri, sans-serif;text-align: justify\"><span lang=\"TR\">\u00dcniversitemiz taraf\u0131ndan belirlenen kontenjan dahilinde burs ve yemek bursu verilmektedir.<\/span><\/p><p class=\"MsoNormal\" style=\"margin: 0cm 0cm 8pt;line-height: 15.6933px;font-size: 11pt;font-family: Calibri, sans-serif;text-align: justify\"><span lang=\"TR\">\u00a0<\/span><\/p><p><span lang=\"TR\" style=\"font-size: 11pt;line-height: 15.6933px;font-family: Calibri, sans-serif\">Y\u00fcksekokulumuzun yemekhanesinde Rekt\u00f6rl\u00fc\u011f\u00fcm\u00fcz\u00fcn belirledi\u011fi fiyat dahilinde \u00f6\u011fle yeme\u011fi imk\u00e2n\u0131 bulunmaktad\u0131r.\u00a0 Burs ve yurt imk\u00e2n\u0131 Gen\u00e7lik ve Spor Bakanl\u0131\u011f\u0131 taraf\u0131ndan sa\u011flanmaktad\u0131r.<\/span><\/p>\t\t\t\t\t\t\t\t<\/div>\n\t\t\t\t<\/div>\n\t\t\t\t\t<\/div>\n\t\t<\/div>\n\t\t\t\t\t<\/div>\n\t\t<\/section>\n\t\t\t\t<\/div>\n\t\t","protected":false},"excerpt":{"rendered":"<p>\u0130ste\u011fe ba\u011fl\u0131 yabanc\u0131 dil haz\u0131rl\u0131k s\u0131n\u0131f\u0131 uygulamas\u0131 Yok Staj, e\u011fitim modeli (bir y\u0131lda ka\u00e7 d\u00f6nem uyguland\u0131\u011f\u0131, sekt\u00f6r ve i\u015fletmelerde uygulama e\u011fitimi vb), end\u00fcstriye dayal\u0131 \u00f6\u011fretim staj\u0131, uygulamal\u0131 e\u011fitimlerin nas\u0131l y\u00fcr\u00fct\u00fcld\u00fc\u011f\u00fc ile ilgili y\u00fcksek\u00f6\u011fretim kurumunun bulundu\u011fu ilin d\u0131\u015f\u0131nda yap\u0131l\u0131p yap\u0131lamad\u0131\u011f\u0131 \u00d6\u011frencilerimiz 1 y\u0131l i\u00e7erisinde toplam 30 i\u015f g\u00fcn\u00fc olmak kayd\u0131yla 2 d\u00f6nemde stajlar\u0131n\u0131 tamamlamaktad\u0131r. Posta Hizmetleri [&hellip;]<\/p>\n","protected":false},"author":551,"featured_media":0,"parent":0,"menu_order":0,"comment_status":"closed","ping_status":"closed","template":"","meta":{"footnotes":""},"class_list":["post-6862","page","type-page","status-publish","hentry"],"_links":{"self":[{"href":"https:\/\/atauni.edu.tr\/horasan-meslek-yuksekokulu\/wp-json\/wp\/v2\/pages\/6862","targetHints":{"allow":["GET"]}}],"collection":[{"href":"https:\/\/atauni.edu.tr\/horasan-meslek-yuksekokulu\/wp-json\/wp\/v2\/pages"}],"about":[{"href":"https:\/\/atauni.edu.tr\/horasan-meslek-yuksekokulu\/wp-json\/wp\/v2\/types\/page"}],"author":[{"embeddable":true,"href":"https:\/\/atauni.edu.tr\/horasan-meslek-yuksekokulu\/wp-json\/wp\/v2\/users\/551"}],"replies":[{"embeddable":true,"href":"https:\/\/atauni.edu.tr\/horasan-meslek-yuksekokulu\/wp-json\/wp\/v2\/comments?post=6862"}],"version-history":[{"count":10,"href":"https:\/\/atauni.edu.tr\/horasan-meslek-yuksekokulu\/wp-json\/wp\/v2\/pages\/6862\/revisions"}],"predecessor-version":[{"id":7328,"href":"https:\/\/atauni.edu.tr\/horasan-meslek-yuksekokulu\/wp-json\/wp\/v2\/pages\/6862\/revisions\/7328"}],"wp:attachment":[{"href":"https:\/\/atauni.edu.tr\/horasan-meslek-yuksekokulu\/wp-json\/wp\/v2\/media?parent=6862"}],"curies":[{"name":"wp","href":"https:\/\/api.w.org\/{rel}","templated":true}]}}