{"id":6868,"date":"2023-07-12T03:43:26","date_gmt":"2023-07-12T00:43:26","guid":{"rendered":"https:\/\/birimler.atauni.edu.tr\/horasan-meslek-yuksekokulu\/?page_id=6868"},"modified":"2025-10-09T18:10:57","modified_gmt":"2025-10-09T15:10:57","slug":"rayli-sistemler-yol-teknolojisi-programi","status":"publish","type":"page","link":"https:\/\/atauni.edu.tr\/horasan-meslek-yuksekokulu\/rayli-sistemler-yol-teknolojisi-programi\/","title":{"rendered":"Rayl\u0131 Sistemler Yol Teknolojisi Program\u0131"},"content":{"rendered":"\t\t<div data-elementor-type=\"wp-page\" data-elementor-id=\"6868\" class=\"elementor elementor-6868\" data-elementor-post-type=\"page\">\n\t\t\t\t\t\t<section class=\"elementor-section elementor-top-section elementor-element elementor-element-d947de7 elementor-section-boxed elementor-section-height-default elementor-section-height-default\" data-id=\"d947de7\" data-element_type=\"section\">\n\t\t\t\t\t\t<div class=\"elementor-container elementor-column-gap-default\">\n\t\t\t\t\t<div class=\"elementor-column elementor-col-50 elementor-top-column elementor-element elementor-element-3d77d06\" data-id=\"3d77d06\" data-element_type=\"column\">\n\t\t\t<div class=\"elementor-widget-wrap elementor-element-populated\">\n\t\t\t\t\t\t<div class=\"elementor-element elementor-element-a5f946a elementor-widget elementor-widget-text-editor\" data-id=\"a5f946a\" data-element_type=\"widget\" data-widget_type=\"text-editor.default\">\n\t\t\t\t<div class=\"elementor-widget-container\">\n\t\t\t\t\t\t\t\t\t<p><span lang=\"TR\" style=\"color: #000000;font-size: 11pt;line-height: 15.6933px;font-family: Calibri, sans-serif\">\u0130ste\u011fe ba\u011fl\u0131 yabanc\u0131 dil haz\u0131rl\u0131k s\u0131n\u0131f\u0131 uygulamas\u0131<\/span><\/p>\t\t\t\t\t\t\t\t<\/div>\n\t\t\t\t<\/div>\n\t\t\t\t\t<\/div>\n\t\t<\/div>\n\t\t\t\t<div class=\"elementor-column elementor-col-50 elementor-top-column elementor-element elementor-element-ed395df\" data-id=\"ed395df\" data-element_type=\"column\">\n\t\t\t<div class=\"elementor-widget-wrap elementor-element-populated\">\n\t\t\t\t\t\t<div class=\"elementor-element elementor-element-9bc66cd elementor-widget elementor-widget-text-editor\" data-id=\"9bc66cd\" data-element_type=\"widget\" data-widget_type=\"text-editor.default\">\n\t\t\t\t<div class=\"elementor-widget-container\">\n\t\t\t\t\t\t\t\t\t<p>Yok<\/p>\t\t\t\t\t\t\t\t<\/div>\n\t\t\t\t<\/div>\n\t\t\t\t\t<\/div>\n\t\t<\/div>\n\t\t\t\t\t<\/div>\n\t\t<\/section>\n\t\t\t\t<section class=\"elementor-section elementor-top-section elementor-element elementor-element-78d2da6 elementor-section-boxed elementor-section-height-default elementor-section-height-default\" data-id=\"78d2da6\" data-element_type=\"section\">\n\t\t\t\t\t\t<div class=\"elementor-container elementor-column-gap-default\">\n\t\t\t\t\t<div class=\"elementor-column elementor-col-50 elementor-top-column elementor-element elementor-element-a0cb8cf\" data-id=\"a0cb8cf\" data-element_type=\"column\">\n\t\t\t<div class=\"elementor-widget-wrap elementor-element-populated\">\n\t\t\t\t\t\t<div class=\"elementor-element elementor-element-ad0451e elementor-widget elementor-widget-text-editor\" data-id=\"ad0451e\" data-element_type=\"widget\" data-widget_type=\"text-editor.default\">\n\t\t\t\t<div class=\"elementor-widget-container\">\n\t\t\t\t\t\t\t\t\t<p><span lang=\"TR\" style=\"color: #000000;font-size: 11pt;line-height: 15.6933px;font-family: Calibri, sans-serif\">Staj, e\u011fitim modeli (bir y\u0131lda ka\u00e7 d\u00f6nem uyguland\u0131\u011f\u0131, sekt\u00f6r ve i\u015fletmelerde uygulama e\u011fitimi vb), end\u00fcstriye dayal\u0131 \u00f6\u011fretim staj\u0131, uygulamal\u0131 e\u011fitimlerin nas\u0131l y\u00fcr\u00fct\u00fcld\u00fc\u011f\u00fc ile ilgili y\u00fcksek\u00f6\u011fretim kurumunun bulundu\u011fu ilin d\u0131\u015f\u0131nda yap\u0131l\u0131p yap\u0131lamad\u0131\u011f\u0131<\/span><\/p>\t\t\t\t\t\t\t\t<\/div>\n\t\t\t\t<\/div>\n\t\t\t\t\t<\/div>\n\t\t<\/div>\n\t\t\t\t<div class=\"elementor-column elementor-col-50 elementor-top-column elementor-element elementor-element-9c9dfef\" data-id=\"9c9dfef\" data-element_type=\"column\">\n\t\t\t<div class=\"elementor-widget-wrap elementor-element-populated\">\n\t\t\t\t\t\t<div class=\"elementor-element elementor-element-d52043d elementor-widget elementor-widget-text-editor\" data-id=\"d52043d\" data-element_type=\"widget\" data-widget_type=\"text-editor.default\">\n\t\t\t\t<div class=\"elementor-widget-container\">\n\t\t\t\t\t\t\t\t\t<p class=\"MsoNormal\" style=\"margin: 0cm 0cm 8pt;line-height: 15.6933px;font-size: 11pt;font-family: Calibri, sans-serif;color: #000000;text-align: justify\"><span lang=\"TR\">\u00d6\u011frencilerimiz 1 y\u0131l i\u00e7erisinde toplam 30 i\u015f g\u00fcn\u00fc olmak kayd\u0131yla 2 d\u00f6nemde stajlar\u0131n\u0131 tamamlamaktad\u0131r.<\/span><\/p><p class=\"MsoNormal\" style=\"margin: 0cm 0cm 8pt;line-height: 15.6933px;font-size: 11pt;font-family: Calibri, sans-serif;color: #000000;text-align: justify\"><span lang=\"TR\">Rayl\u0131 Sistemler Yol Teknolojisi program\u0131 \u00f6\u011frencileri, kazand\u0131klar\u0131 teorik ve uygulama e\u011fitim yeterlilikleriyle <b>Ulusal Staj Program\u0131 (USP)<\/b> kapsam\u0131nda, rayl\u0131 sistemler sekt\u00f6r\u00fcnde hizmet veren ba\u015fta TCDD olmak \u00fczere; T\u00fclomsa\u015f, Estram, Burula\u015f, \u0130zmir Metro A\u015e vb. i\u015fletmelerde staj yapabilmektedir.<\/span><\/p><p class=\"MsoNormal\" style=\"margin: 0cm 0cm 8pt;line-height: 15.6933px;font-size: 11pt;font-family: Calibri, sans-serif;color: #000000;text-align: justify\"><span lang=\"TR\">\u00a0<\/span><\/p><p class=\"MsoNormal\" style=\"margin: 0cm 0cm 8pt;line-height: 15.6933px;font-size: 11pt;font-family: Calibri, sans-serif;color: #000000;text-align: justify\"><span lang=\"TR\">Uygulamal\u0131 e\u011fitimleri, TCDD Erzurum veya Horasan Yol Bak\u0131m \u015eefli\u011finde yapma imk\u00e2n\u0131 bulunaktad\u0131r.<\/span><\/p>\t\t\t\t\t\t\t\t<\/div>\n\t\t\t\t<\/div>\n\t\t\t\t\t<\/div>\n\t\t<\/div>\n\t\t\t\t\t<\/div>\n\t\t<\/section>\n\t\t\t\t<section class=\"elementor-section elementor-top-section elementor-element elementor-element-46c1749 elementor-section-boxed elementor-section-height-default elementor-section-height-default\" data-id=\"46c1749\" data-element_type=\"section\">\n\t\t\t\t\t\t<div class=\"elementor-container elementor-column-gap-default\">\n\t\t\t\t\t<div class=\"elementor-column elementor-col-50 elementor-top-column elementor-element elementor-element-9c487e9\" data-id=\"9c487e9\" data-element_type=\"column\">\n\t\t\t<div class=\"elementor-widget-wrap elementor-element-populated\">\n\t\t\t\t\t\t<div class=\"elementor-element elementor-element-02253b1 elementor-widget elementor-widget-text-editor\" data-id=\"02253b1\" data-element_type=\"widget\" data-widget_type=\"text-editor.default\">\n\t\t\t\t<div class=\"elementor-widget-container\">\n\t\t\t\t\t\t\t\t\t<p><span lang=\"TR\" style=\"color: #000000;font-size: 11pt;line-height: 15.6933px;font-family: Calibri, sans-serif\">Mesle\u011fin gerektirdi\u011fi k\u0131yafet ve donan\u0131m malzemeleri<\/span><\/p>\t\t\t\t\t\t\t\t<\/div>\n\t\t\t\t<\/div>\n\t\t\t\t\t<\/div>\n\t\t<\/div>\n\t\t\t\t<div class=\"elementor-column elementor-col-50 elementor-top-column elementor-element elementor-element-5f2de97\" data-id=\"5f2de97\" data-element_type=\"column\">\n\t\t\t<div class=\"elementor-widget-wrap elementor-element-populated\">\n\t\t\t\t\t\t<div class=\"elementor-element elementor-element-15493c7 elementor-widget elementor-widget-text-editor\" data-id=\"15493c7\" data-element_type=\"widget\" data-widget_type=\"text-editor.default\">\n\t\t\t\t<div class=\"elementor-widget-container\">\n\t\t\t\t\t\t\t\t\t<p>Yok<\/p>\t\t\t\t\t\t\t\t<\/div>\n\t\t\t\t<\/div>\n\t\t\t\t\t<\/div>\n\t\t<\/div>\n\t\t\t\t\t<\/div>\n\t\t<\/section>\n\t\t\t\t<section class=\"elementor-section elementor-top-section elementor-element elementor-element-206c400 elementor-section-boxed elementor-section-height-default elementor-section-height-default\" data-id=\"206c400\" data-element_type=\"section\">\n\t\t\t\t\t\t<div class=\"elementor-container elementor-column-gap-default\">\n\t\t\t\t\t<div class=\"elementor-column elementor-col-50 elementor-top-column elementor-element elementor-element-8164ffb\" data-id=\"8164ffb\" data-element_type=\"column\">\n\t\t\t<div class=\"elementor-widget-wrap elementor-element-populated\">\n\t\t\t\t\t\t<div class=\"elementor-element elementor-element-988ebd4 elementor-widget elementor-widget-text-editor\" data-id=\"988ebd4\" data-element_type=\"widget\" data-widget_type=\"text-editor.default\">\n\t\t\t\t<div class=\"elementor-widget-container\">\n\t\t\t\t\t\t\t\t\t<p><span lang=\"TR\" style=\"color: #000000;font-size: 11pt;line-height: 15.6933px;font-family: Calibri, sans-serif\">Ders uygulamalar\u0131nda kullan\u0131lacak sarf malzeme, ara\u00e7 ve gere\u00e7 gideri; s\u0131nav, materyal ve e\u011fitim \u00f6\u011fretim hizmeti kar\u015f\u0131l\u0131\u011f\u0131 \u00f6\u011fretim gideri<\/span><\/p>\t\t\t\t\t\t\t\t<\/div>\n\t\t\t\t<\/div>\n\t\t\t\t\t<\/div>\n\t\t<\/div>\n\t\t\t\t<div class=\"elementor-column elementor-col-50 elementor-top-column elementor-element elementor-element-0cc9b1e\" data-id=\"0cc9b1e\" data-element_type=\"column\">\n\t\t\t<div class=\"elementor-widget-wrap elementor-element-populated\">\n\t\t\t\t\t\t<div class=\"elementor-element elementor-element-db53874 elementor-widget elementor-widget-text-editor\" data-id=\"db53874\" data-element_type=\"widget\" data-widget_type=\"text-editor.default\">\n\t\t\t\t<div class=\"elementor-widget-container\">\n\t\t\t\t\t\t\t\t\t<p><span lang=\"TR\" style=\"color: #000000;font-size: 11pt;line-height: 15.6933px;font-family: Calibri, sans-serif\">B\u00fct\u00fcn ihtiya\u00e7lar\u0131m\u0131z \u00dcniversite taraf\u0131ndan kar\u015f\u0131lanmaktad\u0131r. \u00d6\u011frencilerimizden herhangi ek bir \u00fccret talep edilmemektedir. \u00d6\u011fretim gideri bulunmamaktad\u0131r.<\/span><\/p>\t\t\t\t\t\t\t\t<\/div>\n\t\t\t\t<\/div>\n\t\t\t\t\t<\/div>\n\t\t<\/div>\n\t\t\t\t\t<\/div>\n\t\t<\/section>\n\t\t\t\t<section class=\"elementor-section elementor-top-section elementor-element elementor-element-82b0338 elementor-section-boxed elementor-section-height-default elementor-section-height-default\" data-id=\"82b0338\" data-element_type=\"section\">\n\t\t\t\t\t\t<div class=\"elementor-container elementor-column-gap-default\">\n\t\t\t\t\t<div class=\"elementor-column elementor-col-50 elementor-top-column elementor-element elementor-element-cc607c0\" data-id=\"cc607c0\" data-element_type=\"column\">\n\t\t\t<div class=\"elementor-widget-wrap elementor-element-populated\">\n\t\t\t\t\t\t<div class=\"elementor-element elementor-element-bb6ff51 elementor-widget elementor-widget-text-editor\" data-id=\"bb6ff51\" data-element_type=\"widget\" data-widget_type=\"text-editor.default\">\n\t\t\t\t<div class=\"elementor-widget-container\">\n\t\t\t\t\t\t\t\t\t<p><span lang=\"TR\" style=\"color: #000000;font-size: 11pt;line-height: 15.6933px;font-family: Calibri, sans-serif\">Program\u0131n i\u00e7eri\u011fi, fak\u00fclte, y\u00fcksekokul ve meslek y\u00fcksekokulunun bulundu\u011fu yerle\u015fke\/kampus<\/span><\/p>\t\t\t\t\t\t\t\t<\/div>\n\t\t\t\t<\/div>\n\t\t\t\t\t<\/div>\n\t\t<\/div>\n\t\t\t\t<div class=\"elementor-column elementor-col-50 elementor-top-column elementor-element elementor-element-92cde90\" data-id=\"92cde90\" data-element_type=\"column\">\n\t\t\t<div class=\"elementor-widget-wrap elementor-element-populated\">\n\t\t\t\t\t\t<div class=\"elementor-element elementor-element-14af122 elementor-widget elementor-widget-text-editor\" data-id=\"14af122\" data-element_type=\"widget\" data-widget_type=\"text-editor.default\">\n\t\t\t\t<div class=\"elementor-widget-container\">\n\t\t\t\t\t\t\t\t\t<p class=\"MsoNormal\" style=\"margin: 0cm 0cm 8pt;line-height: 15.6933px;font-size: 11pt;font-family: Calibri, sans-serif;color: #000000\"><span lang=\"TR\">Rayl\u0131 Sistemler Yol Teknolojisi \u00d6n Lisans Program\u0131, her biri 30 AKTS de\u011ferinde 4 yar\u0131y\u0131ldan olu\u015fan 2 y\u0131ll\u0131k bir programd\u0131r.\u00a0 Programda, \u00f6n lisans \u00f6\u011frencileri ilk y\u0131l \u0130ngilizce, T\u00fcrk Dili, Atat\u00fcrk \u0130lkeleri ve \u0130nk\u0131l\u00e2p Tarihi ve gibi zorunlu derslerin yan\u0131nda, Rayl\u0131 Sistem Bilgisi, Fizik, Matematik, Teknik Resim, \u0130\u015f G\u00fcvenli\u011fi, Yap\u0131 Malzemeleri,\u00a0 Statik Mukavemet ve \u00c7al\u0131\u015fma Mevzuat\u0131 dersleri ile programa al\u0131\u015fmaya ba\u015flarlar. \u0130kinci s\u0131n\u0131fta Zemin Mekani\u011fi, Yol Altyap\u0131s\u0131 ve Bak\u0131m\u0131, Rayl\u0131 Sistem Ara\u00e7 Mekatroni\u011fi, Topo\u011frafya, \u00d6l\u00e7me Tekni\u011fi, \u00dcst Yap\u0131 Tekni\u011fi ve Bak\u0131m\u0131, Demir Yolu Sinyalizasyon Sistemleri, Genel Rayl\u0131 Sistem \u0130\u015fletmecili\u011fi, Teknik \u0130ngilizce, Kent \u0130\u00e7i Rayl\u0131 Ula\u015f\u0131m Sistemleri gibi zorunlu dersleri ve ilgi alanlar\u0131na g\u00f6re ilgili se\u00e7meli dersleri se\u00e7erek o alana yo\u011funla\u015f\u0131rlar. \u0130kinci y\u0131l\u0131n sonunda dersleri ba\u015far\u0131l\u0131 olarak ge\u00e7en \u00f6\u011frenciler programdan Rayl\u0131 Sistemler Yol Teknikeri olarak mezun olurlar.<\/span><\/p><p class=\"MsoNormal\" style=\"margin: 0cm 0cm 8pt;line-height: 15.6933px;font-size: 11pt;font-family: Calibri, sans-serif;color: #000000\"><span lang=\"TR\">\u00a0<\/span><\/p><p><span lang=\"TR\" style=\"color: #000000;font-size: 11pt;line-height: 15.6933px;font-family: Calibri, sans-serif\">Horasan Meslek Y\u00fcksekokulu Erzurum ili Horasan \u0130l\u00e7esinde bulunmaktad\u0131r.<\/span><\/p>\t\t\t\t\t\t\t\t<\/div>\n\t\t\t\t<\/div>\n\t\t\t\t\t<\/div>\n\t\t<\/div>\n\t\t\t\t\t<\/div>\n\t\t<\/section>\n\t\t\t\t<section class=\"elementor-section elementor-top-section elementor-element elementor-element-9ad1484 elementor-section-boxed elementor-section-height-default elementor-section-height-default\" data-id=\"9ad1484\" data-element_type=\"section\">\n\t\t\t\t\t\t<div class=\"elementor-container elementor-column-gap-default\">\n\t\t\t\t\t<div class=\"elementor-column elementor-col-50 elementor-top-column elementor-element elementor-element-f487528\" data-id=\"f487528\" data-element_type=\"column\">\n\t\t\t<div class=\"elementor-widget-wrap elementor-element-populated\">\n\t\t\t\t\t\t<div class=\"elementor-element elementor-element-06dba2a elementor-widget elementor-widget-text-editor\" data-id=\"06dba2a\" data-element_type=\"widget\" data-widget_type=\"text-editor.default\">\n\t\t\t\t<div class=\"elementor-widget-container\">\n\t\t\t\t\t\t\t\t\t<p><span lang=\"TR\" style=\"color: #000000;font-size: 11pt;line-height: 15.6933px;font-family: Calibri, sans-serif\">K\u0131sm\u0131 zamanl\u0131 \u00f6\u011frenci olarak \u00e7al\u0131\u015fabilme imk\u00e2nlar\u0131 ile staj ve uygulama e\u011fitimleri s\u0131ras\u0131nda belirli ko\u015fullarla ayr\u0131ca \u00fccret \u00f6denip \u00f6denmedi\u011fi<\/span><\/p>\t\t\t\t\t\t\t\t<\/div>\n\t\t\t\t<\/div>\n\t\t\t\t\t<\/div>\n\t\t<\/div>\n\t\t\t\t<div class=\"elementor-column elementor-col-50 elementor-top-column elementor-element elementor-element-c196403\" data-id=\"c196403\" data-element_type=\"column\">\n\t\t\t<div class=\"elementor-widget-wrap elementor-element-populated\">\n\t\t\t\t\t\t<div class=\"elementor-element elementor-element-81b14d8 elementor-widget elementor-widget-text-editor\" data-id=\"81b14d8\" data-element_type=\"widget\" data-widget_type=\"text-editor.default\">\n\t\t\t\t<div class=\"elementor-widget-container\">\n\t\t\t\t\t\t\t\t\t<p><span lang=\"TR\" style=\"color: #000000;font-size: 11pt;line-height: 15.6933px;font-family: Calibri, sans-serif\">K\u0131sm\u0131 zamanl\u0131 \u00f6\u011frenci olarak \u00e7al\u0131\u015fabilme imk\u00e2n\u0131 bulunmamaktad\u0131r. Staj ve uygulama e\u011fitimleri s\u0131ras\u0131nda \u00fccret \u00f6denip \u00f6denmedi\u011fini ilgili mevzuat do\u011frultusunda staj yapt\u0131\u011f\u0131 kurum belirler.<\/span><\/p>\t\t\t\t\t\t\t\t<\/div>\n\t\t\t\t<\/div>\n\t\t\t\t\t<\/div>\n\t\t<\/div>\n\t\t\t\t\t<\/div>\n\t\t<\/section>\n\t\t\t\t<section class=\"elementor-section elementor-top-section elementor-element elementor-element-724abb0 elementor-section-boxed elementor-section-height-default elementor-section-height-default\" data-id=\"724abb0\" data-element_type=\"section\">\n\t\t\t\t\t\t<div class=\"elementor-container elementor-column-gap-default\">\n\t\t\t\t\t<div class=\"elementor-column elementor-col-50 elementor-top-column elementor-element elementor-element-120320a\" data-id=\"120320a\" data-element_type=\"column\">\n\t\t\t<div class=\"elementor-widget-wrap elementor-element-populated\">\n\t\t\t\t\t\t<div class=\"elementor-element elementor-element-2c99d2f elementor-widget elementor-widget-text-editor\" data-id=\"2c99d2f\" data-element_type=\"widget\" data-widget_type=\"text-editor.default\">\n\t\t\t\t<div class=\"elementor-widget-container\">\n\t\t\t\t\t\t\t\t\t<p><span lang=\"TR\" style=\"font-size: 11pt;line-height: 15.6933px;font-family: Calibri, sans-serif\">\u0130lgili y\u00fcksek\u00f6\u011fretim kurumunun vakf\u0131 veya anla\u015fmal\u0131 oldu\u011fu kurum taraf\u0131ndan burs, yemek, yurt vb. imk\u00e2nlar sunup sunmad\u0131\u011f\u0131<\/span><span style=\"font-size: medium\"><\/span><br><\/p>\t\t\t\t\t\t\t\t<\/div>\n\t\t\t\t<\/div>\n\t\t\t\t\t<\/div>\n\t\t<\/div>\n\t\t\t\t<div class=\"elementor-column elementor-col-50 elementor-top-column elementor-element elementor-element-ba9f08b\" data-id=\"ba9f08b\" data-element_type=\"column\">\n\t\t\t<div class=\"elementor-widget-wrap elementor-element-populated\">\n\t\t\t\t\t\t<div class=\"elementor-element elementor-element-6f87dcc elementor-widget elementor-widget-text-editor\" data-id=\"6f87dcc\" data-element_type=\"widget\" data-widget_type=\"text-editor.default\">\n\t\t\t\t<div class=\"elementor-widget-container\">\n\t\t\t\t\t\t\t\t\t<p class=\"MsoNormal\" style=\"margin: 0cm 0cm 8pt;line-height: 15.6933px;font-size: 11pt;font-family: Calibri, sans-serif;text-align: justify\"><span lang=\"TR\">Horasan merkezde Meslek Y\u00fcksekokulu \u00f6\u011frencilerinin bar\u0131nmalar\u0131 i\u00e7in k\u0131z \u00f6\u011frencilerimiz i\u00e7in Gen\u00e7lik Spor Bakanl\u0131\u011f\u0131na ba\u011fl\u0131 devlet yurdu, erkek \u00f6\u011frenciler i\u00e7in Belediyeye ait yurt ve \u00f6\u011fretmen evi bulunmaktad\u0131r.<\/span><\/p><p class=\"MsoNormal\" style=\"margin: 0cm 0cm 8pt;line-height: 15.6933px;font-size: 11pt;font-family: Calibri, sans-serif;text-align: justify\"><span lang=\"TR\">&nbsp;<\/span><\/p><p class=\"MsoNormal\" style=\"margin: 0cm 0cm 8pt;line-height: 15.6933px;font-size: 11pt;font-family: Calibri, sans-serif;text-align: justify\"><span lang=\"TR\">\u00dcniversitemiz taraf\u0131ndan belirlenen kontenjan dahilinde burs ve yemek bursu verilmektedir.<\/span><\/p><p class=\"MsoNormal\" style=\"margin: 0cm 0cm 8pt;line-height: 15.6933px;font-size: 11pt;font-family: Calibri, sans-serif;text-align: justify\"><span lang=\"TR\">&nbsp;<\/span><\/p><p><span lang=\"TR\" style=\"font-size: 11pt;line-height: 15.6933px;font-family: Calibri, sans-serif\">Y\u00fcksekokulumuzun yemekhanesinde Rekt\u00f6rl\u00fc\u011f\u00fcm\u00fcz\u00fcn belirledi\u011fi fiyat dahilinde \u00f6\u011fle yeme\u011fi imk\u00e2n\u0131 bulunmaktad\u0131r.&nbsp; Burs ve yurt imk\u00e2n\u0131 Gen\u00e7lik ve Spor Bakanl\u0131\u011f\u0131 taraf\u0131ndan sa\u011flanmaktad\u0131r.<\/span><\/p>\t\t\t\t\t\t\t\t<\/div>\n\t\t\t\t<\/div>\n\t\t\t\t\t<\/div>\n\t\t<\/div>\n\t\t\t\t\t<\/div>\n\t\t<\/section>\n\t\t\t\t<\/div>\n\t\t","protected":false},"excerpt":{"rendered":"<p>\u0130ste\u011fe ba\u011fl\u0131 yabanc\u0131 dil haz\u0131rl\u0131k s\u0131n\u0131f\u0131 uygulamas\u0131 Yok Staj, e\u011fitim modeli (bir y\u0131lda ka\u00e7 d\u00f6nem uyguland\u0131\u011f\u0131, sekt\u00f6r ve i\u015fletmelerde uygulama e\u011fitimi vb), end\u00fcstriye dayal\u0131 \u00f6\u011fretim staj\u0131, uygulamal\u0131 e\u011fitimlerin nas\u0131l y\u00fcr\u00fct\u00fcld\u00fc\u011f\u00fc ile ilgili y\u00fcksek\u00f6\u011fretim kurumunun bulundu\u011fu ilin d\u0131\u015f\u0131nda yap\u0131l\u0131p yap\u0131lamad\u0131\u011f\u0131 \u00d6\u011frencilerimiz 1 y\u0131l i\u00e7erisinde toplam 30 i\u015f g\u00fcn\u00fc olmak kayd\u0131yla 2 d\u00f6nemde stajlar\u0131n\u0131 tamamlamaktad\u0131r. Rayl\u0131 Sistemler [&hellip;]<\/p>\n","protected":false},"author":551,"featured_media":0,"parent":0,"menu_order":0,"comment_status":"closed","ping_status":"closed","template":"","meta":{"footnotes":""},"class_list":["post-6868","page","type-page","status-publish","hentry"],"_links":{"self":[{"href":"https:\/\/atauni.edu.tr\/horasan-meslek-yuksekokulu\/wp-json\/wp\/v2\/pages\/6868","targetHints":{"allow":["GET"]}}],"collection":[{"href":"https:\/\/atauni.edu.tr\/horasan-meslek-yuksekokulu\/wp-json\/wp\/v2\/pages"}],"about":[{"href":"https:\/\/atauni.edu.tr\/horasan-meslek-yuksekokulu\/wp-json\/wp\/v2\/types\/page"}],"author":[{"embeddable":true,"href":"https:\/\/atauni.edu.tr\/horasan-meslek-yuksekokulu\/wp-json\/wp\/v2\/users\/551"}],"replies":[{"embeddable":true,"href":"https:\/\/atauni.edu.tr\/horasan-meslek-yuksekokulu\/wp-json\/wp\/v2\/comments?post=6868"}],"version-history":[{"count":10,"href":"https:\/\/atauni.edu.tr\/horasan-meslek-yuksekokulu\/wp-json\/wp\/v2\/pages\/6868\/revisions"}],"predecessor-version":[{"id":7340,"href":"https:\/\/atauni.edu.tr\/horasan-meslek-yuksekokulu\/wp-json\/wp\/v2\/pages\/6868\/revisions\/7340"}],"wp:attachment":[{"href":"https:\/\/atauni.edu.tr\/horasan-meslek-yuksekokulu\/wp-json\/wp\/v2\/media?parent=6868"}],"curies":[{"name":"wp","href":"https:\/\/api.w.org\/{rel}","templated":true}]}}