{"id":6874,"date":"2023-07-12T03:48:19","date_gmt":"2023-07-12T00:48:19","guid":{"rendered":"https:\/\/birimler.atauni.edu.tr\/horasan-meslek-yuksekokulu\/?page_id=6874"},"modified":"2025-10-09T18:11:19","modified_gmt":"2025-10-09T15:11:19","slug":"sivil-savunma-ve-itfaiyecilik-programi","status":"publish","type":"page","link":"https:\/\/atauni.edu.tr\/horasan-meslek-yuksekokulu\/sivil-savunma-ve-itfaiyecilik-programi\/","title":{"rendered":"Sivil Savunma ve \u0130tfaiyecilik Program\u0131"},"content":{"rendered":"\t\t<div data-elementor-type=\"wp-page\" data-elementor-id=\"6874\" class=\"elementor elementor-6874\" data-elementor-post-type=\"page\">\n\t\t\t\t\t\t<section class=\"elementor-section elementor-top-section elementor-element elementor-element-6dd1230 elementor-section-boxed elementor-section-height-default elementor-section-height-default\" data-id=\"6dd1230\" data-element_type=\"section\">\n\t\t\t\t\t\t<div class=\"elementor-container elementor-column-gap-default\">\n\t\t\t\t\t<div class=\"elementor-column elementor-col-50 elementor-top-column elementor-element elementor-element-00fa44f\" data-id=\"00fa44f\" data-element_type=\"column\">\n\t\t\t<div class=\"elementor-widget-wrap elementor-element-populated\">\n\t\t\t\t\t\t<div class=\"elementor-element elementor-element-9374a8d elementor-widget elementor-widget-text-editor\" data-id=\"9374a8d\" data-element_type=\"widget\" data-widget_type=\"text-editor.default\">\n\t\t\t\t<div class=\"elementor-widget-container\">\n\t\t\t\t\t\t\t\t\t<p><span lang=\"TR\" style=\"color: #000000;font-size: 11pt;line-height: 15.6933px;font-family: Calibri, sans-serif\">\u0130ste\u011fe ba\u011fl\u0131 yabanc\u0131 dil haz\u0131rl\u0131k s\u0131n\u0131f\u0131 uygulamas\u0131<\/span><\/p>\t\t\t\t\t\t\t\t<\/div>\n\t\t\t\t<\/div>\n\t\t\t\t\t<\/div>\n\t\t<\/div>\n\t\t\t\t<div class=\"elementor-column elementor-col-50 elementor-top-column elementor-element elementor-element-b1523d2\" data-id=\"b1523d2\" data-element_type=\"column\">\n\t\t\t<div class=\"elementor-widget-wrap elementor-element-populated\">\n\t\t\t\t\t\t<div class=\"elementor-element elementor-element-fb1c5a9 elementor-widget elementor-widget-text-editor\" data-id=\"fb1c5a9\" data-element_type=\"widget\" data-widget_type=\"text-editor.default\">\n\t\t\t\t<div class=\"elementor-widget-container\">\n\t\t\t\t\t\t\t\t\t<p>Yok<\/p>\t\t\t\t\t\t\t\t<\/div>\n\t\t\t\t<\/div>\n\t\t\t\t\t<\/div>\n\t\t<\/div>\n\t\t\t\t\t<\/div>\n\t\t<\/section>\n\t\t\t\t<section class=\"elementor-section elementor-top-section elementor-element elementor-element-006d69b elementor-section-boxed elementor-section-height-default elementor-section-height-default\" data-id=\"006d69b\" data-element_type=\"section\">\n\t\t\t\t\t\t<div class=\"elementor-container elementor-column-gap-default\">\n\t\t\t\t\t<div class=\"elementor-column elementor-col-50 elementor-top-column elementor-element elementor-element-026e2ed\" data-id=\"026e2ed\" data-element_type=\"column\">\n\t\t\t<div class=\"elementor-widget-wrap elementor-element-populated\">\n\t\t\t\t\t\t<div class=\"elementor-element elementor-element-13dda6b elementor-widget elementor-widget-text-editor\" data-id=\"13dda6b\" data-element_type=\"widget\" data-widget_type=\"text-editor.default\">\n\t\t\t\t<div class=\"elementor-widget-container\">\n\t\t\t\t\t\t\t\t\t<p><span lang=\"TR\" style=\"font-size: 11pt;line-height: 15.6933px;font-family: Calibri, sans-serif\">Staj, e\u011fitim modeli (bir y\u0131lda ka\u00e7 d\u00f6nem uyguland\u0131\u011f\u0131, sekt\u00f6r ve i\u015fletmelerde uygulama e\u011fitimi vb), end\u00fcstriye dayal\u0131 \u00f6\u011fretim staj\u0131, uygulamal\u0131 e\u011fitimlerin nas\u0131l y\u00fcr\u00fct\u00fcld\u00fc\u011f\u00fc ile ilgili y\u00fcksek\u00f6\u011fretim kurumunun bulundu\u011fu ilin d\u0131\u015f\u0131nda yap\u0131l\u0131p yap\u0131lamad\u0131\u011f\u0131<\/span><span style=\"font-size: medium\"><\/span><br><\/p>\t\t\t\t\t\t\t\t<\/div>\n\t\t\t\t<\/div>\n\t\t\t\t\t<\/div>\n\t\t<\/div>\n\t\t\t\t<div class=\"elementor-column elementor-col-50 elementor-top-column elementor-element elementor-element-76b415f\" data-id=\"76b415f\" data-element_type=\"column\">\n\t\t\t<div class=\"elementor-widget-wrap elementor-element-populated\">\n\t\t\t\t\t\t<div class=\"elementor-element elementor-element-66ad9f2 elementor-widget elementor-widget-text-editor\" data-id=\"66ad9f2\" data-element_type=\"widget\" data-widget_type=\"text-editor.default\">\n\t\t\t\t<div class=\"elementor-widget-container\">\n\t\t\t\t\t\t\t\t\t<p class=\"MsoNormal\" style=\"margin: 0cm 0cm 8pt;line-height: 15.6933px;font-size: 11pt;font-family: Calibri, sans-serif;color: #000000;text-align: justify\"><span lang=\"TR\">\u00d6\u011frencilerimiz 1 y\u0131l i\u00e7erisinde toplam 30 i\u015f g\u00fcn\u00fc olmak kayd\u0131yla 2 d\u00f6nemde stajlar\u0131n\u0131 tamamlamaktad\u0131r.<\/span><\/p><p class=\"MsoNormal\" style=\"margin: 0cm 0cm 8pt;line-height: 15.6933px;font-size: 11pt;font-family: Calibri, sans-serif;color: #000000;text-align: justify\"><span lang=\"TR\">Sivil Savunma ve \u0130tfaiyecilik Program\u0131 \u00f6\u011frencileri, kazand\u0131klar\u0131 teorik ve uygulama e\u011fitim yeterlilikleriyle <b>Ulusal Staj Program\u0131 (USP)<\/b> kapsam\u0131nda Belediye itfaiye birimleri, AFAD, ARFF (Havaliman\u0131 \u0130tfaiyesi) ve uzman e\u011fitim amiri bulunan sanayi birimleri, fabrikalar oteller vb. yerlerde staj yapabilmektedir.<\/span><\/p><p class=\"MsoNormal\" style=\"margin: 0cm 0cm 8pt;line-height: 15.6933px;font-size: 11pt;font-family: Calibri, sans-serif;color: #000000;text-align: justify\"><span lang=\"TR\">\u00a0<\/span><\/p><p class=\"MsoNormal\" style=\"margin: 0cm 0cm 8pt;line-height: 15.6933px;font-size: 11pt;font-family: Calibri, sans-serif;color: #000000;text-align: justify\"><span lang=\"TR\">B\u00f6l\u00fcm\u00fcm\u00fczde teorik dersler ve zorunlu staj yan\u0131nda uygulama dersleri; Horasan MYO kamp\u00fcs i\u00e7inde ara\u00e7 ve malzemeler \u00fczerinde yap\u0131labilmekte ayr\u0131ca Erzurum B\u00fcy\u00fck\u015fehir Belediyesi \u0130tfaiye Daire Ba\u015fkanl\u0131\u011f\u0131nda ve AFAD kurumlar\u0131nda belirli zamanlarda uygulamal\u0131 olarak i\u015flenmektedir.<\/span><\/p>\t\t\t\t\t\t\t\t<\/div>\n\t\t\t\t<\/div>\n\t\t\t\t\t<\/div>\n\t\t<\/div>\n\t\t\t\t\t<\/div>\n\t\t<\/section>\n\t\t\t\t<section class=\"elementor-section elementor-top-section elementor-element elementor-element-0c56990 elementor-section-boxed elementor-section-height-default elementor-section-height-default\" data-id=\"0c56990\" data-element_type=\"section\">\n\t\t\t\t\t\t<div class=\"elementor-container elementor-column-gap-default\">\n\t\t\t\t\t<div class=\"elementor-column elementor-col-50 elementor-top-column elementor-element elementor-element-455fc16\" data-id=\"455fc16\" data-element_type=\"column\">\n\t\t\t<div class=\"elementor-widget-wrap elementor-element-populated\">\n\t\t\t\t\t\t<div class=\"elementor-element elementor-element-a8cfb7d elementor-widget elementor-widget-text-editor\" data-id=\"a8cfb7d\" data-element_type=\"widget\" data-widget_type=\"text-editor.default\">\n\t\t\t\t<div class=\"elementor-widget-container\">\n\t\t\t\t\t\t\t\t\t<p><span lang=\"TR\" style=\"font-size: 11pt;line-height: 15.6933px;font-family: Calibri, sans-serif\">Mesle\u011fin gerektirdi\u011fi k\u0131yafet ve donan\u0131m malzemeleri<\/span><span style=\"font-size: medium\"><\/span><br><\/p>\t\t\t\t\t\t\t\t<\/div>\n\t\t\t\t<\/div>\n\t\t\t\t\t<\/div>\n\t\t<\/div>\n\t\t\t\t<div class=\"elementor-column elementor-col-50 elementor-top-column elementor-element elementor-element-17a383b\" data-id=\"17a383b\" data-element_type=\"column\">\n\t\t\t<div class=\"elementor-widget-wrap elementor-element-populated\">\n\t\t\t\t\t\t<div class=\"elementor-element elementor-element-a861b79 elementor-widget elementor-widget-text-editor\" data-id=\"a861b79\" data-element_type=\"widget\" data-widget_type=\"text-editor.default\">\n\t\t\t\t<div class=\"elementor-widget-container\">\n\t\t\t\t\t\t\t\t\t<p>Yok<\/p>\t\t\t\t\t\t\t\t<\/div>\n\t\t\t\t<\/div>\n\t\t\t\t\t<\/div>\n\t\t<\/div>\n\t\t\t\t\t<\/div>\n\t\t<\/section>\n\t\t\t\t<section class=\"elementor-section elementor-top-section elementor-element elementor-element-366df12 elementor-section-boxed elementor-section-height-default elementor-section-height-default\" data-id=\"366df12\" data-element_type=\"section\">\n\t\t\t\t\t\t<div class=\"elementor-container elementor-column-gap-default\">\n\t\t\t\t\t<div class=\"elementor-column elementor-col-50 elementor-top-column elementor-element elementor-element-a27e064\" data-id=\"a27e064\" data-element_type=\"column\">\n\t\t\t<div class=\"elementor-widget-wrap elementor-element-populated\">\n\t\t\t\t\t\t<div class=\"elementor-element elementor-element-a55407c elementor-widget elementor-widget-text-editor\" data-id=\"a55407c\" data-element_type=\"widget\" data-widget_type=\"text-editor.default\">\n\t\t\t\t<div class=\"elementor-widget-container\">\n\t\t\t\t\t\t\t\t\t<p><span lang=\"TR\" style=\"font-size: 11pt;line-height: 15.6933px;font-family: Calibri, sans-serif\">Ders uygulamalar\u0131nda kullan\u0131lacak sarf malzeme, ara\u00e7 ve gere\u00e7 gideri; s\u0131nav, materyal ve e\u011fitim \u00f6\u011fretim hizmeti kar\u015f\u0131l\u0131\u011f\u0131 \u00f6\u011fretim gideri<\/span><span style=\"font-size: medium\"><\/span><br><\/p>\t\t\t\t\t\t\t\t<\/div>\n\t\t\t\t<\/div>\n\t\t\t\t\t<\/div>\n\t\t<\/div>\n\t\t\t\t<div class=\"elementor-column elementor-col-50 elementor-top-column elementor-element elementor-element-ceebc1f\" data-id=\"ceebc1f\" data-element_type=\"column\">\n\t\t\t<div class=\"elementor-widget-wrap elementor-element-populated\">\n\t\t\t\t\t\t<div class=\"elementor-element elementor-element-7e1b02f elementor-widget elementor-widget-text-editor\" data-id=\"7e1b02f\" data-element_type=\"widget\" data-widget_type=\"text-editor.default\">\n\t\t\t\t<div class=\"elementor-widget-container\">\n\t\t\t\t\t\t\t\t\t<p><span lang=\"TR\" style=\"color: #000000;font-size: 11pt;line-height: 15.6933px;font-family: Calibri, sans-serif\">B\u00fct\u00fcn ihtiya\u00e7lar\u0131m\u0131z \u00fcniversite taraf\u0131ndan kar\u015f\u0131lanmaktad\u0131r. \u00d6\u011frencilerimizden herhangi ek bir \u00fccret talep edilmemektedir. \u00d6\u011fretim gideri bulunmamaktad\u0131r.<\/span><\/p>\t\t\t\t\t\t\t\t<\/div>\n\t\t\t\t<\/div>\n\t\t\t\t\t<\/div>\n\t\t<\/div>\n\t\t\t\t\t<\/div>\n\t\t<\/section>\n\t\t\t\t<section class=\"elementor-section elementor-top-section elementor-element elementor-element-95757e9 elementor-section-boxed elementor-section-height-default elementor-section-height-default\" data-id=\"95757e9\" data-element_type=\"section\">\n\t\t\t\t\t\t<div class=\"elementor-container elementor-column-gap-default\">\n\t\t\t\t\t<div class=\"elementor-column elementor-col-50 elementor-top-column elementor-element elementor-element-d155f0a\" data-id=\"d155f0a\" data-element_type=\"column\">\n\t\t\t<div class=\"elementor-widget-wrap elementor-element-populated\">\n\t\t\t\t\t\t<div class=\"elementor-element elementor-element-6535894 elementor-widget elementor-widget-text-editor\" data-id=\"6535894\" data-element_type=\"widget\" data-widget_type=\"text-editor.default\">\n\t\t\t\t<div class=\"elementor-widget-container\">\n\t\t\t\t\t\t\t\t\t<p><span lang=\"TR\" style=\"font-size: 11pt;line-height: 15.6933px;font-family: Calibri, sans-serif\">Program\u0131n i\u00e7eri\u011fi, fak\u00fclte, y\u00fcksekokul ve meslek y\u00fcksekokulunun bulundu\u011fu yerle\u015fke\/kampus<\/span><span style=\"font-size: medium\"><\/span><br><\/p>\t\t\t\t\t\t\t\t<\/div>\n\t\t\t\t<\/div>\n\t\t\t\t\t<\/div>\n\t\t<\/div>\n\t\t\t\t<div class=\"elementor-column elementor-col-50 elementor-top-column elementor-element elementor-element-1550b76\" data-id=\"1550b76\" data-element_type=\"column\">\n\t\t\t<div class=\"elementor-widget-wrap elementor-element-populated\">\n\t\t\t\t\t\t<div class=\"elementor-element elementor-element-8247612 elementor-widget elementor-widget-text-editor\" data-id=\"8247612\" data-element_type=\"widget\" data-widget_type=\"text-editor.default\">\n\t\t\t\t<div class=\"elementor-widget-container\">\n\t\t\t\t\t\t\t\t\t<p class=\"MsoNormal\" style=\"margin: 0cm 0cm 8pt;line-height: 15.6933px;font-size: 11pt;font-family: Calibri, sans-serif;color: #000000;text-align: justify\"><span lang=\"TR\">Sivil Savunma ve \u0130tfaiyecilik Program\u0131, 4 yar\u0131y\u0131ldan olu\u015fan 2 y\u0131ll\u0131k bir \u00f6n lisans programd\u0131r.\u00a0 Programda, \u00f6n lisans \u00f6\u011frencileri ilk y\u0131l \u0130ngilizce, T\u00fcrk Dili, Atat\u00fcrk \u0130lkeleri ve \u0130nk\u0131l\u00e2p Tarihi ve gibi zorunlu ortak derslerin yan\u0131nda d\u00f6rt yar\u0131y\u0131l i\u00e7inde Temel Matematik, Genel Kimya, Fizik, Ara\u00e7 ve Malzeme Bilgisi I-II, Kurtarma Teknikleri I-II ,Yang\u0131na M\u00fcdahale Teknikleri I-II , Acil Durum Y\u00f6netimi, Bilgi \u0130leti\u015fim Teknolojileri, \u0130tfaiyecilik ve Yang\u0131ndan Korunma Mevzuat\u0131, Spor E\u011fitim Bilgisi, Yanma ve Yang\u0131n Bilgisi, Temel \u0130lk Yard\u0131m, Ak\u0131\u015fkanlar Mekani\u011fi, \u0130tfaiyecilik ve Spor E\u011fitimi, Elektronik Haberle\u015fme, Yap\u0131larda Yang\u0131n G\u00fcvenli\u011fi ve Proje Bilgisi, Yap\u0131 ve Tesisat Bilgisi zorunlu derslerini alarak ilgi alanlar\u0131na g\u00f6re ilgili se\u00e7meli dersleri se\u00e7erek o alana yo\u011funla\u015f\u0131rlar. \u0130kinci y\u0131l\u0131n sonunda dersleri ba\u015far\u0131l\u0131 olarak ge\u00e7en \u00f6\u011frenciler programdan mezun olurlar.<\/span><\/p><p class=\"MsoNormal\" style=\"margin: 0cm 0cm 8pt;line-height: 15.6933px;font-size: 11pt;font-family: Calibri, sans-serif;color: #000000;text-align: justify\"><span lang=\"TR\">\u00a0<\/span><\/p><p><span lang=\"TR\" style=\"color: #000000;font-size: 11pt;line-height: 15.6933px;font-family: Calibri, sans-serif\">Horasan Meslek Y\u00fcksekokulu Erzurum ili Horasan \u0130l\u00e7esinde bulunmaktad\u0131r.<\/span><\/p>\t\t\t\t\t\t\t\t<\/div>\n\t\t\t\t<\/div>\n\t\t\t\t\t<\/div>\n\t\t<\/div>\n\t\t\t\t\t<\/div>\n\t\t<\/section>\n\t\t\t\t<section class=\"elementor-section elementor-top-section elementor-element elementor-element-d6d4adb elementor-section-boxed elementor-section-height-default elementor-section-height-default\" data-id=\"d6d4adb\" data-element_type=\"section\">\n\t\t\t\t\t\t<div class=\"elementor-container elementor-column-gap-default\">\n\t\t\t\t\t<div class=\"elementor-column elementor-col-50 elementor-top-column elementor-element elementor-element-41b7711\" data-id=\"41b7711\" data-element_type=\"column\">\n\t\t\t<div class=\"elementor-widget-wrap elementor-element-populated\">\n\t\t\t\t\t\t<div class=\"elementor-element elementor-element-a0f7281 elementor-widget elementor-widget-text-editor\" data-id=\"a0f7281\" data-element_type=\"widget\" data-widget_type=\"text-editor.default\">\n\t\t\t\t<div class=\"elementor-widget-container\">\n\t\t\t\t\t\t\t\t\t<p><span lang=\"TR\" style=\"font-size: 11pt;line-height: 15.6933px;font-family: Calibri, sans-serif\">K\u0131sm\u0131 zamanl\u0131 \u00f6\u011frenci olarak \u00e7al\u0131\u015fabilme imk\u00e2nlar\u0131 ile staj ve uygulama e\u011fitimleri s\u0131ras\u0131nda belirli ko\u015fullarla ayr\u0131ca \u00fccret \u00f6denip \u00f6denmedi\u011fi<\/span><span style=\"font-size: medium\"><\/span><br><\/p>\t\t\t\t\t\t\t\t<\/div>\n\t\t\t\t<\/div>\n\t\t\t\t\t<\/div>\n\t\t<\/div>\n\t\t\t\t<div class=\"elementor-column elementor-col-50 elementor-top-column elementor-element elementor-element-390ea56\" data-id=\"390ea56\" data-element_type=\"column\">\n\t\t\t<div class=\"elementor-widget-wrap elementor-element-populated\">\n\t\t\t\t\t\t<div class=\"elementor-element elementor-element-59fbb60 elementor-widget elementor-widget-text-editor\" data-id=\"59fbb60\" data-element_type=\"widget\" data-widget_type=\"text-editor.default\">\n\t\t\t\t<div class=\"elementor-widget-container\">\n\t\t\t\t\t\t\t\t\t<p><span lang=\"TR\" style=\"color: #000000;font-size: 11pt;line-height: 15.6933px;font-family: Calibri, sans-serif\">K\u0131sm\u0131 zamanl\u0131 \u00f6\u011frenci olarak \u00e7al\u0131\u015fabilme imk\u00e2n\u0131 bulunmamaktad\u0131r. Staj ve uygulama e\u011fitimleri s\u0131ras\u0131nda \u00fccret \u00f6denip \u00f6denmedi\u011fini ilgili mevzuat do\u011frultusunda staj yapt\u0131\u011f\u0131 kurum belirler.<\/span><\/p>\t\t\t\t\t\t\t\t<\/div>\n\t\t\t\t<\/div>\n\t\t\t\t\t<\/div>\n\t\t<\/div>\n\t\t\t\t\t<\/div>\n\t\t<\/section>\n\t\t\t\t<section class=\"elementor-section elementor-top-section elementor-element elementor-element-efaf8e9 elementor-section-boxed elementor-section-height-default elementor-section-height-default\" data-id=\"efaf8e9\" data-element_type=\"section\">\n\t\t\t\t\t\t<div class=\"elementor-container elementor-column-gap-default\">\n\t\t\t\t\t<div class=\"elementor-column elementor-col-50 elementor-top-column elementor-element elementor-element-78e9aa1\" data-id=\"78e9aa1\" data-element_type=\"column\">\n\t\t\t<div class=\"elementor-widget-wrap elementor-element-populated\">\n\t\t\t\t\t\t<div class=\"elementor-element elementor-element-e4914f6 elementor-widget elementor-widget-text-editor\" data-id=\"e4914f6\" data-element_type=\"widget\" data-widget_type=\"text-editor.default\">\n\t\t\t\t<div class=\"elementor-widget-container\">\n\t\t\t\t\t\t\t\t\t<p><span lang=\"TR\" style=\"color: #000000;font-size: 11pt;line-height: 15.6933px;font-family: Calibri, sans-serif\">\u0130lgili y\u00fcksek\u00f6\u011fretim kurumunun vakf\u0131 veya anla\u015fmal\u0131 oldu\u011fu kurum taraf\u0131ndan burs, yemek, yurt vb. imk\u00e2nlar sunup sunmad\u0131\u011f\u0131,<\/span><\/p>\t\t\t\t\t\t\t\t<\/div>\n\t\t\t\t<\/div>\n\t\t\t\t\t<\/div>\n\t\t<\/div>\n\t\t\t\t<div class=\"elementor-column elementor-col-50 elementor-top-column elementor-element elementor-element-6a4a5af\" data-id=\"6a4a5af\" data-element_type=\"column\">\n\t\t\t<div class=\"elementor-widget-wrap elementor-element-populated\">\n\t\t\t\t\t\t<div class=\"elementor-element elementor-element-e6e6d9b elementor-widget elementor-widget-text-editor\" data-id=\"e6e6d9b\" data-element_type=\"widget\" data-widget_type=\"text-editor.default\">\n\t\t\t\t<div class=\"elementor-widget-container\">\n\t\t\t\t\t\t\t\t\t<p class=\"MsoNormal\" style=\"margin: 0cm 0cm 8pt;line-height: 15.6933px;font-size: 11pt;font-family: Calibri, sans-serif;text-align: justify\"><span lang=\"TR\">Horasan merkezde Meslek Y\u00fcksekokulu \u00f6\u011frencilerinin bar\u0131nmalar\u0131 i\u00e7in k\u0131z \u00f6\u011frencilerimiz i\u00e7in Gen\u00e7lik Spor Bakanl\u0131\u011f\u0131na ba\u011fl\u0131 devlet yurdu, erkek \u00f6\u011frenciler i\u00e7in Belediyeye ait yurt ve \u00f6\u011fretmen evi bulunmaktad\u0131r.<\/span><\/p><p class=\"MsoNormal\" style=\"margin: 0cm 0cm 8pt;line-height: 15.6933px;font-size: 11pt;font-family: Calibri, sans-serif;text-align: justify\"><span lang=\"TR\">&nbsp;<\/span><\/p><p class=\"MsoNormal\" style=\"margin: 0cm 0cm 8pt;line-height: 15.6933px;font-size: 11pt;font-family: Calibri, sans-serif;text-align: justify\"><span lang=\"TR\">\u00dcniversitemiz taraf\u0131ndan belirlenen kontenjan dahilinde burs ve yemek bursu verilmektedir.<\/span><\/p><p class=\"MsoNormal\" style=\"margin: 0cm 0cm 8pt;line-height: 15.6933px;font-size: 11pt;font-family: Calibri, sans-serif;text-align: justify\"><span lang=\"TR\">&nbsp;<\/span><\/p><p><span lang=\"TR\" style=\"font-size: 11pt;line-height: 15.6933px;font-family: Calibri, sans-serif\">Y\u00fcksekokulumuzun yemekhanesinde Rekt\u00f6rl\u00fc\u011f\u00fcm\u00fcz\u00fcn belirledi\u011fi fiyat dahilinde \u00f6\u011fle yeme\u011fi imk\u00e2n\u0131 bulunmaktad\u0131r.&nbsp; Burs ve yurt imk\u00e2n\u0131 Gen\u00e7lik ve Spor Bakanl\u0131\u011f\u0131 taraf\u0131ndan sa\u011flanmaktad\u0131r.<\/span><\/p>\t\t\t\t\t\t\t\t<\/div>\n\t\t\t\t<\/div>\n\t\t\t\t\t<\/div>\n\t\t<\/div>\n\t\t\t\t\t<\/div>\n\t\t<\/section>\n\t\t\t\t<\/div>\n\t\t","protected":false},"excerpt":{"rendered":"<p>\u0130ste\u011fe ba\u011fl\u0131 yabanc\u0131 dil haz\u0131rl\u0131k s\u0131n\u0131f\u0131 uygulamas\u0131 Yok Staj, e\u011fitim modeli (bir y\u0131lda ka\u00e7 d\u00f6nem uyguland\u0131\u011f\u0131, sekt\u00f6r ve i\u015fletmelerde uygulama e\u011fitimi vb), end\u00fcstriye dayal\u0131 \u00f6\u011fretim staj\u0131, uygulamal\u0131 e\u011fitimlerin nas\u0131l y\u00fcr\u00fct\u00fcld\u00fc\u011f\u00fc ile ilgili y\u00fcksek\u00f6\u011fretim kurumunun bulundu\u011fu ilin d\u0131\u015f\u0131nda yap\u0131l\u0131p yap\u0131lamad\u0131\u011f\u0131 \u00d6\u011frencilerimiz 1 y\u0131l i\u00e7erisinde toplam 30 i\u015f g\u00fcn\u00fc olmak kayd\u0131yla 2 d\u00f6nemde stajlar\u0131n\u0131 tamamlamaktad\u0131r. Sivil Savunma [&hellip;]<\/p>\n","protected":false},"author":551,"featured_media":0,"parent":0,"menu_order":0,"comment_status":"closed","ping_status":"closed","template":"","meta":{"footnotes":""},"class_list":["post-6874","page","type-page","status-publish","hentry"],"_links":{"self":[{"href":"https:\/\/atauni.edu.tr\/horasan-meslek-yuksekokulu\/wp-json\/wp\/v2\/pages\/6874","targetHints":{"allow":["GET"]}}],"collection":[{"href":"https:\/\/atauni.edu.tr\/horasan-meslek-yuksekokulu\/wp-json\/wp\/v2\/pages"}],"about":[{"href":"https:\/\/atauni.edu.tr\/horasan-meslek-yuksekokulu\/wp-json\/wp\/v2\/types\/page"}],"author":[{"embeddable":true,"href":"https:\/\/atauni.edu.tr\/horasan-meslek-yuksekokulu\/wp-json\/wp\/v2\/users\/551"}],"replies":[{"embeddable":true,"href":"https:\/\/atauni.edu.tr\/horasan-meslek-yuksekokulu\/wp-json\/wp\/v2\/comments?post=6874"}],"version-history":[{"count":10,"href":"https:\/\/atauni.edu.tr\/horasan-meslek-yuksekokulu\/wp-json\/wp\/v2\/pages\/6874\/revisions"}],"predecessor-version":[{"id":7343,"href":"https:\/\/atauni.edu.tr\/horasan-meslek-yuksekokulu\/wp-json\/wp\/v2\/pages\/6874\/revisions\/7343"}],"wp:attachment":[{"href":"https:\/\/atauni.edu.tr\/horasan-meslek-yuksekokulu\/wp-json\/wp\/v2\/media?parent=6874"}],"curies":[{"name":"wp","href":"https:\/\/api.w.org\/{rel}","templated":true}]}}