{"id":7263,"date":"2025-08-10T15:33:56","date_gmt":"2025-08-10T12:33:56","guid":{"rendered":"https:\/\/birimler.atauni.edu.tr\/horasan-meslek-yuksekokulu\/?page_id=7263"},"modified":"2025-08-10T15:33:56","modified_gmt":"2025-08-10T12:33:56","slug":"etkinlikler","status":"publish","type":"page","link":"https:\/\/atauni.edu.tr\/horasan-meslek-yuksekokulu\/etkinlikler\/","title":{"rendered":"Etkinlikler"},"content":{"rendered":"<form method=\"get\" class=\"row g-3\" style=\"margin-bottom: 20px;\"><div class=\"col-md-3\"><input type=\"text\" name=\"etkinlik_ara\" class=\"form-control\" placeholder=\"Etkinlik ara...\" value=\"\"><\/div><div class=\"col-md-3\"><input type=\"date\" name=\"baslangic_tarihi\" class=\"form-control\" value=\"\"><\/div><div class=\"col-md-3\"><input type=\"date\" name=\"bitis_tarihi\" class=\"form-control\" value=\"\"><\/div><div class=\"col-md-3\"><button type=\"submit\" class=\"btn btn-secondary w-50\">Filtrele<\/button><\/div><\/form><div class=\"etkinlikler-grid-container\" style=\"display: grid; grid-template-columns: repeat(3, 1fr); gap: 20px;\"><div class=\"etkinlik-grid-item\"><div class=\"etkinlik-datee\"><span class=\"day\">16<\/span><span class=\"month\">Ekim<\/span><span class=\"year\">2025<\/span><\/div><a href=\"https:\/\/atauni.edu.tr\/horasan-meslek-yuksekokulu\/2025\/10\/16\/bagimlilikla-mucadele-ve-farkindalik-egitimi\/\" class=\"etkinlik-titlee\">Ba\u011f\u0131ml\u0131l\u0131kla M\u00fccadele ve Fark\u0131ndal\u0131k E\u011fitimi<\/a><\/div><\/div><div class=\"pagination\" style=\"margin-top: 20px;\"><\/div>\n\n\n\n<p><\/p>\n","protected":false},"excerpt":{"rendered":"","protected":false},"author":1,"featured_media":0,"parent":0,"menu_order":0,"comment_status":"closed","ping_status":"closed","template":"","meta":{"footnotes":""},"class_list":["post-7263","page","type-page","status-publish","hentry"],"_links":{"self":[{"href":"https:\/\/atauni.edu.tr\/horasan-meslek-yuksekokulu\/wp-json\/wp\/v2\/pages\/7263","targetHints":{"allow":["GET"]}}],"collection":[{"href":"https:\/\/atauni.edu.tr\/horasan-meslek-yuksekokulu\/wp-json\/wp\/v2\/pages"}],"about":[{"href":"https:\/\/atauni.edu.tr\/horasan-meslek-yuksekokulu\/wp-json\/wp\/v2\/types\/page"}],"author":[{"embeddable":true,"href":"https:\/\/atauni.edu.tr\/horasan-meslek-yuksekokulu\/wp-json\/wp\/v2\/users\/1"}],"replies":[{"embeddable":true,"href":"https:\/\/atauni.edu.tr\/horasan-meslek-yuksekokulu\/wp-json\/wp\/v2\/comments?post=7263"}],"version-history":[{"count":1,"href":"https:\/\/atauni.edu.tr\/horasan-meslek-yuksekokulu\/wp-json\/wp\/v2\/pages\/7263\/revisions"}],"predecessor-version":[{"id":7265,"href":"https:\/\/atauni.edu.tr\/horasan-meslek-yuksekokulu\/wp-json\/wp\/v2\/pages\/7263\/revisions\/7265"}],"wp:attachment":[{"href":"https:\/\/atauni.edu.tr\/horasan-meslek-yuksekokulu\/wp-json\/wp\/v2\/media?parent=7263"}],"curies":[{"name":"wp","href":"https:\/\/api.w.org\/{rel}","templated":true}]}}