{"id":5728,"date":"2021-07-13T11:33:38","date_gmt":"2021-07-13T08:33:38","guid":{"rendered":"https:\/\/portaltest.atauni.edu.tr\/bilgisayar-muhendisligi\/?page_id=5728"},"modified":"2021-08-27T15:49:46","modified_gmt":"2021-08-27T12:49:46","slug":"bolum-tanitimi","status":"publish","type":"page","link":"https:\/\/atauni.edu.tr\/hukuk-bolumu\/bolum-tanitimi\/","title":{"rendered":"B\u00f6l\u00fcm Tan\u0131t\u0131m\u0131"},"content":{"rendered":"\t\t<div data-elementor-type=\"wp-page\" data-elementor-id=\"5728\" class=\"elementor elementor-5728\" data-elementor-post-type=\"page\">\n\t\t\t\t\t\t<section class=\"elementor-section elementor-top-section elementor-element elementor-element-730d320 elementor-section-boxed elementor-section-height-default elementor-section-height-default\" data-id=\"730d320\" data-element_type=\"section\">\n\t\t\t\t\t\t<div class=\"elementor-container elementor-column-gap-default\">\n\t\t\t\t\t<div class=\"elementor-column elementor-col-100 elementor-top-column elementor-element elementor-element-753d0860\" data-id=\"753d0860\" data-element_type=\"column\">\n\t\t\t<div class=\"elementor-widget-wrap\">\n\t\t\t\t\t\t\t<\/div>\n\t\t<\/div>\n\t\t\t\t\t<\/div>\n\t\t<\/section>\n\t\t\t\t<section class=\"elementor-section elementor-top-section elementor-element elementor-element-9be811a elementor-section-boxed elementor-section-height-default elementor-section-height-default\" data-id=\"9be811a\" data-element_type=\"section\">\n\t\t\t\t\t\t<div class=\"elementor-container elementor-column-gap-default\">\n\t\t\t\t\t<div class=\"elementor-column elementor-col-100 elementor-top-column elementor-element elementor-element-1ed847b7\" data-id=\"1ed847b7\" data-element_type=\"column\">\n\t\t\t<div class=\"elementor-widget-wrap elementor-element-populated\">\n\t\t\t\t\t\t<div class=\"elementor-element elementor-element-4ce0d07f elementor-widget elementor-widget-heading\" data-id=\"4ce0d07f\" data-element_type=\"widget\" data-widget_type=\"heading.default\">\n\t\t\t\t<div class=\"elementor-widget-container\">\n\t\t\t\t\t<h2 class=\"elementor-heading-title elementor-size-default\">B\u00f6l\u00fcm Tan\u0131t\u0131m\u0131<\/h2>\t\t\t\t<\/div>\n\t\t\t\t<\/div>\n\t\t\t\t<div class=\"elementor-element elementor-element-63260862 elementor-widget-divider--view-line elementor-widget elementor-widget-divider\" data-id=\"63260862\" data-element_type=\"widget\" data-widget_type=\"divider.default\">\n\t\t\t\t<div class=\"elementor-widget-container\">\n\t\t\t\t\t\t\t<div class=\"elementor-divider\">\n\t\t\t<span class=\"elementor-divider-separator\">\n\t\t\t\t\t\t<\/span>\n\t\t<\/div>\n\t\t\t\t\t\t<\/div>\n\t\t\t\t<\/div>\n\t\t\t\t\t<\/div>\n\t\t<\/div>\n\t\t\t\t\t<\/div>\n\t\t<\/section>\n\t\t\t\t<section class=\"elementor-section elementor-top-section elementor-element elementor-element-681db8b elementor-section-boxed elementor-section-height-default elementor-section-height-default\" data-id=\"681db8b\" data-element_type=\"section\">\n\t\t\t\t\t\t<div class=\"elementor-container elementor-column-gap-default\">\n\t\t\t\t\t<div class=\"elementor-column elementor-col-100 elementor-top-column elementor-element elementor-element-ad4dac5\" data-id=\"ad4dac5\" data-element_type=\"column\">\n\t\t\t<div class=\"elementor-widget-wrap elementor-element-populated\">\n\t\t\t\t\t\t<div class=\"elementor-element elementor-element-2f96b3d elementor-widget elementor-widget-text-editor\" data-id=\"2f96b3d\" data-element_type=\"widget\" data-widget_type=\"text-editor.default\">\n\t\t\t\t<div class=\"elementor-widget-container\">\n\t\t\t\t\t\t\t\t\t<html>\n<p>Atat\u00fcrk \u00dcniversitesi Hukuk B\u00f6l\u00fcm\u00fc, \u00f6\u011frencilere geni\u015f bir perspektif sunan ve onlar\u0131 hukuk alan\u0131ndaki kariyerlerine haz\u0131rlayan \u00f6nde gelen bir e\u011fitim kurumudur. B\u00f6l\u00fcm, \u00f6\u011frencilerin teorik ve pratik bilgilerini geli\u015ftirmelerine olanak tan\u0131yan \u00e7e\u015fitli akademik programlar sunar.<\/p>\n<p>Hukuk e\u011fitimi veren akademisyenler, \u00f6\u011frencilere g\u00fcncel hukuk konular\u0131nda derinlemesine bilgi kazand\u0131rman\u0131n yan\u0131 s\u0131ra, kritik d\u00fc\u015f\u00fcnme, analiz ve problem \u00e7\u00f6zme becerilerini de geli\u015ftirirler. B\u00f6l\u00fcm\u00fcn amac\u0131, \u00f6\u011frencileri sadece hukuki bilgilerle de\u011fil, ayn\u0131 zamanda toplumun ihtiya\u00e7lar\u0131na cevap verebilecek \u015fekilde yeti\u015ftirmektir.<\/p>\n<p>Atat\u00fcrk \u00dcniversitesi Hukuk B\u00f6l\u00fcm\u00fc, ara\u015ft\u0131rma ve akademik \u00e7al\u0131\u015fmalara da b\u00fcy\u00fck \u00f6nem verir. Akademisyenler ve \u00f6\u011frenciler birlikte \u00e7e\u015fitli hukuk konular\u0131nda ara\u015ft\u0131rmalar y\u00fcr\u00fct\u00fcr ve ulusal serta uluslararas\u0131 platformlarda sunduklar\u0131 bildirilerle b\u00f6l\u00fcm\u00fcn ad\u0131n\u0131 duyururlar.<\/p>\n<p>B\u00f6l\u00fcm, mezunlar\u0131n\u0131n toplumun her alan\u0131nda ba\u015far\u0131l\u0131 bir \u015fekilde yer alabilmesi i\u00e7in gereken bilgi ve becerileri kazand\u0131rmaya odaklan\u0131r. \u00d6\u011frencilere sunulan staj imkanlar\u0131 ve hukuk uygulama alanlar\u0131nda deneyim kazanma f\u0131rsatlar\u0131, onlar\u0131n mesleki hayatlar\u0131na daha donan\u0131ml\u0131 bir \u015fekilde ba\u015flamalar\u0131na yard\u0131mc\u0131 olur.<\/p>\n<p>Atat\u00fcrk \u00dcniversitesi Hukuk B\u00f6l\u00fcm\u00fc, s\u00fcrekli olarak kendini geli\u015ftirmeye ve \u00f6\u011frencilerine en iyi e\u011fitimi vermeye \u00e7al\u0131\u015f\u0131r. Hukuk alan\u0131ndaki geli\u015fmeler \u0131\u015f\u0131\u011f\u0131nda e\u011fitim programlar\u0131n\u0131 g\u00fcnceller ve \u00f6\u011frencilerin g\u00fcncel konularda da bilgi sahibi olmalar\u0131n\u0131 sa\u011flar.<\/p>\n<\/html>\t\t\t\t\t\t\t\t<\/div>\n\t\t\t\t<\/div>\n\t\t\t\t\t<\/div>\n\t\t<\/div>\n\t\t\t\t\t<\/div>\n\t\t<\/section>\n\t\t\t\t<\/div>\n\t\t","protected":false},"excerpt":{"rendered":"<p>B\u00f6l\u00fcm Tan\u0131t\u0131m\u0131 Lorem Ipsum Nedir? Lorem Ipsum, dizgi ve bask\u0131 end\u00fcstrisinde kullan\u0131lan m\u0131g\u0131r metinlerdir. Lorem Ipsum, ad\u0131 bilinmeyen bir matbaac\u0131n\u0131n bir hurufat numune kitab\u0131 olu\u015fturmak \u00fczere bir yaz\u0131 galerisini alarak kar\u0131\u015ft\u0131rd\u0131\u011f\u0131 1500&#8217;lerden beri end\u00fcstri standard\u0131 sahte metinler olarak kullan\u0131lm\u0131\u015ft\u0131r. Be\u015fy\u00fcz y\u0131l boyunca varl\u0131\u011f\u0131n\u0131 s\u00fcrd\u00fcrmekle kalmam\u0131\u015f, ayn\u0131 zamanda pek de\u011fi\u015fmeden elektronik dizgiye de s\u0131\u00e7ram\u0131\u015ft\u0131r. 1960&#8217;larda Lorem [&hellip;]<\/p>\n","protected":false},"author":1,"featured_media":0,"parent":0,"menu_order":0,"comment_status":"closed","ping_status":"closed","template":"elementor_header_footer","meta":{"footnotes":""},"class_list":["post-5728","page","type-page","status-publish","hentry"],"_links":{"self":[{"href":"https:\/\/atauni.edu.tr\/hukuk-bolumu\/wp-json\/wp\/v2\/pages\/5728","targetHints":{"allow":["GET"]}}],"collection":[{"href":"https:\/\/atauni.edu.tr\/hukuk-bolumu\/wp-json\/wp\/v2\/pages"}],"about":[{"href":"https:\/\/atauni.edu.tr\/hukuk-bolumu\/wp-json\/wp\/v2\/types\/page"}],"author":[{"embeddable":true,"href":"https:\/\/atauni.edu.tr\/hukuk-bolumu\/wp-json\/wp\/v2\/users\/1"}],"replies":[{"embeddable":true,"href":"https:\/\/atauni.edu.tr\/hukuk-bolumu\/wp-json\/wp\/v2\/comments?post=5728"}],"version-history":[{"count":8,"href":"https:\/\/atauni.edu.tr\/hukuk-bolumu\/wp-json\/wp\/v2\/pages\/5728\/revisions"}],"predecessor-version":[{"id":6100,"href":"https:\/\/atauni.edu.tr\/hukuk-bolumu\/wp-json\/wp\/v2\/pages\/5728\/revisions\/6100"}],"wp:attachment":[{"href":"https:\/\/atauni.edu.tr\/hukuk-bolumu\/wp-json\/wp\/v2\/media?parent=5728"}],"curies":[{"name":"wp","href":"https:\/\/api.w.org\/{rel}","templated":true}]}}