{"id":5743,"date":"2021-07-13T11:47:21","date_gmt":"2021-07-13T08:47:21","guid":{"rendered":"https:\/\/portaltest.atauni.edu.tr\/muhendislik-fakultesi\/?page_id=5743"},"modified":"2022-01-27T19:36:39","modified_gmt":"2022-01-27T16:36:39","slug":"misyon-vizyon-ve-temel-degerler","status":"publish","type":"page","link":"https:\/\/atauni.edu.tr\/hukuk-fakultesi\/misyon-vizyon-ve-temel-degerler\/","title":{"rendered":"Misyon, Vizyon ve Temel De\u011ferler"},"content":{"rendered":"\t\t<div data-elementor-type=\"wp-page\" data-elementor-id=\"5743\" class=\"elementor elementor-5743\" data-elementor-post-type=\"page\">\n\t\t\t\t\t\t<section class=\"elementor-section elementor-top-section elementor-element elementor-element-46c2cb5d elementor-section-boxed elementor-section-height-default elementor-section-height-default\" data-id=\"46c2cb5d\" data-element_type=\"section\">\n\t\t\t\t\t\t<div class=\"elementor-container elementor-column-gap-default\">\n\t\t\t\t\t<div class=\"elementor-column elementor-col-100 elementor-top-column elementor-element elementor-element-299813e7\" data-id=\"299813e7\" data-element_type=\"column\">\n\t\t\t<div class=\"elementor-widget-wrap elementor-element-populated\">\n\t\t\t\t\t\t<div class=\"elementor-element elementor-element-3ec495a9 elementor-widget elementor-widget-heading\" data-id=\"3ec495a9\" data-element_type=\"widget\" data-widget_type=\"heading.default\">\n\t\t\t\t<div class=\"elementor-widget-container\">\n\t\t\t\t\t<h2 class=\"elementor-heading-title elementor-size-default\">Misyon, Vizyon ve Temel De\u011ferler<\/h2>\t\t\t\t<\/div>\n\t\t\t\t<\/div>\n\t\t\t\t<div class=\"elementor-element elementor-element-2092e3b3 elementor-widget-divider--view-line elementor-widget elementor-widget-divider\" data-id=\"2092e3b3\" data-element_type=\"widget\" data-widget_type=\"divider.default\">\n\t\t\t\t<div class=\"elementor-widget-container\">\n\t\t\t\t\t\t\t<div class=\"elementor-divider\">\n\t\t\t<span class=\"elementor-divider-separator\">\n\t\t\t\t\t\t<\/span>\n\t\t<\/div>\n\t\t\t\t\t\t<\/div>\n\t\t\t\t<\/div>\n\t\t\t\t\t<\/div>\n\t\t<\/div>\n\t\t\t\t\t<\/div>\n\t\t<\/section>\n\t\t\t\t<section class=\"elementor-section elementor-top-section elementor-element elementor-element-d76d987 elementor-section-boxed elementor-section-height-default elementor-section-height-default\" data-id=\"d76d987\" data-element_type=\"section\">\n\t\t\t\t\t\t<div class=\"elementor-container elementor-column-gap-default\">\n\t\t\t\t\t<div class=\"elementor-column elementor-col-100 elementor-top-column elementor-element elementor-element-acd741f\" data-id=\"acd741f\" data-element_type=\"column\">\n\t\t\t<div class=\"elementor-widget-wrap elementor-element-populated\">\n\t\t\t\t\t\t<div class=\"elementor-element elementor-element-dd538b4 elementor-widget elementor-widget-text-editor\" data-id=\"dd538b4\" data-element_type=\"widget\" data-widget_type=\"text-editor.default\">\n\t\t\t\t<div class=\"elementor-widget-container\">\n\t\t\t\t\t\t\t\t\t<p>Fak\u00fcltemizin misyonu insanl\u0131\u011f\u0131n ortak de\u011ferlerini payla\u015fan, ele\u015ftirel d\u00fc\u015f\u00fcnceye ve bilimsel anlay\u0131\u015fa sahip, \u00e7a\u011fda\u015f, sorgulay\u0131c\u0131, insan haklar\u0131na ve etik de\u011ferlere sayg\u0131l\u0131, demokratik ilkeleri \u00f6z\u00fcmsemi\u015f, ho\u015fg\u00f6r\u00fc sahibi hukuk\u00e7ular yeti\u015ftirmektir.<\/p><p>Fak\u00fcltemiz bilimsel \u00e7al\u0131\u015fmalar\u0131nda ve ara\u015ft\u0131rmalar\u0131nda T\u00fcrkiye\u2019de \u00f6nde gelen ve d\u00fcnyada sayg\u0131n ve mezunlar\u0131 tercih edilen, uluslararas\u0131 nitelikte \u00f6\u011frenci ve \u00f6\u011fretim eleman\u0131 yap\u0131s\u0131na \u00f6nc\u00fc bir fak\u00fclte olma amac\u0131n\u0131 g\u00fctmektedir.<\/p><div class=\"top-content mt-5 ce\"><div class=\"container-fluid p-0\"><div id=\"carousel-example\" class=\"carousel slide pointer-event\" data-ride=\"carousel\" data-interval=\"3000\"><div class=\"carousel-inner row w-100 mx-auto\" role=\"listbox\"><div class=\"carousel-item col-12 col-sm-6 col-md-6 col-lg-6 active\">\u00a0<\/div><\/div><\/div><\/div><\/div>\t\t\t\t\t\t\t\t<\/div>\n\t\t\t\t<\/div>\n\t\t\t\t\t<\/div>\n\t\t<\/div>\n\t\t\t\t\t<\/div>\n\t\t<\/section>\n\t\t\t\t<\/div>\n\t\t","protected":false},"excerpt":{"rendered":"<p>Misyon, Vizyon ve Temel De\u011ferler Fak\u00fcltemizin misyonu insanl\u0131\u011f\u0131n ortak de\u011ferlerini payla\u015fan, ele\u015ftirel d\u00fc\u015f\u00fcnceye ve bilimsel anlay\u0131\u015fa sahip, \u00e7a\u011fda\u015f, sorgulay\u0131c\u0131, insan haklar\u0131na ve etik de\u011ferlere sayg\u0131l\u0131, demokratik ilkeleri \u00f6z\u00fcmsemi\u015f, ho\u015fg\u00f6r\u00fc sahibi hukuk\u00e7ular yeti\u015ftirmektir. Fak\u00fcltemiz bilimsel \u00e7al\u0131\u015fmalar\u0131nda ve ara\u015ft\u0131rmalar\u0131nda T\u00fcrkiye\u2019de \u00f6nde gelen ve d\u00fcnyada sayg\u0131n ve mezunlar\u0131 tercih edilen, uluslararas\u0131 nitelikte \u00f6\u011frenci ve \u00f6\u011fretim eleman\u0131 yap\u0131s\u0131na \u00f6nc\u00fc [&hellip;]<\/p>\n","protected":false},"author":1,"featured_media":0,"parent":0,"menu_order":0,"comment_status":"closed","ping_status":"closed","template":"elementor_header_footer","meta":{"footnotes":""},"class_list":["post-5743","page","type-page","status-publish","hentry"],"_links":{"self":[{"href":"https:\/\/atauni.edu.tr\/hukuk-fakultesi\/wp-json\/wp\/v2\/pages\/5743","targetHints":{"allow":["GET"]}}],"collection":[{"href":"https:\/\/atauni.edu.tr\/hukuk-fakultesi\/wp-json\/wp\/v2\/pages"}],"about":[{"href":"https:\/\/atauni.edu.tr\/hukuk-fakultesi\/wp-json\/wp\/v2\/types\/page"}],"author":[{"embeddable":true,"href":"https:\/\/atauni.edu.tr\/hukuk-fakultesi\/wp-json\/wp\/v2\/users\/1"}],"replies":[{"embeddable":true,"href":"https:\/\/atauni.edu.tr\/hukuk-fakultesi\/wp-json\/wp\/v2\/comments?post=5743"}],"version-history":[{"count":14,"href":"https:\/\/atauni.edu.tr\/hukuk-fakultesi\/wp-json\/wp\/v2\/pages\/5743\/revisions"}],"predecessor-version":[{"id":7056,"href":"https:\/\/atauni.edu.tr\/hukuk-fakultesi\/wp-json\/wp\/v2\/pages\/5743\/revisions\/7056"}],"wp:attachment":[{"href":"https:\/\/atauni.edu.tr\/hukuk-fakultesi\/wp-json\/wp\/v2\/media?parent=5743"}],"curies":[{"name":"wp","href":"https:\/\/api.w.org\/{rel}","templated":true}]}}