{"id":5789,"date":"2021-07-13T14:10:52","date_gmt":"2021-07-13T11:10:52","guid":{"rendered":"https:\/\/portaltest.atauni.edu.tr\/muhendislik-fakultesi\/?page_id=5789"},"modified":"2021-08-27T15:20:21","modified_gmt":"2021-08-27T12:20:21","slug":"staj","status":"publish","type":"page","link":"https:\/\/atauni.edu.tr\/hukuk-fakultesi\/staj\/","title":{"rendered":"Staj"},"content":{"rendered":"\t\t<div data-elementor-type=\"wp-page\" data-elementor-id=\"5789\" class=\"elementor elementor-5789\" data-elementor-post-type=\"page\">\n\t\t\t\t\t\t<section class=\"elementor-section elementor-top-section elementor-element elementor-element-46c2cb5d elementor-section-boxed elementor-section-height-default elementor-section-height-default\" data-id=\"46c2cb5d\" data-element_type=\"section\">\n\t\t\t\t\t\t<div class=\"elementor-container elementor-column-gap-default\">\n\t\t\t\t\t<div class=\"elementor-column elementor-col-100 elementor-top-column elementor-element elementor-element-299813e7\" data-id=\"299813e7\" data-element_type=\"column\">\n\t\t\t<div class=\"elementor-widget-wrap elementor-element-populated\">\n\t\t\t\t\t\t<div class=\"elementor-element elementor-element-3ec495a9 elementor-widget elementor-widget-heading\" data-id=\"3ec495a9\" data-element_type=\"widget\" data-widget_type=\"heading.default\">\n\t\t\t\t<div class=\"elementor-widget-container\">\n\t\t\t\t\t<h2 class=\"elementor-heading-title elementor-size-default\">Staj<\/h2>\t\t\t\t<\/div>\n\t\t\t\t<\/div>\n\t\t\t\t<div class=\"elementor-element elementor-element-2092e3b3 elementor-widget-divider--view-line elementor-widget elementor-widget-divider\" data-id=\"2092e3b3\" data-element_type=\"widget\" data-widget_type=\"divider.default\">\n\t\t\t\t<div class=\"elementor-widget-container\">\n\t\t\t\t\t\t\t<div class=\"elementor-divider\">\n\t\t\t<span class=\"elementor-divider-separator\">\n\t\t\t\t\t\t<\/span>\n\t\t<\/div>\n\t\t\t\t\t\t<\/div>\n\t\t\t\t<\/div>\n\t\t\t\t\t<\/div>\n\t\t<\/div>\n\t\t\t\t\t<\/div>\n\t\t<\/section>\n\t\t\t\t<section class=\"elementor-section elementor-top-section elementor-element elementor-element-55dbe3f elementor-section-boxed elementor-section-height-default elementor-section-height-default\" data-id=\"55dbe3f\" data-element_type=\"section\">\n\t\t\t\t\t\t<div class=\"elementor-container elementor-column-gap-default\">\n\t\t\t\t\t<div class=\"elementor-column elementor-col-100 elementor-top-column elementor-element elementor-element-c38135b\" data-id=\"c38135b\" data-element_type=\"column\">\n\t\t\t<div class=\"elementor-widget-wrap elementor-element-populated\">\n\t\t\t\t\t\t<div class=\"elementor-element elementor-element-70f771c elementor-widget elementor-widget-text-editor\" data-id=\"70f771c\" data-element_type=\"widget\" data-widget_type=\"text-editor.default\">\n\t\t\t\t<div class=\"elementor-widget-container\">\n\t\t\t\t\t\t\t\t\t<p>Hukuk Fak\u00fcltesi \u00f6\u011frencilerinin mesleki deneyim kazanmalar\u0131n\u0131 sa\u011flayan staj programlar\u0131, hukuk e\u011fitiminde \u00f6nemli bir yer tutmaktad\u0131r. Bu programlar sayesinde \u00f6\u011frenciler, teorik bilgilerini pratik uygulamalarla peki\u015ftirerek, ger\u00e7ek hayattaki hukuk i\u015fleyi\u015fini daha iyi anlamaktad\u0131rlar.<\/p>\n<p>Stajlar, \u00e7e\u015fitli hukuki alanlarda ger\u00e7ekle\u015ftirilebilmektedir. \u00d6\u011frenciler, avukatl\u0131k b\u00fcrolar\u0131, mahkemeler, savc\u0131l\u0131klar ve di\u011fer kamu kurumlar\u0131nda staj yapma f\u0131rsat\u0131 bulabilirler. Bu deneyim, \u00f6\u011frencilerin farkl\u0131 hukuk dallar\u0131n\u0131 tan\u0131mas\u0131na ve kendileri i\u00e7in en uygun alan\u0131 belirlemelerine yard\u0131mc\u0131 olur.<\/p>\n<p>Staj programlar\u0131n\u0131n bir ba\u015fka avantaj\u0131 da, \u00f6\u011frencilerin network olu\u015fturma f\u0131rsat\u0131na sahip olmalar\u0131d\u0131r. Hukuk camias\u0131n\u0131n i\u00e7erisinde ba\u011flant\u0131 kurmak, gelecekteki kariyerleri i\u00e7in \u00f6nemli olabilir. Ayr\u0131ca, staj s\u0131ras\u0131nda edindikleri deneyim ve beceriler, mezuniyet sonras\u0131nda i\u015f bulma \u015fanslar\u0131n\u0131 t\u0103ng\u015ft\u0131r\u0131r.<\/p>\n<p>Hukuk Fak\u00fcltesi olarak, \u00f6\u011frencilerimizin ba\u015far\u0131l\u0131 bir hukuk kariyeri i\u00e7in gerekli olan pratik deneyimi kazanmalar\u0131n\u0131 sa\u011flamak amac\u0131yla \u00e7e\u015fitli staj f\u0131rsatlar\u0131 sunmaktay\u0131z. \u00d6\u011frencilerin, hukuk mesle\u011finin farkl\u0131 y\u00f6nlerini ke\u015ffetmelerine ve kendi potansiyellerini ger\u00e7ekle\u015ftirmelerine yard\u0131mc\u0131 olmaktan mutluluk duymaktay\u0131z.<\/p>\t\t\t\t\t\t\t\t<\/div>\n\t\t\t\t<\/div>\n\t\t\t\t\t<\/div>\n\t\t<\/div>\n\t\t\t\t\t<\/div>\n\t\t<\/section>\n\t\t\t\t<\/div>\n\t\t","protected":false},"excerpt":{"rendered":"<p>**Staj** &#8212;&#8212;&#8211; Hukuk Fak\u00fcltesi olarak, \u00f6\u011frencilerimizin teorik bilgilerin yan\u0131nda pratik deneyim kazanmalar\u0131n\u0131 da \u00f6nemsiyoruz. Bu ama\u00e7la, staj programlar\u0131m\u0131z ile \u00f6\u011frencilerimizi hukuk mesle\u011finin ger\u00e7ek d\u00fcnyas\u0131nda \u00e7al\u0131\u015fmaya haz\u0131rl\u0131yoruz. **Staj\u0131n Amac\u0131** &#8212;&#8212;&#8212;&#8212;&#8212; Staj program\u0131m\u0131z\u0131n amac\u0131, \u00f6\u011frencilerimize hukuk uygulamalar\u0131 hakk\u0131nda derinlemesine bilgi ve deneyim kazand\u0131rmak, onlar\u0131 mesle\u011fin gerektirdi\u011fi becerileri geli\u015ftirmeye te\u015fvik etmektir. Bu sayede, mezun oldu\u011fumuzda \u00f6\u011frencilerimiz hem teorik [&hellip;]<\/p>\n","protected":false},"author":1,"featured_media":0,"parent":0,"menu_order":0,"comment_status":"closed","ping_status":"closed","template":"elementor_header_footer","meta":{"footnotes":""},"class_list":["post-5789","page","type-page","status-publish","hentry"],"_links":{"self":[{"href":"https:\/\/atauni.edu.tr\/hukuk-fakultesi\/wp-json\/wp\/v2\/pages\/5789","targetHints":{"allow":["GET"]}}],"collection":[{"href":"https:\/\/atauni.edu.tr\/hukuk-fakultesi\/wp-json\/wp\/v2\/pages"}],"about":[{"href":"https:\/\/atauni.edu.tr\/hukuk-fakultesi\/wp-json\/wp\/v2\/types\/page"}],"author":[{"embeddable":true,"href":"https:\/\/atauni.edu.tr\/hukuk-fakultesi\/wp-json\/wp\/v2\/users\/1"}],"replies":[{"embeddable":true,"href":"https:\/\/atauni.edu.tr\/hukuk-fakultesi\/wp-json\/wp\/v2\/comments?post=5789"}],"version-history":[{"count":20,"href":"https:\/\/atauni.edu.tr\/hukuk-fakultesi\/wp-json\/wp\/v2\/pages\/5789\/revisions"}],"predecessor-version":[{"id":6398,"href":"https:\/\/atauni.edu.tr\/hukuk-fakultesi\/wp-json\/wp\/v2\/pages\/5789\/revisions\/6398"}],"wp:attachment":[{"href":"https:\/\/atauni.edu.tr\/hukuk-fakultesi\/wp-json\/wp\/v2\/media?parent=5789"}],"curies":[{"name":"wp","href":"https:\/\/api.w.org\/{rel}","templated":true}]}}