{"id":5807,"date":"2021-07-13T14:25:31","date_gmt":"2021-07-13T11:25:31","guid":{"rendered":"https:\/\/portaltest.atauni.edu.tr\/muhendislik-fakultesi\/?page_id=5807"},"modified":"2024-02-06T16:08:55","modified_gmt":"2024-02-06T13:08:55","slug":"ders-programlari","status":"publish","type":"page","link":"https:\/\/atauni.edu.tr\/hukuk-fakultesi\/ders-programlari\/","title":{"rendered":"Ders Programlar\u0131"},"content":{"rendered":"\t\t<div data-elementor-type=\"wp-page\" data-elementor-id=\"5807\" class=\"elementor elementor-5807\" data-elementor-post-type=\"page\">\n\t\t\t\t\t\t<section class=\"elementor-section elementor-top-section elementor-element elementor-element-46c2cb5d elementor-section-boxed elementor-section-height-default elementor-section-height-default\" data-id=\"46c2cb5d\" data-element_type=\"section\">\n\t\t\t\t\t\t<div class=\"elementor-container elementor-column-gap-default\">\n\t\t\t\t\t<div class=\"elementor-column elementor-col-100 elementor-top-column elementor-element elementor-element-299813e7\" data-id=\"299813e7\" data-element_type=\"column\">\n\t\t\t<div class=\"elementor-widget-wrap elementor-element-populated\">\n\t\t\t\t\t\t<div class=\"elementor-element elementor-element-3ec495a9 elementor-widget elementor-widget-heading\" data-id=\"3ec495a9\" data-element_type=\"widget\" data-widget_type=\"heading.default\">\n\t\t\t\t<div class=\"elementor-widget-container\">\n\t\t\t\t\t<h2 class=\"elementor-heading-title elementor-size-default\">Ders Program\u0131<\/h2>\t\t\t\t<\/div>\n\t\t\t\t<\/div>\n\t\t\t\t<div class=\"elementor-element elementor-element-2092e3b3 elementor-widget-divider--view-line elementor-widget elementor-widget-divider\" data-id=\"2092e3b3\" data-element_type=\"widget\" data-widget_type=\"divider.default\">\n\t\t\t\t<div class=\"elementor-widget-container\">\n\t\t\t\t\t\t\t<div class=\"elementor-divider\">\n\t\t\t<span class=\"elementor-divider-separator\">\n\t\t\t\t\t\t<\/span>\n\t\t<\/div>\n\t\t\t\t\t\t<\/div>\n\t\t\t\t<\/div>\n\t\t\t\t\t<\/div>\n\t\t<\/div>\n\t\t\t\t\t<\/div>\n\t\t<\/section>\n\t\t\t\t<section class=\"elementor-section elementor-top-section elementor-element elementor-element-33c46b8 elementor-section-boxed elementor-section-height-default elementor-section-height-default\" data-id=\"33c46b8\" data-element_type=\"section\">\n\t\t\t\t\t\t<div class=\"elementor-container elementor-column-gap-default\">\n\t\t\t\t\t<div class=\"elementor-column elementor-col-100 elementor-top-column elementor-element elementor-element-1def29c\" data-id=\"1def29c\" data-element_type=\"column\">\n\t\t\t<div class=\"elementor-widget-wrap elementor-element-populated\">\n\t\t\t\t\t\t<div class=\"elementor-element elementor-element-3c63582 elementor-widget elementor-widget-text-editor\" data-id=\"3c63582\" data-element_type=\"widget\" data-widget_type=\"text-editor.default\">\n\t\t\t\t<div class=\"elementor-widget-container\">\n\t\t\t\t\t\t\t\t\t<p>2023-2024 E\u011fitim \u00d6\u011fretim Y\u0131l\u0131 Bahar Yar\u0131y\u0131l\u0131 Ders Program\u0131 \u0130\u00e7in <a href=\"https:\/\/birimler.atauni.edu.tr\/hukuk-fakultesi\/wp-content\/uploads\/sites\/63\/2020\/07\/ATATU\u0308RK-U\u0308NI\u0307VERSI\u0307TESI\u0307-HUKUK-FAKU\u0308LTESI\u0307-2023-2024-BAHAR-YY.-Ders-Programi-SON-1.pdf\">T\u0131k<\/a><a href=\"https:\/\/birimler.atauni.edu.tr\/hukuk-fakultesi\/wp-content\/uploads\/sites\/63\/2020\/07\/ATATU\u0308RK-U\u0308NI\u0307VERSI\u0307TESI\u0307-HUKUK-FAKU\u0308LTESI\u0307-2023-2024-BAHAR-YY.-Ders-Programi-Pdf-Son-Hal.pdf\">lay\u0131n\u0131z.<\/a><\/p><p>2023-2024 E\u011fitim \u00d6\u011fretim Y\u0131l\u0131 Ders Program\u0131 \u0130\u00e7in <a href=\"https:\/\/birimler.atauni.edu.tr\/hukuk-fakultesi\/wp-content\/uploads\/sites\/63\/2020\/07\/DERS-PROGRAMI-PDF.pdf\">T\u0131klay\u0131n\u0131z.<\/a><\/p><p>2021-22 1. \u00d6\u011fretim Ders\u00a0Program\u0131 \u0130\u00e7in <a href=\"https:\/\/birimler.atauni.edu.tr\/hukuk-fakultesi\/wp-content\/uploads\/sites\/63\/2020\/07\/2021-2022-Guz-1.Ogretim-1.xlsx\">T\u0131klay\u0131n\u0131z.<\/a><\/p><p>2021-22 2. \u00d6\u011fretim Ders Program\u0131 \u0130\u00e7in <a href=\"https:\/\/birimler.atauni.edu.tr\/hukuk-fakultesi\/wp-content\/uploads\/sites\/63\/2020\/07\/2021-2022-Guz-2.Ogretim.xlsx\">T\u0131klay\u0131n\u0131z.<\/a><\/p>\t\t\t\t\t\t\t\t<\/div>\n\t\t\t\t<\/div>\n\t\t\t\t\t<\/div>\n\t\t<\/div>\n\t\t\t\t\t<\/div>\n\t\t<\/section>\n\t\t\t\t<\/div>\n\t\t","protected":false},"excerpt":{"rendered":"<p>Ders Program\u0131 2023-2024 E\u011fitim \u00d6\u011fretim Y\u0131l\u0131 Bahar Yar\u0131y\u0131l\u0131 Ders Program\u0131 \u0130\u00e7in T\u0131klay\u0131n\u0131z. 2023-2024 E\u011fitim \u00d6\u011fretim Y\u0131l\u0131 Ders Program\u0131 \u0130\u00e7in T\u0131klay\u0131n\u0131z. 2021-22 1. \u00d6\u011fretim Ders\u00a0Program\u0131 \u0130\u00e7in T\u0131klay\u0131n\u0131z. 2021-22 2. \u00d6\u011fretim Ders Program\u0131 \u0130\u00e7in T\u0131klay\u0131n\u0131z.<\/p>\n","protected":false},"author":1,"featured_media":0,"parent":0,"menu_order":0,"comment_status":"closed","ping_status":"closed","template":"elementor_header_footer","meta":{"footnotes":""},"class_list":["post-5807","page","type-page","status-publish","hentry"],"_links":{"self":[{"href":"https:\/\/atauni.edu.tr\/hukuk-fakultesi\/wp-json\/wp\/v2\/pages\/5807","targetHints":{"allow":["GET"]}}],"collection":[{"href":"https:\/\/atauni.edu.tr\/hukuk-fakultesi\/wp-json\/wp\/v2\/pages"}],"about":[{"href":"https:\/\/atauni.edu.tr\/hukuk-fakultesi\/wp-json\/wp\/v2\/types\/page"}],"author":[{"embeddable":true,"href":"https:\/\/atauni.edu.tr\/hukuk-fakultesi\/wp-json\/wp\/v2\/users\/1"}],"replies":[{"embeddable":true,"href":"https:\/\/atauni.edu.tr\/hukuk-fakultesi\/wp-json\/wp\/v2\/comments?post=5807"}],"version-history":[{"count":44,"href":"https:\/\/atauni.edu.tr\/hukuk-fakultesi\/wp-json\/wp\/v2\/pages\/5807\/revisions"}],"predecessor-version":[{"id":8841,"href":"https:\/\/atauni.edu.tr\/hukuk-fakultesi\/wp-json\/wp\/v2\/pages\/5807\/revisions\/8841"}],"wp:attachment":[{"href":"https:\/\/atauni.edu.tr\/hukuk-fakultesi\/wp-json\/wp\/v2\/media?parent=5807"}],"curies":[{"name":"wp","href":"https:\/\/api.w.org\/{rel}","templated":true}]}}