{"id":6741,"date":"2021-12-17T20:52:19","date_gmt":"2021-12-17T17:52:19","guid":{"rendered":"https:\/\/birimler.atauni.edu.tr\/hukuk-fakultesi\/?page_id=6741"},"modified":"2023-09-13T15:28:21","modified_gmt":"2023-09-13T12:28:21","slug":"mufredat","status":"publish","type":"page","link":"https:\/\/atauni.edu.tr\/hukuk-fakultesi\/mufredat\/","title":{"rendered":"M\u00fcfredat"},"content":{"rendered":"\t\t<div data-elementor-type=\"wp-page\" data-elementor-id=\"6741\" class=\"elementor elementor-6741\" data-elementor-post-type=\"page\">\n\t\t\t\t\t\t<section class=\"elementor-section elementor-top-section elementor-element elementor-element-46c2cb5d elementor-section-boxed elementor-section-height-default elementor-section-height-default\" data-id=\"46c2cb5d\" data-element_type=\"section\">\n\t\t\t\t\t\t<div class=\"elementor-container elementor-column-gap-default\">\n\t\t\t\t\t<div class=\"elementor-column elementor-col-100 elementor-top-column elementor-element elementor-element-299813e7\" data-id=\"299813e7\" data-element_type=\"column\">\n\t\t\t<div class=\"elementor-widget-wrap elementor-element-populated\">\n\t\t\t\t\t\t<div class=\"elementor-element elementor-element-3ec495a9 elementor-widget elementor-widget-heading\" data-id=\"3ec495a9\" data-element_type=\"widget\" data-widget_type=\"heading.default\">\n\t\t\t\t<div class=\"elementor-widget-container\">\n\t\t\t\t\t<h2 class=\"elementor-heading-title elementor-size-default\">M\u00fcfredat<\/h2>\t\t\t\t<\/div>\n\t\t\t\t<\/div>\n\t\t\t\t<div class=\"elementor-element elementor-element-2092e3b3 elementor-widget-divider--view-line elementor-widget elementor-widget-divider\" data-id=\"2092e3b3\" data-element_type=\"widget\" data-widget_type=\"divider.default\">\n\t\t\t\t<div class=\"elementor-widget-container\">\n\t\t\t\t\t\t\t<div class=\"elementor-divider\">\n\t\t\t<span class=\"elementor-divider-separator\">\n\t\t\t\t\t\t<\/span>\n\t\t<\/div>\n\t\t\t\t\t\t<\/div>\n\t\t\t\t<\/div>\n\t\t\t\t\t<\/div>\n\t\t<\/div>\n\t\t\t\t\t<\/div>\n\t\t<\/section>\n\t\t\t\t<section class=\"elementor-section elementor-top-section elementor-element elementor-element-ec5523f elementor-section-boxed elementor-section-height-default elementor-section-height-default\" data-id=\"ec5523f\" data-element_type=\"section\">\n\t\t\t\t\t\t<div class=\"elementor-container elementor-column-gap-default\">\n\t\t\t\t\t<div class=\"elementor-column elementor-col-100 elementor-top-column elementor-element elementor-element-60ffefd\" data-id=\"60ffefd\" data-element_type=\"column\">\n\t\t\t<div class=\"elementor-widget-wrap elementor-element-populated\">\n\t\t\t\t\t\t<div class=\"elementor-element elementor-element-a49a9c5 elementor-widget elementor-widget-text-editor\" data-id=\"a49a9c5\" data-element_type=\"widget\" data-widget_type=\"text-editor.default\">\n\t\t\t\t<div class=\"elementor-widget-container\">\n\t\t\t\t\t\t\t\t\t<p><strong>NOT:<\/strong> A\u015fa\u011f\u0131daki formlar\u0131 sa\u011f t\u0131klay\u0131p &#8220;Ba\u011flant\u0131y\u0131 farkl\u0131 kaydet&#8221; se\u00e7ene\u011fini kullanarak a\u00e7\u0131n\u0131z.<\/p><p><a href=\"https:\/\/birimler.atauni.edu.tr\/hukuk-fakultesi\/wp-content\/uploads\/sites\/63\/2020\/07\/Mufredat.pdf\">2023-2024 M\u00fcfredat\u0131<\/a><\/p><p><a href=\"https:\/\/birimler.atauni.edu.tr\/hukuk-fakultesi\/wp-content\/uploads\/sites\/63\/2020\/07\/2022-2023-Mufredati.xlsx\" target=\"_blank\" rel=\"noopener\">2022-2023 M\u00fcfredat\u0131<\/a><\/p><p><a href=\"https:\/\/birimler.atauni.edu.tr\/hukuk-fakultesi\/wp-content\/uploads\/sites\/63\/2020\/07\/2011-mufredat.docx\" target=\"_blank\" rel=\"noopener\">2011 m\u00fcfredat<\/a><\/p><p><a href=\"https:\/\/birimler.atauni.edu.tr\/hukuk-fakultesi\/wp-content\/uploads\/sites\/63\/2020\/07\/2017-mufredat-son.docx\" target=\"_blank\" rel=\"noopener\">2017 m\u00fcfredat son<\/a><\/p><p><a href=\"https:\/\/birimler.atauni.edu.tr\/hukuk-fakultesi\/wp-content\/uploads\/sites\/63\/2020\/07\/Mufredat-2021.xlsx\" target=\"_blank\" rel=\"noopener\">M\u00fcfredat 2021<\/a><\/p><p><a href=\"https:\/\/birimler.atauni.edu.tr\/hukuk-fakultesi\/wp-content\/uploads\/sites\/63\/2020\/07\/Mufredat.pdf\">2023-2024 M\u00fcfredat\u0131<\/a><\/p>\t\t\t\t\t\t\t\t<\/div>\n\t\t\t\t<\/div>\n\t\t\t\t\t<\/div>\n\t\t<\/div>\n\t\t\t\t\t<\/div>\n\t\t<\/section>\n\t\t\t\t<\/div>\n\t\t","protected":false},"excerpt":{"rendered":"<p>M\u00fcfredat NOT: A\u015fa\u011f\u0131daki formlar\u0131 sa\u011f t\u0131klay\u0131p &#8220;Ba\u011flant\u0131y\u0131 farkl\u0131 kaydet&#8221; se\u00e7ene\u011fini kullanarak a\u00e7\u0131n\u0131z. 2023-2024 M\u00fcfredat\u0131 2022-2023 M\u00fcfredat\u0131 2011 m\u00fcfredat 2017 m\u00fcfredat son M\u00fcfredat 2021 2023-2024 M\u00fcfredat\u0131<\/p>\n","protected":false},"author":215,"featured_media":0,"parent":0,"menu_order":0,"comment_status":"closed","ping_status":"closed","template":"elementor_header_footer","meta":{"footnotes":""},"class_list":["post-6741","page","type-page","status-publish","hentry"],"_links":{"self":[{"href":"https:\/\/atauni.edu.tr\/hukuk-fakultesi\/wp-json\/wp\/v2\/pages\/6741","targetHints":{"allow":["GET"]}}],"collection":[{"href":"https:\/\/atauni.edu.tr\/hukuk-fakultesi\/wp-json\/wp\/v2\/pages"}],"about":[{"href":"https:\/\/atauni.edu.tr\/hukuk-fakultesi\/wp-json\/wp\/v2\/types\/page"}],"author":[{"embeddable":true,"href":"https:\/\/atauni.edu.tr\/hukuk-fakultesi\/wp-json\/wp\/v2\/users\/215"}],"replies":[{"embeddable":true,"href":"https:\/\/atauni.edu.tr\/hukuk-fakultesi\/wp-json\/wp\/v2\/comments?post=6741"}],"version-history":[{"count":16,"href":"https:\/\/atauni.edu.tr\/hukuk-fakultesi\/wp-json\/wp\/v2\/pages\/6741\/revisions"}],"predecessor-version":[{"id":8575,"href":"https:\/\/atauni.edu.tr\/hukuk-fakultesi\/wp-json\/wp\/v2\/pages\/6741\/revisions\/8575"}],"wp:attachment":[{"href":"https:\/\/atauni.edu.tr\/hukuk-fakultesi\/wp-json\/wp\/v2\/media?parent=6741"}],"curies":[{"name":"wp","href":"https:\/\/api.w.org\/{rel}","templated":true}]}}