{"id":6983,"date":"2022-01-26T15:46:11","date_gmt":"2022-01-26T12:46:11","guid":{"rendered":"https:\/\/birimler.atauni.edu.tr\/hukuk-fakultesi\/?page_id=6983"},"modified":"2023-10-10T16:55:22","modified_gmt":"2023-10-10T13:55:22","slug":"formlar","status":"publish","type":"page","link":"https:\/\/atauni.edu.tr\/hukuk-fakultesi\/formlar\/","title":{"rendered":"Formlar"},"content":{"rendered":"\t\t<div data-elementor-type=\"wp-page\" data-elementor-id=\"6983\" class=\"elementor elementor-6983\" data-elementor-post-type=\"page\">\n\t\t\t\t\t\t<section class=\"elementor-section elementor-top-section elementor-element elementor-element-4c312d1 elementor-section-boxed elementor-section-height-default elementor-section-height-default\" data-id=\"4c312d1\" data-element_type=\"section\">\n\t\t\t\t\t\t<div class=\"elementor-container elementor-column-gap-default\">\n\t\t\t\t\t<div class=\"elementor-column elementor-col-100 elementor-top-column elementor-element elementor-element-d805a26\" data-id=\"d805a26\" data-element_type=\"column\">\n\t\t\t<div class=\"elementor-widget-wrap elementor-element-populated\">\n\t\t\t\t\t\t\t<\/div>\n\t\t<\/div>\n\t\t\t\t\t<\/div>\n\t\t<\/section>\n\t\t\t\t<section class=\"elementor-section elementor-top-section elementor-element elementor-element-fc16a68 elementor-section-boxed elementor-section-height-default elementor-section-height-default\" data-id=\"fc16a68\" data-element_type=\"section\">\n\t\t\t\t\t\t<div class=\"elementor-container elementor-column-gap-default\">\n\t\t\t\t\t<div class=\"elementor-column elementor-col-100 elementor-top-column elementor-element elementor-element-a8f5736\" data-id=\"a8f5736\" data-element_type=\"column\">\n\t\t\t<div class=\"elementor-widget-wrap elementor-element-populated\">\n\t\t\t\t\t\t<div class=\"elementor-element elementor-element-ec108b7 elementor-widget elementor-widget-text-editor\" data-id=\"ec108b7\" data-element_type=\"widget\" data-widget_type=\"text-editor.default\">\n\t\t\t\t<div class=\"elementor-widget-container\">\n\t\t\t\t\t\t\t\t\t<ul><li><a href=\"https:\/\/birimler.atauni.edu.tr\/hukuk-fakultesi\/wp-content\/uploads\/sites\/63\/2020\/07\/acilmayan-secmelinin-yerine-farkli-secmeli-ders-secme-formu.docx\">A\u00e7\u0131lmayan se\u00e7melinin yerine farkl\u0131 se\u00e7meli ders se\u00e7me formu<\/a><\/li><li><a href=\"https:\/\/birimler.atauni.edu.tr\/hukuk-fakultesi\/wp-content\/uploads\/sites\/63\/2020\/07\/kayit-dondurma-formu-1.docx\">kay\u0131t dondurma formu<\/a><\/li><li><a href=\"https:\/\/birimler.atauni.edu.tr\/hukuk-fakultesi\/wp-content\/uploads\/sites\/63\/2020\/07\/Mazeret-Sinavi-Dilekcesi-1.docx\">Mazeret S\u0131nav\u0131 Dilek\u00e7esi<\/a><\/li><li><a href=\"https:\/\/birimler.atauni.edu.tr\/hukuk-fakultesi\/wp-content\/uploads\/sites\/63\/2020\/07\/Tek-Ders-Sinavi-Dilekcesi-1.docx\">Tek Ders S\u0131nav\u0131 Dilek\u00e7esi<\/a><\/li><li><a href=\"https:\/\/birimler.atauni.edu.tr\/hukuk-fakultesi\/wp-content\/uploads\/sites\/63\/2020\/07\/Muafiyet-Basvuru-Formu.xls\">Muafiyet Ba\u015fvuru Formu<\/a><\/li><li><a href=\"https:\/\/birimler.atauni.edu.tr\/hukuk-fakultesi\/wp-content\/uploads\/sites\/63\/2020\/07\/Form-2.doc\">Form (yemek bursu formu i\u00e7in t\u0131klay\u0131n\u0131z)<\/a><\/li><li><a href=\"https:\/\/birimler.atauni.edu.tr\/hukuk-fakultesi\/wp-content\/uploads\/sites\/63\/2020\/07\/Yaz-Okulu-Formu.docx\">Yaz Okulu Formu<\/a><\/li><\/ul>\t\t\t\t\t\t\t\t<\/div>\n\t\t\t\t<\/div>\n\t\t\t\t\t<\/div>\n\t\t<\/div>\n\t\t\t\t\t<\/div>\n\t\t<\/section>\n\t\t\t\t<\/div>\n\t\t","protected":false},"excerpt":{"rendered":"<p>A\u00e7\u0131lmayan se\u00e7melinin yerine farkl\u0131 se\u00e7meli ders se\u00e7me formu kay\u0131t dondurma formu Mazeret S\u0131nav\u0131 Dilek\u00e7esi Tek Ders S\u0131nav\u0131 Dilek\u00e7esi Muafiyet Ba\u015fvuru Formu Form (yemek bursu formu i\u00e7in t\u0131klay\u0131n\u0131z) Yaz Okulu Formu<\/p>\n","protected":false},"author":215,"featured_media":0,"parent":0,"menu_order":0,"comment_status":"closed","ping_status":"closed","template":"","meta":{"footnotes":""},"class_list":["post-6983","page","type-page","status-publish","hentry"],"_links":{"self":[{"href":"https:\/\/atauni.edu.tr\/hukuk-fakultesi\/wp-json\/wp\/v2\/pages\/6983","targetHints":{"allow":["GET"]}}],"collection":[{"href":"https:\/\/atauni.edu.tr\/hukuk-fakultesi\/wp-json\/wp\/v2\/pages"}],"about":[{"href":"https:\/\/atauni.edu.tr\/hukuk-fakultesi\/wp-json\/wp\/v2\/types\/page"}],"author":[{"embeddable":true,"href":"https:\/\/atauni.edu.tr\/hukuk-fakultesi\/wp-json\/wp\/v2\/users\/215"}],"replies":[{"embeddable":true,"href":"https:\/\/atauni.edu.tr\/hukuk-fakultesi\/wp-json\/wp\/v2\/comments?post=6983"}],"version-history":[{"count":25,"href":"https:\/\/atauni.edu.tr\/hukuk-fakultesi\/wp-json\/wp\/v2\/pages\/6983\/revisions"}],"predecessor-version":[{"id":8636,"href":"https:\/\/atauni.edu.tr\/hukuk-fakultesi\/wp-json\/wp\/v2\/pages\/6983\/revisions\/8636"}],"wp:attachment":[{"href":"https:\/\/atauni.edu.tr\/hukuk-fakultesi\/wp-json\/wp\/v2\/media?parent=6983"}],"curies":[{"name":"wp","href":"https:\/\/api.w.org\/{rel}","templated":true}]}}